{"id":1294,"date":"2021-02-18T09:41:43","date_gmt":"2021-02-18T08:41:43","guid":{"rendered":"https:\/\/agora.xtec.cat\/ieslallauna\/?page_id=1294"},"modified":"2022-02-11T20:40:47","modified_gmt":"2022-02-11T19:40:47","slug":"ambit-linguistic","status":"publish","type":"page","link":"https:\/\/agora.xtec.cat\/ieslallauna\/estudis\/eso\/ambit-linguistic\/","title":{"rendered":"\u00c0mbit Ling\u00fc\u00edstic"},"content":{"rendered":"<p style=\"text-align: justify;\">Entenem l&#8217;aprenentatge de les lleng\u00fces de <strong>manera conjunta<\/strong>. A La Llauna posem en valor el coneixement de\u00a0 lleng\u00fces estrangeres (angl\u00e8s i franc\u00e8s)\u00a0 i volem potenciar la visibilitat i la import\u00e0ncia de conservar les lleng\u00fces pr\u00f2pies de l\u2019alumnat, sigui quin sigui el seu origen, impulsant el pluriling\u00fcisme com a eina educativa. Per aix\u00f2:<\/p>\n<ul>\n<li>potenciem ambients de classe que afavoreixin la <strong>comunicaci\u00f3<\/strong>, tant oral com escrita.<\/li>\n<li>potenciem activitats i tasques properes al <strong>context<\/strong> de l&#8217;alumnat.<\/li>\n<li>potenciem l&#8217;adquisici\u00f3 de <strong>continguts<\/strong> per poder ser <strong>competents<\/strong> a l&#8217;hora d&#8217;usar la llengua.<\/li>\n<li>potenciem la integraci\u00f3 de les <strong>tecnologies digitals<\/strong> per refor\u00e7ar l&#8217;aprenentatge.<\/li>\n<\/ul>\n<p style=\"text-align: center;\"><iframe loading=\"lazy\" title=\"YouTube video player\" src=\"\/\/www.youtube.com\/embed\/hhNYW2baffA\" width=\"300\" height=\"171\" frameborder=\"0\" allowfullscreen=\"allowfullscreen\"><\/iframe><\/p>\n<p>Cliqueu als enlla\u00e7os per accedir a cadascuna de les lleng\u00fces:<\/p>\n<ul>\n<li><a href=\"https:\/\/agora.xtec.cat\/ieslallauna\/portes-obertes-curs-2021-2022-nou-alumnat\/eso\/ambit-linguistic\/catala\/\" target=\"_blank\" rel=\"noopener noreferrer\">Llengua i literatura catalanes<\/a><\/li>\n<li><a href=\"https:\/\/agora.xtec.cat\/ieslallauna\/portes-obertes-curs-2021-2022-nou-alumnat\/eso\/ambit-linguistic\/castella\/\" target=\"_blank\" rel=\"noopener noreferrer\">Llengua i literatura castellanes<\/a><\/li>\n<li><a href=\"https:\/\/agora.xtec.cat\/ieslallauna\/portes-obertes-curs-2021-2022-nou-alumnat\/eso\/ambit-linguistic\/angles\/\" target=\"_blank\" rel=\"noopener noreferrer\">Llengua anglesa<\/a><\/li>\n<li><a href=\"https:\/\/agora.xtec.cat\/ieslallauna\/portes-obertes-curs-2021-2022-nou-alumnat\/eso\/ambit-linguistic\/frances-2\/\" target=\"_blank\" rel=\"noopener\">Llengua francesa<\/a><\/li>\n<\/ul>\n","protected":false},"excerpt":{"rendered":"<p>Entenem l&#8217;aprenentatge de les lleng\u00fces de manera conjunta. A La Llauna posem en valor el coneixement de\u00a0 lleng\u00fces estrangeres (angl\u00e8s i franc\u00e8s)\u00a0 i volem potenciar la visibilitat i la import\u00e0ncia de conservar les lleng\u00fces pr\u00f2pies de l\u2019alumnat, sigui quin sigui el seu origen, impulsant el pluriling\u00fcisme com a eina educativa. Per aix\u00f2: potenciem ambients de [&hellip;]<\/p>\n","protected":false},"author":1,"featured_media":0,"parent":1284,"menu_order":0,"comment_status":"closed","ping_status":"closed","template":"page-templates\/side-menu.php","meta":{"_bbp_topic_count":0,"_bbp_reply_count":0,"_bbp_total_topic_count":0,"_bbp_total_reply_count":0,"_bbp_voice_count":0,"_bbp_anonymous_reply_count":0,"_bbp_topic_count_hidden":0,"_bbp_reply_count_hidden":0,"_bbp_forum_subforum_count":0,"site-sidebar-layout":"default","site-content-layout":"","ast-site-content-layout":"","site-content-style":"default","site-sidebar-style":"default","ast-global-header-display":"","ast-banner-title-visibility":"","ast-main-header-display":"","ast-hfb-above-header-display":"","ast-hfb-below-header-display":"","ast-hfb-mobile-header-display":"","site-post-title":"","ast-breadcrumbs-content":"","ast-featured-img":"","footer-sml-layout":"","theme-transparent-header-meta":"","adv-header-id-meta":"","stick-header-meta":"","header-above-stick-meta":"","header-main-stick-meta":"","header-below-stick-meta":"","astra-migrate-meta-layouts":"default","ast-page-background-enabled":"default","ast-page-background-meta":{"desktop":{"background-color":"var(--ast-global-color-4)","background-image":"","background-repeat":"repeat","background-position":"center center","background-size":"auto","background-attachment":"scroll","background-type":"","background-media":"","overlay-type":"","overlay-color":"","overlay-opacity":"","overlay-gradient":""},"tablet":{"background-color":"","background-image":"","background-repeat":"repeat","background-position":"center center","background-size":"auto","background-attachment":"scroll","background-type":"","background-media":"","overlay-type":"","overlay-color":"","overlay-opacity":"","overlay-gradient":""},"mobile":{"background-color":"","background-image":"","background-repeat":"repeat","background-position":"center center","background-size":"auto","background-attachment":"scroll","background-type":"","background-media":"","overlay-type":"","overlay-color":"","overlay-opacity":"","overlay-gradient":""}},"ast-content-background-meta":{"desktop":{"background-color":"var(--ast-global-color-5)","background-image":"","background-repeat":"repeat","background-position":"center center","background-size":"auto","background-attachment":"scroll","background-type":"","background-media":"","overlay-type":"","overlay-color":"","overlay-opacity":"","overlay-gradient":""},"tablet":{"background-color":"var(--ast-global-color-5)","background-image":"","background-repeat":"repeat","background-position":"center center","background-size":"auto","background-attachment":"scroll","background-type":"","background-media":"","overlay-type":"","overlay-color":"","overlay-opacity":"","overlay-gradient":""},"mobile":{"background-color":"var(--ast-global-color-5)","background-image":"","background-repeat":"repeat","background-position":"center center","background-size":"auto","background-attachment":"scroll","background-type":"","background-media":"","overlay-type":"","overlay-color":"","overlay-opacity":"","overlay-gradient":""}},"footnotes":""},"class_list":["post-1294","page","type-page","status-publish","hentry"],"post_mailing_queue_ids":[],"_links":{"self":[{"href":"https:\/\/agora.xtec.cat\/ieslallauna\/wp-json\/wp\/v2\/pages\/1294","targetHints":{"allow":["GET"]}}],"collection":[{"href":"https:\/\/agora.xtec.cat\/ieslallauna\/wp-json\/wp\/v2\/pages"}],"about":[{"href":"https:\/\/agora.xtec.cat\/ieslallauna\/wp-json\/wp\/v2\/types\/page"}],"author":[{"embeddable":true,"href":"https:\/\/agora.xtec.cat\/ieslallauna\/wp-json\/wp\/v2\/users\/1"}],"replies":[{"embeddable":true,"href":"https:\/\/agora.xtec.cat\/ieslallauna\/wp-json\/wp\/v2\/comments?post=1294"}],"version-history":[{"count":3,"href":"https:\/\/agora.xtec.cat\/ieslallauna\/wp-json\/wp\/v2\/pages\/1294\/revisions"}],"predecessor-version":[{"id":2450,"href":"https:\/\/agora.xtec.cat\/ieslallauna\/wp-json\/wp\/v2\/pages\/1294\/revisions\/2450"}],"up":[{"embeddable":true,"href":"https:\/\/agora.xtec.cat\/ieslallauna\/wp-json\/wp\/v2\/pages\/1284"}],"wp:attachment":[{"href":"https:\/\/agora.xtec.cat\/ieslallauna\/wp-json\/wp\/v2\/media?parent=1294"}],"curies":[{"name":"wp","href":"https:\/\/api.w.org\/{rel}","templated":true}]}}