{"id":1290,"date":"2021-02-18T09:07:39","date_gmt":"2021-02-18T08:07:39","guid":{"rendered":"https:\/\/agora.xtec.cat\/ieslallauna\/?page_id=1290"},"modified":"2026-02-18T09:50:10","modified_gmt":"2026-02-18T08:50:10","slug":"batxibac","status":"publish","type":"page","link":"https:\/\/agora.xtec.cat\/ieslallauna\/estudis\/batxibac\/","title":{"rendered":"Batxibac, doble titulaci\u00f3"},"content":{"rendered":"\n<div class=\"wp-block-columns is-layout-flex wp-container-core-columns-is-layout-1 wp-block-columns-is-layout-flex\">\n<div class=\"wp-block-column is-layout-flow wp-block-column-is-layout-flow\" style=\"flex-basis:33.33%\">\n<figure class=\"wp-block-image size-full\"><a href=\"https:\/\/agora.xtec.cat\/ieslallauna\/wp-content\/uploads\/usu21\/2026\/02\/batxibac-e1677677798305.png\"><img loading=\"lazy\" decoding=\"async\" width=\"412\" height=\"437\" src=\"https:\/\/agora.xtec.cat\/ieslallauna\/wp-content\/uploads\/usu21\/2026\/02\/batxibac-e1677677798305.png\" alt=\"\" class=\"wp-image-5327\" srcset=\"https:\/\/agora.xtec.cat\/ieslallauna\/wp-content\/uploads\/usu21\/2026\/02\/batxibac-e1677677798305.png 412w, https:\/\/agora.xtec.cat\/ieslallauna\/wp-content\/uploads\/usu21\/2026\/02\/batxibac-e1677677798305-283x300.png 283w\" sizes=\"auto, (max-width: 412px) 100vw, 412px\" \/><\/a><\/figure>\n<\/div>\n\n\n\n<div class=\"wp-block-column is-layout-flow wp-block-column-is-layout-flow\" style=\"flex-basis:66.66%\">\n<p>El programa&nbsp;<a href=\"http:\/\/xtec.gencat.cat\/ca\/projectes\/batxibac\/index.html\" target=\"_blank\" rel=\"noopener noreferrer\">batxibac<\/a>, impartit en els centres espec\u00edficament autoritzats pel Departament d&#8217;Ensenyament, permet a l&#8217;alumnat cursar un curr\u00edculum mixt que suposa fer un ter\u00e7 de l&#8217;horari lectiu del batxillerat en llengua francesa i cursar les mat\u00e8ries Llengua i literatura franceses i Hist\u00f2ria de Fran\u00e7a. L\u2019alumnat que cursi aquest curr\u00edculum mixt, a m\u00e9s d\u2019obtenir el t\u00edtol de batxiller si supera totes les mat\u00e8ries cursades, obtindr\u00e0 tamb\u00e9 el diploma de baccalaur\u00e9at si supera una prova externa que es desenvolupa \u00edntegrament en franc\u00e8s. Per accedir al batxibac l\u2019alumnat ha de demostrar un nivell b\u00e0sic de franc\u00e8s, equivalent al B1 del Marc Europeu de Refer\u00e8ncia per a les Lleng\u00fces. Al nostre centre pots estudiar franc\u00e8s de 1r d&#8217;ESO fins a 2n de Batxillerat. Si cliques <a href=\"https:\/\/agora.xtec.cat\/ieslallauna\/estudis\/eso\/ambit-linguistic\/frances-2\/\" target=\"_blank\" rel=\"noopener\">AQU\u00cd<\/a>, veur\u00e0s alguns exemples de com treballem la llengua francesa a l&#8217;ESO.<\/p>\n<\/div>\n<\/div>\n\n\n\n<p><a href=\"https:\/\/agora.xtec.cat\/ieslallauna\/wp-content\/uploads\/usu21\/2026\/02\/Folleto-Batxi-2026.pdf\" target=\"_blank\" rel=\"noreferrer noopener\">Informacions b\u00e0siques sobre el Batxibac a La Llauna curs 2026-2027. D\u00edptic informatiu<\/a><\/p>\n\n\n\n<p>Si teniu qualsevol dubte o consulta, ens podeu escriure a <a href=\"mailto:batxibac@lallauna.cat\">batxibac@lallauna.cat<\/a><\/p>\n\n\n\n<p class=\"has-text-align-center\"><iframe loading=\"lazy\" title=\"YouTube video player\" src=\"\/\/www.youtube.com\/embed\/QdB_v2rP6Ws?si=hgket-6Uccc3hGkD\" width=\"400\" height=\"250\" frameborder=\"0\" allowfullscreen=\"allowfullscreen\"><\/iframe><\/p>\n\n\n\n<p>Per qu\u00e8 estudiar el Batxibac a La Llauna? L&#8217;alumnat us ho explica.<\/p>\n\n\n\n<p class=\"has-text-align-center\"><iframe loading=\"lazy\" title=\"YouTube video player\" src=\"\/\/www.youtube.com\/embed\/i_c3NS9MEYk?si=iCtir7izou7Dan67\" width=\"400\" height=\"250\" frameborder=\"0\" allowfullscreen=\"allowfullscreen\"><\/iframe><\/p>\n\n\n\n<p class=\"has-text-align-center\"><iframe loading=\"lazy\" title=\"YouTube video player\" src=\"\/\/www.youtube.com\/embed\/Nq_QptbKfCE\" width=\"400\" height=\"250\" frameborder=\"0\" allowfullscreen=\"allowfullscreen\"><\/iframe><\/p>\n\n\n\n\r\n\t<div class=\"slideshow_container slideshow_container_style-light\" style=\"height: 200px; \" data-slideshow-id=\"1601\" data-style-name=\"style-light\" data-style-version=\"2.3.1\" >\r\n\r\n\t\t\t\t\t<div class=\"slideshow_loading_icon\"><\/div>\r\n\t\t\r\n\t\t<div class=\"slideshow_content\" style=\"display: none;\">\r\n\r\n\t\t\t<div class=\"slideshow_view\">\r\n\t\t\t\t<div class=\"slideshow_slide slideshow_slide_image\">\r\n\t\t\t\t\t\t\t\t\t\t\t<img src=\"https:\/\/agora.xtec.cat\/ieslallauna\/wp-content\/uploads\/usu21\/2021\/04\/festivtheatre.jpg\" alt=\"Festival de Th\u00e9\u00e2tre en Fran\u00e7ais de Barcelona\" width=\"320\" height=\"239\" \/>\r\n\t\t\t\t\t\t\t\t\t\t<div class=\"slideshow_description_box slideshow_transparent\">\r\n\t\t\t\t\t\t<div class=\"slideshow_title\">Festival de Th\u00e9\u00e2tre en Fran\u00e7ais de Barcelona<\/div>\t\t\t\t\t\t<div class=\"slideshow_description\">Premi a les millors cr\u00edtiques liter\u00e0ries del  Festival de Th\u00e9\u00e2tre en Fran\u00e7ais de Barcelona.<\/div>\t\t\t\t\t<\/div>\r\n\t\t\t\t<\/div>\r\n\r\n\t\t\t\t\t\t<div style=\"clear: both;\"><\/div><\/div><div class=\"slideshow_view\">\r\n\t\t\t\t<div class=\"slideshow_slide slideshow_slide_image\">\r\n\t\t\t\t\t\t\t\t\t\t\t<img src=\"https:\/\/agora.xtec.cat\/ieslallauna\/wp-content\/uploads\/usu21\/2021\/04\/firaensenyament19.jpg\" alt=\"Fira Ensenyament de Badalona 2019\" width=\"320\" height=\"239\" \/>\r\n\t\t\t\t\t\t\t\t\t\t<div class=\"slideshow_description_box slideshow_transparent\">\r\n\t\t\t\t\t\t<div class=\"slideshow_title\">Fira Ensenyament de Badalona 2019<\/div>\t\t\t\t\t\t<div class=\"slideshow_description\">Fira Ensenyament de Badalona 2019<\/div>\t\t\t\t\t<\/div>\r\n\t\t\t\t<\/div>\r\n\r\n\t\t\t\t\t\t<div style=\"clear: both;\"><\/div><\/div><div class=\"slideshow_view\">\r\n\t\t\t\t<div class=\"slideshow_slide slideshow_slide_image\">\r\n\t\t\t\t\t\t\t\t\t\t\t<img src=\"https:\/\/agora.xtec.cat\/ieslallauna\/wp-content\/uploads\/usu21\/2021\/04\/jornadabatxibac18.jpg\" alt=\"UB. Jornada Batxibac 2018\" width=\"200\" height=\"144\" \/>\r\n\t\t\t\t\t\t\t\t\t\t<div class=\"slideshow_description_box slideshow_transparent\">\r\n\t\t\t\t\t\t<div class=\"slideshow_title\">UB. Jornada Batxibac 2018<\/div>\t\t\t\t\t\t<div class=\"slideshow_description\">UB. Jornada Batxibac 2018<\/div>\t\t\t\t\t<\/div>\r\n\t\t\t\t<\/div>\r\n\r\n\t\t\t\t\t\t<div style=\"clear: both;\"><\/div><\/div><div class=\"slideshow_view\">\r\n\t\t\t\t<div class=\"slideshow_slide slideshow_slide_image\">\r\n\t\t\t\t\t\t\t\t\t\t\t<img src=\"https:\/\/agora.xtec.cat\/ieslallauna\/wp-content\/uploads\/usu21\/2021\/04\/mobilitat1920.jpg\" alt=\"Projecte de mobilitat curs 2019-2020\" width=\"320\" height=\"220\" \/>\r\n\t\t\t\t\t\t\t\t\t\t<div class=\"slideshow_description_box slideshow_transparent\">\r\n\t\t\t\t\t\t<div class=\"slideshow_title\">Projecte de mobilitat curs 2019-2020<\/div>\t\t\t\t\t\t<div class=\"slideshow_description\">Projecte de mobilitat curs 2019-2020<\/div>\t\t\t\t\t<\/div>\r\n\t\t\t\t<\/div>\r\n\r\n\t\t\t\t\t\t<div style=\"clear: both;\"><\/div><\/div><div class=\"slideshow_view\">\r\n\t\t\t\t<div class=\"slideshow_slide slideshow_slide_image\">\r\n\t\t\t\t\t\t\t\t\t\t\t<img src=\"https:\/\/agora.xtec.cat\/ieslallauna\/wp-content\/uploads\/usu21\/2021\/04\/ouifestival.jpg\" alt=\"Concours del Oui Festival!\" width=\"320\" height=\"221\" \/>\r\n\t\t\t\t\t\t\t\t\t\t<div class=\"slideshow_description_box slideshow_transparent\">\r\n\t\t\t\t\t\t<div class=\"slideshow_title\">Concours del Oui Festival!<\/div>\t\t\t\t\t\t<div class=\"slideshow_description\">Concours del Oui Festival! Per segon any consecutiu dos alumnes guanyen el 1r i 2n premi a la millor cr\u00edtica liter\u00e0ria.<\/div>\t\t\t\t\t<\/div>\r\n\t\t\t\t<\/div>\r\n\r\n\t\t\t\t\t\t<div style=\"clear: both;\"><\/div><\/div><div class=\"slideshow_view\">\r\n\t\t\t\t<div class=\"slideshow_slide slideshow_slide_image\">\r\n\t\t\t\t\t\t\t\t\t\t\t<img src=\"https:\/\/agora.xtec.cat\/ieslallauna\/wp-content\/uploads\/usu21\/2021\/04\/mobilitat1920picasso.jpg\" alt=\"Projecte de mobilitat Picasso\" width=\"320\" height=\"217\" \/>\r\n\t\t\t\t\t\t\t\t\t\t<div class=\"slideshow_description_box slideshow_transparent\">\r\n\t\t\t\t\t\t<div class=\"slideshow_title\">Projecte de mobilitat Picasso<\/div>\t\t\t\t\t\t<div class=\"slideshow_description\">Projecte de mobilitat Picasso<\/div>\t\t\t\t\t<\/div>\r\n\t\t\t\t<\/div>\r\n\r\n\t\t\t\t\t\t<div style=\"clear: both;\"><\/div><\/div>\r\n\t\t<\/div>\r\n\r\n\t\t<div class=\"slideshow_controlPanel slideshow_transparent\" style=\"display: none;\"><ul><li class=\"slideshow_togglePlay\" data-play-text=\"Visualitza\" data-pause-text=\"Pausa\"><\/li><\/ul><\/div>\r\n\r\n\t\t<div class=\"slideshow_button slideshow_previous slideshow_transparent\" role=\"button\" data-previous-text=\"Anterior\" style=\"display: none;\"><\/div>\r\n\t\t<div class=\"slideshow_button slideshow_next slideshow_transparent\" role=\"button\" data-next-text=\"Seg\u00fcent\" style=\"display: none;\"><\/div>\r\n\r\n\t\t<div class=\"slideshow_pagination\" style=\"display: none;\" data-go-to-text=\"V\u00e9s a la diapositiva\"><div class=\"slideshow_pagination_center\"><\/div><\/div>\r\n\r\n\t\t<!-- WordPress Slideshow Version 2.3.1 -->\r\n\r\n\t\t\t<\/div>\r\n\r\n\n\n\n\n<ul class=\"wp-block-list\">\n<li><a href=\"https:\/\/agora.xtec.cat\/ieslallauna\/batxillerat\/excellents-resultats-a-la-prova-externa-del-batxibac\/\" target=\"_blank\" rel=\"noopener\">Excel\u00b7lents resultats a les proves externes curs 2021-2022<\/a><\/li>\n\n\n\n<li><a href=\"http:\/\/inslallauna.blogspot.com\/2019\/11\/frances-projecte-de-mobilitat-picasso.html\" target=\"_blank\" rel=\"noopener noreferrer\">Projecte de Mobilitat Picasso<\/a><\/li>\n\n\n\n<li><a href=\"http:\/\/inslallauna.blogspot.com\/2020\/02\/la-jessica-i-en-bernat-guardonats-al.html\" target=\"_blank\" rel=\"noopener noreferrer\">Concours Oui Festival!<\/a><\/li>\n\n\n\n<li><a href=\"http:\/\/inslallauna.blogspot.com\/2019\/02\/guanyadors-de-les-millors-critiques-al.html\" target=\"_blank\" rel=\"noopener noreferrer\">Festival de Teatre en Franc\u00e8s<\/a><\/li>\n\n\n\n<li><a href=\"http:\/\/inslallauna.blogspot.com\/2018\/12\/la-llauna-la-jornada-batxibac.html\" target=\"_blank\" rel=\"noopener noreferrer\">Jornada Batxibac 2018<\/a><\/li>\n<\/ul>\n\n\n\n<p class=\"has-text-align-right\">\u00daltima actualitzaci\u00f3: 18\/02\/2026<\/p>\n\n\n\n<p><\/p>\n","protected":false},"excerpt":{"rendered":"<p>El programa&nbsp;batxibac, impartit en els centres espec\u00edficament autoritzats pel Departament d&#8217;Ensenyament, permet a l&#8217;alumnat cursar un curr\u00edculum mixt que suposa fer un ter\u00e7 de l&#8217;horari lectiu del batxillerat en llengua francesa i cursar les mat\u00e8ries Llengua i literatura franceses i Hist\u00f2ria de Fran\u00e7a. L\u2019alumnat que cursi aquest curr\u00edculum mixt, a m\u00e9s d\u2019obtenir el t\u00edtol de [&hellip;]<\/p>\n","protected":false},"author":1,"featured_media":5452,"parent":1224,"menu_order":10,"comment_status":"closed","ping_status":"closed","template":"","meta":{"_bbp_topic_count":0,"_bbp_reply_count":0,"_bbp_total_topic_count":0,"_bbp_total_reply_count":0,"_bbp_voice_count":0,"_bbp_anonymous_reply_count":0,"_bbp_topic_count_hidden":0,"_bbp_reply_count_hidden":0,"_bbp_forum_subforum_count":0,"site-sidebar-layout":"default","site-content-layout":"","ast-site-content-layout":"default","site-content-style":"default","site-sidebar-style":"default","ast-global-header-display":"","ast-banner-title-visibility":"","ast-main-header-display":"","ast-hfb-above-header-display":"","ast-hfb-below-header-display":"","ast-hfb-mobile-header-display":"","site-post-title":"","ast-breadcrumbs-content":"","ast-featured-img":"","footer-sml-layout":"","theme-transparent-header-meta":"","adv-header-id-meta":"","stick-header-meta":"","header-above-stick-meta":"","header-main-stick-meta":"","header-below-stick-meta":"","astra-migrate-meta-layouts":"set","ast-page-background-enabled":"default","ast-page-background-meta":{"desktop":{"background-color":"var(--ast-global-color-4)","background-image":"","background-repeat":"repeat","background-position":"center center","background-size":"auto","background-attachment":"scroll","background-type":"","background-media":"","overlay-type":"","overlay-color":"","overlay-opacity":"","overlay-gradient":""},"tablet":{"background-color":"","background-image":"","background-repeat":"repeat","background-position":"center center","background-size":"auto","background-attachment":"scroll","background-type":"","background-media":"","overlay-type":"","overlay-color":"","overlay-opacity":"","overlay-gradient":""},"mobile":{"background-color":"","background-image":"","background-repeat":"repeat","background-position":"center center","background-size":"auto","background-attachment":"scroll","background-type":"","background-media":"","overlay-type":"","overlay-color":"","overlay-opacity":"","overlay-gradient":""}},"ast-content-background-meta":{"desktop":{"background-color":"var(--ast-global-color-5)","background-image":"","background-repeat":"repeat","background-position":"center center","background-size":"auto","background-attachment":"scroll","background-type":"","background-media":"","overlay-type":"","overlay-color":"","overlay-opacity":"","overlay-gradient":""},"tablet":{"background-color":"var(--ast-global-color-5)","background-image":"","background-repeat":"repeat","background-position":"center center","background-size":"auto","background-attachment":"scroll","background-type":"","background-media":"","overlay-type":"","overlay-color":"","overlay-opacity":"","overlay-gradient":""},"mobile":{"background-color":"var(--ast-global-color-5)","background-image":"","background-repeat":"repeat","background-position":"center center","background-size":"auto","background-attachment":"scroll","background-type":"","background-media":"","overlay-type":"","overlay-color":"","overlay-opacity":"","overlay-gradient":""}},"footnotes":""},"class_list":["post-1290","page","type-page","status-publish","has-post-thumbnail","hentry"],"post_mailing_queue_ids":[],"_links":{"self":[{"href":"https:\/\/agora.xtec.cat\/ieslallauna\/wp-json\/wp\/v2\/pages\/1290","targetHints":{"allow":["GET"]}}],"collection":[{"href":"https:\/\/agora.xtec.cat\/ieslallauna\/wp-json\/wp\/v2\/pages"}],"about":[{"href":"https:\/\/agora.xtec.cat\/ieslallauna\/wp-json\/wp\/v2\/types\/page"}],"author":[{"embeddable":true,"href":"https:\/\/agora.xtec.cat\/ieslallauna\/wp-json\/wp\/v2\/users\/1"}],"replies":[{"embeddable":true,"href":"https:\/\/agora.xtec.cat\/ieslallauna\/wp-json\/wp\/v2\/comments?post=1290"}],"version-history":[{"count":6,"href":"https:\/\/agora.xtec.cat\/ieslallauna\/wp-json\/wp\/v2\/pages\/1290\/revisions"}],"predecessor-version":[{"id":5455,"href":"https:\/\/agora.xtec.cat\/ieslallauna\/wp-json\/wp\/v2\/pages\/1290\/revisions\/5455"}],"up":[{"embeddable":true,"href":"https:\/\/agora.xtec.cat\/ieslallauna\/wp-json\/wp\/v2\/pages\/1224"}],"wp:featuredmedia":[{"embeddable":true,"href":"https:\/\/agora.xtec.cat\/ieslallauna\/wp-json\/wp\/v2\/media\/5452"}],"wp:attachment":[{"href":"https:\/\/agora.xtec.cat\/ieslallauna\/wp-json\/wp\/v2\/media?parent=1290"}],"curies":[{"name":"wp","href":"https:\/\/api.w.org\/{rel}","templated":true}]}}