{"id":1284,"date":"2021-02-18T09:05:51","date_gmt":"2021-02-18T08:05:51","guid":{"rendered":"https:\/\/agora.xtec.cat\/ieslallauna\/?page_id=1284"},"modified":"2026-02-18T09:48:50","modified_gmt":"2026-02-18T08:48:50","slug":"eso","status":"publish","type":"page","link":"https:\/\/agora.xtec.cat\/ieslallauna\/estudis\/eso\/","title":{"rendered":"ESO"},"content":{"rendered":"\n<p><strong><a href=\"https:\/\/agora.xtec.cat\/ieslallauna\/wp-content\/uploads\/usu21\/2025\/03\/PORTES-OBERTES-ESO-1.pdf\" target=\"_blank\" rel=\"noopener\">Presentaci\u00f3 Portes Obertes ESO. Curs 2025-2026<\/a><\/strong><\/p>\n\n\n\n<p>Des del <strong>men\u00fa de l&#8217;esquerra<\/strong> podreu accedir a explicacions m\u00e9s espec\u00edfiques de cada \u00e0mbit i a cada mat\u00e8ria. Desplegueu el men\u00fa d&#8217;<strong>ESO<\/strong> i podreu veure alguns exemples de com treballem a l&#8217;aula. Hem intentat posar-vos v\u00eddeos on el nostre alumnat n&#8217;\u00e9s el gran protagonista. Ell \u00e9s en el centre de l&#8217;aprenentatge i per aix\u00f2 ha de fer i experimentar guiat pel professorat.<\/p>\n\n\n\n<p>L&#8217;educaci\u00f3 secund\u00e0ria obligat\u00f2ria (ESO) compr\u00e8n quatre cursos acad\u00e8mics. Estructurem l&#8217;etapa entorn dels diferents <strong>\u00e0mbits<\/strong> que portaran l&#8217;alumnat a assolir les compet\u00e8ncies que necessiten per poder continuar els seus estudis postobligatoris. Dins de cada \u00e0mbit, les mat\u00e8ries de coneixement hi contribueixen de manera diversa. El nostre professorat especialista promou un aprenentatge que faciliti l&#8217;aplicaci\u00f3 dels sabers en diferents contextos. Entenem que l&#8217;<strong>adquisici\u00f3 de coneixements<\/strong>&nbsp;\u00e9s indispensable per poder-los mobilitzar en situacions diverses i formar <strong>ciutadans cr\u00edtics<\/strong>. Tant el <strong>treball per compet\u00e8ncies<\/strong> com la <strong>instrucci\u00f3 directa<\/strong> formen part del nostre treball d&#8217;aula.<\/p>\n\n\n\n<p>El curr\u00edculum, orientat a l\u2019adquisici\u00f3 de <strong>compet\u00e8ncies,<\/strong> estableix que la finalitat de l\u2019educaci\u00f3 obligat\u00f2ria \u00e9s aconseguir que els nois i les noies adquireixin les eines necess\u00e0ries per entendre el m\u00f3n i esdevinguin persones capaces d\u2019intervenir activament i cr\u00edtica en la societat plural, diversa i en canvi continu que els ha tocat viure. Un curr\u00edculum per compet\u00e8ncies significa ensenyar per aprendre i seguir aprenent al llarg de tota la vida. Esdevenir \u201ccompetent\u201d implica fer-se conscient que el proc\u00e9s d\u2019ensenyament i d\u2019aprenentatge t\u00e9 un recorregut que va m\u00e9s enll\u00e0 de l\u2019escolaritat.<\/p>\n\n\n\n<p><strong>Compet\u00e8ncies Digitals<\/strong><\/p>\n\n\n\n<p>Cada \u00e0mbit de coneixement contribueix a adquirir aquestes compet\u00e8ncies b\u00e0siques i, a la vegada, inserim les <strong>compet\u00e8ncies d&#8217;\u00e0mbit digital<\/strong> a cadascun dels \u00e0mbits. Les <strong>aules virtuals<\/strong> del centre (Moodle i Classroom) formen part del nostre projecte i ajuden a guiar l&#8217;alumnat en aquest proc\u00e9s. En algun moment de l&#8217;escolaritzaci\u00f3 a l&#8217;ESO<strong>&nbsp;cada alumne\/a disposa del seu propi ordinador port\u00e0til, cedit i controlat per l&#8217;institut i per a \u00fas exclusiu per a tasques acad\u00e8miques.<\/strong><\/p>\n\n\n\n<p>No dubteu contactar amb nosaltres si us quedeu amb dubtes: <a href=\"mailto:consultes@lallauna.cat\" target=\"_blank\" rel=\"noopener noreferrer\">consultes@lallauna.cat curs&nbsp;<\/a><\/p>\n\n\n\n<figure class=\"wp-block-image alignleft\"><a href=\"https:\/\/agora.xtec.cat\/ieslallauna\/wp-content\/uploads\/usu21\/2023\/02\/classe1.jpg\"><img loading=\"lazy\" decoding=\"async\" width=\"150\" height=\"150\" src=\"https:\/\/agora.xtec.cat\/ieslallauna\/wp-content\/uploads\/usu21\/2023\/02\/classe1-150x150.jpg\" alt=\"\" class=\"wp-image-3208\"\/><\/a><figcaption class=\"wp-element-caption\">Alumnat de 2n d&#8217;ESO\u00a0 Infography. Success Story<\/figcaption><\/figure>\n\n\n\n<p>&nbsp;<\/p>\n\n\n\n<p>&nbsp;<\/p>\n\n\n\n<p>&nbsp;<\/p>\n\n\n\n<p>&nbsp;<\/p>\n\n\n\n<p>&nbsp;<\/p>\n\n\n\n<p>&nbsp;<\/p>\n\n\n\n<p>&nbsp;<\/p>\n","protected":false},"excerpt":{"rendered":"<p>Presentaci\u00f3 Portes Obertes ESO. Curs 2025-2026 Des del men\u00fa de l&#8217;esquerra podreu accedir a explicacions m\u00e9s espec\u00edfiques de cada \u00e0mbit i a cada mat\u00e8ria. Desplegueu el men\u00fa d&#8217;ESO i podreu veure alguns exemples de com treballem a l&#8217;aula. Hem intentat posar-vos v\u00eddeos on el nostre alumnat n&#8217;\u00e9s el gran protagonista. Ell \u00e9s en el centre [&hellip;]<\/p>\n","protected":false},"author":1,"featured_media":0,"parent":1224,"menu_order":20,"comment_status":"closed","ping_status":"closed","template":"","meta":{"_bbp_topic_count":0,"_bbp_reply_count":0,"_bbp_total_topic_count":0,"_bbp_total_reply_count":0,"_bbp_voice_count":0,"_bbp_anonymous_reply_count":0,"_bbp_topic_count_hidden":0,"_bbp_reply_count_hidden":0,"_bbp_forum_subforum_count":0,"site-sidebar-layout":"default","site-content-layout":"","ast-site-content-layout":"default","site-content-style":"default","site-sidebar-style":"default","ast-global-header-display":"","ast-banner-title-visibility":"","ast-main-header-display":"","ast-hfb-above-header-display":"","ast-hfb-below-header-display":"","ast-hfb-mobile-header-display":"","site-post-title":"","ast-breadcrumbs-content":"","ast-featured-img":"","footer-sml-layout":"","theme-transparent-header-meta":"","adv-header-id-meta":"","stick-header-meta":"","header-above-stick-meta":"","header-main-stick-meta":"","header-below-stick-meta":"","astra-migrate-meta-layouts":"set","ast-page-background-enabled":"default","ast-page-background-meta":{"desktop":{"background-color":"var(--ast-global-color-4)","background-image":"","background-repeat":"repeat","background-position":"center center","background-size":"auto","background-attachment":"scroll","background-type":"","background-media":"","overlay-type":"","overlay-color":"","overlay-opacity":"","overlay-gradient":""},"tablet":{"background-color":"","background-image":"","background-repeat":"repeat","background-position":"center center","background-size":"auto","background-attachment":"scroll","background-type":"","background-media":"","overlay-type":"","overlay-color":"","overlay-opacity":"","overlay-gradient":""},"mobile":{"background-color":"","background-image":"","background-repeat":"repeat","background-position":"center center","background-size":"auto","background-attachment":"scroll","background-type":"","background-media":"","overlay-type":"","overlay-color":"","overlay-opacity":"","overlay-gradient":""}},"ast-content-background-meta":{"desktop":{"background-color":"var(--ast-global-color-5)","background-image":"","background-repeat":"repeat","background-position":"center center","background-size":"auto","background-attachment":"scroll","background-type":"","background-media":"","overlay-type":"","overlay-color":"","overlay-opacity":"","overlay-gradient":""},"tablet":{"background-color":"var(--ast-global-color-5)","background-image":"","background-repeat":"repeat","background-position":"center center","background-size":"auto","background-attachment":"scroll","background-type":"","background-media":"","overlay-type":"","overlay-color":"","overlay-opacity":"","overlay-gradient":""},"mobile":{"background-color":"var(--ast-global-color-5)","background-image":"","background-repeat":"repeat","background-position":"center center","background-size":"auto","background-attachment":"scroll","background-type":"","background-media":"","overlay-type":"","overlay-color":"","overlay-opacity":"","overlay-gradient":""}},"footnotes":""},"class_list":["post-1284","page","type-page","status-publish","hentry"],"post_mailing_queue_ids":[],"_links":{"self":[{"href":"https:\/\/agora.xtec.cat\/ieslallauna\/wp-json\/wp\/v2\/pages\/1284","targetHints":{"allow":["GET"]}}],"collection":[{"href":"https:\/\/agora.xtec.cat\/ieslallauna\/wp-json\/wp\/v2\/pages"}],"about":[{"href":"https:\/\/agora.xtec.cat\/ieslallauna\/wp-json\/wp\/v2\/types\/page"}],"author":[{"embeddable":true,"href":"https:\/\/agora.xtec.cat\/ieslallauna\/wp-json\/wp\/v2\/users\/1"}],"replies":[{"embeddable":true,"href":"https:\/\/agora.xtec.cat\/ieslallauna\/wp-json\/wp\/v2\/comments?post=1284"}],"version-history":[{"count":6,"href":"https:\/\/agora.xtec.cat\/ieslallauna\/wp-json\/wp\/v2\/pages\/1284\/revisions"}],"predecessor-version":[{"id":5456,"href":"https:\/\/agora.xtec.cat\/ieslallauna\/wp-json\/wp\/v2\/pages\/1284\/revisions\/5456"}],"up":[{"embeddable":true,"href":"https:\/\/agora.xtec.cat\/ieslallauna\/wp-json\/wp\/v2\/pages\/1224"}],"wp:attachment":[{"href":"https:\/\/agora.xtec.cat\/ieslallauna\/wp-json\/wp\/v2\/media?parent=1284"}],"curies":[{"name":"wp","href":"https:\/\/api.w.org\/{rel}","templated":true}]}}