{"id":1224,"date":"2021-02-18T08:58:44","date_gmt":"2021-02-18T07:58:44","guid":{"rendered":"https:\/\/agora.xtec.cat\/ieslallauna\/?page_id=1224"},"modified":"2022-02-12T20:08:07","modified_gmt":"2022-02-12T19:08:07","slug":"estudis","status":"publish","type":"page","link":"https:\/\/agora.xtec.cat\/ieslallauna\/estudis\/","title":{"rendered":"Estudis"},"content":{"rendered":"<p>L\u2019Institut La Llauna \u00e9s un <strong>centre p\u00fablic<\/strong> amb quatre l\u00ednies d\u2019<strong>ESO<\/strong>, tres de <strong>Batxillerat<\/strong> i una de <strong>Batxibac.<\/strong> Som un institut\u00a0 mitj\u00e0, on la informaci\u00f3 es transmet de manera \u00e0gil i constant. Estem molt arrelats al barri i a la ciutat de Badalona.<\/p>\n<p>Si ens voleu con\u00e8ixer millor, podeu navegar pels diferents \u00e0mbits des del men\u00fa de l&#8217;esquerra.<\/p>\n<p>Trobareu totes les <strong>informacions pr\u00e0ctiques<\/strong> (dates, documentaci\u00f3, barems,&#8230;) sobre el proc\u00e9s de preinscripci\u00f3 a:<\/p>\n<ul>\n<li><a href=\"https:\/\/agora.xtec.cat\/ieslallauna\/secretaria\/preinscripcio-i-matricula\/\" target=\"_blank\" rel=\"noopener noreferrer\">P\u00e0gina web de Secretaria de l&#8217;Institut La Llauna<\/a><\/li>\n<li><a href=\"https:\/\/preinscripcio.gencat.cat\/ca\/inici\/\" target=\"_blank\" rel=\"noopener noreferrer\">P\u00e0gina web del Departament d&#8217;Educaci\u00f3<\/a><\/li>\n<\/ul>\n<p>Com a centre de secund\u00e0ria posem especial <strong>\u00e8mfasi<\/strong> en:<\/p>\n<ul>\n<li>assegurar un bon <strong>domini competencial<\/strong> en les totes les mat\u00e8ries per facilitar posteriors aprenentatges.<\/li>\n<li>apropar els <strong>continguts i sabers<\/strong> de les assignatures a la realitat de l&#8217;alumnat, <strong>contextualitzant<\/strong> els aprenentatges.<\/li>\n<li>relacionar els diferents \u00e0mbits d&#8217;aprenentatge mitjan\u00e7ant <strong>activitats interdisciplinars.<\/strong><\/li>\n<li>promoure un \u00fas responsable de la <strong>tecnologia<\/strong> que\u00a0 contribueixi a l&#8217;adquisici\u00f3 de sabers i del saber fer. La compet\u00e8ncia digital forma part del contigut curricular de les diverses mat\u00e8ries i\/o \u00e0mbits.<\/li>\n<li>promoure un <strong>bon ambient<\/strong> de treball i de conviv\u00e8ncia entre tots els sectors de la comunitat educativa. Procurem resoldre les situacions de conflicte a trav\u00e9s del di\u00e0leg i de la mediaci\u00f3.<\/li>\n<li>potenciar el <strong>capital cultural<\/strong> del nostre alumnat per facilitar el seu proc\u00e9s d\u2019aprenentatge.<\/li>\n<li>estimular una <strong>certa flexibilitat<\/strong> a l\u2019hora de construir el curr\u00edculum de cada alumne\/a.<\/li>\n<li>refor\u00e7ar\u00a0 els <strong>h\u00e0bits de treball i d\u2019organitzaci\u00f3<\/strong> indispensables per a un aprenentatge efica\u00e7.<\/li>\n<li>estimular l&#8217;<strong>autonomia personal<\/strong> i l&#8217;<strong>esperit cr\u00edtic<\/strong>.<\/li>\n<li><strong>orientar<\/strong> l&#8217;alumnat sobre totes les sortides posteriors<\/li>\n<\/ul>\n","protected":false},"excerpt":{"rendered":"<p>L\u2019Institut La Llauna \u00e9s un centre p\u00fablic amb quatre l\u00ednies d\u2019ESO, tres de Batxillerat i una de Batxibac. Som un institut\u00a0 mitj\u00e0, on la informaci\u00f3 es transmet de manera \u00e0gil i constant. Estem molt arrelats al barri i a la ciutat de Badalona. Si ens voleu con\u00e8ixer millor, podeu navegar pels diferents \u00e0mbits des del [&hellip;]<\/p>\n","protected":false},"author":1,"featured_media":0,"parent":0,"menu_order":0,"comment_status":"closed","ping_status":"closed","template":"page-templates\/side-menu.php","meta":{"_bbp_topic_count":0,"_bbp_reply_count":0,"_bbp_total_topic_count":0,"_bbp_total_reply_count":0,"_bbp_voice_count":0,"_bbp_anonymous_reply_count":0,"_bbp_topic_count_hidden":0,"_bbp_reply_count_hidden":0,"_bbp_forum_subforum_count":0,"site-sidebar-layout":"default","site-content-layout":"","ast-site-content-layout":"","site-content-style":"default","site-sidebar-style":"default","ast-global-header-display":"","ast-banner-title-visibility":"","ast-main-header-display":"","ast-hfb-above-header-display":"","ast-hfb-below-header-display":"","ast-hfb-mobile-header-display":"","site-post-title":"","ast-breadcrumbs-content":"","ast-featured-img":"","footer-sml-layout":"","theme-transparent-header-meta":"","adv-header-id-meta":"","stick-header-meta":"","header-above-stick-meta":"","header-main-stick-meta":"","header-below-stick-meta":"","astra-migrate-meta-layouts":"default","ast-page-background-enabled":"default","ast-page-background-meta":{"desktop":{"background-color":"var(--ast-global-color-4)","background-image":"","background-repeat":"repeat","background-position":"center center","background-size":"auto","background-attachment":"scroll","background-type":"","background-media":"","overlay-type":"","overlay-color":"","overlay-opacity":"","overlay-gradient":""},"tablet":{"background-color":"","background-image":"","background-repeat":"repeat","background-position":"center center","background-size":"auto","background-attachment":"scroll","background-type":"","background-media":"","overlay-type":"","overlay-color":"","overlay-opacity":"","overlay-gradient":""},"mobile":{"background-color":"","background-image":"","background-repeat":"repeat","background-position":"center center","background-size":"auto","background-attachment":"scroll","background-type":"","background-media":"","overlay-type":"","overlay-color":"","overlay-opacity":"","overlay-gradient":""}},"ast-content-background-meta":{"desktop":{"background-color":"var(--ast-global-color-5)","background-image":"","background-repeat":"repeat","background-position":"center center","background-size":"auto","background-attachment":"scroll","background-type":"","background-media":"","overlay-type":"","overlay-color":"","overlay-opacity":"","overlay-gradient":""},"tablet":{"background-color":"var(--ast-global-color-5)","background-image":"","background-repeat":"repeat","background-position":"center center","background-size":"auto","background-attachment":"scroll","background-type":"","background-media":"","overlay-type":"","overlay-color":"","overlay-opacity":"","overlay-gradient":""},"mobile":{"background-color":"var(--ast-global-color-5)","background-image":"","background-repeat":"repeat","background-position":"center center","background-size":"auto","background-attachment":"scroll","background-type":"","background-media":"","overlay-type":"","overlay-color":"","overlay-opacity":"","overlay-gradient":""}},"footnotes":""},"class_list":["post-1224","page","type-page","status-publish","hentry"],"post_mailing_queue_ids":[],"_links":{"self":[{"href":"https:\/\/agora.xtec.cat\/ieslallauna\/wp-json\/wp\/v2\/pages\/1224","targetHints":{"allow":["GET"]}}],"collection":[{"href":"https:\/\/agora.xtec.cat\/ieslallauna\/wp-json\/wp\/v2\/pages"}],"about":[{"href":"https:\/\/agora.xtec.cat\/ieslallauna\/wp-json\/wp\/v2\/types\/page"}],"author":[{"embeddable":true,"href":"https:\/\/agora.xtec.cat\/ieslallauna\/wp-json\/wp\/v2\/users\/1"}],"replies":[{"embeddable":true,"href":"https:\/\/agora.xtec.cat\/ieslallauna\/wp-json\/wp\/v2\/comments?post=1224"}],"version-history":[{"count":4,"href":"https:\/\/agora.xtec.cat\/ieslallauna\/wp-json\/wp\/v2\/pages\/1224\/revisions"}],"predecessor-version":[{"id":2300,"href":"https:\/\/agora.xtec.cat\/ieslallauna\/wp-json\/wp\/v2\/pages\/1224\/revisions\/2300"}],"wp:attachment":[{"href":"https:\/\/agora.xtec.cat\/ieslallauna\/wp-json\/wp\/v2\/media?parent=1224"}],"curies":[{"name":"wp","href":"https:\/\/api.w.org\/{rel}","templated":true}]}}