{"id":1056,"date":"2020-11-09T20:35:47","date_gmt":"2020-11-09T19:35:47","guid":{"rendered":"https:\/\/agora.xtec.cat\/ieslallauna\/?page_id=1056"},"modified":"2026-01-30T11:57:08","modified_gmt":"2026-01-30T10:57:08","slug":"ampa","status":"publish","type":"page","link":"https:\/\/agora.xtec.cat\/ieslallauna\/families\/ampa\/","title":{"rendered":"AFA"},"content":{"rendered":"<p><a href=\"https:\/\/agora.xtec.cat\/ieslallauna\/wp-content\/uploads\/usu21\/2020\/11\/ampa2.png\"><img loading=\"lazy\" decoding=\"async\" class=\"size-thumbnail wp-image-1060 alignright\" src=\"https:\/\/agora.xtec.cat\/ieslallauna\/wp-content\/uploads\/usu21\/2020\/11\/ampa2-150x150.png\" alt=\"\" width=\"150\" height=\"150\" srcset=\"https:\/\/agora.xtec.cat\/ieslallauna\/wp-content\/uploads\/usu21\/2020\/11\/ampa2-150x150.png 150w, https:\/\/agora.xtec.cat\/ieslallauna\/wp-content\/uploads\/usu21\/2020\/11\/ampa2.png 225w\" sizes=\"auto, (max-width: 150px) 100vw, 150px\" \/><\/a>L&#8217;Associaci\u00f3 de Fam\u00edlies (AFA) de La Llauna t\u00e9 com a objectiu principal treballar en <b>col\u00b7laboraci\u00f3<\/b> amb la direcci\u00f3 de l&#8217;institut <b>respresentant les fam\u00edlies de l&#8217;escola<\/b> per procurar l&#8217;\u00e8xit i benestar de l&#8217;alumnat. La col\u00b7laboraci\u00f3 amb el centre es centra en <b>quatre \u00e0rees<\/b>:<\/p>\n<div>\n<ul>\n<li>Potenciar la <b>comunicaci\u00f3 institut-fam\u00edlies<\/b>.<\/li>\n<li>Donar suport als pares i mares en l&#8217;<b>educaci\u00f3<\/b> dels fills.<\/li>\n<li>Donar suport a la millora de les <b>infraestructures<\/b> i <b>serveis<\/b> de l&#8217;institut.<\/li>\n<li>Donar suport a <b>iniciatives<\/b> i <b>projectes docents<\/b>.<\/li>\n<\/ul>\n<div>Trobareu informaci\u00f3 m\u00e9s detallada sobre l&#8217;<b>AFA de La Llauna<\/b> al <a href=\"http:\/\/quinallaunadampa.blogspot.com\/\" target=\"_blank\" rel=\"nofollow noopener noreferrer\">Bloc de l&#8217;AFA, <\/a><i>al seu <a href=\"https:\/\/www.facebook.com\/AmpaLaLlauna\" target=\"_blank\" rel=\"noopener noreferrer\">Facebook\u00a0<\/a> i a l&#8217;<a href=\"https:\/\/www.instagram.com\/ampa_lallauna\/\" target=\"_blank\" rel=\"noopener noreferrer\">Instagram<\/a><\/i><\/div>\n<div><\/div>\n<\/div>\n","protected":false},"excerpt":{"rendered":"<p>L&#8217;Associaci\u00f3 de Fam\u00edlies (AFA) de La Llauna t\u00e9 com a objectiu principal treballar en col\u00b7laboraci\u00f3 amb la direcci\u00f3 de l&#8217;institut respresentant les fam\u00edlies de l&#8217;escola per procurar l&#8217;\u00e8xit i benestar de l&#8217;alumnat. La col\u00b7laboraci\u00f3 amb el centre es centra en quatre \u00e0rees: Potenciar la comunicaci\u00f3 institut-fam\u00edlies. Donar suport als pares i mares en l&#8217;educaci\u00f3 dels [&hellip;]<\/p>\n","protected":false},"author":1,"featured_media":0,"parent":703,"menu_order":20,"comment_status":"closed","ping_status":"closed","template":"","meta":{"_bbp_topic_count":0,"_bbp_reply_count":0,"_bbp_total_topic_count":0,"_bbp_total_reply_count":0,"_bbp_voice_count":0,"_bbp_anonymous_reply_count":0,"_bbp_topic_count_hidden":0,"_bbp_reply_count_hidden":0,"_bbp_forum_subforum_count":0,"site-sidebar-layout":"default","site-content-layout":"","ast-site-content-layout":"default","site-content-style":"default","site-sidebar-style":"default","ast-global-header-display":"","ast-banner-title-visibility":"","ast-main-header-display":"","ast-hfb-above-header-display":"","ast-hfb-below-header-display":"","ast-hfb-mobile-header-display":"","site-post-title":"","ast-breadcrumbs-content":"","ast-featured-img":"","footer-sml-layout":"","theme-transparent-header-meta":"","adv-header-id-meta":"","stick-header-meta":"","header-above-stick-meta":"","header-main-stick-meta":"","header-below-stick-meta":"","astra-migrate-meta-layouts":"set","ast-page-background-enabled":"default","ast-page-background-meta":{"desktop":{"background-color":"var(--ast-global-color-4)","background-image":"","background-repeat":"repeat","background-position":"center center","background-size":"auto","background-attachment":"scroll","background-type":"","background-media":"","overlay-type":"","overlay-color":"","overlay-opacity":"","overlay-gradient":""},"tablet":{"background-color":"","background-image":"","background-repeat":"repeat","background-position":"center center","background-size":"auto","background-attachment":"scroll","background-type":"","background-media":"","overlay-type":"","overlay-color":"","overlay-opacity":"","overlay-gradient":""},"mobile":{"background-color":"","background-image":"","background-repeat":"repeat","background-position":"center center","background-size":"auto","background-attachment":"scroll","background-type":"","background-media":"","overlay-type":"","overlay-color":"","overlay-opacity":"","overlay-gradient":""}},"ast-content-background-meta":{"desktop":{"background-color":"var(--ast-global-color-5)","background-image":"","background-repeat":"repeat","background-position":"center center","background-size":"auto","background-attachment":"scroll","background-type":"","background-media":"","overlay-type":"","overlay-color":"","overlay-opacity":"","overlay-gradient":""},"tablet":{"background-color":"var(--ast-global-color-5)","background-image":"","background-repeat":"repeat","background-position":"center center","background-size":"auto","background-attachment":"scroll","background-type":"","background-media":"","overlay-type":"","overlay-color":"","overlay-opacity":"","overlay-gradient":""},"mobile":{"background-color":"var(--ast-global-color-5)","background-image":"","background-repeat":"repeat","background-position":"center center","background-size":"auto","background-attachment":"scroll","background-type":"","background-media":"","overlay-type":"","overlay-color":"","overlay-opacity":"","overlay-gradient":""}},"footnotes":""},"class_list":["post-1056","page","type-page","status-publish","hentry"],"post_mailing_queue_ids":[],"_links":{"self":[{"href":"https:\/\/agora.xtec.cat\/ieslallauna\/wp-json\/wp\/v2\/pages\/1056","targetHints":{"allow":["GET"]}}],"collection":[{"href":"https:\/\/agora.xtec.cat\/ieslallauna\/wp-json\/wp\/v2\/pages"}],"about":[{"href":"https:\/\/agora.xtec.cat\/ieslallauna\/wp-json\/wp\/v2\/types\/page"}],"author":[{"embeddable":true,"href":"https:\/\/agora.xtec.cat\/ieslallauna\/wp-json\/wp\/v2\/users\/1"}],"replies":[{"embeddable":true,"href":"https:\/\/agora.xtec.cat\/ieslallauna\/wp-json\/wp\/v2\/comments?post=1056"}],"version-history":[{"count":5,"href":"https:\/\/agora.xtec.cat\/ieslallauna\/wp-json\/wp\/v2\/pages\/1056\/revisions"}],"predecessor-version":[{"id":5293,"href":"https:\/\/agora.xtec.cat\/ieslallauna\/wp-json\/wp\/v2\/pages\/1056\/revisions\/5293"}],"up":[{"embeddable":true,"href":"https:\/\/agora.xtec.cat\/ieslallauna\/wp-json\/wp\/v2\/pages\/703"}],"wp:attachment":[{"href":"https:\/\/agora.xtec.cat\/ieslallauna\/wp-json\/wp\/v2\/media?parent=1056"}],"curies":[{"name":"wp","href":"https:\/\/api.w.org\/{rel}","templated":true}]}}