{"id":643,"date":"2019-05-26T18:09:15","date_gmt":"2019-05-26T16:09:15","guid":{"rendered":"https:\/\/agora.xtec.cat\/ieslajonquera\/?page_id=643"},"modified":"2025-08-18T17:05:29","modified_gmt":"2025-08-18T15:05:29","slug":"material-i-llibres","status":"publish","type":"page","link":"https:\/\/agora.xtec.cat\/ieslajonquera\/estudis\/material-i-llibres\/","title":{"rendered":"Material i llibres"},"content":{"rendered":"<p style=\"text-align: justify;\"><strong><span style=\"color: #000000;\">C<\/span>URS 2025-2026\u00a0<\/strong><\/p>\n<p style=\"text-align: justify;\">L&#8217;alumnat del centre rebr\u00e0 per correu electr\u00f2nic la informaci\u00f3 pertinent per tal de fer el pagament de la matr\u00edcula on s&#8217;inclou l&#8217;import de les llic\u00e8ncies i llibres que utilitzaran durant el curs. Pel que fa al material necessari trobareu el llistat m\u00e9s avall i, per tal de poder-lo comprar, podeu utilitzar els vals escolars enviats pel Departament d&#8217;Educaci\u00f3.<\/p>\n<table style=\"border-collapse: collapse; width: 100%;\">\n<tbody>\n<tr>\n<td style=\"width: 100%;\"><strong>Iddink<\/strong> (LLOGUER (reutilitzaci\u00f3\/ecoBook) de <strong>llibres de Batxillerat i COMPRA de llic\u00e8ncies digitals de Batxillerat<\/strong>): <a href=\"https:\/\/spain.iddink.es\/ca\">https:\/\/spain.iddink.es\/ca<\/a><\/p>\n<p>(Preferiblement, abans del 21 de juliol)<\/p>\n<p><a href=\"https:\/\/drive.google.com\/file\/d\/10CM2JOAdgKQSCeur-XZaC7bz2egikN9a\/view?usp=sharing\">Instruccions d&#8217;\u00fas de la plataforma<\/a><\/p>\n<p><a href=\"https:\/\/drive.google.com\/file\/d\/1AiSfsMUOu_9YUZPYwX9bCPB6EGSx72kj\/view?usp=sharing\">Llistat de llibres<\/a><\/p>\n<p><iframe loading=\"lazy\" src=\"\/\/www.youtube.com\/embed\/8ouvgSe1AVQ\" width=\"560\" height=\"314\" allowfullscreen=\"allowfullscreen\"><\/iframe><\/td>\n<\/tr>\n<\/tbody>\n<\/table>\n<p style=\"text-align: justify;\"><strong>MATERIAL I LLIBRES PER A ALUMNES D&#8217;ESO<br \/>\n<\/strong><\/p>\n<p style=\"text-align: justify;\"><a href=\"https:\/\/drive.google.com\/file\/d\/1gXkuJE8tMdd5s6A_XxzJOEz6z_6G8p81\/view?usp=sharing\">1r d&#8217;ESO<\/a><\/p>\n<p style=\"text-align: justify;\"><a href=\"https:\/\/drive.google.com\/file\/d\/1MyNdhIrOD4n3XmOXK_e61qAAyW2-394C\/view?usp=sharing\">2n d&#8217;ESO<\/a><\/p>\n<p style=\"text-align: justify;\"><a href=\"https:\/\/drive.google.com\/file\/d\/1C5lz7yGSYd467ftRwj-aNCvpX0XthZ37\/view?usp=sharing\">3r d&#8217;ESO<\/a><\/p>\n<p style=\"text-align: justify;\"><a href=\"https:\/\/drive.google.com\/file\/d\/1V72kJqGzEwTzhJ2gIim5mnziatpCbp6B\/view?usp=sharing\">4t d&#8217;ESO<\/a><\/p>\n<p style=\"text-align: justify;\"><strong>MATERIAL I LLIBRES PER A ALUMNES DE BATXILLERAT I BATXIBAC<br \/>\n<\/strong><\/p>\n<p style=\"text-align: justify;\"><a href=\"https:\/\/drive.google.com\/file\/d\/1WL-AQSII4DnIg7VczXRW9-55J6Qm4yH9\/view?usp=sharing\">1r de Batxillerat i Batxibac<\/a><\/p>\n<p style=\"text-align: justify;\"><a href=\"https:\/\/drive.google.com\/file\/d\/1sTGp4aPI19G0gR-uXGd_7yho3LdpsO_J\/view?usp=sharing\">2n de Batxillerat i Batxibac<\/a><\/p>\n<p style=\"text-align: justify;\"><strong>RECORDEU:\u00a0Estan PROHIBITS els retoladors permanents gruixuts i el <em>tippex<\/em> l\u00edquid.<\/strong><\/p>\n<p style=\"text-align: justify;\">Per qualsevol dubte contacteu amb: b7006745<span class=\"\">@xtec.ca<\/span>t<\/p>\n<p style=\"text-align: justify;\">Treballem perqu\u00e8 la despesa de les fam\u00edlies sigui tan redu\u00efda com sigui possible.<\/p>\n","protected":false},"excerpt":{"rendered":"<p>CURS 2025-2026\u00a0<br \/>\nL&#8217;alumnat del centre rebr\u00e0 per correu electr\u00f2nic la informaci\u00f3 pertinent per tal de fer el pagament de la matr\u00edcula on s&#8217;inclou l&#8217;import de les llic\u00e8ncies i llibres que utilitzaran durant el curs. Pel que fa al material necessari trobareu el llistat m\u00e9s avall i,&hellip;  <a href=\"https:\/\/agora.xtec.cat\/ieslajonquera\/estudis\/material-i-llibres\/\" title=\"Read Material i llibres\">Llegeix m\u00e9s\u00bb<\/a><\/p>\n","protected":false},"author":3,"featured_media":0,"parent":195,"menu_order":0,"comment_status":"closed","ping_status":"closed","template":"page-templates\/side-menu.php","meta":{"_bbp_topic_count":0,"_bbp_reply_count":0,"_bbp_total_topic_count":0,"_bbp_total_reply_count":0,"_bbp_voice_count":0,"_bbp_anonymous_reply_count":0,"_bbp_topic_count_hidden":0,"_bbp_reply_count_hidden":0,"_bbp_forum_subforum_count":0,"footnotes":""},"class_list":["post-643","page","type-page","status-publish","hentry"],"post_mailing_queue_ids":[],"_links":{"self":[{"href":"https:\/\/agora.xtec.cat\/ieslajonquera\/wp-json\/wp\/v2\/pages\/643","targetHints":{"allow":["GET"]}}],"collection":[{"href":"https:\/\/agora.xtec.cat\/ieslajonquera\/wp-json\/wp\/v2\/pages"}],"about":[{"href":"https:\/\/agora.xtec.cat\/ieslajonquera\/wp-json\/wp\/v2\/types\/page"}],"author":[{"embeddable":true,"href":"https:\/\/agora.xtec.cat\/ieslajonquera\/wp-json\/wp\/v2\/users\/3"}],"replies":[{"embeddable":true,"href":"https:\/\/agora.xtec.cat\/ieslajonquera\/wp-json\/wp\/v2\/comments?post=643"}],"version-history":[{"count":6,"href":"https:\/\/agora.xtec.cat\/ieslajonquera\/wp-json\/wp\/v2\/pages\/643\/revisions"}],"predecessor-version":[{"id":6363,"href":"https:\/\/agora.xtec.cat\/ieslajonquera\/wp-json\/wp\/v2\/pages\/643\/revisions\/6363"}],"up":[{"embeddable":true,"href":"https:\/\/agora.xtec.cat\/ieslajonquera\/wp-json\/wp\/v2\/pages\/195"}],"wp:attachment":[{"href":"https:\/\/agora.xtec.cat\/ieslajonquera\/wp-json\/wp\/v2\/media?parent=643"}],"curies":[{"name":"wp","href":"https:\/\/api.w.org\/{rel}","templated":true}]}}