{"id":582,"date":"2019-05-26T14:10:53","date_gmt":"2019-05-26T12:10:53","guid":{"rendered":"https:\/\/agora.xtec.cat\/ieslajonquera\/?page_id=582"},"modified":"2026-02-26T14:33:53","modified_gmt":"2026-02-26T13:33:53","slug":"eso","status":"publish","type":"page","link":"https:\/\/agora.xtec.cat\/ieslajonquera\/estudis\/eso\/","title":{"rendered":"ESO"},"content":{"rendered":"<table style=\"height: 96px; width: 99.9882%;\" width=\"700\">\n<tbody>\n<tr>\n<td style=\"width: 52.1368%;\"><strong>Optatives de 1r d&#8217;ESO<\/strong>: <a href=\"https:\/\/drive.google.com\/file\/d\/10R5ANEik3f2pN1kABYqHOgSNy7pORI_g\/view?usp=sharing\">Angl\u00e8s<\/a>, <a href=\"https:\/\/drive.google.com\/file\/d\/18W7zDOCDThnEKExWYd6eipTbsh-0w91R\/view?usp=sharing\">Franc\u00e8s<\/a><\/p>\n<p>(La tria d&#8217;una llengua a 1r d&#8217;ESO condiciona la llengua que cursar\u00e0 l&#8217;alumne a 2n d&#8217;ESO)<\/p>\n<p><strong>Optatives de 3r\u00a0d&#8217;ESO<\/strong>: Angl\u00e8s, <a href=\"https:\/\/drive.google.com\/file\/d\/1h-WL6PgYhKQI1RMGxXGg7G9PgNzn2Gj9\/view?usp=sharing\">Franc\u00e8s<\/a>, Rob\u00f2tica i Programaci\u00f3, Cultura Cl\u00e0ssica<\/p>\n<p><strong>Optatives de 4t d&#8217;ESO<\/strong>:<\/p>\n<table style=\"border-collapse: collapse; width: 83.7824%; height: 126px;\">\n<tbody>\n<tr style=\"height: 28px;\">\n<td style=\"width: 30.833%; height: 28px;\"><strong>BLOC 1<\/strong><\/td>\n<td style=\"width: 33.9601%; height: 28px;\"><strong>BLOC 2<\/strong><\/td>\n<td style=\"width: 43.0922%; height: 28px;\"><strong>BLOC 3<\/strong><\/td>\n<\/tr>\n<tr style=\"height: 28px;\">\n<td style=\"width: 30.833%; height: 28px;\"><a href=\"https:\/\/drive.google.com\/file\/d\/1YRWVEK-O_sGsVHrSP9H8DS7TA5p_2oW8\/view?usp=sharing\" target=\"_blank\" rel=\"noopener noreferrer\">Llat\u00ed<\/a><\/td>\n<td style=\"width: 33.9601%; height: 28px;\"><a href=\"https:\/\/drive.google.com\/file\/d\/1CsokhyeOd-FdpygswXY7LM9P0NfXZ2gw\/view?usp=sharing\">Tecnologia<\/a><\/td>\n<td style=\"width: 43.0922%; height: 28px;\">2a llengua estrangera <a href=\"https:\/\/drive.google.com\/file\/d\/1h-WL6PgYhKQI1RMGxXGg7G9PgNzn2Gj9\/view?usp=sharing\">(Franc\u00e8s <\/a>o Angl\u00e8s)<\/td>\n<\/tr>\n<tr style=\"height: 28px;\">\n<td style=\"width: 30.833%; height: 28px;\"><a href=\"https:\/\/drive.google.com\/file\/d\/1Hkg6RQ-E1ZjbLiOn-T2iOfy3H9e-AOn9\/view?usp=sharing\">F\u00edsica i Qu\u00edmica<\/a><\/td>\n<td style=\"width: 33.9601%; height: 28px;\"><a href=\"https:\/\/drive.google.com\/file\/d\/1Wo8_5EZuO32NL-v3Uobod3GxzB3qTF90\/view?usp=sharing\">Biologia i Geologia<\/a><\/td>\n<td style=\"width: 43.0922%; height: 28px;\"><a href=\"https:\/\/drive.google.com\/file\/d\/1tMP01lV_94w8Q31y31DKq7Q32LoSHMBP\/view?usp=sharing\">Emprenedoria<\/a><\/td>\n<\/tr>\n<tr style=\"height: 42px;\">\n<td style=\"width: 30.833%; height: 42px;\">Expressi\u00f3 Art\u00edstica<\/td>\n<td style=\"width: 33.9601%; height: 42px;\">M\u00fasica<\/td>\n<td style=\"width: 43.0922%; height: 42px;\">Formaci\u00f3 i Orientaci\u00f3 Personal i Professional<\/td>\n<\/tr>\n<\/tbody>\n<\/table>\n<p style=\"font-family: 'Helvetica Neue', Helvetica, Helvetica, Arial, sans-serif; font-size: 16px;\"><span style=\"color: #073763; font-size: small;\"><b><span style=\"color: #000000;\">Treballs de s\u00edntesi<\/span><br \/>\n<\/b><\/span><\/p>\n<ul style=\"list-style-type: circle;\">\n<li><strong>1r d&#8217;ESO: <\/strong><a href=\"https:\/\/docs.google.com\/presentation\/d\/1U_5lYOx2Umd3y1eVI_JVlHWWRnTvv27j\/edit?usp=sharing&amp;ouid=117942502102262819438&amp;rtpof=true&amp;sd=true\">Descoberta de l&#8217;Albera: Requesens i l&#8217;aigua<\/a><\/li>\n<li><strong>2n d&#8217;ESO: <\/strong><a href=\"https:\/\/drive.google.com\/file\/d\/15eiexMJr7u3CYjRu7Nplu-PJuM16uL9b\/view?usp=sharing\">Coneguem les Salines<\/a><\/li>\n<li><strong>3r d&#8217;ESO: <\/strong>La creativitat<\/li>\n<\/ul>\n<\/td>\n<td style=\"width: 170.37%;\">&nbsp;<\/p>\n<p>Criteris d&#8217;avaluaci\u00f3:<\/p>\n<p><a href=\"https:\/\/drive.google.com\/file\/d\/15ocX7JtwPdbVNO8XS4lVY5b0-VVIW4i0\/view?usp=sharing\">Departament de CI\u00c8NCIES<\/a><\/p>\n<p><a href=\"https:\/\/drive.google.com\/file\/d\/1G1kgIUCNvFRJg-tR2UY_cCbAygZNwlf2\/view?usp=sharing\">Departament de LLENG\u00dcES<\/a><\/p>\n<div><a href=\"https:\/\/drive.google.com\/file\/d\/1J29K5qDbFkJs529QMN8wCxdEGFEkPs6i\/view?usp=sharing\">Departament de SOCIALS I DIVERSITAT<\/a><\/div>\n<\/td>\n<\/tr>\n<\/tbody>\n<\/table>\n<h4><a href=\"https:\/\/agora.xtec.cat\/ieslajonquera\/wp-content\/uploads\/usu2014\/2022\/01\/Proves-per-obtenir-el-graduat-en-ESO1-1.png\"><img loading=\"lazy\" decoding=\"async\" class=\" wp-image-3466 alignleft\" src=\"https:\/\/agora.xtec.cat\/ieslajonquera\/wp-content\/uploads\/usu2014\/2022\/01\/Proves-per-obtenir-el-graduat-en-ESO1-1-300x300.png\" alt=\"\" width=\"249\" height=\"249\" srcset=\"https:\/\/agora.xtec.cat\/ieslajonquera\/wp-content\/uploads\/usu2014\/2022\/01\/Proves-per-obtenir-el-graduat-en-ESO1-1-300x300.png 300w, https:\/\/agora.xtec.cat\/ieslajonquera\/wp-content\/uploads\/usu2014\/2022\/01\/Proves-per-obtenir-el-graduat-en-ESO1-1.png 1024w, https:\/\/agora.xtec.cat\/ieslajonquera\/wp-content\/uploads\/usu2014\/2022\/01\/Proves-per-obtenir-el-graduat-en-ESO1-1-150x150.png 150w, https:\/\/agora.xtec.cat\/ieslajonquera\/wp-content\/uploads\/usu2014\/2022\/01\/Proves-per-obtenir-el-graduat-en-ESO1-1-768x768.png 768w\" sizes=\"auto, (max-width: 249px) 100vw, 249px\" \/><\/a>Proves per obtenir el graduat en ESO<\/h4>\n<p>Cada any es convoquen <a href=\"https:\/\/educacio.gencat.cat\/ca\/serveis-tramits\/proves\/proves-lliures-obtencio-titols\/obtencio-geso-mes-18-anys\/index.html\">proves per a l&#8217;obtenci\u00f3 del t\u00edtol de graduat\/ada en educaci\u00f3 secund\u00e0ria obligat\u00f2ria (GESO)<\/a>, per als alumnes que no l&#8217;hagin obtingut en finalitzar l&#8217;etapa.<\/p>\n<h6 id=\"h20\">\u200b<strong>Centre de realitzaci\u00f3 de les proves<\/strong><\/h6>\n<p>El centre sempre ha de ser aquell on es troba l\u2019expedient de l\u2019alumne o alumna.<\/p>\n<h6 id=\"h21\"><strong>Alumnes que poden presentar-s&#8217;hi<\/strong><\/h6>\n<p>Els tres requisits que han de reunir els alumnes per poder presentar-se a aquestes proves s\u00f3n:<\/p>\n<ol>\n<li><strong>Haver finalitzat l&#8217;ESO<\/strong> <strong>sense obtenir el t\u00edtol<\/strong> i no tenir m\u00e9s de 5 mat\u00e8ries pendents de qualificaci\u00f3 positiva (compten com una sola mat\u00e8ria les cursades amb el mateix nom en diferents cursos)..<\/li>\n<li><strong>T<\/strong><strong>enir almenys 18 anys o complir-los dins de l&#8217;any natural de la prova<\/strong>. Tamb\u00e9 s&#8217;hi poden presentar amb 17 anys o complir-los dins l&#8217;any natural de la prova si es troben en alguna d&#8217;aquestes situacions (cal presentar la documentaci\u00f3 que ho acrediti):<br \/>\n<blockquote><p>&#8211; Tenir un contracte laboral que l\u2019impedeixi assistir al centre en r\u00e8gim ordinari.<br \/>\n\u200b- Trobar-se en proc\u00e9s d&#8217;obtenci\u00f3 d&#8217;un perm\u00eds de treball (alumnat estranger).<br \/>\n&#8211; Ser esportista d&#8217;alt rendiment.<\/p><\/blockquote>\n<\/li>\n<li><strong>Haver cursat l\u2019ESO (el quart curs incl\u00f2s) sense haver obtingut el t\u00edtol<\/strong> i amb un m\u00e0xim de cinc mat\u00e8ries pendents de qualificaci\u00f3 positiva.<\/li>\n<\/ol>\n","protected":false},"excerpt":{"rendered":"<p>Optatives de 1r d&#8217;ESO: <a href=\"https:\/\/drive.google.com\/file\/d\/10R5ANEik3f2pN1kABYqHOgSNy7pORI_g\/view?usp=sharing\">Angl\u00e8s<\/a>, <a href=\"https:\/\/drive.google.com\/file\/d\/18W7zDOCDThnEKExWYd6eipTbsh-0w91R\/view?usp=sharing\">Franc\u00e8s<\/a><br \/>\n(La tria d&#8217;una llengua a 1r d&#8217;ESO condiciona la llengua que cursar\u00e0 l&#8217;alumne a 2n d&#8217;ESO)<br \/>\nOptatives de 3r\u00a0d&#8217;ESO: Angl\u00e8s, <a href=\"https:\/\/drive.google.com\/file\/d\/1h-WL6PgYhKQI1RMGxXGg7G9PgNzn2Gj9\/view?usp=sharing\">Franc\u00e8s<\/a>, Rob\u00f2tica i Programaci\u00f3, Cultura Cl\u00e0ssica<br \/>\nOptatives de 4t d&#8217;ESO:<\/p>\n<p>BLOC 1<br \/>\nBLOC 2<br \/>\nBLOC 3<\/p>\n<p><a href=\"https:\/\/drive.google.com\/file\/d\/1YRWVEK-O_sGsVHrSP9H8DS7TA5p_2oW8\/view?usp=sharing\" target=\"_blank\" rel=\"noopener noreferrer\">Llat\u00ed<\/a><br \/>\n<a href=\"https:\/\/drive.google.com\/file\/d\/1CsokhyeOd-FdpygswXY7LM9P0NfXZ2gw\/view?usp=sharing\">Tecnologia<\/a><br \/>\n2a llengua&hellip;  <a href=\"https:\/\/agora.xtec.cat\/ieslajonquera\/estudis\/eso\/\" title=\"Read ESO\">Llegeix m\u00e9s\u00bb<\/a><\/p>\n","protected":false},"author":3,"featured_media":0,"parent":195,"menu_order":0,"comment_status":"closed","ping_status":"closed","template":"page-templates\/side-menu.php","meta":{"_bbp_topic_count":0,"_bbp_reply_count":0,"_bbp_total_topic_count":0,"_bbp_total_reply_count":0,"_bbp_voice_count":0,"_bbp_anonymous_reply_count":0,"_bbp_topic_count_hidden":0,"_bbp_reply_count_hidden":0,"_bbp_forum_subforum_count":0,"footnotes":""},"class_list":["post-582","page","type-page","status-publish","hentry"],"post_mailing_queue_ids":[],"_links":{"self":[{"href":"https:\/\/agora.xtec.cat\/ieslajonquera\/wp-json\/wp\/v2\/pages\/582","targetHints":{"allow":["GET"]}}],"collection":[{"href":"https:\/\/agora.xtec.cat\/ieslajonquera\/wp-json\/wp\/v2\/pages"}],"about":[{"href":"https:\/\/agora.xtec.cat\/ieslajonquera\/wp-json\/wp\/v2\/types\/page"}],"author":[{"embeddable":true,"href":"https:\/\/agora.xtec.cat\/ieslajonquera\/wp-json\/wp\/v2\/users\/3"}],"replies":[{"embeddable":true,"href":"https:\/\/agora.xtec.cat\/ieslajonquera\/wp-json\/wp\/v2\/comments?post=582"}],"version-history":[{"count":7,"href":"https:\/\/agora.xtec.cat\/ieslajonquera\/wp-json\/wp\/v2\/pages\/582\/revisions"}],"predecessor-version":[{"id":6642,"href":"https:\/\/agora.xtec.cat\/ieslajonquera\/wp-json\/wp\/v2\/pages\/582\/revisions\/6642"}],"up":[{"embeddable":true,"href":"https:\/\/agora.xtec.cat\/ieslajonquera\/wp-json\/wp\/v2\/pages\/195"}],"wp:attachment":[{"href":"https:\/\/agora.xtec.cat\/ieslajonquera\/wp-json\/wp\/v2\/media?parent=582"}],"curies":[{"name":"wp","href":"https:\/\/api.w.org\/{rel}","templated":true}]}}