{"id":46,"date":"2014-09-17T16:53:45","date_gmt":"2014-09-17T16:53:45","guid":{"rendered":"http:\/\/agora.xtec.cat\/ieslajonquera\/?page_id=46"},"modified":"2025-09-12T13:18:10","modified_gmt":"2025-09-12T11:18:10","slug":"organigrama","status":"publish","type":"page","link":"https:\/\/agora.xtec.cat\/ieslajonquera\/linstitut\/organitzacio-de-centre\/organigrama\/","title":{"rendered":"Organigrama"},"content":{"rendered":"<h6 align=\"left\"><strong>Equip directiu<\/strong><\/h6>\n<p><a href=\"https:\/\/agora.xtec.cat\/ieslajonquera\/wp-content\/uploads\/usu2014\/2025\/08\/Captura-de-pantalla-2025-08-22-173419.png\"><img loading=\"lazy\" decoding=\"async\" class=\"alignnone size-full wp-image-6366\" src=\"https:\/\/agora.xtec.cat\/ieslajonquera\/wp-content\/uploads\/usu2014\/2025\/08\/Captura-de-pantalla-2025-08-22-173419.png\" alt=\"\" width=\"377\" height=\"129\" srcset=\"https:\/\/agora.xtec.cat\/ieslajonquera\/wp-content\/uploads\/usu2014\/2025\/08\/Captura-de-pantalla-2025-08-22-173419.png 377w, https:\/\/agora.xtec.cat\/ieslajonquera\/wp-content\/uploads\/usu2014\/2025\/08\/Captura-de-pantalla-2025-08-22-173419-300x103.png 300w\" sizes=\"auto, (max-width: 377px) 100vw, 377px\" \/><\/a><\/p>\n<h6 id=\"sites-page-title-header\" align=\"left\"><strong><span id=\"sites-page-title\" dir=\"ltr\" tabindex=\"-1\">Professorat curs 2025-2026<\/span><\/strong><\/h6>\n<p><a href=\"https:\/\/agora.xtec.cat\/ieslajonquera\/wp-content\/uploads\/usu2014\/2025\/09\/Captura-de-pantalla-2025-09-02-133632.png\"><img loading=\"lazy\" decoding=\"async\" class=\"alignnone size-full wp-image-6375\" src=\"https:\/\/agora.xtec.cat\/ieslajonquera\/wp-content\/uploads\/usu2014\/2025\/09\/Captura-de-pantalla-2025-09-02-133632.png\" alt=\"\" width=\"685\" height=\"649\" srcset=\"https:\/\/agora.xtec.cat\/ieslajonquera\/wp-content\/uploads\/usu2014\/2025\/09\/Captura-de-pantalla-2025-09-02-133632.png 685w, https:\/\/agora.xtec.cat\/ieslajonquera\/wp-content\/uploads\/usu2014\/2025\/09\/Captura-de-pantalla-2025-09-02-133632-300x284.png 300w\" sizes=\"auto, (max-width: 685px) 100vw, 685px\" \/><\/a><\/p>\n<h6><strong>Distribuci\u00f3 per tutories<\/strong><\/h6>\n<p><a href=\"https:\/\/agora.xtec.cat\/ieslajonquera\/wp-content\/uploads\/usu2014\/2025\/09\/Captura-de-pantalla-2025-09-02-133436.png\"><img loading=\"lazy\" decoding=\"async\" class=\"alignnone size-full wp-image-6373\" src=\"https:\/\/agora.xtec.cat\/ieslajonquera\/wp-content\/uploads\/usu2014\/2025\/09\/Captura-de-pantalla-2025-09-02-133436.png\" alt=\"\" width=\"688\" height=\"324\" srcset=\"https:\/\/agora.xtec.cat\/ieslajonquera\/wp-content\/uploads\/usu2014\/2025\/09\/Captura-de-pantalla-2025-09-02-133436.png 688w, https:\/\/agora.xtec.cat\/ieslajonquera\/wp-content\/uploads\/usu2014\/2025\/09\/Captura-de-pantalla-2025-09-02-133436-300x141.png 300w\" sizes=\"auto, (max-width: 688px) 100vw, 688px\" \/><\/a><\/p>\n<h6><strong>Coordinacions\u00a0<\/strong><\/h6>\n<p><strong>Coordinadora digital<\/strong>: Eva Sig\u00fcenza<\/p>\n<p><strong>Coordinadora digital adjunta<\/strong>: Sandra Casadevall<\/p>\n<p><strong>Coordinador de Riscos Laborals<\/strong>: Cristina Coloma<\/p>\n<p><strong>Coordinadora de TdS<\/strong>: Dolors Castro<\/p>\n<p><strong>Coordinadora de sortides<\/strong>: Helena Espigul\u00e9<strong><br \/>\n<\/strong><\/p>\n<p><strong>Coordinadora de Batxibac<\/strong>: Beatriz Ram\u00edrez<\/p>\n<p><strong>Coordinadora de TdR<\/strong>: Clara Vilarrasa<\/p>\n<p><strong>Coordinadora d&#8217;Aula d&#8217;Acollida<\/strong>: B\u00e1rbara Gamero<\/p>\n<p><strong>Coordinador Llengua, Interculturalitat i Cohesi\u00f3 Social<\/strong>: Arnau Sirvent<\/p>\n<p><strong>Coordinadora de Coeducaci\u00f3, Conviv\u00e8ncia i Benestar de l&#8217;Alumnat<\/strong>: Anna Montoro<\/p>\n<h6><strong>Altres responsables d&#8217;espais o tasques concretes\u00a0<\/strong><\/h6>\n<p><strong>Equip d\u2019Orientaci\u00f3 Educativa i Psicopedag\u00f2gica<\/strong>: <span id=\"m_1943956524250382910gmail-docs-internal-guid-1778002c-7fff-f8a7-a339-626d746f1199\">Susanna Presas, Laia Mas\u00f3 i Edelmiro Fern\u00e1ndez<\/span><\/p>\n<p><strong>Biblioteca<\/strong>: Sara Beltran<\/p>\n<p><strong>Club de lectura<\/strong>: Sara Beltran i Clara Vilarrasa<\/p>\n<p><strong>Premsa, web i xarxes socials<\/strong>: Sara Beltran<\/p>\n<p><strong>Comissi\u00f3 de mediaci\u00f3 de conflictes<\/strong>: <span id=\"m_1943956524250382910gmail-docs-internal-guid-1778002c-7fff-f8a7-a339-626d746f1199\">Fabio Morant, Anna Montoro, Adri\u00e0 Verdaguer i Laia Mas\u00f3<\/span><\/p>\n<p><strong>Gesti\u00f3 d&#8217;Absentisme<\/strong>: Judith Muriscot (TIS)<\/p>\n<p><strong>Servei comunitari:<\/strong> Edelmiro Fern\u00e1ndez i Susanna Presas<\/p>\n<p><strong>Fil musical<\/strong>: Fabio Morant<\/p>\n<p><strong>Equip de Treball de Recerca<\/strong>: <span style=\"font-weight: 400;\">Fran Th\u00e9sin, Olga Tribulietx, Carme Herreros, Eduard Oliveras, Noelia Rodr\u00edguez, Pat Taulera, Bea Ram\u00edrez (coordinadora TdR Batxibac) i Clara Vilarrasa (coordinadora TdR)<\/span><\/p>\n<h6><strong>Personal no docent<\/strong><\/h6>\n<p><strong>Auxiliar administratiu<\/strong>: Joan Ridaura<\/p>\n<p><strong>Conserges<\/strong>: Eduard Gim\u00e9nez i Jos\u00e9 Gallego<\/p>\n<p><strong>T\u00e8cnica d&#8217;Integraci\u00f3 Social (TIS)<\/strong>: Judith Muriscot<\/p>\n<p><strong>Professional d&#8217;Atenci\u00f3 Educativa (PAE)<\/strong>: Anna Valls<\/p>\n","protected":false},"excerpt":{"rendered":"<p>Equip directiu<br \/>\n<a href=\"https:\/\/agora.xtec.cat\/ieslajonquera\/wp-content\/uploads\/usu2014\/2025\/08\/Captura-de-pantalla-2025-08-22-173419.png\"><\/a><br \/>\nProfessorat curs 2025-2026<br \/>\n<a href=\"https:\/\/agora.xtec.cat\/ieslajonquera\/wp-content\/uploads\/usu2014\/2025\/09\/Captura-de-pantalla-2025-09-02-133632.png\"><\/a><br \/>\nDistribuci\u00f3 per tutories<br \/>\n<a href=\"https:\/\/agora.xtec.cat\/ieslajonquera\/wp-content\/uploads\/usu2014\/2025\/09\/Captura-de-pantalla-2025-09-02-133436.png\"><\/a><br \/>\nCoordinacions\u00a0<br \/>\nCoordinadora digital: Eva Sig\u00fcenza<br \/>\nCoordinadora digital adjunta: Sandra Casadevall<br \/>\nCoordinador de Riscos Laborals: Cristina Coloma<br \/>\nCoordinadora de TdS: Dolors Castro<br \/>\nCoordinadora de sortides: Helena Espigul\u00e9<\/p>\n<p>Coordinadora de Batxibac: Beatriz Ram\u00edrez<br \/>\nCoordinadora de TdR: Clara Vilarrasa<br \/>\nCoordinadora d&#8217;Aula d&#8217;Acollida: B\u00e1rbara Gamero<br \/>\nCoordinador Llengua, Interculturalitat i Cohesi\u00f3&hellip;  <a href=\"https:\/\/agora.xtec.cat\/ieslajonquera\/linstitut\/organitzacio-de-centre\/organigrama\/\" title=\"Read Organigrama\">Llegeix m\u00e9s\u00bb<\/a><\/p>\n","protected":false},"author":1,"featured_media":0,"parent":2624,"menu_order":50,"comment_status":"closed","ping_status":"closed","template":"page-templates\/side-menu.php","meta":{"_bbp_topic_count":0,"_bbp_reply_count":0,"_bbp_total_topic_count":0,"_bbp_total_reply_count":0,"_bbp_voice_count":0,"_bbp_anonymous_reply_count":0,"_bbp_topic_count_hidden":0,"_bbp_reply_count_hidden":0,"_bbp_forum_subforum_count":0,"footnotes":""},"class_list":["post-46","page","type-page","status-publish","hentry"],"post_mailing_queue_ids":[],"_links":{"self":[{"href":"https:\/\/agora.xtec.cat\/ieslajonquera\/wp-json\/wp\/v2\/pages\/46","targetHints":{"allow":["GET"]}}],"collection":[{"href":"https:\/\/agora.xtec.cat\/ieslajonquera\/wp-json\/wp\/v2\/pages"}],"about":[{"href":"https:\/\/agora.xtec.cat\/ieslajonquera\/wp-json\/wp\/v2\/types\/page"}],"author":[{"embeddable":true,"href":"https:\/\/agora.xtec.cat\/ieslajonquera\/wp-json\/wp\/v2\/users\/1"}],"replies":[{"embeddable":true,"href":"https:\/\/agora.xtec.cat\/ieslajonquera\/wp-json\/wp\/v2\/comments?post=46"}],"version-history":[{"count":8,"href":"https:\/\/agora.xtec.cat\/ieslajonquera\/wp-json\/wp\/v2\/pages\/46\/revisions"}],"predecessor-version":[{"id":6379,"href":"https:\/\/agora.xtec.cat\/ieslajonquera\/wp-json\/wp\/v2\/pages\/46\/revisions\/6379"}],"up":[{"embeddable":true,"href":"https:\/\/agora.xtec.cat\/ieslajonquera\/wp-json\/wp\/v2\/pages\/2624"}],"wp:attachment":[{"href":"https:\/\/agora.xtec.cat\/ieslajonquera\/wp-json\/wp\/v2\/media?parent=46"}],"curies":[{"name":"wp","href":"https:\/\/api.w.org\/{rel}","templated":true}]}}