{"id":4394,"date":"2023-01-14T19:07:23","date_gmt":"2023-01-14T18:07:23","guid":{"rendered":"https:\/\/agora.xtec.cat\/ieslajonquera\/?page_id=4394"},"modified":"2023-06-12T17:58:38","modified_gmt":"2023-06-12T15:58:38","slug":"avaluacio-i-millora","status":"publish","type":"page","link":"https:\/\/agora.xtec.cat\/ieslajonquera\/estrategia-digital-de-centre-edc\/avaluacio-i-millora\/","title":{"rendered":"Avaluaci\u00f3 i millora"},"content":{"rendered":"<p style=\"text-align: justify;\">L\u2019avaluaci\u00f3 de la implementaci\u00f3 de l\u2019Estrat\u00e8gia Digital de centre es far\u00e0 en dues fases per part de la comissi\u00f3 d\u2019Estrat\u00e8gia Digital de Centre:<\/p>\n<ol style=\"text-align: justify;\">\n<li aria-level=\"1\">La comissi\u00f3 d\u2019Estrat\u00e8gia Digital de Centre far\u00e0 una validaci\u00f3 qualitativa d\u2019activitats acomplertes a final de cada curs. A partir d\u2019aqu\u00ed la Comissi\u00f3 d\u2019Estrat\u00e8gia Digital de Centre modificar\u00e0 l\u2019Estrat\u00e8gia Digital de Centre pel que queda de temps d\u2019implementaci\u00f3, si s\u2019escau.<\/li>\n<li aria-level=\"1\">La comissi\u00f3 d\u2019Estrat\u00e8gia Digital de centre far\u00e0 una valoraci\u00f3 quantitativa dels percentatges d\u2019assoliment dels indicadors respecte als objectius plantejats a final del curs 2024-2025.<\/li>\n<\/ol>\n<p style=\"text-align: justify;\">A partir de la informaci\u00f3 de la segona fase d\u2019avaluaci\u00f3, els objectius en qu\u00e8 l\u2019assoliment no es consideri satisfactori seran inclosos en una nova Estrat\u00e8gia Digital de Centre.<\/p>\n","protected":false},"excerpt":{"rendered":"<p>L\u2019avaluaci\u00f3 de la implementaci\u00f3 de l\u2019Estrat\u00e8gia Digital de centre es far\u00e0 en dues fases per part de la comissi\u00f3 d\u2019Estrat\u00e8gia Digital de Centre:<\/p>\n<ol style=\"text-align: justify;\">\n<li aria-level=\"1\">La comissi\u00f3 d\u2019Estrat\u00e8gia Digital de Centre far\u00e0 una validaci\u00f3 qualitativa d\u2019activitats acomplertes a final de cada curs. A partir d\u2019aqu\u00ed&hellip;  <a href=\"https:\/\/agora.xtec.cat\/ieslajonquera\/estrategia-digital-de-centre-edc\/avaluacio-i-millora\/\" title=\"Read Avaluaci\u00f3 i millora\">Llegeix m\u00e9s\u00bb<\/a><br \/>\n","protected":false},"author":3,"featured_media":0,"parent":4370,"menu_order":0,"comment_status":"closed","ping_status":"closed","template":"","meta":{"_bbp_topic_count":0,"_bbp_reply_count":0,"_bbp_total_topic_count":0,"_bbp_total_reply_count":0,"_bbp_voice_count":0,"_bbp_anonymous_reply_count":0,"_bbp_topic_count_hidden":0,"_bbp_reply_count_hidden":0,"_bbp_forum_subforum_count":0,"footnotes":""},"class_list":["post-4394","page","type-page","status-publish","hentry"],"post_mailing_queue_ids":[],"_links":{"self":[{"href":"https:\/\/agora.xtec.cat\/ieslajonquera\/wp-json\/wp\/v2\/pages\/4394","targetHints":{"allow":["GET"]}}],"collection":[{"href":"https:\/\/agora.xtec.cat\/ieslajonquera\/wp-json\/wp\/v2\/pages"}],"about":[{"href":"https:\/\/agora.xtec.cat\/ieslajonquera\/wp-json\/wp\/v2\/types\/page"}],"author":[{"embeddable":true,"href":"https:\/\/agora.xtec.cat\/ieslajonquera\/wp-json\/wp\/v2\/users\/3"}],"replies":[{"embeddable":true,"href":"https:\/\/agora.xtec.cat\/ieslajonquera\/wp-json\/wp\/v2\/comments?post=4394"}],"version-history":[{"count":3,"href":"https:\/\/agora.xtec.cat\/ieslajonquera\/wp-json\/wp\/v2\/pages\/4394\/revisions"}],"predecessor-version":[{"id":4874,"href":"https:\/\/agora.xtec.cat\/ieslajonquera\/wp-json\/wp\/v2\/pages\/4394\/revisions\/4874"}],"up":[{"embeddable":true,"href":"https:\/\/agora.xtec.cat\/ieslajonquera\/wp-json\/wp\/v2\/pages\/4370"}],"wp:attachment":[{"href":"https:\/\/agora.xtec.cat\/ieslajonquera\/wp-json\/wp\/v2\/media?parent=4394"}],"curies":[{"name":"wp","href":"https:\/\/api.w.org\/{rel}","templated":true}]}}