{"id":4390,"date":"2023-01-14T19:05:59","date_gmt":"2023-01-14T18:05:59","guid":{"rendered":"https:\/\/agora.xtec.cat\/ieslajonquera\/?page_id=4390"},"modified":"2023-06-12T17:17:34","modified_gmt":"2023-06-12T15:17:34","slug":"objectius","status":"publish","type":"page","link":"https:\/\/agora.xtec.cat\/ieslajonquera\/estrategia-digital-de-centre-edc\/objectius\/","title":{"rendered":"Objectius"},"content":{"rendered":"<ol>\n<li aria-level=\"1\">Millorar l\u2019aprenentatge de l&#8217;alumnat per a codificar o programar.<\/li>\n<li aria-level=\"1\">Identificar els alumnes amb problemes de connexi\u00f3 a internet a casa per a poder-los oferir Mifis.<\/li>\n<li aria-level=\"1\">Incorporar\/actualitzar la compet\u00e8ncia digital de l&#8217;alumnat a les programacions did\u00e0ctiques, tot tenint en compte les compet\u00e8ncies de l&#8217;\u00e0mbit digital i els criteris d&#8217;avaluaci\u00f3 acordats pr\u00e8viament i adaptats al nou curr\u00edculum.<\/li>\n<li aria-level=\"1\">Millorar les pr\u00e0ctiques d&#8217;avaluaci\u00f3 a l&#8217;aula amb les eines digitals.<\/li>\n<li aria-level=\"1\">Formar a les fam\u00edlies en l&#8217;\u00e0mbit digital: acc\u00e9s segur a continguts per a infants, funcionament dels EVA, etc.<\/li>\n<li aria-level=\"1\">Crear espais per compartir informaci\u00f3 digital entre docents i on poder crear projectes transversals on les TIC tinguin un paper rellevant.<\/li>\n<li aria-level=\"1\">Formar el Claustre per millorar la Compet\u00e8ncia Digital Docent.<\/li>\n<li aria-level=\"1\">Actualitzar i crear documents de cultura digital.<\/li>\n<\/ol>\n","protected":false},"excerpt":{"rendered":"<ol>\n<li aria-level=\"1\">Millorar l\u2019aprenentatge de l&#8217;alumnat per a codificar o programar.<\/li>\n<li aria-level=\"1\">Identificar els alumnes amb problemes de connexi\u00f3 a internet a casa per a poder-los oferir Mifis.<\/li>\n<li aria-level=\"1\">Incorporar\/actualitzar la compet\u00e8ncia digital de l&#8217;alumnat a les programacions did\u00e0ctiques, tot tenint en compte les compet\u00e8ncies de l&#8217;\u00e0mbit digital&hellip;  <a href=\"https:\/\/agora.xtec.cat\/ieslajonquera\/estrategia-digital-de-centre-edc\/objectius\/\" title=\"Read Objectius\">Llegeix m\u00e9s\u00bb<\/a><br \/>\n","protected":false},"author":3,"featured_media":0,"parent":4370,"menu_order":0,"comment_status":"closed","ping_status":"closed","template":"","meta":{"_bbp_topic_count":0,"_bbp_reply_count":0,"_bbp_total_topic_count":0,"_bbp_total_reply_count":0,"_bbp_voice_count":0,"_bbp_anonymous_reply_count":0,"_bbp_topic_count_hidden":0,"_bbp_reply_count_hidden":0,"_bbp_forum_subforum_count":0,"footnotes":""},"class_list":["post-4390","page","type-page","status-publish","hentry"],"post_mailing_queue_ids":[],"_links":{"self":[{"href":"https:\/\/agora.xtec.cat\/ieslajonquera\/wp-json\/wp\/v2\/pages\/4390","targetHints":{"allow":["GET"]}}],"collection":[{"href":"https:\/\/agora.xtec.cat\/ieslajonquera\/wp-json\/wp\/v2\/pages"}],"about":[{"href":"https:\/\/agora.xtec.cat\/ieslajonquera\/wp-json\/wp\/v2\/types\/page"}],"author":[{"embeddable":true,"href":"https:\/\/agora.xtec.cat\/ieslajonquera\/wp-json\/wp\/v2\/users\/3"}],"replies":[{"embeddable":true,"href":"https:\/\/agora.xtec.cat\/ieslajonquera\/wp-json\/wp\/v2\/comments?post=4390"}],"version-history":[{"count":2,"href":"https:\/\/agora.xtec.cat\/ieslajonquera\/wp-json\/wp\/v2\/pages\/4390\/revisions"}],"predecessor-version":[{"id":4866,"href":"https:\/\/agora.xtec.cat\/ieslajonquera\/wp-json\/wp\/v2\/pages\/4390\/revisions\/4866"}],"up":[{"embeddable":true,"href":"https:\/\/agora.xtec.cat\/ieslajonquera\/wp-json\/wp\/v2\/pages\/4370"}],"wp:attachment":[{"href":"https:\/\/agora.xtec.cat\/ieslajonquera\/wp-json\/wp\/v2\/media?parent=4390"}],"curies":[{"name":"wp","href":"https:\/\/api.w.org\/{rel}","templated":true}]}}