{"id":3933,"date":"2022-07-14T09:56:43","date_gmt":"2022-07-14T07:56:43","guid":{"rendered":"https:\/\/agora.xtec.cat\/ieslajonquera\/?page_id=3933"},"modified":"2025-07-15T18:02:14","modified_gmt":"2025-07-15T16:02:14","slug":"treballs-de-sintesi","status":"publish","type":"page","link":"https:\/\/agora.xtec.cat\/ieslajonquera\/projectes\/treballs-de-sintesi\/","title":{"rendered":"Treballs de S\u00edntesi"},"content":{"rendered":"<p style=\"text-align: justify;\"><a href=\"https:\/\/agora.xtec.cat\/ieslajonquera\/wp-content\/uploads\/usu2014\/2023\/03\/Screenshot_20230331_174458_Gallery.jpg\"><img loading=\"lazy\" decoding=\"async\" class=\"size-medium wp-image-4659 alignleft\" src=\"https:\/\/agora.xtec.cat\/ieslajonquera\/wp-content\/uploads\/usu2014\/2023\/03\/Screenshot_20230331_174458_Gallery-300x225.jpg\" alt=\"\" width=\"300\" height=\"225\" srcset=\"https:\/\/agora.xtec.cat\/ieslajonquera\/wp-content\/uploads\/usu2014\/2023\/03\/Screenshot_20230331_174458_Gallery-300x225.jpg 300w, https:\/\/agora.xtec.cat\/ieslajonquera\/wp-content\/uploads\/usu2014\/2023\/03\/Screenshot_20230331_174458_Gallery-1024x768.jpg 1024w, https:\/\/agora.xtec.cat\/ieslajonquera\/wp-content\/uploads\/usu2014\/2023\/03\/Screenshot_20230331_174458_Gallery-768x576.jpg 768w, https:\/\/agora.xtec.cat\/ieslajonquera\/wp-content\/uploads\/usu2014\/2023\/03\/Screenshot_20230331_174458_Gallery-200x150.jpg 200w, https:\/\/agora.xtec.cat\/ieslajonquera\/wp-content\/uploads\/usu2014\/2023\/03\/Screenshot_20230331_174458_Gallery.jpg 1079w\" sizes=\"auto, (max-width: 300px) 100vw, 300px\" \/><\/a><a href=\"https:\/\/agora.xtec.cat\/ieslajonquera\/wp-content\/uploads\/usu2014\/2024\/07\/20240314_134709-1.jpg\"><img loading=\"lazy\" decoding=\"async\" class=\" wp-image-5707 alignleft\" src=\"https:\/\/agora.xtec.cat\/ieslajonquera\/wp-content\/uploads\/usu2014\/2024\/07\/20240314_134709-1.jpg\" alt=\"\" width=\"302\" height=\"226\" srcset=\"https:\/\/agora.xtec.cat\/ieslajonquera\/wp-content\/uploads\/usu2014\/2024\/07\/20240314_134709-1.jpg 1024w, https:\/\/agora.xtec.cat\/ieslajonquera\/wp-content\/uploads\/usu2014\/2024\/07\/20240314_134709-1-300x225.jpg 300w, https:\/\/agora.xtec.cat\/ieslajonquera\/wp-content\/uploads\/usu2014\/2024\/07\/20240314_134709-1-768x576.jpg 768w, https:\/\/agora.xtec.cat\/ieslajonquera\/wp-content\/uploads\/usu2014\/2024\/07\/20240314_134709-1-200x150.jpg 200w\" sizes=\"auto, (max-width: 302px) 100vw, 302px\" \/><\/a>El <strong>treball de s\u00edntesi<\/strong> \u00e9s un conjunt d&#8217;activitats d&#8217;ensenyament i aprenentatge, fetes en equip, per desenvolupar compet\u00e8ncies complexes i comprovar si s&#8217;ha aconseguit, i fins a quin punt, que l&#8217;alumnat sigui capa\u00e7 d&#8217;aplicar les compet\u00e8ncies b\u00e0siques treballades en les diferents mat\u00e8ries per a la resoluci\u00f3 de q\u00fcestions i problemes relacionats amb la vida pr\u00e0ctica. Integra continguts de diverses mat\u00e8ries i admet diferents concrecions temporals. Es fa en els cursos de 1r, 2n i 3r d&#8217;ESO.<\/p>\n<p><strong>Curs 2024-2025<\/strong><\/p>\n<p style=\"text-align: justify;\">Es van mantenir els temes dels cursos anteriors:<\/p>\n<p style=\"text-align: justify;\">A 1r d&#8217;ESO, la descoberta de l&#8217;Albera va estar centrada en Requesens i l&#8217;aigua.<\/p>\n<p style=\"text-align: justify;\">A 2n d&#8217;ESO, la pernoctaci\u00f3 va ser a Ma\u00e7anet de Cabrenys.<\/p>\n<p style=\"text-align: justify;\">A 3r d&#8217;ESO, es van fer diverses activitats al voltant del centre d&#8217;inter\u00e8s: la creativitat.<\/p>\n<p style=\"text-align: justify;\"><strong>Curs 2023-2024<\/strong><\/p>\n<p style=\"text-align: justify;\">Tot i que es van mantenir els temes dels cursos anteriors, va haver-hi alguna petita variaci\u00f3:<\/p>\n<p style=\"text-align: justify;\">A 1r d&#8217;ESO, aquest cop la descoberta de l&#8217;Albera va estar centrada en els oficis del bosc vinculats a la muntanya de Requesens.<\/p>\n<p style=\"text-align: justify;\">A 2n d&#8217;ESO, aquest cop la pernoctaci\u00f3 va ser a Capmany i es va introduir com a novetat una cursa d&#8217;orientaci\u00f3 pel bosc.<\/p>\n<p style=\"text-align: justify;\">A 3r d&#8217;ESO, es va incloure la preparaci\u00f3 de l&#8217;espectacle de dansa contempor\u00e0nia, juntament amb les classes de teatre, en el Treball de S\u00edntesi.<\/p>\n<p style=\"text-align: justify;\"><strong>Curs 2022-2023<\/strong><\/p>\n<p>Es van mantenir els centres d&#8217;inter\u00e8s del curs anterior:<\/p>\n<p><a href=\"https:\/\/drive.google.com\/drive\/folders\/1DdL6S9nqvY0iRCBDapnXcgOwkgU1XTp6?usp=sharing\">Descoberta de l&#8217;Albera<\/a> a 1r d&#8217;ESO, aquest cop centrada en el foc.<\/p>\n<p><a href=\"https:\/\/drive.google.com\/drive\/folders\/1EpSHZks1ZzAnf_zyNNP-j5cTTRNuObbO?usp=sharing\">Coneguem les Salines<\/a> a 2n d&#8217;ESO, aquest cop amb pernoctaci\u00f3 a Agullana.<\/p>\n<p><a href=\"https:\/\/drive.google.com\/drive\/folders\/1oa0MSXqbdTZ65HPV3aHE0vkIlEWs7ILq?usp=sharing\">La creativitat<\/a> a 3r d&#8217;ESO.<\/p>\n<p style=\"text-align: justify;\"><strong>Curs 2021-2022<\/strong><\/p>\n<p style=\"text-align: justify;\">Tot i que el Treball de S\u00edntesi ja fa molts anys que es porta a terme, es comen\u00e7a a treballar de manera intensiva, al llarg de la mateixa setmana a tots els cursos, i amb una planificaci\u00f3 que pret\u00e9n tenir una mirada transversal pel que fa a la planidficaci\u00f3 dels centres d&#8217;inter\u00e8s proposats: Es tracta d&#8217;aconseguir que els alumnes, al llarg de tres cursos, puguin fer-se una idea general sobre el medi natural i rural que hi ha a banda i banda de la carretera NII i del medi social i urb\u00e0 amb l&#8217;estudi d&#8217;una ciutat.<\/p>\n<p style=\"text-align: justify;\">A 1r d&#8217;ESO es treballa el mass\u00eds de l&#8217;Albera i la muntanya de Requesens.<\/p>\n<p><a href=\"https:\/\/drive.google.com\/drive\/folders\/1XnkMS1BDnMkU-rMNmsVUQDTDIdvbhyQG?usp=sharing\">Fotos del TdS<\/a><\/p>\n<p style=\"text-align: justify;\">A 2n d&#8217;ESO es treballa Ma\u00e7anet de Cabrenys i les Salines.<\/p>\n<p><a href=\"https:\/\/drive.google.com\/drive\/folders\/1nLeel60ocy7sEpvnu7IEF8JrtPhkBbaN?usp=sharing\">Fotos del TdS<\/a><\/p>\n<p style=\"text-align: justify;\">A 3r d&#8217;ESO es treballa la creativitat i Salvador Dal\u00ed.<\/p>\n<p><a href=\"https:\/\/drive.google.com\/drive\/folders\/19BEFeuqfTN03Dm6q5C8Z8yrvAbAu-IWL?usp=sharing\">Fotos del TdS<\/a><\/p>\n","protected":false},"excerpt":{"rendered":"<p><a href=\"https:\/\/agora.xtec.cat\/ieslajonquera\/wp-content\/uploads\/usu2014\/2023\/03\/Screenshot_20230331_174458_Gallery.jpg\"><\/a><a href=\"https:\/\/agora.xtec.cat\/ieslajonquera\/wp-content\/uploads\/usu2014\/2024\/07\/20240314_134709-1.jpg\"><\/a>El treball de s\u00edntesi \u00e9s un conjunt d&#8217;activitats d&#8217;ensenyament i aprenentatge, fetes en equip, per desenvolupar compet\u00e8ncies complexes i comprovar si s&#8217;ha aconseguit, i fins a quin punt, que l&#8217;alumnat sigui capa\u00e7 d&#8217;aplicar les compet\u00e8ncies b\u00e0siques treballades en les diferents mat\u00e8ries per a&hellip;  <a href=\"https:\/\/agora.xtec.cat\/ieslajonquera\/projectes\/treballs-de-sintesi\/\" title=\"Read Treballs de S\u00edntesi\">Llegeix m\u00e9s\u00bb<\/a><\/p>\n","protected":false},"author":3,"featured_media":0,"parent":599,"menu_order":0,"comment_status":"closed","ping_status":"closed","template":"page-templates\/side-menu.php","meta":{"_bbp_topic_count":0,"_bbp_reply_count":0,"_bbp_total_topic_count":0,"_bbp_total_reply_count":0,"_bbp_voice_count":0,"_bbp_anonymous_reply_count":0,"_bbp_topic_count_hidden":0,"_bbp_reply_count_hidden":0,"_bbp_forum_subforum_count":0,"footnotes":""},"class_list":["post-3933","page","type-page","status-publish","hentry"],"post_mailing_queue_ids":[],"_links":{"self":[{"href":"https:\/\/agora.xtec.cat\/ieslajonquera\/wp-json\/wp\/v2\/pages\/3933","targetHints":{"allow":["GET"]}}],"collection":[{"href":"https:\/\/agora.xtec.cat\/ieslajonquera\/wp-json\/wp\/v2\/pages"}],"about":[{"href":"https:\/\/agora.xtec.cat\/ieslajonquera\/wp-json\/wp\/v2\/types\/page"}],"author":[{"embeddable":true,"href":"https:\/\/agora.xtec.cat\/ieslajonquera\/wp-json\/wp\/v2\/users\/3"}],"replies":[{"embeddable":true,"href":"https:\/\/agora.xtec.cat\/ieslajonquera\/wp-json\/wp\/v2\/comments?post=3933"}],"version-history":[{"count":5,"href":"https:\/\/agora.xtec.cat\/ieslajonquera\/wp-json\/wp\/v2\/pages\/3933\/revisions"}],"predecessor-version":[{"id":6327,"href":"https:\/\/agora.xtec.cat\/ieslajonquera\/wp-json\/wp\/v2\/pages\/3933\/revisions\/6327"}],"up":[{"embeddable":true,"href":"https:\/\/agora.xtec.cat\/ieslajonquera\/wp-json\/wp\/v2\/pages\/599"}],"wp:attachment":[{"href":"https:\/\/agora.xtec.cat\/ieslajonquera\/wp-json\/wp\/v2\/media?parent=3933"}],"curies":[{"name":"wp","href":"https:\/\/api.w.org\/{rel}","templated":true}]}}