{"id":3930,"date":"2022-07-14T09:43:10","date_gmt":"2022-07-14T07:43:10","guid":{"rendered":"https:\/\/agora.xtec.cat\/ieslajonquera\/?page_id=3930"},"modified":"2025-07-15T18:04:14","modified_gmt":"2025-07-15T16:04:14","slug":"guerra-civil-i-exilis","status":"publish","type":"page","link":"https:\/\/agora.xtec.cat\/ieslajonquera\/projectes\/guerra-civil-i-exilis\/","title":{"rendered":"Guerra Civil i Exilis"},"content":{"rendered":"<p style=\"text-align: justify;\"><a href=\"https:\/\/agora.xtec.cat\/ieslajonquera\/wp-content\/uploads\/usu2014\/2022\/07\/20220202_1212471.jpg\"><img loading=\"lazy\" decoding=\"async\" class=\" wp-image-4084 alignleft\" src=\"https:\/\/agora.xtec.cat\/ieslajonquera\/wp-content\/uploads\/usu2014\/2022\/07\/20220202_1212471-300x225.jpg\" alt=\"\" width=\"306\" height=\"229\" srcset=\"https:\/\/agora.xtec.cat\/ieslajonquera\/wp-content\/uploads\/usu2014\/2022\/07\/20220202_1212471-300x225.jpg 300w, https:\/\/agora.xtec.cat\/ieslajonquera\/wp-content\/uploads\/usu2014\/2022\/07\/20220202_1212471-768x576.jpg 768w, https:\/\/agora.xtec.cat\/ieslajonquera\/wp-content\/uploads\/usu2014\/2022\/07\/20220202_1212471-200x150.jpg 200w, https:\/\/agora.xtec.cat\/ieslajonquera\/wp-content\/uploads\/usu2014\/2022\/07\/20220202_1212471.jpg 1024w\" sizes=\"auto, (max-width: 306px) 100vw, 306px\" \/><\/a>El projecte &#8220;Guerra Civil i Exilis&#8221; va n\u00e9ixer el curs 2020-2021 amb el nom &#8220;La Guerra Civil: la nostra hist\u00f2ria&#8221; fruit del desig d&#8217;un grup de professores d&#8217;establir una col\u00b7laboraci\u00f3 permanent entre el Museu Memorial de L&#8217;Exili (MUME), situat a la Jonquera, i l&#8217;institut.<\/p>\n<p><strong>Curs 2024-2025<\/strong><\/p>\n<p>Conclou en projecte &#8220;Dest\u00ed: La Jonquera&#8221; a 4t d&#8217;ESO i s&#8217;inaugura l&#8217;exposici\u00f3 al MUME.<\/p>\n<p style=\"text-align: justify;\"><strong>Curs 2023-2024<\/strong><\/p>\n<p style=\"text-align: justify;\">A m\u00e9s de les visites al MUME i algunes altres activitats, com ara les lectures relacionades amb el tema a cada curs, s&#8217;inicia el projecte &#8220;Dest\u00ed: La Jonquera&#8221; a 4t d&#8217;ESO en col\u00b7laboraci\u00f3 amb el MUME\u00a0amb l\u2019objectiu de recollir entrevistes orals a persones que han viscut el fet migratori i que ara arrelen a la Jonquera. La finalitat del projecte \u00e9s poder fer una exposici\u00f3 en el mateix Museu Memorial de l\u2019Exili.<\/p>\n<p style=\"text-align: justify;\"><strong>Curs 2022-2023<\/strong><\/p>\n<p style=\"text-align: justify;\">Es mantenen les visites al MUME i algunes altres activitats, com ara les lectures relacionades amb el tema a cada curs.<\/p>\n<p style=\"text-align: justify;\"><strong>Curs 2021-2022<\/strong><\/p>\n<p style=\"text-align: justify;\">S&#8217;inicia el projecte amb una prova pilot en qu\u00e8 a tots els cursos i des de les mat\u00e8ries de Catal\u00e0, Castell\u00e0 i Socials i des de la Tutoria, es comencen a portar a terme activitats relacionades amb la Guerra Civil i l&#8217;Exili.<\/p>\n<p style=\"text-align: justify;\">Arran de l&#8217;inici de la Guerra d&#8217;Ucra\u00efna, es planteja la necessitat d&#8217;incorporar en el projecte la reflexi\u00f3 i el treball sobre aquest conflicte i es comen\u00e7a a treballar amb la idea que cada curs escolar es treballar\u00e0 un dels conflictes armats vigents arreu del m\u00f3n. El projecte passa a anomenar-se &#8220;Guerra Civil i Exilis&#8221; en refer\u00e8ncia als que encara ara tenen lloc.<\/p>\n<p style=\"text-align: justify;\"><strong>Curs 2020-2021<\/strong><\/p>\n<p style=\"text-align: justify;\">S&#8217;inicien els contactes amb el MUME i, des dels departaments de Socials i Diversitat i Lleng\u00fces, es comen\u00e7a a dissenyar el projecte amb la planificaci\u00f3 de diverses activitats a cada curs, de 1r d&#8217;ESO a 2n de Batxillerat, que van des de la visita al museu cada curs, per\u00f2 sempre des d&#8217;una perspectiva diferent, a la lectura d&#8217;algunes obres relacionades amb la tem\u00e0tica, el visionat de pel\u00b7l\u00edcules o l&#8217;assist\u00e8ncia a xerrades o actes que tenen a veure amb l&#8217;exili.<\/p>\n","protected":false},"excerpt":{"rendered":"<p><a href=\"https:\/\/agora.xtec.cat\/ieslajonquera\/wp-content\/uploads\/usu2014\/2022\/07\/20220202_1212471.jpg\"><\/a>El projecte &#8220;Guerra Civil i Exilis&#8221; va n\u00e9ixer el curs 2020-2021 amb el nom &#8220;La Guerra Civil: la nostra hist\u00f2ria&#8221; fruit del desig d&#8217;un grup de professores d&#8217;establir una col\u00b7laboraci\u00f3 permanent entre el Museu Memorial de L&#8217;Exili (MUME), situat a la Jonquera, i l&#8217;institut.<br \/>\nCurs&hellip;  <a href=\"https:\/\/agora.xtec.cat\/ieslajonquera\/projectes\/guerra-civil-i-exilis\/\" title=\"Read Guerra Civil i Exilis\">Llegeix m\u00e9s\u00bb<\/a><\/p>\n","protected":false},"author":3,"featured_media":0,"parent":599,"menu_order":0,"comment_status":"closed","ping_status":"closed","template":"page-templates\/side-menu.php","meta":{"_bbp_topic_count":0,"_bbp_reply_count":0,"_bbp_total_topic_count":0,"_bbp_total_reply_count":0,"_bbp_voice_count":0,"_bbp_anonymous_reply_count":0,"_bbp_topic_count_hidden":0,"_bbp_reply_count_hidden":0,"_bbp_forum_subforum_count":0,"footnotes":""},"class_list":["post-3930","page","type-page","status-publish","hentry"],"post_mailing_queue_ids":[],"_links":{"self":[{"href":"https:\/\/agora.xtec.cat\/ieslajonquera\/wp-json\/wp\/v2\/pages\/3930","targetHints":{"allow":["GET"]}}],"collection":[{"href":"https:\/\/agora.xtec.cat\/ieslajonquera\/wp-json\/wp\/v2\/pages"}],"about":[{"href":"https:\/\/agora.xtec.cat\/ieslajonquera\/wp-json\/wp\/v2\/types\/page"}],"author":[{"embeddable":true,"href":"https:\/\/agora.xtec.cat\/ieslajonquera\/wp-json\/wp\/v2\/users\/3"}],"replies":[{"embeddable":true,"href":"https:\/\/agora.xtec.cat\/ieslajonquera\/wp-json\/wp\/v2\/comments?post=3930"}],"version-history":[{"count":6,"href":"https:\/\/agora.xtec.cat\/ieslajonquera\/wp-json\/wp\/v2\/pages\/3930\/revisions"}],"predecessor-version":[{"id":6328,"href":"https:\/\/agora.xtec.cat\/ieslajonquera\/wp-json\/wp\/v2\/pages\/3930\/revisions\/6328"}],"up":[{"embeddable":true,"href":"https:\/\/agora.xtec.cat\/ieslajonquera\/wp-json\/wp\/v2\/pages\/599"}],"wp:attachment":[{"href":"https:\/\/agora.xtec.cat\/ieslajonquera\/wp-json\/wp\/v2\/media?parent=3930"}],"curies":[{"name":"wp","href":"https:\/\/api.w.org\/{rel}","templated":true}]}}