{"id":39,"date":"2014-09-17T16:36:44","date_gmt":"2014-09-17T16:36:44","guid":{"rendered":"http:\/\/agora.xtec.cat\/ieslajonquera\/?page_id=39"},"modified":"2023-07-05T15:47:59","modified_gmt":"2023-07-05T13:47:59","slug":"instal%c2%b7lacions","status":"publish","type":"page","link":"https:\/\/agora.xtec.cat\/ieslajonquera\/linstitut\/instal%c2%b7lacions\/","title":{"rendered":"Instal\u00b7lacions"},"content":{"rendered":"\n\t\t<style type=\"text\/css\">\n\t\t\t#gallery-1 {\n\t\t\t\tmargin: auto;\n\t\t\t}\n\t\t\t#gallery-1 .gallery-item {\n\t\t\t\tfloat: left;\n\t\t\t\tmargin-top: 10px;\n\t\t\t\ttext-align: center;\n\t\t\t\twidth: 100%;\n\t\t\t}\n\t\t\t#gallery-1 img {\n\t\t\t\tborder: 2px solid #cfcfcf;\n\t\t\t}\n\t\t\t#gallery-1 .gallery-caption {\n\t\t\t\tmargin-left: 0;\n\t\t\t}\n\t\t\t\/* see gallery_shortcode() in wp-includes\/media.php *\/\n\t\t<\/style>\n\t\t<div id='gallery-1' class='gallery galleryid-39 gallery-columns-1 gallery-size-medium'><dl class='gallery-item'>\n\t\t\t<dt class='gallery-icon landscape'>\n\t\t\t\t<a href='https:\/\/agora.xtec.cat\/ieslajonquera\/wp-content\/uploads\/usu2014\/2019\/06\/Planta-baixa.jpg'><img loading=\"lazy\" decoding=\"async\" width=\"300\" height=\"149\" src=\"https:\/\/agora.xtec.cat\/ieslajonquera\/wp-content\/uploads\/usu2014\/2019\/06\/Planta-baixa-300x149.jpg\" class=\"attachment-medium size-medium\" alt=\"\" srcset=\"https:\/\/agora.xtec.cat\/ieslajonquera\/wp-content\/uploads\/usu2014\/2019\/06\/Planta-baixa-300x149.jpg 300w, https:\/\/agora.xtec.cat\/ieslajonquera\/wp-content\/uploads\/usu2014\/2019\/06\/Planta-baixa-768x382.jpg 768w, https:\/\/agora.xtec.cat\/ieslajonquera\/wp-content\/uploads\/usu2014\/2019\/06\/Planta-baixa-1024x510.jpg 1024w, https:\/\/agora.xtec.cat\/ieslajonquera\/wp-content\/uploads\/usu2014\/2019\/06\/Planta-baixa.jpg 1145w\" sizes=\"auto, (max-width: 300px) 100vw, 300px\" \/><\/a>\n\t\t\t<\/dt><\/dl><br style=\"clear: both\" \/><dl class='gallery-item'>\n\t\t\t<dt class='gallery-icon landscape'>\n\t\t\t\t<a href='https:\/\/agora.xtec.cat\/ieslajonquera\/wp-content\/uploads\/usu2014\/2019\/06\/Planta-primera.jpg'><img loading=\"lazy\" decoding=\"async\" width=\"300\" height=\"150\" src=\"https:\/\/agora.xtec.cat\/ieslajonquera\/wp-content\/uploads\/usu2014\/2019\/06\/Planta-primera-300x150.jpg\" class=\"attachment-medium size-medium\" alt=\"\" srcset=\"https:\/\/agora.xtec.cat\/ieslajonquera\/wp-content\/uploads\/usu2014\/2019\/06\/Planta-primera-300x150.jpg 300w, https:\/\/agora.xtec.cat\/ieslajonquera\/wp-content\/uploads\/usu2014\/2019\/06\/Planta-primera-768x384.jpg 768w, https:\/\/agora.xtec.cat\/ieslajonquera\/wp-content\/uploads\/usu2014\/2019\/06\/Planta-primera-1024x512.jpg 1024w, https:\/\/agora.xtec.cat\/ieslajonquera\/wp-content\/uploads\/usu2014\/2019\/06\/Planta-primera.jpg 1181w\" sizes=\"auto, (max-width: 300px) 100vw, 300px\" \/><\/a>\n\t\t\t<\/dt><\/dl><br style=\"clear: both\" \/>\n\t\t<\/div>\n\n<p><strong>El projecte dels arquitectes T. ILLA Arquitectes SCP<\/strong><\/p>\n<div>\n<p style=\"text-align: justify;\">Podeu veure el v\u00eddeo de l&#8217;edifici en el seg\u00fcent <a href=\"http:\/\/www.youtube.com\/watch?v=30maV761PBY\">enlla\u00e7<\/a>.<\/p>\n<p style=\"text-align: justify;\">El solar objecte del projecte est\u00e0 situat en una zona, en qu\u00e8 en el futur hi haur\u00e0 edificis d\u2019habitatges b\u00e0sicament, i far\u00e0 front pel carrer principal amb el Centre d\u2019Assist\u00e8ncia Prim\u00e0ria.<\/p>\n<div style=\"text-align: justify;\">\n<p>Donada aquesta premissa, s\u2019ha desenvolupat el projecte principalment en extensi\u00f3 superficial m\u00e9s que en al\u00e7ada per a donar un caire m\u00e9s dom\u00e8stic i tenir una millor comunicaci\u00f3 interior en funcionar tan sols en dos nivells.<\/p>\n<p>A la vegada, amb la forma de l\u2019edifici tant en planta com en al\u00e7at i tamb\u00e9 amb el tipus de materials utilitzats d\u2019acabat, se li vol donar un caire emblem\u00e0tic i singular com li ha de correspondre a un edifici p\u00fablic.<\/p>\n<p>L\u2019edifici estar\u00e0 situat en mig del solar, fent fa\u00e7ana principal al carrer A, respectant les separacions a l\u00edmits, i retirant-se respecte l\u2019alineaci\u00f3 a vial per donar un major \u00e0mbit d\u2019acc\u00e9s a l\u2019edifici i a la vegada crear una zona de jocs per a l\u2019Institut.<\/p>\n<p>L\u2019edifici est\u00e0 b\u00e0sicament resolt en dos cossos, el principal que se situa paral\u00b7lel al carrer d\u2019acc\u00e9s, i un segon cos situat de forma perpendicular que serveix per a potenciar l\u2019entrada a l\u2019Institut.<\/p>\n<p>El volum principal es una macla de dos cossos allargats units per al passad\u00eds interior. Est\u00e0 definit, a m\u00e9s a m\u00e9s, en dues plantes. El cos que t\u00e9 fa\u00e7ana a l\u2019Est est\u00e0 compost per la zona d\u2019aulari, per contra el cos orientat a l\u2019Oest est\u00e0 compost per a les zones de serveis i auxiliars de l\u2019Institut.<\/p>\n<p>El volum situat ortogonalment, i que t\u00e9 una forma de trapezi irregular, est\u00e0 destinat al gimn\u00e0s i\/o sala polivalent.<\/p>\n<p>El programa de l\u2019Institut s\u2019ha resolt de la manera seg\u00fcent:<\/p>\n<p><strong>Cos principal<\/strong><\/p>\n<ul style=\"list-style-type: circle;\">\n<li><strong>Planta Baixa<\/strong>, a trav\u00e9s del vest\u00edbul d\u2019acc\u00e9s ens trobem el nucli principal de comunicaci\u00f3 vertical, i una zona de serveis. Les estances orientades a l\u2019Est, l\u2019aulari, son l\u2019aula de tecnologia, sis aules d\u2019ESO, i l\u2019aula de dibuix. Les estances orientades a l\u2019Oest s\u00f3n la consergeria, la secretaria, el despatx de secretaria, el despatx de direcci\u00f3, la sala de professors, la sala de l\u2019AMPA, la sala de visites, zones de serveis i un magatzem. A l\u2019extrem nord d\u2019aquest cos se situa la zona de catering connectada amb el vest\u00edbul i tamb\u00e9 amb acc\u00e9s directe des de l\u2019exterior. A l\u2019extrem Sud, se situa una segona escala, amb una sortida d\u2019evacuaci\u00f3.<\/li>\n<li><strong>Planta Primera<\/strong>, amb una distribuci\u00f3 semblant a la de la planta baixa, se situen les estances orientades a l\u2019Est, dues aules d\u2019ESO, les aules de Batxillerat, els laboratoris, l\u2019aula de m\u00fasica, l\u2019aula d\u2019inform\u00e0tica i l\u2019aula polivalent. Les estances orientades a l\u2019Oest s\u00f3n la biblioteca, les sales per a tutories, els departaments i un magatzem. En la zona propera al nucli principal de comunicaci\u00f3 vertical se situen els serveis d\u2019aquesta planta.<\/li>\n<\/ul>\n<p><strong>Cos Secundari<\/strong><\/p>\n<p>El seu programa queda resolt en planta baixa. Se situa la sala de gimn\u00e0s o sala polivalent amb un escenari. I en un costat se situen els vestidors. Aquesta pe\u00e7a t\u00e9 comunicaci\u00f3 directa amb el centre i amb l\u2019exterior, per a poder funcionar de manera independent<\/p>\n<\/div>\n<\/div>\n<div style=\"text-align: justify;\"><\/div>\n<div style=\"text-align: justify;\"><a href=\"http:\/\/illaarquitectes.blogspot.com\/p\/ies-la-jonquera.html\" rel=\"nofollow\">El Bloc<\/a> dels arquitectes del nostre INS.<\/div>\n","protected":false},"excerpt":{"rendered":"<p>\t\t\t#gallery-2 {<br \/>\n\t\t\t\tmargin: auto;<br \/>\n\t\t\t}<br \/>\n\t\t\t#gallery-2 .gallery-item {<br \/>\n\t\t\t\tfloat: left;<br \/>\n\t\t\t\tmargin-top: 10px;<br \/>\n\t\t\t\ttext-align: center;<br \/>\n\t\t\t\twidth: 100%;<br \/>\n\t\t\t}<br \/>\n\t\t\t#gallery-2 img {<br \/>\n\t\t\t\tborder: 2px solid #cfcfcf;<br \/>\n\t\t\t}<br \/>\n\t\t\t#gallery-2 .gallery-caption {<br \/>\n\t\t\t\tmargin-left: 0;<br \/>\n\t\t\t}<br \/>\n\t\t\t\/* see gallery_shortcode() in wp-includes\/media.php *\/<\/p>\n<p>\t\t\t\t<a href='https:\/\/agora.xtec.cat\/ieslajonquera\/wp-content\/uploads\/usu2014\/2019\/06\/Planta-baixa.jpg'><\/a><\/p>\n<p>\t\t\t\t<a href='https:\/\/agora.xtec.cat\/ieslajonquera\/wp-content\/uploads\/usu2014\/2019\/06\/Planta-primera.jpg'><\/a><\/p>\n<p>El projecte dels arquitectes T. ILLA Arquitectes SCP<\/p>\n<p>Podeu veure el v\u00eddeo de l&#8217;edifici en el seg\u00fcent <a href=\"http:\/\/www.youtube.com\/watch?v=30maV761PBY\">enlla\u00e7<\/a>.<br \/>\nEl solar objecte del projecte&hellip;  <a href=\"https:\/\/agora.xtec.cat\/ieslajonquera\/linstitut\/instal%c2%b7lacions\/\" title=\"Read Instal\u00b7lacions\">Llegeix m\u00e9s\u00bb<\/a><\/p>\n","protected":false},"author":1,"featured_media":0,"parent":19,"menu_order":30,"comment_status":"closed","ping_status":"closed","template":"page-templates\/side-menu.php","meta":{"_bbp_topic_count":0,"_bbp_reply_count":0,"_bbp_total_topic_count":0,"_bbp_total_reply_count":0,"_bbp_voice_count":0,"_bbp_anonymous_reply_count":0,"_bbp_topic_count_hidden":0,"_bbp_reply_count_hidden":0,"_bbp_forum_subforum_count":0,"footnotes":""},"class_list":["post-39","page","type-page","status-publish","hentry"],"post_mailing_queue_ids":[],"_links":{"self":[{"href":"https:\/\/agora.xtec.cat\/ieslajonquera\/wp-json\/wp\/v2\/pages\/39","targetHints":{"allow":["GET"]}}],"collection":[{"href":"https:\/\/agora.xtec.cat\/ieslajonquera\/wp-json\/wp\/v2\/pages"}],"about":[{"href":"https:\/\/agora.xtec.cat\/ieslajonquera\/wp-json\/wp\/v2\/types\/page"}],"author":[{"embeddable":true,"href":"https:\/\/agora.xtec.cat\/ieslajonquera\/wp-json\/wp\/v2\/users\/1"}],"replies":[{"embeddable":true,"href":"https:\/\/agora.xtec.cat\/ieslajonquera\/wp-json\/wp\/v2\/comments?post=39"}],"version-history":[{"count":3,"href":"https:\/\/agora.xtec.cat\/ieslajonquera\/wp-json\/wp\/v2\/pages\/39\/revisions"}],"predecessor-version":[{"id":4942,"href":"https:\/\/agora.xtec.cat\/ieslajonquera\/wp-json\/wp\/v2\/pages\/39\/revisions\/4942"}],"up":[{"embeddable":true,"href":"https:\/\/agora.xtec.cat\/ieslajonquera\/wp-json\/wp\/v2\/pages\/19"}],"wp:attachment":[{"href":"https:\/\/agora.xtec.cat\/ieslajonquera\/wp-json\/wp\/v2\/media?parent=39"}],"curies":[{"name":"wp","href":"https:\/\/api.w.org\/{rel}","templated":true}]}}