{"id":3656,"date":"2022-03-30T18:32:25","date_gmt":"2022-03-30T16:32:25","guid":{"rendered":"https:\/\/agora.xtec.cat\/ieslajonquera\/?page_id=3656"},"modified":"2023-05-02T11:36:14","modified_gmt":"2023-05-02T09:36:14","slug":"pfi","status":"publish","type":"page","link":"https:\/\/agora.xtec.cat\/ieslajonquera\/estudis\/pfi\/","title":{"rendered":"PFI"},"content":{"rendered":"<p><strong>PFI D&#8217;AUXILIAR DE VENDES, OFICINA I ATENCI\u00d3 AL P\u00daBLIC<\/strong><\/p>\n<p><a href=\"https:\/\/agora.xtec.cat\/ieslajonquera\/wp-content\/uploads\/usu2014\/2022\/04\/Disseny-sense-titol-e1649245130308.png\"><img loading=\"lazy\" decoding=\"async\" class=\" wp-image-3699 alignleft\" src=\"https:\/\/agora.xtec.cat\/ieslajonquera\/wp-content\/uploads\/usu2014\/2022\/04\/Disseny-sense-titol-e1649245130308-300x198.png\" alt=\"\" width=\"244\" height=\"161\" srcset=\"https:\/\/agora.xtec.cat\/ieslajonquera\/wp-content\/uploads\/usu2014\/2022\/04\/Disseny-sense-titol-e1649245130308-300x198.png 300w, https:\/\/agora.xtec.cat\/ieslajonquera\/wp-content\/uploads\/usu2014\/2022\/04\/Disseny-sense-titol-e1649245130308.png 500w\" sizes=\"auto, (max-width: 244px) 100vw, 244px\" \/><\/a><a href=\"https:\/\/triaeducativa.gencat.cat\/ca\/fp\/pfi\/\">Qu\u00e8 \u00e9s un PFI<\/a><\/p>\n<p><a href=\"https:\/\/preinscripcio.gencat.cat\/ca\/estudis\/pfi\/inici\/\">Dates de preinscripci\u00f3 i matr\u00edcula<\/a><\/p>\n<p><a href=\"http:\/\/xtec.gencat.cat\/ca\/curriculum\/professionals\/pfi\/curriculum\/\">Curr\u00edculum del perfil de vendes, oficina i atenci\u00f3 al p\u00fablic<\/a><\/p>\n<p><a href=\"https:\/\/projectes.xtec.cat\/pfi\/categoria\/pfi\/\">Informaci\u00f3 espec\u00edfica sobre els PFI<\/a><\/p>\n<p><iframe loading=\"lazy\" src=\"\/\/www.youtube.com\/embed\/UoTYt5EY-jQ\" width=\"560\" height=\"314\" allowfullscreen=\"allowfullscreen\"><\/iframe><iframe loading=\"lazy\" src=\"https:\/\/docs.google.com\/presentation\/d\/e\/2PACX-1vSifU_qlprfNF5-g7luTYod7dPOztcKDDfJB-vi3Q1PSbSyeF9hNky6oXxXKXrW_A\/embed?start=false&amp;loop=false&amp;delayms=3000\" width=\"1920\" height=\"1109\" frameborder=\"0\" allowfullscreen=\"allowfullscreen\"><\/iframe><\/p>\n<p>&nbsp;<\/p>\n","protected":false},"excerpt":{"rendered":"<p>PFI D&#8217;AUXILIAR DE VENDES, OFICINA I ATENCI\u00d3 AL P\u00daBLIC<br \/>\n<a href=\"https:\/\/agora.xtec.cat\/ieslajonquera\/wp-content\/uploads\/usu2014\/2022\/04\/Disseny-sense-titol-e1649245130308.png\"><\/a><a href=\"https:\/\/triaeducativa.gencat.cat\/ca\/fp\/pfi\/\">Qu\u00e8 \u00e9s un PFI<\/a><br \/>\n<a href=\"https:\/\/preinscripcio.gencat.cat\/ca\/estudis\/pfi\/inici\/\">Dates de preinscripci\u00f3 i matr\u00edcula<\/a><br \/>\n<a href=\"http:\/\/xtec.gencat.cat\/ca\/curriculum\/professionals\/pfi\/curriculum\/\">Curr\u00edculum del perfil de vendes, oficina i atenci\u00f3 al p\u00fablic<\/a><br \/>\n<a href=\"https:\/\/projectes.xtec.cat\/pfi\/categoria\/pfi\/\">Informaci\u00f3 espec\u00edfica sobre els PFI<\/a><\/p>\n<p>&nbsp;<\/p>\n","protected":false},"author":3,"featured_media":0,"parent":195,"menu_order":0,"comment_status":"closed","ping_status":"closed","template":"page-templates\/side-menu.php","meta":{"_bbp_topic_count":0,"_bbp_reply_count":0,"_bbp_total_topic_count":0,"_bbp_total_reply_count":0,"_bbp_voice_count":0,"_bbp_anonymous_reply_count":0,"_bbp_topic_count_hidden":0,"_bbp_reply_count_hidden":0,"_bbp_forum_subforum_count":0,"footnotes":""},"class_list":["post-3656","page","type-page","status-publish","hentry"],"post_mailing_queue_ids":[],"_links":{"self":[{"href":"https:\/\/agora.xtec.cat\/ieslajonquera\/wp-json\/wp\/v2\/pages\/3656","targetHints":{"allow":["GET"]}}],"collection":[{"href":"https:\/\/agora.xtec.cat\/ieslajonquera\/wp-json\/wp\/v2\/pages"}],"about":[{"href":"https:\/\/agora.xtec.cat\/ieslajonquera\/wp-json\/wp\/v2\/types\/page"}],"author":[{"embeddable":true,"href":"https:\/\/agora.xtec.cat\/ieslajonquera\/wp-json\/wp\/v2\/users\/3"}],"replies":[{"embeddable":true,"href":"https:\/\/agora.xtec.cat\/ieslajonquera\/wp-json\/wp\/v2\/comments?post=3656"}],"version-history":[{"count":4,"href":"https:\/\/agora.xtec.cat\/ieslajonquera\/wp-json\/wp\/v2\/pages\/3656\/revisions"}],"predecessor-version":[{"id":4780,"href":"https:\/\/agora.xtec.cat\/ieslajonquera\/wp-json\/wp\/v2\/pages\/3656\/revisions\/4780"}],"up":[{"embeddable":true,"href":"https:\/\/agora.xtec.cat\/ieslajonquera\/wp-json\/wp\/v2\/pages\/195"}],"wp:attachment":[{"href":"https:\/\/agora.xtec.cat\/ieslajonquera\/wp-json\/wp\/v2\/media?parent=3656"}],"curies":[{"name":"wp","href":"https:\/\/api.w.org\/{rel}","templated":true}]}}