{"id":3597,"date":"2022-03-12T13:00:34","date_gmt":"2022-03-12T12:00:34","guid":{"rendered":"https:\/\/agora.xtec.cat\/ieslajonquera\/?page_id=3597"},"modified":"2024-07-10T19:05:45","modified_gmt":"2024-07-10T17:05:45","slug":"aula-dacollida","status":"publish","type":"page","link":"https:\/\/agora.xtec.cat\/ieslajonquera\/altres-projectes\/aula-dacollida\/","title":{"rendered":"Aula d&#8217;Acollida"},"content":{"rendered":"<p><a href=\"https:\/\/agora.xtec.cat\/ieslajonquera\/wp-content\/uploads\/usu2014\/2021\/09\/imageonline-co-whitebackgroundremoved7.png\"><img loading=\"lazy\" decoding=\"async\" class=\" wp-image-3236 alignleft\" src=\"https:\/\/agora.xtec.cat\/ieslajonquera\/wp-content\/uploads\/usu2014\/2021\/09\/imageonline-co-whitebackgroundremoved7-300x300.png\" alt=\"\" width=\"234\" height=\"234\" srcset=\"https:\/\/agora.xtec.cat\/ieslajonquera\/wp-content\/uploads\/usu2014\/2021\/09\/imageonline-co-whitebackgroundremoved7-300x300.png 300w, https:\/\/agora.xtec.cat\/ieslajonquera\/wp-content\/uploads\/usu2014\/2021\/09\/imageonline-co-whitebackgroundremoved7-150x150.png 150w, https:\/\/agora.xtec.cat\/ieslajonquera\/wp-content\/uploads\/usu2014\/2021\/09\/imageonline-co-whitebackgroundremoved7.png 500w\" sizes=\"auto, (max-width: 234px) 100vw, 234px\" \/><\/a><a href=\"https:\/\/agora.xtec.cat\/ieslajonquera\/wp-content\/uploads\/usu2014\/2022\/03\/Vinem-a-buscar1.jpg\"><img loading=\"lazy\" decoding=\"async\" class=\"wp-image-3598 alignleft\" src=\"https:\/\/agora.xtec.cat\/ieslajonquera\/wp-content\/uploads\/usu2014\/2022\/03\/Vinem-a-buscar1-212x300.jpg\" alt=\"\" width=\"203\" height=\"287\" srcset=\"https:\/\/agora.xtec.cat\/ieslajonquera\/wp-content\/uploads\/usu2014\/2022\/03\/Vinem-a-buscar1-212x300.jpg 212w, https:\/\/agora.xtec.cat\/ieslajonquera\/wp-content\/uploads\/usu2014\/2022\/03\/Vinem-a-buscar1-724x1024.jpg 724w, https:\/\/agora.xtec.cat\/ieslajonquera\/wp-content\/uploads\/usu2014\/2022\/03\/Vinem-a-buscar1-768x1086.jpg 768w, https:\/\/agora.xtec.cat\/ieslajonquera\/wp-content\/uploads\/usu2014\/2022\/03\/Vinem-a-buscar1-1086x1536.jpg 1086w, https:\/\/agora.xtec.cat\/ieslajonquera\/wp-content\/uploads\/usu2014\/2022\/03\/Vinem-a-buscar1-1448x2048.jpg 1448w, https:\/\/agora.xtec.cat\/ieslajonquera\/wp-content\/uploads\/usu2014\/2022\/03\/Vinem-a-buscar1.jpg 1587w\" sizes=\"auto, (max-width: 203px) 100vw, 203px\" \/><\/a><b><\/b><b>PROJECTE \u201cENSENYA\u2019M LA LLENGUA ;)\u201d<\/b><\/p>\n<p style=\"text-align: justify;\">El projecte \u201cEnsenya\u2019m la llengua ;)\u201d est\u00e0 inspirat en el programa de voluntariat per la llengua del Consorci Per a la Normalitzaci\u00f3 Ling\u00fc\u00edstica nascut l\u2019any 2003 i parteix de la base que la llengua i la cultura pr\u00f2pies s\u00f3n una riquesa que es pot compartir amb qualsevol persona que hi estigui interessada, tant si \u00e9s la pr\u00f2pia del lloc d\u2019escolaritzaci\u00f3 com si no ho \u00e9s.\u00a0La difer\u00e8ncia respecte al programa del CPLN \u00e9s que en aquest cas no nom\u00e9s es tracta de practicar el catal\u00e0 oral, sin\u00f3 de practicar una altra llengua tamb\u00e9.<\/p>\n<p style=\"text-align: justify;\">El projecte consisteix en que dos alumnes queden de tant en tant i intercanvien coneixements sobre dues lleng\u00fces: el catal\u00e0 i la llengua d\u2019origen de l\u2019alumne que no t\u00e9 el catal\u00e0 com a primera llengua. Es tracta d\u2019una relaci\u00f3 entre iguals. Aquests alumnes poden ser un alumne de l\u2019Aula d\u2019Acollida i un alumne catalanoparlant o un alumne de l\u2019aula ordin\u00e0ria que no t\u00e9 el catal\u00e0 com a primera llengua i un alumne catalanoparlant.<\/p>\n<p style=\"text-align: justify;\"><strong>Curs 2021-2022<\/strong><\/p>\n<p>Inici del projecte amb una prova pilot en qu\u00e8 participen quatre alumnes de 4t d&#8217;ESO. Dues d&#8217;aquestes formen part del projecte de manera volunt\u00e0ria, mentre que les altres dues ho fan des del Servei Comunitari. Les parelles ling\u00fc\u00edstiques que s&#8217;estableixen s\u00f3n portugu\u00e8s-catal\u00e0 i \u00e0rab-catal\u00e0.<\/p>\n<p><b><a href=\"https:\/\/agora.xtec.cat\/ieslajonquera\/wp-content\/uploads\/usu2014\/2022\/03\/Vinem-a-buscar.jpg\"><img loading=\"lazy\" decoding=\"async\" class=\" wp-image-3599 alignleft\" src=\"https:\/\/agora.xtec.cat\/ieslajonquera\/wp-content\/uploads\/usu2014\/2022\/03\/Vinem-a-buscar-212x300.jpg\" alt=\"\" width=\"201\" height=\"284\" srcset=\"https:\/\/agora.xtec.cat\/ieslajonquera\/wp-content\/uploads\/usu2014\/2022\/03\/Vinem-a-buscar-212x300.jpg 212w, https:\/\/agora.xtec.cat\/ieslajonquera\/wp-content\/uploads\/usu2014\/2022\/03\/Vinem-a-buscar-724x1024.jpg 724w, https:\/\/agora.xtec.cat\/ieslajonquera\/wp-content\/uploads\/usu2014\/2022\/03\/Vinem-a-buscar-768x1086.jpg 768w, https:\/\/agora.xtec.cat\/ieslajonquera\/wp-content\/uploads\/usu2014\/2022\/03\/Vinem-a-buscar-1086x1536.jpg 1086w, https:\/\/agora.xtec.cat\/ieslajonquera\/wp-content\/uploads\/usu2014\/2022\/03\/Vinem-a-buscar-1448x2048.jpg 1448w, https:\/\/agora.xtec.cat\/ieslajonquera\/wp-content\/uploads\/usu2014\/2022\/03\/Vinem-a-buscar.jpg 1587w\" sizes=\"auto, (max-width: 201px) 100vw, 201px\" \/><\/a><\/b><\/p>\n<p><b>PROJECTE \u201cVINE\u2019M A BUSCAR!\u201d<\/b><\/p>\n<p style=\"text-align: justify;\">El projecte \u201cVine\u2019m a buscar!\u201d t\u00e9 el seu origen en la relaci\u00f3 que es va establir entre un alumne nouvingut procedent de R\u00fassia i escolaritzat a 1r d\u2019ESO i una alumna de 2n de Batxillerat, la llengua materna de la qual \u00e9s el rus.\u00a0A davant de la dificultat de fer arribar tota la informaci\u00f3 b\u00e0sica a l\u2019alumne nouvingut per poder moure\u2019s per l\u2019institut sobretot els primers dies, es va demanar a aquesta alumna que fes de traductora en moments puntuals. Posteriorment, i d\u2019una manera totalment espont\u00e0nia, aquests dos alumnes van establir una relaci\u00f3 en qu\u00e8 l\u2019alumna de 2n de Batxillerat preguntava sovint a la coordinadora de l\u2019AA per l\u2019alumne nouvingut i s\u2019interessava pel seu progr\u00e9s d\u2019adaptaci\u00f3 a la nova realitat. Tamb\u00e9 buscava l\u2019alumne i li explicava coses sobre l\u2019institut, la llengua i la cultura. Aquest alumne, a m\u00e9s a m\u00e9s, sabia que podia comptar amb ella quan tenia un mal dia o simplement dubtes i no hi havia ning\u00fa m\u00e9s que entengu\u00e9s la seva llengua.<\/p>\n<p style=\"text-align: justify;\">El projecte consisteix en qu\u00e8 un alumne dels cursos m\u00e9s alts fa de \u201cgerm\u00e0 gran\u201d d\u2019un altre, alumne de l\u2019AA: li explica com funciona el centre, com se n\u2019ha sortit, li dona consells, l\u2019ajuda a organitzar-se, etc. En definitiva, est\u00e0 una mica pendent del seu \u201cgerm\u00e0 petit\u201d. Es tracta d\u2019una relaci\u00f3 desigual en qu\u00e8 \u00e9s l\u2019alumne voluntari que aporta coneixements a l\u2019altre. Aquest alumne pot ser un exalumne de l\u2019AA o un parlant de la mateixa llengua que l\u2019alumne a qui fa de \u201cgerm\u00e0 gran\u201d.<\/p>\n<p><strong>Curs 2021-2022<\/strong><\/p>\n<p>Inici del projecte amb una prova pilot en qu\u00e8 s&#8217;estableixen nou parelles ling\u00fc\u00edsiques.<\/p>\n<p><strong>Curs 2022-2023<\/strong><\/p>\n<p>Els projectes no es van poder portar a terme per motius organitzatius.<\/p>\n","protected":false},"excerpt":{"rendered":"<p><a href=\"https:\/\/agora.xtec.cat\/ieslajonquera\/wp-content\/uploads\/usu2014\/2021\/09\/imageonline-co-whitebackgroundremoved7.png\"><\/a><a href=\"https:\/\/agora.xtec.cat\/ieslajonquera\/wp-content\/uploads\/usu2014\/2022\/03\/Vinem-a-buscar1.jpg\"><\/a>PROJECTE \u201cENSENYA\u2019M LA LLENGUA ;)\u201d<br \/>\nEl projecte \u201cEnsenya\u2019m la llengua ;)\u201d est\u00e0 inspirat en el programa de voluntariat per la llengua del Consorci Per a la Normalitzaci\u00f3 Ling\u00fc\u00edstica nascut l\u2019any 2003 i parteix de la base que la llengua i la cultura pr\u00f2pies s\u00f3n&hellip;  <a href=\"https:\/\/agora.xtec.cat\/ieslajonquera\/altres-projectes\/aula-dacollida\/\" title=\"Read Aula d&#8217;Acollida\">Llegeix m\u00e9s\u00bb<\/a><\/p>\n","protected":false},"author":3,"featured_media":0,"parent":5643,"menu_order":0,"comment_status":"closed","ping_status":"closed","template":"page-templates\/side-menu.php","meta":{"_bbp_topic_count":0,"_bbp_reply_count":0,"_bbp_total_topic_count":0,"_bbp_total_reply_count":0,"_bbp_voice_count":0,"_bbp_anonymous_reply_count":0,"_bbp_topic_count_hidden":0,"_bbp_reply_count_hidden":0,"_bbp_forum_subforum_count":0,"footnotes":""},"class_list":["post-3597","page","type-page","status-publish","hentry"],"post_mailing_queue_ids":[],"_links":{"self":[{"href":"https:\/\/agora.xtec.cat\/ieslajonquera\/wp-json\/wp\/v2\/pages\/3597","targetHints":{"allow":["GET"]}}],"collection":[{"href":"https:\/\/agora.xtec.cat\/ieslajonquera\/wp-json\/wp\/v2\/pages"}],"about":[{"href":"https:\/\/agora.xtec.cat\/ieslajonquera\/wp-json\/wp\/v2\/types\/page"}],"author":[{"embeddable":true,"href":"https:\/\/agora.xtec.cat\/ieslajonquera\/wp-json\/wp\/v2\/users\/3"}],"replies":[{"embeddable":true,"href":"https:\/\/agora.xtec.cat\/ieslajonquera\/wp-json\/wp\/v2\/comments?post=3597"}],"version-history":[{"count":5,"href":"https:\/\/agora.xtec.cat\/ieslajonquera\/wp-json\/wp\/v2\/pages\/3597\/revisions"}],"predecessor-version":[{"id":5669,"href":"https:\/\/agora.xtec.cat\/ieslajonquera\/wp-json\/wp\/v2\/pages\/3597\/revisions\/5669"}],"up":[{"embeddable":true,"href":"https:\/\/agora.xtec.cat\/ieslajonquera\/wp-json\/wp\/v2\/pages\/5643"}],"wp:attachment":[{"href":"https:\/\/agora.xtec.cat\/ieslajonquera\/wp-json\/wp\/v2\/media?parent=3597"}],"curies":[{"name":"wp","href":"https:\/\/api.w.org\/{rel}","templated":true}]}}