{"id":3162,"date":"2021-07-15T17:26:00","date_gmt":"2021-07-15T15:26:00","guid":{"rendered":"https:\/\/agora.xtec.cat\/ieslajonquera\/?page_id=3162"},"modified":"2023-07-07T20:36:14","modified_gmt":"2023-07-07T18:36:14","slug":"documents-de-secretaria","status":"publish","type":"page","link":"https:\/\/agora.xtec.cat\/ieslajonquera\/secretaria\/documents-de-secretaria\/","title":{"rendered":"Documents de secretaria"},"content":{"rendered":"<div>\n<h6 style=\"text-align: justify;\">CERTIFICACIONS\u00a0 (cal fer una\u00a0<a href=\"https:\/\/drive.google.com\/file\/d\/0BzczqReSxk7RLURCOHAySFp4SEE\/view?usp=sharing\">inst\u00e0ncia<\/a>\u00a0on s&#8217;especifiqui qu\u00e8 es demana)<\/h6>\n<ul style=\"text-align: justify;\">\n<li>Certificacions acad\u00e8miques (de qualificacions obtingudes)<\/li>\n<li>Certificacions d\u2019escolaritat (de cursos i nivells realitzats)<\/li>\n<li>Certificaci\u00f3 de qualificacions per tal de preinscriure\u2019s als Plans de Qualificaci\u00f3 Professional Inicial. (alumnes que no han obtingut el Graduat en ESO)<\/li>\n<li>Certificaci\u00f3 de qualificaci\u00f3 final de l\u2019alumnat que ha obtingut el t\u00edtol d\u2019ESO o de Batxillerat.<\/li>\n<li>Altres certificacions<\/li>\n<li>Certificaci\u00f3 del Nivell d&#8217;equival\u00e8ncia de Catal\u00e0. (Nivell B o C)D&#8217;acord amb la normativa d&#8217;aplicaci\u00f3, els centres p\u00fablics d&#8217;Educaci\u00f3 Secund\u00e0ria de Catalunya expediran els certificats d&#8217;equival\u00e8ncia del nivell de Catal\u00e0 a l&#8217;alumnat que aix\u00ed ho sol\u00b7liciti i acompleixi les condicions establertes per la normativa d&#8217;aplicaci\u00f3 (Ordre VCP\/491\/2009 de 12 de novembre per la qual es refonen i s\u2019actualitzen els t\u00edtols, diplomes i certificats equivalents als certificats de reconeixements de catal\u00e0 de la Secretaria de Pol\u00edtica Ling\u00fc\u00edstica, modificada per l\u2019Ordre VCP\/233\/2010 de 12 d\u2019abril).<\/li>\n<\/ul>\n<p style=\"text-align: justify;\">Per tal de sol\u00b7licitar l&#8217;expedici\u00f3 del corresponent certificat, l&#8217;alumnat podr\u00e0 adre\u00e7ar-se a qualsevol centre p\u00fablic d&#8217;educaci\u00f3 secund\u00e0ria de Catalunya, i presentar la corresponent sol\u00b7licitud i la documentaci\u00f3 que justifiqui el compliment de les condicions establertes legalment per tal de gaudir de la seva expedici\u00f3.Per tal de sol\u00b7licitar qualsevol d&#8217;aquestes certificacions heu de fer servir el model de sol\u00b7licitud que podeu descarregar des de l&#8217;enlla\u00e7 que hi ha a dalt. Tamb\u00e9 podeu fer la sol\u00b7licitud d&#8217;aquesta documentaci\u00f3 mitjan\u00e7at correu electr\u00f2nic adre\u00e7at al centre. Us recomanem que empleneu totes les vostres dades amb claredat i exposeu el m\u00e9s acuradament el tipus de certificat que necessiteu.<\/p>\n<ul style=\"text-align: justify;\">\n<li><a href=\"https:\/\/educacio.gencat.cat\/ca\/tramits\/tramits-temes\/20483-obligatoris?moda=3\">Preinscripcions<\/a><\/li>\n<li><a href=\"https:\/\/preinscripcio.gencat.cat\/ca\/estudis\/eso\/matriculat\/formalitzacio\/\">Matriculacions<\/a><\/li>\n<li><a href=\"http:\/\/ensenyament.gencat.cat\/ca\/tramits\/tramits-temes\/247-beques-ministerio-postobligatoris\" target=\"_blank\" rel=\"nofollow noopener noreferrer\">Beques<\/a><\/li>\n<\/ul>\n<p style=\"text-align: justify;\"><strong>Tr\u00e0mits diversos:<\/strong><\/p>\n<ul style=\"text-align: justify;\">\n<li><a href=\"https:\/\/drive.google.com\/file\/d\/0BzczqReSxk7RRk05dmtiQ1Z0ckE\/view?usp=sharing\" target=\"_blank\" rel=\"noopener noreferrer\">Document d&#8217;informaci\u00f3, queixa o suggeriment<\/a><\/li>\n<li><a href=\"https:\/\/drive.google.com\/file\/d\/0BzczqReSxk7RLURCOHAySFp4SEE\/view?usp=sharing\" target=\"_blank\" rel=\"noopener noreferrer\">Model inst\u00e0ncia institut<\/a><\/li>\n<li><a href=\"https:\/\/drive.google.com\/file\/d\/1_bGhqIYcXX2DDxJMurX7eeyVZKRYdTYO\/view?usp=sharing\">Autoritzaci\u00f3<\/a> per sortir del centre de BAT<\/li>\n<li>Sol\u00b7licitud de transport per ESO i BAT (Consell Comarcal): Cal consultar la web del <a href=\"https:\/\/www.altemporda.org\/portal\/cultura-i-ensenyament\/ensenyament\/transport-escolar\">Consell Comarcal<\/a><\/li>\n<\/ul>\n<p style=\"text-align: justify;\"><strong>TAXES PER L&#8217;EXPEDICI\u00d3 DE T\u00cdTOLS ACAD\u00c8MICS I PROFESSIONALS:<\/strong><\/p>\n<\/div>\n<p><strong>B<\/strong><strong>atxillerat<\/strong>: 69,65 euros<\/p>\n<p><strong>Formaci\u00f3 professional<\/strong>:<\/p>\n<ul>\n<li>T\u00edtol de t\u00e8cnic\/a: 69,65 euros<\/li>\n<li>T\u00edtol de t\u00e8cnic\/a superior: 78 euros<\/li>\n<\/ul>\n<p><strong>Ensenyaments de m\u00fasica i de dansa:<\/strong><\/p>\n<ul>\n<li>T\u00edtol professional: 69,65 euros<\/li>\n<li>T\u00edtol superior: 155,45 euros<\/li>\n<\/ul>\n<p><strong>Ensenyaments d&#8217;art dram\u00e0tic:<\/strong><\/p>\n<ul>\n<li>T\u00edtol superior: 155,45 euros<\/li>\n<\/ul>\n<p><strong>Ensenyaments d&#8217;arts pl\u00e0stiques i disseny<\/strong>:<\/p>\n<ul>\n<li>T\u00edtol de t\u00e8cnic\/a: 69,65 euros<\/li>\n<li>T\u00edtol de t\u00e8cnic\/a superior: 78 euros<\/li>\n<li>T\u00edtol de conservaci\u00f3 i restauraci\u00f3 de b\u00e9ns culturals: 78 euros<\/li>\n<li>T\u00edtol de disseny: 78 euros<\/li>\n<li>T\u00edtol superior de<strong>\u00a0<\/strong>vidre: 78 euros<\/li>\n<li>T\u00edtol superior de cer\u00e0mica: 78 euros<\/li>\n<\/ul>\n<p><strong>Ensenyaments d<\/strong>&#8216;<strong>idiomes<\/strong>:<\/p>\n<ul>\n<li>Certificat avan\u00e7at: 78 euros<\/li>\n<li>Certificat dels cursos d&#8217;actualitzaci\u00f3 i especialitzaci\u00f3, <strong>C1<\/strong> i <strong>C2<\/strong> del Consell d&#8217;Europa: 78 euros<\/li>\n<\/ul>\n<p><strong>Ensenyaments d&#8217;esports<\/strong><\/p>\n<ul>\n<li>T\u00edtol de t\u00e8cnic\/a: 69,65 euros<\/li>\n<li>T\u00edtol de t\u00e8cnic\/a superior: 78 euros<\/li>\n<\/ul>\n<p><strong>T\u00edtol de graduat\/ada, m\u00e0ster en<\/strong> <strong>ensenyaments art\u00edstics<\/strong>:<strong>\u00a0<\/strong>204,05 euros<\/p>\n<p><strong>Ensenyaments art\u00edstics superiors\u00a0adaptats a l&#8217;EEES<\/strong> i equivalents\u00a0a grau universitari:\u00a0155,45 euros<\/p>\n<p><strong>Reexpedici\u00f3\u00a0del t\u00edtol<\/strong> (expedici\u00f3 de duplicats): 17,25 euros<\/p>\n<p>Consulteu les <strong><a title=\"bonificacions i exempcions generals\" href=\"https:\/\/educacio.gencat.cat\/ca\/departament\/normativa\/taxes-preus-publics\/exempcions-bonificacions\/\" target=\"_blank\" rel=\"noopener\">bonificacions i exempcions generals<\/a><\/strong><strong>\u00a0<\/strong>que s&#8217;apliquen a aquestes taxes.<\/p>\n","protected":false},"excerpt":{"rendered":"<p>CERTIFICACIONS\u00a0 (cal fer una\u00a0<a href=\"https:\/\/drive.google.com\/file\/d\/0BzczqReSxk7RLURCOHAySFp4SEE\/view?usp=sharing\">inst\u00e0ncia<\/a>\u00a0on s&#8217;especifiqui qu\u00e8 es demana)<\/p>\n<ul style=\"text-align: justify;\">\n<li>Certificacions acad\u00e8miques (de qualificacions obtingudes)<\/li>\n<li>Certificacions d\u2019escolaritat (de cursos i nivells realitzats)<\/li>\n<li>Certificaci\u00f3 de qualificacions per tal de preinscriure\u2019s als Plans de Qualificaci\u00f3 Professional Inicial. (alumnes que no han obtingut el Graduat en ESO)<\/li>\n<li>Certificaci\u00f3 de qualificaci\u00f3 final&hellip;  <a href=\"https:\/\/agora.xtec.cat\/ieslajonquera\/secretaria\/documents-de-secretaria\/\" title=\"Read Documents de secretaria\">Llegeix m\u00e9s\u00bb<\/a><br \/>\n","protected":false},"author":3,"featured_media":0,"parent":81,"menu_order":0,"comment_status":"closed","ping_status":"closed","template":"page-templates\/side-menu.php","meta":{"_bbp_topic_count":0,"_bbp_reply_count":0,"_bbp_total_topic_count":0,"_bbp_total_reply_count":0,"_bbp_voice_count":0,"_bbp_anonymous_reply_count":0,"_bbp_topic_count_hidden":0,"_bbp_reply_count_hidden":0,"_bbp_forum_subforum_count":0,"footnotes":""},"class_list":["post-3162","page","type-page","status-publish","hentry"],"post_mailing_queue_ids":[],"_links":{"self":[{"href":"https:\/\/agora.xtec.cat\/ieslajonquera\/wp-json\/wp\/v2\/pages\/3162","targetHints":{"allow":["GET"]}}],"collection":[{"href":"https:\/\/agora.xtec.cat\/ieslajonquera\/wp-json\/wp\/v2\/pages"}],"about":[{"href":"https:\/\/agora.xtec.cat\/ieslajonquera\/wp-json\/wp\/v2\/types\/page"}],"author":[{"embeddable":true,"href":"https:\/\/agora.xtec.cat\/ieslajonquera\/wp-json\/wp\/v2\/users\/3"}],"replies":[{"embeddable":true,"href":"https:\/\/agora.xtec.cat\/ieslajonquera\/wp-json\/wp\/v2\/comments?post=3162"}],"version-history":[{"count":3,"href":"https:\/\/agora.xtec.cat\/ieslajonquera\/wp-json\/wp\/v2\/pages\/3162\/revisions"}],"predecessor-version":[{"id":5018,"href":"https:\/\/agora.xtec.cat\/ieslajonquera\/wp-json\/wp\/v2\/pages\/3162\/revisions\/5018"}],"up":[{"embeddable":true,"href":"https:\/\/agora.xtec.cat\/ieslajonquera\/wp-json\/wp\/v2\/pages\/81"}],"wp:attachment":[{"href":"https:\/\/agora.xtec.cat\/ieslajonquera\/wp-json\/wp\/v2\/media?parent=3162"}],"curies":[{"name":"wp","href":"https:\/\/api.w.org\/{rel}","templated":true}]}}