{"id":3159,"date":"2021-07-15T17:23:41","date_gmt":"2021-07-15T15:23:41","guid":{"rendered":"https:\/\/agora.xtec.cat\/ieslajonquera\/?page_id=3159"},"modified":"2023-09-29T12:47:27","modified_gmt":"2023-09-29T10:47:27","slug":"documents-de-consergeria","status":"publish","type":"page","link":"https:\/\/agora.xtec.cat\/ieslajonquera\/consergeria\/documents-de-consergeria\/","title":{"rendered":"Documents de consergeria"},"content":{"rendered":"<p><strong>Assist\u00e8ncia:<\/strong><\/p>\n<ul>\n<li>Qualsevol abs\u00e8ncia de l&#8217;alumnat en horari lectiu ha de ser justificada pel pare, mare o tutor legal mitjan\u00e7ant el seg\u00fcent document: <a href=\"https:\/\/drive.google.com\/file\/d\/1ED2MpuD5x6vmeonzv55soHehS0NPt1Q1\/view?usp=sharing\">Justificaci\u00f3 de faltes d&#8217;assist\u00e8ncia<\/a><\/li>\n<li>El fet d&#8217;haver comunicat al centre per tel\u00e8fon o correu electr\u00f2nic l&#8217;abs\u00e8ncia no eximeix l&#8217;alumne de portar el full de justificaci\u00f3 de faltes un cop es reincorpora al centre. Tampoc l&#8217;eximeix el fet que el pare, mare o tutor legal l&#8217;hagi vingut a buscar i hagi signat l&#8217;autoritzaci\u00f3 de sortida del centre de l&#8217;alumne en horari lectiu.<\/li>\n<\/ul>\n","protected":false},"excerpt":{"rendered":"<p>Assist\u00e8ncia:<\/p>\n<ul>\n<li>Qualsevol abs\u00e8ncia de l&#8217;alumnat en horari lectiu ha de ser justificada pel pare, mare o tutor legal mitjan\u00e7ant el seg\u00fcent document: <a href=\"https:\/\/drive.google.com\/file\/d\/1ED2MpuD5x6vmeonzv55soHehS0NPt1Q1\/view?usp=sharing\">Justificaci\u00f3 de faltes d&#8217;assist\u00e8ncia<\/a><\/li>\n<li>El fet d&#8217;haver comunicat al centre per tel\u00e8fon o correu electr\u00f2nic l&#8217;abs\u00e8ncia no eximeix l&#8217;alumne de portar el full de&hellip;  <a href=\"https:\/\/agora.xtec.cat\/ieslajonquera\/consergeria\/documents-de-consergeria\/\" title=\"Read Documents de consergeria\">Llegeix m\u00e9s\u00bb<\/a><br \/>\n","protected":false},"author":3,"featured_media":0,"parent":652,"menu_order":0,"comment_status":"closed","ping_status":"closed","template":"page-templates\/side-menu.php","meta":{"_bbp_topic_count":0,"_bbp_reply_count":0,"_bbp_total_topic_count":0,"_bbp_total_reply_count":0,"_bbp_voice_count":0,"_bbp_anonymous_reply_count":0,"_bbp_topic_count_hidden":0,"_bbp_reply_count_hidden":0,"_bbp_forum_subforum_count":0,"footnotes":""},"class_list":["post-3159","page","type-page","status-publish","hentry"],"post_mailing_queue_ids":[],"_links":{"self":[{"href":"https:\/\/agora.xtec.cat\/ieslajonquera\/wp-json\/wp\/v2\/pages\/3159","targetHints":{"allow":["GET"]}}],"collection":[{"href":"https:\/\/agora.xtec.cat\/ieslajonquera\/wp-json\/wp\/v2\/pages"}],"about":[{"href":"https:\/\/agora.xtec.cat\/ieslajonquera\/wp-json\/wp\/v2\/types\/page"}],"author":[{"embeddable":true,"href":"https:\/\/agora.xtec.cat\/ieslajonquera\/wp-json\/wp\/v2\/users\/3"}],"replies":[{"embeddable":true,"href":"https:\/\/agora.xtec.cat\/ieslajonquera\/wp-json\/wp\/v2\/comments?post=3159"}],"version-history":[{"count":3,"href":"https:\/\/agora.xtec.cat\/ieslajonquera\/wp-json\/wp\/v2\/pages\/3159\/revisions"}],"predecessor-version":[{"id":5118,"href":"https:\/\/agora.xtec.cat\/ieslajonquera\/wp-json\/wp\/v2\/pages\/3159\/revisions\/5118"}],"up":[{"embeddable":true,"href":"https:\/\/agora.xtec.cat\/ieslajonquera\/wp-json\/wp\/v2\/pages\/652"}],"wp:attachment":[{"href":"https:\/\/agora.xtec.cat\/ieslajonquera\/wp-json\/wp\/v2\/media?parent=3159"}],"curies":[{"name":"wp","href":"https:\/\/api.w.org\/{rel}","templated":true}]}}