{"id":3138,"date":"2021-07-13T22:48:38","date_gmt":"2021-07-13T20:48:38","guid":{"rendered":"https:\/\/agora.xtec.cat\/ieslajonquera\/?page_id=3138"},"modified":"2022-02-04T19:47:19","modified_gmt":"2022-02-04T18:47:19","slug":"batxibac","status":"publish","type":"page","link":"https:\/\/agora.xtec.cat\/ieslajonquera\/estudis\/batxibac\/","title":{"rendered":"BATXIBAC"},"content":{"rendered":"<div dir=\"ltr\">\n<table>\n<tbody>\n<tr>\n<td>\n<div dir=\"ltr\">\n<p><a href=\"https:\/\/drive.google.com\/file\/d\/1jAXDFD1mKph-lGy3M9j1o2QknFqZzuAq\/view?usp=sharing\">Presentaci\u00f3<\/a><\/p>\n<p><a href=\"http:\/\/xtec.gencat.cat\/ca\/curriculum\/batxillerat\/baccalaureat\" target=\"_blank\" rel=\"nofollow noopener noreferrer\">Qu\u00e8 \u00e9s?<\/a><\/p>\n<p style=\"text-align: justify;\">El programa del Batxibac permet l&#8217;obtenci\u00f3 de la doble titulaci\u00f3 del Batxillerat \/ Baccalaur\u00e9at, a m\u00e9s a m\u00e9s de l&#8217;acreditaci\u00f3 del nivell B2 (l\u2019aprofundiment en l\u2019estudi de la llengua i la civilitzaci\u00f3 francesa). Els alumnes que obtindran la doble titulaci\u00f3 poden accedir a la universitat espanyola fent valer el T\u00edtol de Batxiller o el Dipl\u00f4me du Baccalaur\u00e9at. Podran accedir a la universitat francesa en les mateixes condicions que un estudiant provinent del sistema educatiu franc\u00e8s (amb el seu Dipl\u00f4me du Baccalaur\u00e9at) o de l&#8217;espanyol (amb el seu T\u00edtol de Batxiller), i podran acollir-se als beneficis que el sistema franc\u00e8s concedeix als aspirants que hagin cursat estudis biling\u00fces.<\/p>\n<p><a href=\"https:\/\/agora.xtec.cat\/ieslajonquera\/estudis\/batxibac\/etudier-en-france\/\">\u00c9tudier en France<\/a><\/p>\n<\/div>\n<div dir=\"ltr\">\n<p><a href=\"http:\/\/xtec.gencat.cat\/ca\/projectes\/batxibac\/index.html\" target=\"_blank\" rel=\"nofollow noopener noreferrer\">Les mat\u00e8ries de modalitat<\/a><\/p>\n<p><a href=\"https:\/\/docs.google.com\/presentation\/d\/1_PNccULvWifcRX6qrgU0IoeiN3m9x950\/edit?usp=sharing&amp;ouid=117942502102262819438&amp;rtpof=true&amp;sd=true\">Campus France<\/a><\/p>\n<p>Cartes g\u00e9ographiques enseignement sup\u00e9rieur en France en <a href=\"https:\/\/drive.google.com\/file\/d\/1NrNMb3NCpwGKSiLxioydXZwp7f9v0X5V\/view?usp=sharing\">franc\u00e8s<\/a> i <a href=\"https:\/\/drive.google.com\/file\/d\/1Y1897vdPXmUYejdbNGr8bE9iD59gdRcl\/view?usp=sharing\">castell\u00e0<\/a><\/p>\n<p><iframe loading=\"lazy\" src=\"\/\/www.youtube.com\/embed\/uc4Deuc6Hng\" width=\"560\" height=\"315\" frameborder=\"0\"><\/iframe><\/p>\n<p><em>Aquest v\u00eddeo ha estat elaborat pels alumnes de 4t de la mat\u00e8ria de Tecnologia.<\/em><\/p>\n<\/div>\n<\/td>\n<\/tr>\n<\/tbody>\n<\/table>\n<\/div>\n<div dir=\"ltr\">\n<p>&nbsp;<\/p>\n<\/div>\n","protected":false},"excerpt":{"rendered":"<p><a href=\"https:\/\/drive.google.com\/file\/d\/1jAXDFD1mKph-lGy3M9j1o2QknFqZzuAq\/view?usp=sharing\">Presentaci\u00f3<\/a><br \/>\n<a href=\"http:\/\/xtec.gencat.cat\/ca\/curriculum\/batxillerat\/baccalaureat\" target=\"_blank\" rel=\"nofollow noopener noreferrer\">Qu\u00e8 \u00e9s?<\/a><br \/>\nEl programa del Batxibac permet l&#8217;obtenci\u00f3 de la doble titulaci\u00f3 del Batxillerat \/ Baccalaur\u00e9at, a m\u00e9s a m\u00e9s de l&#8217;acreditaci\u00f3 del nivell B2 (l\u2019aprofundiment en l\u2019estudi de la llengua i la civilitzaci\u00f3 francesa). Els alumnes que obtindran la&hellip;  <a href=\"https:\/\/agora.xtec.cat\/ieslajonquera\/estudis\/batxibac\/\" title=\"Read BATXIBAC\">Llegeix m\u00e9s\u00bb<\/a><\/p>\n","protected":false},"author":3,"featured_media":0,"parent":195,"menu_order":0,"comment_status":"closed","ping_status":"closed","template":"page-templates\/side-menu.php","meta":{"_bbp_topic_count":0,"_bbp_reply_count":0,"_bbp_total_topic_count":0,"_bbp_total_reply_count":0,"_bbp_voice_count":0,"_bbp_anonymous_reply_count":0,"_bbp_topic_count_hidden":0,"_bbp_reply_count_hidden":0,"_bbp_forum_subforum_count":0,"footnotes":""},"class_list":["post-3138","page","type-page","status-publish","hentry"],"post_mailing_queue_ids":[],"_links":{"self":[{"href":"https:\/\/agora.xtec.cat\/ieslajonquera\/wp-json\/wp\/v2\/pages\/3138","targetHints":{"allow":["GET"]}}],"collection":[{"href":"https:\/\/agora.xtec.cat\/ieslajonquera\/wp-json\/wp\/v2\/pages"}],"about":[{"href":"https:\/\/agora.xtec.cat\/ieslajonquera\/wp-json\/wp\/v2\/types\/page"}],"author":[{"embeddable":true,"href":"https:\/\/agora.xtec.cat\/ieslajonquera\/wp-json\/wp\/v2\/users\/3"}],"replies":[{"embeddable":true,"href":"https:\/\/agora.xtec.cat\/ieslajonquera\/wp-json\/wp\/v2\/comments?post=3138"}],"version-history":[{"count":3,"href":"https:\/\/agora.xtec.cat\/ieslajonquera\/wp-json\/wp\/v2\/pages\/3138\/revisions"}],"predecessor-version":[{"id":3477,"href":"https:\/\/agora.xtec.cat\/ieslajonquera\/wp-json\/wp\/v2\/pages\/3138\/revisions\/3477"}],"up":[{"embeddable":true,"href":"https:\/\/agora.xtec.cat\/ieslajonquera\/wp-json\/wp\/v2\/pages\/195"}],"wp:attachment":[{"href":"https:\/\/agora.xtec.cat\/ieslajonquera\/wp-json\/wp\/v2\/media?parent=3138"}],"curies":[{"name":"wp","href":"https:\/\/api.w.org\/{rel}","templated":true}]}}