{"id":3134,"date":"2021-07-13T22:42:36","date_gmt":"2021-07-13T20:42:36","guid":{"rendered":"https:\/\/agora.xtec.cat\/ieslajonquera\/?page_id=3134"},"modified":"2025-07-15T17:45:07","modified_gmt":"2025-07-15T15:45:07","slug":"entorn-immediat","status":"publish","type":"page","link":"https:\/\/agora.xtec.cat\/ieslajonquera\/projectes\/entorn-immediat\/","title":{"rendered":"Entorn immediat"},"content":{"rendered":"<p style=\"text-align: justify;\">La descoberta de l&#8217;entorn immediat \u00e9s un projecte que es porta a terme cada curs amb els alumnes de 2n d&#8217;ESO i que es coordina des dels departaments de Ci\u00e8ncies i Socials i Diversitat. L&#8217;objectiu \u00e9s que els alumnes coneguin el seu medi natural i social al llarg de tot un mat\u00ed.<\/p>\n<p><strong>Cursos 2023-2024 i 2024-2025<\/strong><\/p>\n<p>Es va continuar portant a terme el projecte amb l&#8217;alumnat de 2n d&#8217;ESO, tot i que no hi ha fotografies que documentin les activitats.<\/p>\n<p><a href=\"https:\/\/drive.google.com\/drive\/folders\/1PH29QmJb0ZFGtvrmPua0acYifZbDhKwB?usp=sharing\"><strong>Curs 2022-2023<\/strong><\/a><\/p>\n<p><a href=\"https:\/\/drive.google.com\/drive\/folders\/12yp78vhiLWsgZlPiBTb23asg-VWLXTkI?usp=sharing\"><strong>Curs 2021-2022<\/strong><\/a><\/p>\n<p style=\"text-align: justify;\"><strong><a href=\"https:\/\/agora.xtec.cat\/ieslajonquera\/wp-content\/uploads\/usu2014\/2021\/06\/IMG-20210616-WA0009.jpg\"><img loading=\"lazy\" decoding=\"async\" class=\"size-medium wp-image-3043 alignleft\" src=\"https:\/\/agora.xtec.cat\/ieslajonquera\/wp-content\/uploads\/usu2014\/2021\/06\/IMG-20210616-WA0009-224x300.jpg\" alt=\"\" width=\"224\" height=\"300\" srcset=\"https:\/\/agora.xtec.cat\/ieslajonquera\/wp-content\/uploads\/usu2014\/2021\/06\/IMG-20210616-WA0009-224x300.jpg 224w, https:\/\/agora.xtec.cat\/ieslajonquera\/wp-content\/uploads\/usu2014\/2021\/06\/IMG-20210616-WA0009-768x1027.jpg 768w, https:\/\/agora.xtec.cat\/ieslajonquera\/wp-content\/uploads\/usu2014\/2021\/06\/IMG-20210616-WA0009-766x1024.jpg 766w, https:\/\/agora.xtec.cat\/ieslajonquera\/wp-content\/uploads\/usu2014\/2021\/06\/IMG-20210616-WA0009.jpg 1496w\" sizes=\"auto, (max-width: 224px) 100vw, 224px\" \/><\/a>Curs 2020-2021<\/strong><\/p>\n<p style=\"text-align: justify;\">Els alumnes de 2n i 3r d&#8217;ESO van participar en les activitats de descoberta de l&#8217;entorn immediat programades pels departaments de Ci\u00e8ncies i Socials. Habitualment aquestes activitats es porten a terme a 2n d&#8217;ESO, per\u00f2 els alumnes de 3r d&#8217;ESO el curs passat no les van poder fer.<\/p>\n<p style=\"text-align: justify;\">Des del Departament de Ci\u00e8ncies, els alumnes van visitar una zona boscosa del costat del Centre, la font dels arbres (per treballar l&#8217;aigua no potable), la font pudosa (per tractar les aig\u00fces sulfuroses), el riu i la seva presa, la vegetaci\u00f3, la fauna, les roques t\u00edpiques de la zona, el Parc d&#8217;en Lloveras (i la seva varietat d&#8217;arbres), zones de plataners i les seves caracter\u00edsitques, etc.<\/p>\n<p style=\"text-align: justify;\">Per a poder iniciar la sortida a l&#8217;entorn, els alumnes van resoldre un Escape Room digital, amb preguntes de l&#8217;entorn i dels \u00e0mbits Cientificotecnol\u00f2gic i Matem\u00e0tic. Un cop resolt, van poder trobar les guies amb el primer repte que els permetia sortir de l&#8217;Institut. A mesura que anaven superant reptes pel municipi de la Jonquera, van aconseguir pistes amb lletres. Aquestes lletres els van servir per resoldre el misteri de la desaparici\u00f3 de les guies.<\/p>\n<p style=\"text-align: justify;\">Les activitats de l&#8217;\u00e0mbit de Socials van ser dues: la primera es va centrar en descobrir la Jonquera emmurallada de l&#8217;\u00e8poca medieval, la seva evoluci\u00f3 al llarg de l&#8217;\u00e8poca moderna i contempor\u00e0nia. L&#8217;alumnat va descobrir llocs com el Llatzaret, l&#8217;empla\u00e7ament de l&#8217;antic Hospital \/ Cementiri \/ Hostal, la Torre del carrer del Vidre, la Torre del Caramenxel i la Posta Reial. La segona activitat es va centrat a analitzar l&#8217;estil art\u00edstic de l&#8217;esgl\u00e9sia.<\/p>\n<p style=\"text-align: justify;\">Podeu veure fotos de les activitats en els seg\u00fcents enlla\u00e7os:<\/p>\n<p style=\"text-align: justify;\"><a href=\"https:\/\/drive.google.com\/drive\/folders\/1tV8RQF24isPDU9Mo8uCt2-6yiw_Y3xBj?usp=sharing\">2n d&#8217;ESO<\/a><\/p>\n<p style=\"text-align: justify;\"><a href=\"https:\/\/drive.google.com\/drive\/folders\/17XxogdqQnMk-b6ZKvqCHPq9ZHp-hcnDZ?usp=sharing\">3r d&#8217;ESO<\/a><\/p>\n","protected":false},"excerpt":{"rendered":"<p>La descoberta de l&#8217;entorn immediat \u00e9s un projecte que es porta a terme cada curs amb els alumnes de 2n d&#8217;ESO i que es coordina des dels departaments de Ci\u00e8ncies i Socials i Diversitat. L&#8217;objectiu \u00e9s que els alumnes coneguin el seu medi natural i&hellip;  <a href=\"https:\/\/agora.xtec.cat\/ieslajonquera\/projectes\/entorn-immediat\/\" title=\"Read Entorn immediat\">Llegeix m\u00e9s\u00bb<\/a><\/p>\n","protected":false},"author":3,"featured_media":0,"parent":599,"menu_order":0,"comment_status":"closed","ping_status":"closed","template":"page-templates\/side-menu.php","meta":{"_bbp_topic_count":0,"_bbp_reply_count":0,"_bbp_total_topic_count":0,"_bbp_total_reply_count":0,"_bbp_voice_count":0,"_bbp_anonymous_reply_count":0,"_bbp_topic_count_hidden":0,"_bbp_reply_count_hidden":0,"_bbp_forum_subforum_count":0,"footnotes":""},"class_list":["post-3134","page","type-page","status-publish","hentry"],"post_mailing_queue_ids":[],"_links":{"self":[{"href":"https:\/\/agora.xtec.cat\/ieslajonquera\/wp-json\/wp\/v2\/pages\/3134","targetHints":{"allow":["GET"]}}],"collection":[{"href":"https:\/\/agora.xtec.cat\/ieslajonquera\/wp-json\/wp\/v2\/pages"}],"about":[{"href":"https:\/\/agora.xtec.cat\/ieslajonquera\/wp-json\/wp\/v2\/types\/page"}],"author":[{"embeddable":true,"href":"https:\/\/agora.xtec.cat\/ieslajonquera\/wp-json\/wp\/v2\/users\/3"}],"replies":[{"embeddable":true,"href":"https:\/\/agora.xtec.cat\/ieslajonquera\/wp-json\/wp\/v2\/comments?post=3134"}],"version-history":[{"count":5,"href":"https:\/\/agora.xtec.cat\/ieslajonquera\/wp-json\/wp\/v2\/pages\/3134\/revisions"}],"predecessor-version":[{"id":6320,"href":"https:\/\/agora.xtec.cat\/ieslajonquera\/wp-json\/wp\/v2\/pages\/3134\/revisions\/6320"}],"up":[{"embeddable":true,"href":"https:\/\/agora.xtec.cat\/ieslajonquera\/wp-json\/wp\/v2\/pages\/599"}],"wp:attachment":[{"href":"https:\/\/agora.xtec.cat\/ieslajonquera\/wp-json\/wp\/v2\/media?parent=3134"}],"curies":[{"name":"wp","href":"https:\/\/api.w.org\/{rel}","templated":true}]}}