{"id":3123,"date":"2021-07-13T21:49:31","date_gmt":"2021-07-13T19:49:31","guid":{"rendered":"https:\/\/agora.xtec.cat\/ieslajonquera\/?page_id=3123"},"modified":"2025-07-21T09:32:38","modified_gmt":"2025-07-21T07:32:38","slug":"mapa-de-ball","status":"publish","type":"page","link":"https:\/\/agora.xtec.cat\/ieslajonquera\/projectes\/mapa-de-ball\/","title":{"rendered":"Art i Cos (abans Mapa de Ball)"},"content":{"rendered":"<p style=\"text-align: justify;\">El projecte <strong>Art i Cos<\/strong>, iniciat el curs 2024-2025,\u00a0\u00e9s l&#8217;hereu de Mapa de Ball i \u00e9s una proposta interdisciplin\u00e0ria impulsada des de les mat\u00e8ries de Ci\u00e8ncies Socials (Hist\u00f2ria de l\u2019Art) i Educaci\u00f3 Visual i Pl\u00e0stica, amb la col\u00b7laboraci\u00f3 d&#8217;una professional del m\u00f3n de la dansa contempor\u00e0nia. L\u2019objectiu principal \u00e9s explorar com s\u2019ha representat i ent\u00e8s la figura humana al llarg de la hist\u00f2ria de l\u2019art, des de la Prehist\u00f2ria fins a l\u2019actualitat, tot culminant amb una creaci\u00f3 esc\u00e8nica pr\u00f2pia dels alumnes. Es tracta d&#8217;un projecte globalitzat on els continguts de la hist\u00f2ria de l\u2019art, la creaci\u00f3 pl\u00e0stica i l\u2019expressi\u00f3 corporal es treballen de manera integrada. Alumnes i docents comparteixen un \u00fanic fil conductor: la representaci\u00f3 del cos hum\u00e0 al llarg del temps.<\/p>\n<p style=\"text-align: justify;\">El projecte s\u2019estructura al voltant d\u2019un recorregut cronol\u00f2gic per diferents per\u00edodes hist\u00f2rics, tot combinant la recerca, la creaci\u00f3 art\u00edstica, la reflexi\u00f3 i el moviment.\u00a0A cada etapa del recorregut hist\u00f2ric, els alumnes realitzen una creaci\u00f3 art\u00edstica inspirada en la manera com cada cultura o per\u00edode entenia i representava el cos.<\/p>\n<p>Els objectius b\u00e0sics s\u00f3n:<\/p>\n<p>&#8211; Comprendre com la representaci\u00f3 del cos hum\u00e0 ha evolucionat segons contextos hist\u00f2rics i culturals.<br \/>\n&#8211; Establir vincles entre la teoria art\u00edstica i l&#8217;expressi\u00f3 corporal.<br \/>\n&#8211; Desenvolupar la creativitat a trav\u00e9s de la pr\u00e0ctica pl\u00e0stica i l\u2019expressi\u00f3 esc\u00e8nica.<br \/>\n&#8211; Fomentar el treball en equip i la col\u00b7laboraci\u00f3 entre disciplines.<br \/>\n&#8211; Gaudir d\u2019un proc\u00e9s art\u00edstic viu, significatiu i participatiu.<\/p>\n<p style=\"text-align: justify;\"><strong>Mapa de ball<\/strong> \u00e9s un projecte de pr\u00e0ctica art\u00edstica a l\u2019aula i est\u00e0 destinat a introduir i apropar el llenguatge del moviment i la dansa contempor\u00e0nia al p\u00fablic m\u00e9s jove. Es presenta com una eina educativa pel professorat, per\u00f2 sobretot s\u2019introdueix com una viv\u00e8ncia i experi\u00e8ncia positiva, tant personal com col\u00b7lectiva. D\u2019altra banda, el proc\u00e9s de creaci\u00f3 coreogr\u00e0fica que es comparteix entre alumnes i professors, amb la supervisi\u00f3 art\u00edstica del core\u00f2graf i ballarins i ballarines locals, dona com a resultat final un espectacle de dansa contempor\u00e0nia. Aquest projecte va n\u00e9ixer com una extensi\u00f3 al territori catal\u00e0 de la Jornada Jove de Creaci\u00f3 Art\u00edstica: Dansa Contempor\u00e0nia d\u2019\u00e0mbit barcelon\u00ed, organitzada pel Mercat de les Flors, Institut del Teatre i Institut d\u2019Educaci\u00f3 de Barcelona (IMEB).<\/p>\n<p style=\"text-align: justify;\">El projecte, que es va iniciar el curs 2019-2020, es va consolidar el curs 2020-2021 i es realitzava des de la mat\u00e8ria d&#8217;Educaci\u00f3 F\u00edsica. Es tractava de l&#8217;hereu del <a href=\"https:\/\/agora.xtec.cat\/ieslajonquera\/projectes\/teatre-i-dansa\/\">Projecte Teatre i dansa<\/a>, que anava adre\u00e7at als alumnes de 3r d\u2019ESO de les mat\u00e8ries Cultura Cl\u00e0ssica-Emprenedoria (amb la professora Laia Tom\u00e0s) i Educaci\u00f3 F\u00edsica (amb el professor Jordi del Campo) i es portava a terme a l\u2019institut i a la Societat de la Jonquera al llarg d&#8217;un quadrimestre de cada curs amb la col\u00b7laboraci\u00f3 d&#8217;<a href=\"https:\/\/www.facebook.com\/agitartfigueres\">Agitart<\/a>. Es va realitzar, en aquest format, entre els cursos 2016-2017 i 2019-2020.<\/p>\n<p style=\"text-align: justify;\">Els objectius b\u00e0sics eren:<\/p>\n<p style=\"text-align: justify;\">&#8211; Oferir experi\u00e8ncies participatives i de pr\u00e0ctica esc\u00e8nica en l\u2019\u00e0mbit escolar com a recurs pedag\u00f2gic per desenvolupar noves estrat\u00e8gies d\u2019aprenentatge del curr\u00edculum educatiu i de les compet\u00e8ncies b\u00e0siques.<br \/>\n&#8211; Garantir la igualtat d\u2019oportunitats d\u2019acc\u00e9s als alumnes a l\u2019oferta art\u00edstica sigui quina sigui la seva proced\u00e8ncia geogr\u00e0fica.<\/p>\n<p style=\"text-align: justify;\">Els alumnes implicats pagaven una part del viatge que farien a final de 4t d\u2019ESO amb els diners obtinguts de la venda d\u2019entrades.<\/p>\n<p><strong>Curs 2024-2025<\/strong><\/p>\n<p><a href=\"https:\/\/agora.xtec.cat\/ieslajonquera\/wp-content\/uploads\/usu2014\/2025\/06\/20250604_193549.jpg\"><img loading=\"lazy\" decoding=\"async\" class=\" wp-image-6208 alignleft\" src=\"https:\/\/agora.xtec.cat\/ieslajonquera\/wp-content\/uploads\/usu2014\/2025\/06\/20250604_193549-1024x768.jpg\" alt=\"\" width=\"216\" height=\"162\" srcset=\"https:\/\/agora.xtec.cat\/ieslajonquera\/wp-content\/uploads\/usu2014\/2025\/06\/20250604_193549-1024x768.jpg 1024w, https:\/\/agora.xtec.cat\/ieslajonquera\/wp-content\/uploads\/usu2014\/2025\/06\/20250604_193549-300x225.jpg 300w, https:\/\/agora.xtec.cat\/ieslajonquera\/wp-content\/uploads\/usu2014\/2025\/06\/20250604_193549-768x576.jpg 768w, https:\/\/agora.xtec.cat\/ieslajonquera\/wp-content\/uploads\/usu2014\/2025\/06\/20250604_193549-1536x1152.jpg 1536w, https:\/\/agora.xtec.cat\/ieslajonquera\/wp-content\/uploads\/usu2014\/2025\/06\/20250604_193549-2048x1536.jpg 2048w, https:\/\/agora.xtec.cat\/ieslajonquera\/wp-content\/uploads\/usu2014\/2025\/06\/20250604_193549-200x150.jpg 200w\" sizes=\"auto, (max-width: 216px) 100vw, 216px\" \/><\/a>Aquest curs es va estrenar un nou espai per a la representaci\u00f3, ja que es va fer a l&#8217;aire lliure, a la pista del Parc d&#8217;en Lloveras. L&#8217;alumnat de 3r d&#8217;ESO va fer la representaci\u00f3 de l&#8217;espectacle del Mapa de Ball 2025 &#8220;Umhlaba&#8221; el 4 de juny, despr\u00e9s d&#8217;haver<span style=\"font-weight: 400;\"> estat treballant des del mes d\u2019abril amb\u00a0<\/span><span style=\"font-weight: 400;\">l\u2019artista Marta Mora d&#8217;Agitart i el professorat de la mat\u00e8ria de Projecte.<\/span><\/p>\n<p><span style=\"font-weight: 400;\">La proposta art\u00edstica <\/span><i><span style=\"font-weight: 400;\">UMHLABA, <\/span><\/i><span style=\"font-weight: 400;\">que significa m\u00f3n en zul\u00fa, \u00e9s de les core\u00f2grafes S\u00edlvia Sant Funk i M\u00f2nica Muntaner.\u00a0<\/span><span style=\"font-weight: 400;\">A trav\u00e9s d\u2019aquesta, l\u2019alumnat explora diferents nocions de la idea de <\/span><i><span style=\"font-weight: 400;\">m\u00f3n <\/span><\/i><span style=\"font-weight: 400;\">utilitzant l\u2019escena com a escenari per identificar idees, emocions i sensacions. Tot plegat des d\u2019una perspectiva individual, comunit\u00e0ria i planet\u00e0ria, amb l\u2019objectiu de plasmar-ho en una experi\u00e8ncia compartida.\u00a0<\/span><\/p>\n<p><a href=\"https:\/\/drive.google.com\/drive\/folders\/1WxrbZJzDoEkJxdskotngGlOe8-4Sa75G?usp=drive_link\">Fotos i v\u00eddeos<\/a> de la representaci\u00f3.<\/p>\n<p><strong>Curs 2023-2024<\/strong><\/p>\n<p style=\"text-align: justify;\"><a href=\"https:\/\/agora.xtec.cat\/ieslajonquera\/wp-content\/uploads\/usu2014\/2024\/06\/20240613_1859401.jpg\"><img loading=\"lazy\" decoding=\"async\" class=\" wp-image-5609 alignleft\" src=\"https:\/\/agora.xtec.cat\/ieslajonquera\/wp-content\/uploads\/usu2014\/2024\/06\/20240613_1859401.jpg\" alt=\"\" width=\"215\" height=\"161\" srcset=\"https:\/\/agora.xtec.cat\/ieslajonquera\/wp-content\/uploads\/usu2014\/2024\/06\/20240613_1859401.jpg 1024w, https:\/\/agora.xtec.cat\/ieslajonquera\/wp-content\/uploads\/usu2014\/2024\/06\/20240613_1859401-300x225.jpg 300w, https:\/\/agora.xtec.cat\/ieslajonquera\/wp-content\/uploads\/usu2014\/2024\/06\/20240613_1859401-768x576.jpg 768w, https:\/\/agora.xtec.cat\/ieslajonquera\/wp-content\/uploads\/usu2014\/2024\/06\/20240613_1859401-200x150.jpg 200w\" sizes=\"auto, (max-width: 215px) 100vw, 215px\" \/><\/a>L&#8217;alumnat de 3r d&#8217;ESO va fer la representaci\u00f3 de l\u2019espectacle del Mapa de Ball 2024 \u201cCelebraci\u00f3: els diumenges de la vida\u201d, de Mario G. S\u00e1ez, un projecte realitzat entre el col\u00b7lectiu Agitart i professorat del centre, amb la col\u00b7laboraci\u00f3 de l\u2019Ajuntament de la Jonquera.<\/p>\n<p style=\"text-align: justify;\">El punt de partida d&#8217;aquesta proposta \u00e9s el concepte de celebrar en les seves diferents concepcions.<\/p>\n<p><a href=\"https:\/\/drive.google.com\/drive\/folders\/1kJ1T8SemDmOQ6Ooa4HJ55Rl8xNO6XOxM?usp=sharing\">Fotos i v\u00eddeos<\/a> de la representaci\u00f3.<\/p>\n<p>&nbsp;<\/p>\n<p><strong>Curs 2022-2023<\/strong><\/p>\n<p><a href=\"https:\/\/agora.xtec.cat\/ieslajonquera\/wp-content\/uploads\/usu2014\/2023\/06\/Nascuda-de-lescuma_cartell_page-0001-1.jpg\"><img loading=\"lazy\" decoding=\"async\" class=\" wp-image-4836 alignleft\" src=\"https:\/\/agora.xtec.cat\/ieslajonquera\/wp-content\/uploads\/usu2014\/2023\/06\/Nascuda-de-lescuma_cartell_page-0001-1-724x1024.jpg\" alt=\"\" width=\"219\" height=\"310\" srcset=\"https:\/\/agora.xtec.cat\/ieslajonquera\/wp-content\/uploads\/usu2014\/2023\/06\/Nascuda-de-lescuma_cartell_page-0001-1-724x1024.jpg 724w, https:\/\/agora.xtec.cat\/ieslajonquera\/wp-content\/uploads\/usu2014\/2023\/06\/Nascuda-de-lescuma_cartell_page-0001-1-212x300.jpg 212w, https:\/\/agora.xtec.cat\/ieslajonquera\/wp-content\/uploads\/usu2014\/2023\/06\/Nascuda-de-lescuma_cartell_page-0001-1-768x1086.jpg 768w, https:\/\/agora.xtec.cat\/ieslajonquera\/wp-content\/uploads\/usu2014\/2023\/06\/Nascuda-de-lescuma_cartell_page-0001-1.jpg 1024w\" sizes=\"auto, (max-width: 219px) 100vw, 219px\" \/><\/a>Es va tornar a barrejar el teatre i la dansa amb la col\u00b7laboraci\u00f3 d\u2019Agitart i els alumnes implicats van ser els de 3r d\u2019ESO des de la mat\u00e8ria d\u2019Educaci\u00f3 F\u00edsica (amb el professor Jordi del Campo) pel que fa a la dansa i els de 4t d\u2019ESO de la mat\u00e8ria de Llat\u00ed (amb la professora Laia Tom\u00e0s) pel que fa al teatre. La representaci\u00f3 portava el t\u00edtol &#8220;<a href=\"https:\/\/drive.google.com\/drive\/folders\/11AvfVUcoB9BCfPToQlZoeLjqrRqUDzNR?usp=sharing\">Nascuda de l&#8217;escuma<\/a>&#8220;.<\/p>\n<p>&nbsp;<\/p>\n<p>&nbsp;<\/p>\n<p>&nbsp;<\/p>\n<p>&nbsp;<\/p>\n<p>&nbsp;<\/p>\n<p>&nbsp;<\/p>\n<p style=\"text-align: justify;\"><strong>Curs 2021-2022<\/strong><\/p>\n<p style=\"text-align: justify;\"><a href=\"https:\/\/agora.xtec.cat\/ieslajonquera\/wp-content\/uploads\/usu2014\/2022\/03\/20220324_1912531.jpg\"><img loading=\"lazy\" decoding=\"async\" class=\" wp-image-4020 alignleft\" src=\"https:\/\/agora.xtec.cat\/ieslajonquera\/wp-content\/uploads\/usu2014\/2022\/03\/20220324_1912531.jpg\" alt=\"\" width=\"348\" height=\"261\" srcset=\"https:\/\/agora.xtec.cat\/ieslajonquera\/wp-content\/uploads\/usu2014\/2022\/03\/20220324_1912531.jpg 1024w, https:\/\/agora.xtec.cat\/ieslajonquera\/wp-content\/uploads\/usu2014\/2022\/03\/20220324_1912531-300x225.jpg 300w, https:\/\/agora.xtec.cat\/ieslajonquera\/wp-content\/uploads\/usu2014\/2022\/03\/20220324_1912531-768x576.jpg 768w, https:\/\/agora.xtec.cat\/ieslajonquera\/wp-content\/uploads\/usu2014\/2022\/03\/20220324_1912531-200x150.jpg 200w\" sizes=\"auto, (max-width: 348px) 100vw, 348px\" \/><\/a>L\u2019alumnat de 3r d\u2019ESO va representar la coreografia \u201cVibrar el temps\u201d, que havien estat preparant des de la mat\u00e8ria d\u2019Educaci\u00f3 F\u00edsica al llarg de tot un trimestre, al mes de mar\u00e7, a la Societat de la Jonquera.<\/p>\n<p style=\"text-align: justify;\"><a href=\"https:\/\/drive.google.com\/drive\/folders\/1Z8i1ubjiCw2j8KCSmIHigwyn2gTNuOrG?usp=sharing\">Fotos<\/a> de la representaci\u00f3.<\/p>\n<p style=\"text-align: justify;\"><strong>\u201cVibrar el temps\u201d<\/strong> \u00e9s una reflexi\u00f3 cr\u00edtica sobre el temps en qu\u00e8 vivim a trav\u00e9s de les expressions pr\u00f2pies de cada jove participant en l\u2019experi\u00e8ncia. L\u2019inter\u00e8s es troba a recon\u00e8ixer les inquietuds i potencials art\u00edstics dels alumnes per integrar-los en una creaci\u00f3 comuna, en la qual la conviv\u00e8ncia i la diversitat siguin el principi, el fi i el mitj\u00e0.<\/p>\n<p style=\"text-align: justify;\"><strong>Joao Lima <\/strong>(Brasil, 1980) \u00e9s performer, core\u00f2graf i educador. Va estudiar en el Curs de Formaci\u00f3 d\u2019Actors de la Fundaci\u00f3 Joaquim Nabuco (1998\/2000) i en el grau d\u2019Arts Esc\u00e8niques de la UFPE. Va participar en el Curs de Creaci\u00f3 i Investigaci\u00f3 Coreogr\u00e0fica del F\u00f3rum Dan\u00e7a, a Lisboa (2006) i en la Formaci\u00f3 ESSAIS en el CNDC d\u00b4Angers, Fran\u00e7a (2006\/7). El 2002 va rebre el Premi al Millor Actor de l\u2019Associaci\u00f3 de Productors d\u2019Arts Esc\u00e8niques de Pernambuco.<\/p>\n<section class=\"elementor-section elementor-top-section elementor-element elementor-element-986170e elementor-section-content-middle elementor-section-boxed elementor-section-height-default elementor-section-height-default\" data-id=\"986170e\" data-element_type=\"section\" data-settings=\"{&quot;background_background&quot;:&quot;classic&quot;}\">\n<div class=\"elementor-container elementor-column-gap-default\">\n<div class=\"elementor-row\">\n<div class=\"elementor-column elementor-col-100 elementor-top-column elementor-element elementor-element-90b3de5\" data-id=\"90b3de5\" data-element_type=\"column\">\n<div class=\"elementor-column-wrap elementor-element-populated\">\n<div class=\"elementor-widget-wrap\">\n<div class=\"elementor-element elementor-element-35da6b6 elementor-widget elementor-widget-text-editor\" data-id=\"35da6b6\" data-element_type=\"widget\" data-widget_type=\"text-editor.default\">\n<div class=\"elementor-widget-container\">\n<div class=\"elementor-text-editor elementor-clearfix\"><strong>Curs 2020-2021<\/strong><\/div>\n<div><\/div>\n<\/div>\n<\/div>\n<\/div>\n<\/div>\n<\/div>\n<\/div>\n<\/div>\n<\/section>\n<p style=\"text-align: justify;\"><a href=\"https:\/\/agora.xtec.cat\/ieslajonquera\/wp-content\/uploads\/usu2014\/2021\/01\/IMG_20210119_131503.jpg\"><img loading=\"lazy\" decoding=\"async\" class=\" wp-image-2501 alignleft\" src=\"https:\/\/agora.xtec.cat\/ieslajonquera\/wp-content\/uploads\/usu2014\/2021\/01\/IMG_20210119_131503.jpg\" alt=\"\" width=\"754\" height=\"430\" srcset=\"https:\/\/agora.xtec.cat\/ieslajonquera\/wp-content\/uploads\/usu2014\/2021\/01\/IMG_20210119_131503.jpg 1005w, https:\/\/agora.xtec.cat\/ieslajonquera\/wp-content\/uploads\/usu2014\/2021\/01\/IMG_20210119_131503-300x171.jpg 300w, https:\/\/agora.xtec.cat\/ieslajonquera\/wp-content\/uploads\/usu2014\/2021\/01\/IMG_20210119_131503-768x439.jpg 768w\" sizes=\"auto, (max-width: 754px) 100vw, 754px\" \/><\/a>Els alumnes de 4t d\u2019ESO van formar part del projecte \u2018Tots Dansen\u2019, impulsat per la Generalitat de Catalunya, el Mercat de les Flors i l\u2019Ajuntament de la Jonquera i coordinat pel col\u00b7lectiu AGITART. Van participar activament en un proc\u00e9s de creaci\u00f3 coreogr\u00e0fica, liderat per l\u2019artista Constanza Brncic i compartit amb diferents professors del centre. El resultat va ser un brillant espectacle de dansa contempor\u00e0nia titulat <em>Carrers<\/em>. A trav\u00e9s del reeixit projecte, nascut el curs 2012-2013 a la ciutat de Barcelona, els nois i les noies van veure refor\u00e7at el paper de la dansa com a eina educativa i van treballar la transmissi\u00f3 de valors, la creativitat i el treball en equip.<\/p>\n<p>Podeu veure l\u2019espectacle <em>Carrers<\/em>\u00a0en\u00a0aquest <a href=\"https:\/\/www.facebook.com\/ajuntamentdelajonquera\/videos\/1033210353833737\">enlla\u00e7<\/a>.<\/p>\n<p>Els alumnes de 3r d\u2019ESO van representar l\u2019espectacle \u201cPinya\u201d, de la core\u00f2grafa, performer i artista S\u00f2nia G\u00f3mez, al pavell\u00f3 d\u2019esports municipal a davant dels alumnes de 1r d\u2019ESO.<\/p>\n<p>Es tracta d\u2019un projecte liderat pel Mercat de les Flors i organitzat per AGITART en qu\u00e8 van participat els centres de secund\u00e0ria de l\u2019Alt Empord\u00e0: Institut La Jonquera, Institut Illa de Rodes, Institut Cap Norfeu, INS Castell\u00f3 d\u2019Emp\u00faries, Institut El Bruel Empuriabrava, INS El Pedr\u00f3, Institut Narc\u00eds Monturiol, Institut Ramon Muntaner, Institut Cendrassos, Institut Alexandre Deulofeu i Institut Olivar Gran.<\/p>\n<p>En el cas del nostre centre, va ser l\u2019Ajuntament de la Jonquera qui va finan\u00e7at el projecte.<\/p>\n<p>Podeu veure m\u00e9s fotos i v\u00eddeos en aquest <a href=\"https:\/\/drive.google.com\/drive\/folders\/17swSI-IX0sEGW76I8uhitM7dFyHFGPeX?usp=sharing\">enlla\u00e7<\/a>.<\/p>\n<p><a href=\"https:\/\/drive.google.com\/file\/d\/1eP7BZxyaT6gSMf5Infmg2qVt1KGkajrC\/view?usp=sharing\">M\u00e9s informaci\u00f3 sobre el projecte<\/a>.<\/p>\n<p><strong>Curs 2019-2020<\/strong><\/p>\n<p>Com a conseq\u00fc\u00e8ncia del confinament per la Covid-19, l&#8217;espectacle que havien d&#8217;haver preparat els alumnes de 3r d&#8217;ESO es va acabar transformant en una col\u00b7laboraci\u00f3 puntual d&#8217;alguns alumnes en l&#8217;espectacle virtual Mapa de Ball: &#8220;Carrers&#8221; Edici\u00f3 confinada.<\/p>\n<p><iframe loading=\"lazy\" src=\"\/\/www.youtube.com\/embed\/j0If_VMyBgg\" width=\"891\" height=\"501\" frameborder=\"0\" data-mce-fragment=\"1\"><\/iframe><\/p>\n","protected":false},"excerpt":{"rendered":"<p>El projecte Art i Cos, iniciat el curs 2024-2025,\u00a0\u00e9s l&#8217;hereu de Mapa de Ball i \u00e9s una proposta interdisciplin\u00e0ria impulsada des de les mat\u00e8ries de Ci\u00e8ncies Socials (Hist\u00f2ria de l\u2019Art) i Educaci\u00f3 Visual i Pl\u00e0stica, amb la col\u00b7laboraci\u00f3 d&#8217;una professional del m\u00f3n de la dansa&hellip;  <a href=\"https:\/\/agora.xtec.cat\/ieslajonquera\/projectes\/mapa-de-ball\/\" title=\"Read Art i Cos (abans Mapa de Ball)\">Llegeix m\u00e9s\u00bb<\/a><\/p>\n","protected":false},"author":3,"featured_media":0,"parent":599,"menu_order":0,"comment_status":"closed","ping_status":"closed","template":"page-templates\/side-menu.php","meta":{"_bbp_topic_count":0,"_bbp_reply_count":0,"_bbp_total_topic_count":0,"_bbp_total_reply_count":0,"_bbp_voice_count":0,"_bbp_anonymous_reply_count":0,"_bbp_topic_count_hidden":0,"_bbp_reply_count_hidden":0,"_bbp_forum_subforum_count":0,"footnotes":""},"class_list":["post-3123","page","type-page","status-publish","hentry"],"post_mailing_queue_ids":[],"_links":{"self":[{"href":"https:\/\/agora.xtec.cat\/ieslajonquera\/wp-json\/wp\/v2\/pages\/3123","targetHints":{"allow":["GET"]}}],"collection":[{"href":"https:\/\/agora.xtec.cat\/ieslajonquera\/wp-json\/wp\/v2\/pages"}],"about":[{"href":"https:\/\/agora.xtec.cat\/ieslajonquera\/wp-json\/wp\/v2\/types\/page"}],"author":[{"embeddable":true,"href":"https:\/\/agora.xtec.cat\/ieslajonquera\/wp-json\/wp\/v2\/users\/3"}],"replies":[{"embeddable":true,"href":"https:\/\/agora.xtec.cat\/ieslajonquera\/wp-json\/wp\/v2\/comments?post=3123"}],"version-history":[{"count":6,"href":"https:\/\/agora.xtec.cat\/ieslajonquera\/wp-json\/wp\/v2\/pages\/3123\/revisions"}],"predecessor-version":[{"id":6353,"href":"https:\/\/agora.xtec.cat\/ieslajonquera\/wp-json\/wp\/v2\/pages\/3123\/revisions\/6353"}],"up":[{"embeddable":true,"href":"https:\/\/agora.xtec.cat\/ieslajonquera\/wp-json\/wp\/v2\/pages\/599"}],"wp:attachment":[{"href":"https:\/\/agora.xtec.cat\/ieslajonquera\/wp-json\/wp\/v2\/media?parent=3123"}],"curies":[{"name":"wp","href":"https:\/\/api.w.org\/{rel}","templated":true}]}}