{"id":27,"date":"2014-09-17T16:24:03","date_gmt":"2014-09-17T16:24:03","guid":{"rendered":"http:\/\/agora.xtec.cat\/ieslajonquera\/?page_id=27"},"modified":"2021-04-21T19:06:09","modified_gmt":"2021-04-21T17:06:09","slug":"historia","status":"publish","type":"page","link":"https:\/\/agora.xtec.cat\/ieslajonquera\/linstitut\/historia\/","title":{"rendered":"Hist\u00f2ria"},"content":{"rendered":"<div><\/div>\n<div><a href=\"https:\/\/agora.xtec.cat\/ieslajonquera\/wp-content\/uploads\/usu2014\/2019\/05\/dsc_0051.jpg\"><img loading=\"lazy\" decoding=\"async\" class=\"wp-image-501 size-medium alignleft\" src=\"https:\/\/agora.xtec.cat\/ieslajonquera\/wp-content\/uploads\/usu2014\/2019\/05\/dsc_0051-300x200.jpg\" alt=\"\" width=\"300\" height=\"200\" srcset=\"https:\/\/agora.xtec.cat\/ieslajonquera\/wp-content\/uploads\/usu2014\/2019\/05\/dsc_0051-300x200.jpg 300w, https:\/\/agora.xtec.cat\/ieslajonquera\/wp-content\/uploads\/usu2014\/2019\/05\/dsc_0051-768x511.jpg 768w, https:\/\/agora.xtec.cat\/ieslajonquera\/wp-content\/uploads\/usu2014\/2019\/05\/dsc_0051-1024x681.jpg 1024w, https:\/\/agora.xtec.cat\/ieslajonquera\/wp-content\/uploads\/usu2014\/2019\/05\/dsc_0051.jpg 1600w\" sizes=\"auto, (max-width: 300px) 100vw, 300px\" \/><\/a>&nbsp;<\/p>\n<p>L&#8217;INS de La Jonquera va comen\u00e7ar les activitats docents el 19 de setembre de l&#8217;any 1996 amb noranta alumnes i nou professors ubicats en quatre m\u00f2duls prefabricats al costat de la piscina.<\/p>\n<p>Durant m\u00e9s de vuit anys, el centre va augmentar en alumnat, professorat i tamb\u00e9 en m\u00f2duls. Finalment es va construir l&#8217;edifici de l&#8217;Institut i el trasllat es va fer durant el Nadal del 2004.<\/p>\n<\/div>\n","protected":false},"excerpt":{"rendered":"<p><a href=\"https:\/\/agora.xtec.cat\/ieslajonquera\/wp-content\/uploads\/usu2014\/2019\/05\/dsc_0051.jpg\"><\/a>&nbsp;<br \/>\nL&#8217;INS de La Jonquera va comen\u00e7ar les activitats docents el 19 de setembre de l&#8217;any 1996 amb noranta alumnes i nou professors ubicats en quatre m\u00f2duls prefabricats al costat de la piscina.<br \/>\nDurant m\u00e9s de vuit anys, el centre va augmentar en alumnat, professorat i&hellip;  <a href=\"https:\/\/agora.xtec.cat\/ieslajonquera\/linstitut\/historia\/\" title=\"Read Hist\u00f2ria\">Llegeix m\u00e9s\u00bb<\/a><\/p>\n","protected":false},"author":1,"featured_media":0,"parent":19,"menu_order":20,"comment_status":"closed","ping_status":"closed","template":"page-templates\/side-menu.php","meta":{"_bbp_topic_count":0,"_bbp_reply_count":0,"_bbp_total_topic_count":0,"_bbp_total_reply_count":0,"_bbp_voice_count":0,"_bbp_anonymous_reply_count":0,"_bbp_topic_count_hidden":0,"_bbp_reply_count_hidden":0,"_bbp_forum_subforum_count":0,"footnotes":""},"class_list":["post-27","page","type-page","status-publish","hentry"],"post_mailing_queue_ids":[],"_links":{"self":[{"href":"https:\/\/agora.xtec.cat\/ieslajonquera\/wp-json\/wp\/v2\/pages\/27","targetHints":{"allow":["GET"]}}],"collection":[{"href":"https:\/\/agora.xtec.cat\/ieslajonquera\/wp-json\/wp\/v2\/pages"}],"about":[{"href":"https:\/\/agora.xtec.cat\/ieslajonquera\/wp-json\/wp\/v2\/types\/page"}],"author":[{"embeddable":true,"href":"https:\/\/agora.xtec.cat\/ieslajonquera\/wp-json\/wp\/v2\/users\/1"}],"replies":[{"embeddable":true,"href":"https:\/\/agora.xtec.cat\/ieslajonquera\/wp-json\/wp\/v2\/comments?post=27"}],"version-history":[{"count":4,"href":"https:\/\/agora.xtec.cat\/ieslajonquera\/wp-json\/wp\/v2\/pages\/27\/revisions"}],"predecessor-version":[{"id":2896,"href":"https:\/\/agora.xtec.cat\/ieslajonquera\/wp-json\/wp\/v2\/pages\/27\/revisions\/2896"}],"up":[{"embeddable":true,"href":"https:\/\/agora.xtec.cat\/ieslajonquera\/wp-json\/wp\/v2\/pages\/19"}],"wp:attachment":[{"href":"https:\/\/agora.xtec.cat\/ieslajonquera\/wp-json\/wp\/v2\/media?parent=27"}],"curies":[{"name":"wp","href":"https:\/\/api.w.org\/{rel}","templated":true}]}}