{"id":2569,"date":"2021-02-08T13:16:16","date_gmt":"2021-02-08T12:16:16","guid":{"rendered":"https:\/\/agora.xtec.cat\/ieslajonquera\/?page_id=2569"},"modified":"2023-07-05T16:57:09","modified_gmt":"2023-07-05T14:57:09","slug":"curs-2019-2020","status":"publish","type":"page","link":"https:\/\/agora.xtec.cat\/ieslajonquera\/projectes\/club-de-lectura\/curs-2019-2020\/","title":{"rendered":"Curs 2019-2020"},"content":{"rendered":"<p style=\"text-align: justify;\">Uns 25 alumnes d&#8217;ESO (primer, segon i quart) i Batxillerat (primer) han assistit regularment a les trobades del Club, que tenen lloc a la biblioteca del centre, un cop al mes aproximadament i en horari lectiu (al llarg de una de les \u00faltimes quatre hores dels divendres).<\/p>\n<p style=\"text-align: justify;\">La iniciativa ha tingut molt bona acollida entre l&#8217;alumnat i al llarg de tot el curs el nombre de participants s&#8217;ha mantingut estable, amb una llista d&#8217;espera d&#8217;aproximadament quatre alumnes i molt poques baixes.<\/p>\n<p style=\"text-align: justify;\">Un cop vam fer la primera sessi\u00f3, l&#8217;autor del llibre <em>Negorith<\/em>, Iv\u00e1n Ledesma, es va posar en contacte amb el centre a trav\u00e9s de les xarxes socials i es va oferir a venir.<\/p>\n<p style=\"text-align: justify;\">Posteriorment, a cada sessi\u00f3, hi ha hagut alguna persona convidada que podia aportar algun coneixement relacionat amb la lectura de cada llibre: <em>El misteri\u00f3s incident del gos a mitjanit<\/em> (una psic\u00f2loga parla sobre l&#8217;autisme), <em>La porta dels tres panys<\/em> (dos alumnes de 2n de Batxillerat i un membre del Club de 1r de Batxillerat parlen sobre f\u00edsica qu\u00e0ntica), <em>Mentida<\/em> (un professor de biologia parla sobre la migraci\u00f3 de les aus).<\/p>\n<p style=\"text-align: justify;\">Malauradament, la trobada de membres dels clubs de lectura dels instituts de l&#8217;Alt Empord\u00e0 del mes de maig, en qu\u00e8 hi havia de participar l&#8217;escriptora Care Santos, s&#8217;ha hagut de suspendre com a conseq\u00fc\u00e8ncia de la Covid-19.<\/p>\n<p style=\"text-align: justify;\"><a href=\"https:\/\/drive.google.com\/drive\/folders\/1-9No-BM_all9rAF1WOrWw_5KvViZ3olh?usp=sharing\">Fotos de les sessions<\/a><\/p>\n<table style=\"width: 994px;\">\n<tbody>\n<tr>\n<td style=\"width: 203.083px;\"><a href=\"https:\/\/agora.xtec.cat\/ieslajonquera\/wp-content\/uploads\/usu2014\/2023\/07\/Negorith.jpg\"><img loading=\"lazy\" decoding=\"async\" class=\"aligncenter size-medium wp-image-4958\" src=\"https:\/\/agora.xtec.cat\/ieslajonquera\/wp-content\/uploads\/usu2014\/2023\/07\/Negorith-209x300.jpg\" alt=\"\" width=\"209\" height=\"300\" srcset=\"https:\/\/agora.xtec.cat\/ieslajonquera\/wp-content\/uploads\/usu2014\/2023\/07\/Negorith-209x300.jpg 209w, https:\/\/agora.xtec.cat\/ieslajonquera\/wp-content\/uploads\/usu2014\/2023\/07\/Negorith.jpg 229w\" sizes=\"auto, (max-width: 209px) 100vw, 209px\" \/><\/a><\/td>\n<td style=\"width: 190.283px;\"><a href=\"https:\/\/agora.xtec.cat\/ieslajonquera\/wp-content\/uploads\/usu2014\/2020\/05\/gos.jpg\"><img loading=\"lazy\" decoding=\"async\" class=\"aligncenter size-full wp-image-1811\" src=\"https:\/\/agora.xtec.cat\/ieslajonquera\/wp-content\/uploads\/usu2014\/2020\/05\/gos.jpg\" alt=\"\" width=\"180\" height=\"280\" \/><\/a><\/td>\n<td style=\"width: 209.983px;\"><a href=\"https:\/\/agora.xtec.cat\/ieslajonquera\/wp-content\/uploads\/usu2014\/2019\/12\/IMG_20191213_120910-1.jpg\"><img loading=\"lazy\" decoding=\"async\" class=\"aligncenter wp-image-1380\" src=\"https:\/\/agora.xtec.cat\/ieslajonquera\/wp-content\/uploads\/usu2014\/2019\/12\/IMG_20191213_120910-1-225x300.jpg\" alt=\"\" width=\"201\" height=\"268\" srcset=\"https:\/\/agora.xtec.cat\/ieslajonquera\/wp-content\/uploads\/usu2014\/2019\/12\/IMG_20191213_120910-1-225x300.jpg 225w, https:\/\/agora.xtec.cat\/ieslajonquera\/wp-content\/uploads\/usu2014\/2019\/12\/IMG_20191213_120910-1-768x1024.jpg 768w\" sizes=\"auto, (max-width: 201px) 100vw, 201px\" \/><\/a><\/td>\n<td style=\"width: 181.433px;\"><a href=\"https:\/\/agora.xtec.cat\/ieslajonquera\/wp-content\/uploads\/usu2014\/2020\/05\/mentida.jpg\"><img loading=\"lazy\" decoding=\"async\" class=\"aligncenter wp-image-1812\" src=\"https:\/\/agora.xtec.cat\/ieslajonquera\/wp-content\/uploads\/usu2014\/2020\/05\/mentida-190x300.jpg\" alt=\"\" width=\"171\" height=\"270\" srcset=\"https:\/\/agora.xtec.cat\/ieslajonquera\/wp-content\/uploads\/usu2014\/2020\/05\/mentida-190x300.jpg 190w, https:\/\/agora.xtec.cat\/ieslajonquera\/wp-content\/uploads\/usu2014\/2020\/05\/mentida.jpg 316w\" sizes=\"auto, (max-width: 171px) 100vw, 171px\" \/><\/a><\/td>\n<td style=\"width: 195.217px;\"><a href=\"https:\/\/agora.xtec.cat\/ieslajonquera\/wp-content\/uploads\/usu2014\/2021\/01\/81WWMipb5VL.jpg\"><img loading=\"lazy\" decoding=\"async\" class=\"aligncenter size-medium wp-image-2486\" src=\"https:\/\/agora.xtec.cat\/ieslajonquera\/wp-content\/uploads\/usu2014\/2021\/01\/81WWMipb5VL-197x300.jpg\" alt=\"\" width=\"197\" height=\"300\" srcset=\"https:\/\/agora.xtec.cat\/ieslajonquera\/wp-content\/uploads\/usu2014\/2021\/01\/81WWMipb5VL-197x300.jpg 197w, https:\/\/agora.xtec.cat\/ieslajonquera\/wp-content\/uploads\/usu2014\/2021\/01\/81WWMipb5VL-768x1167.jpg 768w, https:\/\/agora.xtec.cat\/ieslajonquera\/wp-content\/uploads\/usu2014\/2021\/01\/81WWMipb5VL-674x1024.jpg 674w, https:\/\/agora.xtec.cat\/ieslajonquera\/wp-content\/uploads\/usu2014\/2021\/01\/81WWMipb5VL.jpg 1685w\" sizes=\"auto, (max-width: 197px) 100vw, 197px\" \/><\/a><\/td>\n<\/tr>\n<\/tbody>\n<\/table>\n<p>&nbsp;<\/p>\n","protected":false},"excerpt":{"rendered":"<p>Uns 25 alumnes d&#8217;ESO (primer, segon i quart) i Batxillerat (primer) han assistit regularment a les trobades del Club, que tenen lloc a la biblioteca del centre, un cop al mes aproximadament i en horari lectiu (al llarg de una de les \u00faltimes quatre hores&hellip;  <a href=\"https:\/\/agora.xtec.cat\/ieslajonquera\/projectes\/club-de-lectura\/curs-2019-2020\/\" title=\"Read Curs 2019-2020\">Llegeix m\u00e9s\u00bb<\/a><\/p>\n","protected":false},"author":3,"featured_media":0,"parent":1609,"menu_order":0,"comment_status":"closed","ping_status":"closed","template":"page-templates\/side-menu.php","meta":{"_bbp_topic_count":0,"_bbp_reply_count":0,"_bbp_total_topic_count":0,"_bbp_total_reply_count":0,"_bbp_voice_count":0,"_bbp_anonymous_reply_count":0,"_bbp_topic_count_hidden":0,"_bbp_reply_count_hidden":0,"_bbp_forum_subforum_count":0,"footnotes":""},"class_list":["post-2569","page","type-page","status-publish","hentry"],"post_mailing_queue_ids":[],"_links":{"self":[{"href":"https:\/\/agora.xtec.cat\/ieslajonquera\/wp-json\/wp\/v2\/pages\/2569","targetHints":{"allow":["GET"]}}],"collection":[{"href":"https:\/\/agora.xtec.cat\/ieslajonquera\/wp-json\/wp\/v2\/pages"}],"about":[{"href":"https:\/\/agora.xtec.cat\/ieslajonquera\/wp-json\/wp\/v2\/types\/page"}],"author":[{"embeddable":true,"href":"https:\/\/agora.xtec.cat\/ieslajonquera\/wp-json\/wp\/v2\/users\/3"}],"replies":[{"embeddable":true,"href":"https:\/\/agora.xtec.cat\/ieslajonquera\/wp-json\/wp\/v2\/comments?post=2569"}],"version-history":[{"count":2,"href":"https:\/\/agora.xtec.cat\/ieslajonquera\/wp-json\/wp\/v2\/pages\/2569\/revisions"}],"predecessor-version":[{"id":4959,"href":"https:\/\/agora.xtec.cat\/ieslajonquera\/wp-json\/wp\/v2\/pages\/2569\/revisions\/4959"}],"up":[{"embeddable":true,"href":"https:\/\/agora.xtec.cat\/ieslajonquera\/wp-json\/wp\/v2\/pages\/1609"}],"wp:attachment":[{"href":"https:\/\/agora.xtec.cat\/ieslajonquera\/wp-json\/wp\/v2\/media?parent=2569"}],"curies":[{"name":"wp","href":"https:\/\/api.w.org\/{rel}","templated":true}]}}