{"id":2178,"date":"2020-10-27T13:44:48","date_gmt":"2020-10-27T12:44:48","guid":{"rendered":"https:\/\/agora.xtec.cat\/ieslajonquera\/?page_id=2178"},"modified":"2025-07-15T17:44:18","modified_gmt":"2025-07-15T15:44:18","slug":"ficcions","status":"publish","type":"page","link":"https:\/\/agora.xtec.cat\/ieslajonquera\/projectes\/ficcions\/","title":{"rendered":"Ficcions"},"content":{"rendered":"<p style=\"text-align: justify;\">FICCIONS \u00e9s una iniciativa de l\u2019Associaci\u00f3 de Mitjans d\u2019Informaci\u00f3 i Comunicaci\u00f3 (AMIC) per promoure la lectura i l\u2019escriptura en catal\u00e0 entre els joves dels territoris de parla catalana. L\u2019AMIC representa a m\u00e9s de tres-centes publicacions en paper i digitals fortament arrelades al territori.<\/p>\n<p style=\"text-align: justify;\">Es tracta d\u2019un concurs amb molta tradici\u00f3 al nostre centre en qu\u00e8 participen alumnes del centre de 3r i 4t d\u2019ESO i 1r de Batxillerat en el marc de l\u2019assignatura de Llengua catalana i literatura. Els participants han de continuar un fragment d\u2019una novel\u00b7la al llarg de tres cap\u00edtols que van publicant, a mesura que els escriuen, a la\u00a0<a href=\"https:\/\/www.ficcions.cat\/ficcions\/\">p\u00e0gina web de Ficcions<\/a>.<\/p>\n<p><a href=\"https:\/\/agora.xtec.cat\/ieslajonquera\/wp-content\/uploads\/usu2014\/2020\/04\/head_tit_ficcions.jpg\"><img loading=\"lazy\" decoding=\"async\" class=\"aligncenter size-medium wp-image-1787\" src=\"https:\/\/agora.xtec.cat\/ieslajonquera\/wp-content\/uploads\/usu2014\/2020\/04\/head_tit_ficcions-300x61.jpg\" alt=\"\" width=\"300\" height=\"61\" srcset=\"https:\/\/agora.xtec.cat\/ieslajonquera\/wp-content\/uploads\/usu2014\/2020\/04\/head_tit_ficcions-300x61.jpg 300w, https:\/\/agora.xtec.cat\/ieslajonquera\/wp-content\/uploads\/usu2014\/2020\/04\/head_tit_ficcions-768x156.jpg 768w, https:\/\/agora.xtec.cat\/ieslajonquera\/wp-content\/uploads\/usu2014\/2020\/04\/head_tit_ficcions.jpg 999w\" sizes=\"auto, (max-width: 300px) 100vw, 300px\" \/><\/a><\/p>\n<p><strong>Curs 2024-2025<\/strong><\/p>\n<p style=\"text-align: justify;\"><a href=\"https:\/\/agora.xtec.cat\/ieslajonquera\/wp-content\/uploads\/usu2014\/2025\/05\/3r-dESO_Ficcions.jpg\"><img loading=\"lazy\" decoding=\"async\" class=\" wp-image-6161 alignleft\" src=\"https:\/\/agora.xtec.cat\/ieslajonquera\/wp-content\/uploads\/usu2014\/2025\/05\/3r-dESO_Ficcions-821x1024.jpg\" alt=\"\" width=\"206\" height=\"257\" srcset=\"https:\/\/agora.xtec.cat\/ieslajonquera\/wp-content\/uploads\/usu2014\/2025\/05\/3r-dESO_Ficcions-821x1024.jpg 821w, https:\/\/agora.xtec.cat\/ieslajonquera\/wp-content\/uploads\/usu2014\/2025\/05\/3r-dESO_Ficcions-240x300.jpg 240w, https:\/\/agora.xtec.cat\/ieslajonquera\/wp-content\/uploads\/usu2014\/2025\/05\/3r-dESO_Ficcions-768x958.jpg 768w, https:\/\/agora.xtec.cat\/ieslajonquera\/wp-content\/uploads\/usu2014\/2025\/05\/3r-dESO_Ficcions.jpg 992w\" sizes=\"auto, (max-width: 206px) 100vw, 206px\" \/><\/a>Els alumnes de 3r d\u2019ESO B Ma\u00eblle Cord\u00f3n, Juli G\u00f3mez, Elvis Caicedo i Daniel Cuenca, van quedar finalistes d\u2019honor al concurs. A l\u2019acte d\u2019entrega de premis, hi va participar l\u2019escriptor Jordi Sierra i Fabra entre d\u2019altres personalitats del m\u00f3n de la cultura catalana.<\/p>\n<div class=\"addtoany_share_save_container addtoany_content addtoany_content_bottom\"><\/div>\n<p>&nbsp;<\/p>\n<p>&nbsp;<\/p>\n<p>&nbsp;<\/p>\n<p>&nbsp;<\/p>\n<p><strong>Curs 2023-2024<\/strong><\/p>\n<p style=\"text-align: justify;\"><a href=\"https:\/\/agora.xtec.cat\/ieslajonquera\/wp-content\/uploads\/usu2014\/2024\/05\/4t-dESO_Ficcions.webp\"><img loading=\"lazy\" decoding=\"async\" class=\" wp-image-5555 alignleft\" src=\"https:\/\/agora.xtec.cat\/ieslajonquera\/wp-content\/uploads\/usu2014\/2024\/05\/4t-dESO_Ficcions-1024x1024.webp\" alt=\"\" width=\"205\" height=\"205\" srcset=\"https:\/\/agora.xtec.cat\/ieslajonquera\/wp-content\/uploads\/usu2014\/2024\/05\/4t-dESO_Ficcions-1024x1024.webp 1024w, https:\/\/agora.xtec.cat\/ieslajonquera\/wp-content\/uploads\/usu2014\/2024\/05\/4t-dESO_Ficcions-300x300.webp 300w, https:\/\/agora.xtec.cat\/ieslajonquera\/wp-content\/uploads\/usu2014\/2024\/05\/4t-dESO_Ficcions-150x150.webp 150w, https:\/\/agora.xtec.cat\/ieslajonquera\/wp-content\/uploads\/usu2014\/2024\/05\/4t-dESO_Ficcions-768x768.webp 768w, https:\/\/agora.xtec.cat\/ieslajonquera\/wp-content\/uploads\/usu2014\/2024\/05\/4t-dESO_Ficcions.webp 1200w\" sizes=\"auto, (max-width: 205px) 100vw, 205px\" \/><\/a>A l&#8217;acte de lliurament de premis, celebrat a Barcelona, al CaixaForum, hi va haver la intervenci\u00f3, entre d&#8217;altres personalitats del m\u00f3n de la cultura catalana, de l&#8217;escriptor Jordi Sierra i Fabra i del cantant Miki N\u00fa\u00f1ez. Van quedar finalistes d\u2019honor les alumnes: Irache Santana i Bruna Carreras (4t B).<\/p>\n<p>&nbsp;<\/p>\n<p>&nbsp;<\/p>\n<p>&nbsp;<\/p>\n<p>&nbsp;<\/p>\n<p><strong>Curs 2022-2023<\/strong><\/p>\n<p><a href=\"https:\/\/agora.xtec.cat\/ieslajonquera\/wp-content\/uploads\/usu2014\/2023\/05\/20230523_182611-1.jpg\"><img loading=\"lazy\" decoding=\"async\" class=\" wp-image-4830 alignleft\" src=\"https:\/\/agora.xtec.cat\/ieslajonquera\/wp-content\/uploads\/usu2014\/2023\/05\/20230523_182611-1-273x300.jpg\" alt=\"\" width=\"198\" height=\"218\" srcset=\"https:\/\/agora.xtec.cat\/ieslajonquera\/wp-content\/uploads\/usu2014\/2023\/05\/20230523_182611-1-273x300.jpg 273w, https:\/\/agora.xtec.cat\/ieslajonquera\/wp-content\/uploads\/usu2014\/2023\/05\/20230523_182611-1-931x1024.jpg 931w, https:\/\/agora.xtec.cat\/ieslajonquera\/wp-content\/uploads\/usu2014\/2023\/05\/20230523_182611-1-768x845.jpg 768w, https:\/\/agora.xtec.cat\/ieslajonquera\/wp-content\/uploads\/usu2014\/2023\/05\/20230523_182611-1.jpg 1024w\" sizes=\"auto, (max-width: 198px) 100vw, 198px\" \/><\/a><\/p>\n<p style=\"text-align: justify;\">A l&#8217;acte de lliurament de premis, que es va tornar a celebrar a Barcelona, al CaixaForum, i va comptar amb la intervenci\u00f3, entre d&#8217;altres, de l&#8217;escriptor Jordi Sierra i Fabra, van quedar finalistes d\u2019honor els alumnes: Tomeu Beltran, Jerem\u00edas D\u00e9cima i Adri\u00e0 Ledesma (4t A), i la professora Olga Tribulietx.<\/p>\n<p>&nbsp;<\/p>\n<p>&nbsp;<\/p>\n<p>&nbsp;<\/p>\n<p>&nbsp;<\/p>\n<p><strong>Curs 2021-2022<\/strong><\/p>\n<p><a href=\"https:\/\/agora.xtec.cat\/ieslajonquera\/wp-content\/uploads\/usu2014\/2023\/07\/IMG-20220526-WA0009.jpg\"><img loading=\"lazy\" decoding=\"async\" class=\" wp-image-4967 alignleft\" src=\"https:\/\/agora.xtec.cat\/ieslajonquera\/wp-content\/uploads\/usu2014\/2023\/07\/IMG-20220526-WA0009-300x225.jpg\" alt=\"\" width=\"319\" height=\"239\" srcset=\"https:\/\/agora.xtec.cat\/ieslajonquera\/wp-content\/uploads\/usu2014\/2023\/07\/IMG-20220526-WA0009-300x225.jpg 300w, https:\/\/agora.xtec.cat\/ieslajonquera\/wp-content\/uploads\/usu2014\/2023\/07\/IMG-20220526-WA0009-1024x768.jpg 1024w, https:\/\/agora.xtec.cat\/ieslajonquera\/wp-content\/uploads\/usu2014\/2023\/07\/IMG-20220526-WA0009-768x576.jpg 768w, https:\/\/agora.xtec.cat\/ieslajonquera\/wp-content\/uploads\/usu2014\/2023\/07\/IMG-20220526-WA0009-1536x1152.jpg 1536w, https:\/\/agora.xtec.cat\/ieslajonquera\/wp-content\/uploads\/usu2014\/2023\/07\/IMG-20220526-WA0009-200x150.jpg 200w, https:\/\/agora.xtec.cat\/ieslajonquera\/wp-content\/uploads\/usu2014\/2023\/07\/IMG-20220526-WA0009.jpg 1600w\" sizes=\"auto, (max-width: 319px) 100vw, 319px\" \/><\/a>Per primer cop despr\u00e9s de la pand\u00e8mia, l&#8217;acte de lliurament de premis va ser presencial (es va celebrar a Barcelona).<\/p>\n<p>La Marina Ribas, l\u2019Ona Pumarola i la Tatiana Buxeda, de 4t A, van ser finalistes d\u2019honor.<\/p>\n<p>En Mart\u00ed Faig, en Roger Comas i en Yuri Lechuga, de 1r de Batxillerat, van ser finalistes d\u2019honor.<\/p>\n<p>La Salma Rebroub, de 1r de Batxillerat,va guanyar el Premi Territorial Empord\u00e0.<\/p>\n<p>La professora Olga Tribulietx, per segon any consecutiu, va guanyar el Premi a la professora m\u00e9s motivadora de la prov\u00edncia de Girona.<\/p>\n<p><a href=\"https:\/\/drive.google.com\/drive\/folders\/1dBqm-f87g4Uj9ESMEJmKTCTW6i4uOdRV?usp=sharing\">Fotos<\/a> de l\u2019acte de lliurament de premis.<\/p>\n<p style=\"text-align: justify;\"><strong>Curs 2020-2021<\/strong><\/p>\n<p style=\"text-align: justify;\">Per segon any consecutiu, l\u2019acte de lliurament de premis del concurs literari <a href=\"https:\/\/m.ficcions.cat\/\">AMIC-Ficcions<\/a> va ser telem\u00e0tic. Des de l\u2019institut ho vam seguir plegats i ens vam reunir en un espai cedit pel <a href=\"https:\/\/www.museuexili.cat\/ca\/\">MUME<\/a> (Museu Memorial de l\u2019Exili).<\/p>\n<table>\n<tbody>\n<tr>\n<td><a href=\"https:\/\/agora.xtec.cat\/ieslajonquera\/wp-content\/uploads\/usu2014\/2021\/06\/20210527_1708331.jpg\"><img loading=\"lazy\" decoding=\"async\" class=\"size-medium wp-image-2979 alignleft\" src=\"https:\/\/agora.xtec.cat\/ieslajonquera\/wp-content\/uploads\/usu2014\/2021\/06\/20210527_1708331-300x225.jpg\" sizes=\"auto, (max-width: 300px) 100vw, 300px\" srcset=\"https:\/\/agora.xtec.cat\/ieslajonquera\/wp-content\/uploads\/usu2014\/2021\/06\/20210527_1708331-300x225.jpg 300w, https:\/\/agora.xtec.cat\/ieslajonquera\/wp-content\/uploads\/usu2014\/2021\/06\/20210527_1708331-768x576.jpg 768w, https:\/\/agora.xtec.cat\/ieslajonquera\/wp-content\/uploads\/usu2014\/2021\/06\/20210527_1708331.jpg 1024w, https:\/\/agora.xtec.cat\/ieslajonquera\/wp-content\/uploads\/usu2014\/2021\/06\/20210527_1708331-200x150.jpg 200w\" alt=\"\" width=\"300\" height=\"225\" \/><\/a><\/td>\n<td><img loading=\"lazy\" decoding=\"async\" class=\"size-medium wp-image-2981 alignleft\" src=\"https:\/\/agora.xtec.cat\/ieslajonquera\/wp-content\/uploads\/usu2014\/2021\/06\/20210601_1246251-300x225.jpg\" sizes=\"auto, (max-width: 300px) 100vw, 300px\" srcset=\"https:\/\/agora.xtec.cat\/ieslajonquera\/wp-content\/uploads\/usu2014\/2021\/06\/20210601_1246251-300x225.jpg 300w, https:\/\/agora.xtec.cat\/ieslajonquera\/wp-content\/uploads\/usu2014\/2021\/06\/20210601_1246251-768x576.jpg 768w, https:\/\/agora.xtec.cat\/ieslajonquera\/wp-content\/uploads\/usu2014\/2021\/06\/20210601_1246251.jpg 1024w, https:\/\/agora.xtec.cat\/ieslajonquera\/wp-content\/uploads\/usu2014\/2021\/06\/20210601_1246251-200x150.jpg 200w\" alt=\"\" width=\"300\" height=\"225\" \/><\/td>\n<td><a href=\"https:\/\/agora.xtec.cat\/ieslajonquera\/wp-content\/uploads\/usu2014\/2021\/06\/20210601_1244571.jpg\"><img loading=\"lazy\" decoding=\"async\" class=\"size-medium wp-image-2980 alignleft\" src=\"https:\/\/agora.xtec.cat\/ieslajonquera\/wp-content\/uploads\/usu2014\/2021\/06\/20210601_1244571-300x225.jpg\" sizes=\"auto, (max-width: 300px) 100vw, 300px\" srcset=\"https:\/\/agora.xtec.cat\/ieslajonquera\/wp-content\/uploads\/usu2014\/2021\/06\/20210601_1244571-300x225.jpg 300w, https:\/\/agora.xtec.cat\/ieslajonquera\/wp-content\/uploads\/usu2014\/2021\/06\/20210601_1244571-768x576.jpg 768w, https:\/\/agora.xtec.cat\/ieslajonquera\/wp-content\/uploads\/usu2014\/2021\/06\/20210601_1244571.jpg 1024w, https:\/\/agora.xtec.cat\/ieslajonquera\/wp-content\/uploads\/usu2014\/2021\/06\/20210601_1244571-200x150.jpg 200w\" alt=\"\" width=\"300\" height=\"225\" \/><\/a><\/td>\n<\/tr>\n<\/tbody>\n<\/table>\n<p style=\"text-align: justify;\">La totalitat dels divuit alumnes finalistes, repartits entre els cursos 3r i 4t d\u2019ESO i 1r i 2n de Batxillerat, van obtenir la distinci\u00f3 \u201cFinalista d\u2019honor\u201d. Pel que fa a les professores implicades, l\u2019Annabel Casadevall tamb\u00e9 va ser \u201cFinalista d\u2019honor\u201d, mentre que l\u2019Olga Tribulietx va estar guardonada amb el premi a la Professora M\u00e9s Motivadora de Girona.<\/p>\n<p><strong>Curs 2019-2020<\/strong><\/p>\n<p style=\"text-align: justify;\">Vuit alumnes de 1r de Batxillerat, repartits en quatre grups, van ser finalistes d&#8217;honor: Iv\u00e1n Mart\u00ednez; Elsa Yeste, Laura Moreno i Victor Masuaute; Mariama Conday i Victoria Mart\u00ednez, i Bruno Platas i Ferran Mandado. La cerim\u00f2nia de lliurament de premis es va haver de fer de manera telem\u00e0tica per la covid-19.<\/p>\n<p><strong>Curs 2018-2019<\/strong><\/p>\n<p>Els alumnes: Ashly Colon, Cl\u00e0udia Cea, Jordi Rescalvo i Quim Ribas van ser finalistes d&#8217;honor, mentre que l&#8217;Ivan Mart\u00ednez va guanyar el Premi Territorial Empord\u00e0.<\/p>\n<p><a href=\"https:\/\/agora.xtec.cat\/ieslajonquera\/wp-content\/uploads\/usu2014\/2023\/07\/IMG_20190522_1203551.jpg\"><img loading=\"lazy\" decoding=\"async\" class=\"size-medium wp-image-4965\" src=\"https:\/\/agora.xtec.cat\/ieslajonquera\/wp-content\/uploads\/usu2014\/2023\/07\/IMG_20190522_1203551-300x225.jpg\" alt=\"\" width=\"300\" height=\"225\" srcset=\"https:\/\/agora.xtec.cat\/ieslajonquera\/wp-content\/uploads\/usu2014\/2023\/07\/IMG_20190522_1203551-300x225.jpg 300w, https:\/\/agora.xtec.cat\/ieslajonquera\/wp-content\/uploads\/usu2014\/2023\/07\/IMG_20190522_1203551-768x576.jpg 768w, https:\/\/agora.xtec.cat\/ieslajonquera\/wp-content\/uploads\/usu2014\/2023\/07\/IMG_20190522_1203551-200x150.jpg 200w, https:\/\/agora.xtec.cat\/ieslajonquera\/wp-content\/uploads\/usu2014\/2023\/07\/IMG_20190522_1203551.jpg 1024w\" sizes=\"auto, (max-width: 300px) 100vw, 300px\" \/><\/a><\/p>\n<p><strong>Curs 2017-2018<\/strong><\/p>\n<p>L&#8217;alumne V\u00edctor P\u00e9rez va guanyar el segon premi, mentre que l&#8217;Ashly Colon, l&#8217;Iv\u00e1n Mart\u00ednez, l&#8217;Alba Quintana, la Marianna Conday i l&#8217;Helena Salmer\u00f3n van ser finalistes d&#8217;honor.<\/p>\n<p><a href=\"https:\/\/agora.xtec.cat\/ieslajonquera\/wp-content\/uploads\/usu2014\/2023\/07\/IMG-20180523-WA0011.jpg\"><img loading=\"lazy\" decoding=\"async\" class=\"aligncenter size-medium wp-image-4964\" src=\"https:\/\/agora.xtec.cat\/ieslajonquera\/wp-content\/uploads\/usu2014\/2023\/07\/IMG-20180523-WA0011-300x169.jpg\" alt=\"\" width=\"300\" height=\"169\" srcset=\"https:\/\/agora.xtec.cat\/ieslajonquera\/wp-content\/uploads\/usu2014\/2023\/07\/IMG-20180523-WA0011-300x169.jpg 300w, https:\/\/agora.xtec.cat\/ieslajonquera\/wp-content\/uploads\/usu2014\/2023\/07\/IMG-20180523-WA0011-1024x578.jpg 1024w, https:\/\/agora.xtec.cat\/ieslajonquera\/wp-content\/uploads\/usu2014\/2023\/07\/IMG-20180523-WA0011-768x433.jpg 768w, https:\/\/agora.xtec.cat\/ieslajonquera\/wp-content\/uploads\/usu2014\/2023\/07\/IMG-20180523-WA0011-1536x867.jpg 1536w, https:\/\/agora.xtec.cat\/ieslajonquera\/wp-content\/uploads\/usu2014\/2023\/07\/IMG-20180523-WA0011.jpg 1600w\" sizes=\"auto, (max-width: 300px) 100vw, 300px\" \/><\/a><\/p>\n<p style=\"text-align: justify;\"><strong>Curs 2016-2017<\/strong><\/p>\n<p style=\"text-align: justify;\">La professora Olga Tribulietx va guanyar el premi de la professora m\u00e9s motivadora de Catalunya.<\/p>\n<p><a href=\"https:\/\/agora.xtec.cat\/ieslajonquera\/wp-content\/uploads\/usu2014\/2023\/07\/DSC0391011.jpg\"><img loading=\"lazy\" decoding=\"async\" class=\"size-medium wp-image-4963 aligncenter\" src=\"https:\/\/agora.xtec.cat\/ieslajonquera\/wp-content\/uploads\/usu2014\/2023\/07\/DSC0391011-300x225.jpg\" alt=\"\" width=\"300\" height=\"225\" srcset=\"https:\/\/agora.xtec.cat\/ieslajonquera\/wp-content\/uploads\/usu2014\/2023\/07\/DSC0391011-300x225.jpg 300w, https:\/\/agora.xtec.cat\/ieslajonquera\/wp-content\/uploads\/usu2014\/2023\/07\/DSC0391011-768x576.jpg 768w, https:\/\/agora.xtec.cat\/ieslajonquera\/wp-content\/uploads\/usu2014\/2023\/07\/DSC0391011-200x150.jpg 200w, https:\/\/agora.xtec.cat\/ieslajonquera\/wp-content\/uploads\/usu2014\/2023\/07\/DSC0391011.jpg 1024w\" sizes=\"auto, (max-width: 300px) 100vw, 300px\" \/><\/a><\/p>\n<p>&nbsp;<\/p>\n<p>&nbsp;<\/p>\n<p>&nbsp;<\/p>\n<p style=\"text-align: justify;\">\n","protected":false},"excerpt":{"rendered":"<p>FICCIONS \u00e9s una iniciativa de l\u2019Associaci\u00f3 de Mitjans d\u2019Informaci\u00f3 i Comunicaci\u00f3 (AMIC) per promoure la lectura i l\u2019escriptura en catal\u00e0 entre els joves dels territoris de parla catalana. L\u2019AMIC representa a m\u00e9s de tres-centes publicacions en paper i digitals fortament arrelades al territori.<br \/>\nEs tracta d\u2019un&hellip;  <a href=\"https:\/\/agora.xtec.cat\/ieslajonquera\/projectes\/ficcions\/\" title=\"Read Ficcions\">Llegeix m\u00e9s\u00bb<\/a><\/p>\n","protected":false},"author":3,"featured_media":0,"parent":599,"menu_order":0,"comment_status":"closed","ping_status":"closed","template":"page-templates\/side-menu.php","meta":{"_bbp_topic_count":0,"_bbp_reply_count":0,"_bbp_total_topic_count":0,"_bbp_total_reply_count":0,"_bbp_voice_count":0,"_bbp_anonymous_reply_count":0,"_bbp_topic_count_hidden":0,"_bbp_reply_count_hidden":0,"_bbp_forum_subforum_count":0,"footnotes":""},"class_list":["post-2178","page","type-page","status-publish","hentry"],"post_mailing_queue_ids":[],"_links":{"self":[{"href":"https:\/\/agora.xtec.cat\/ieslajonquera\/wp-json\/wp\/v2\/pages\/2178","targetHints":{"allow":["GET"]}}],"collection":[{"href":"https:\/\/agora.xtec.cat\/ieslajonquera\/wp-json\/wp\/v2\/pages"}],"about":[{"href":"https:\/\/agora.xtec.cat\/ieslajonquera\/wp-json\/wp\/v2\/types\/page"}],"author":[{"embeddable":true,"href":"https:\/\/agora.xtec.cat\/ieslajonquera\/wp-json\/wp\/v2\/users\/3"}],"replies":[{"embeddable":true,"href":"https:\/\/agora.xtec.cat\/ieslajonquera\/wp-json\/wp\/v2\/comments?post=2178"}],"version-history":[{"count":6,"href":"https:\/\/agora.xtec.cat\/ieslajonquera\/wp-json\/wp\/v2\/pages\/2178\/revisions"}],"predecessor-version":[{"id":6319,"href":"https:\/\/agora.xtec.cat\/ieslajonquera\/wp-json\/wp\/v2\/pages\/2178\/revisions\/6319"}],"up":[{"embeddable":true,"href":"https:\/\/agora.xtec.cat\/ieslajonquera\/wp-json\/wp\/v2\/pages\/599"}],"wp:attachment":[{"href":"https:\/\/agora.xtec.cat\/ieslajonquera\/wp-json\/wp\/v2\/media?parent=2178"}],"curies":[{"name":"wp","href":"https:\/\/api.w.org\/{rel}","templated":true}]}}