{"id":19,"date":"2014-09-17T14:56:56","date_gmt":"2014-09-17T14:56:56","guid":{"rendered":"http:\/\/agora.xtec.cat\/ieslajonquera\/?page_id=19"},"modified":"2021-02-16T12:05:05","modified_gmt":"2021-02-16T11:05:05","slug":"linstitut","status":"publish","type":"page","link":"https:\/\/agora.xtec.cat\/ieslajonquera\/linstitut\/","title":{"rendered":"L&#8217;institut"},"content":{"rendered":"<p dir=\"ltr\" style=\"text-align: justify;\"><strong>Benvinguts i benvingudes a la web de l&#8217;INS de La Jonquera<\/strong><\/p>\n<p dir=\"ltr\" style=\"text-align: justify;\">L&#8217;INS de La Jonquera va comen\u00e7ar les activitats docents el 19 de setembre de l&#8217;any 1996 amb 90 alumnes i 9 professors ubicats en 4 m\u00f2duls prefabricats al costat de la piscina.<br \/>\nDurant m\u00e9s de 8 anys, el centre va augmentar en alumnat, professorat i tamb\u00e9 en m\u00f2duls. Finalment, es va construir l&#8217;edifici de l&#8217;Institut i el trasllat es va fer durant el Nadal del 2004.<\/p>\n<p dir=\"ltr\" style=\"text-align: justify;\">Actualment, la comunitat educativa est\u00e0 formada per uns 250 alumnes, una trentena de professors, dos conserges i una administrativa.<\/p>\n<p dir=\"ltr\">\n","protected":false},"excerpt":{"rendered":"<p>Benvinguts i benvingudes a la web de l&#8217;INS de La Jonquera<br \/>\nL&#8217;INS de La Jonquera va comen\u00e7ar les activitats docents el 19 de setembre de l&#8217;any 1996 amb 90 alumnes i 9 professors ubicats en 4 m\u00f2duls prefabricats al costat de la piscina.<br \/>\nDurant m\u00e9s de 8&hellip;  <a href=\"https:\/\/agora.xtec.cat\/ieslajonquera\/linstitut\/\" title=\"Read L&#8217;institut\">Llegeix m\u00e9s\u00bb<\/a><\/p>\n","protected":false},"author":1,"featured_media":0,"parent":0,"menu_order":0,"comment_status":"closed","ping_status":"closed","template":"page-templates\/side-menu.php","meta":{"_bbp_topic_count":0,"_bbp_reply_count":0,"_bbp_total_topic_count":0,"_bbp_total_reply_count":0,"_bbp_voice_count":0,"_bbp_anonymous_reply_count":0,"_bbp_topic_count_hidden":0,"_bbp_reply_count_hidden":0,"_bbp_forum_subforum_count":0,"footnotes":""},"class_list":["post-19","page","type-page","status-publish","hentry"],"post_mailing_queue_ids":[],"_links":{"self":[{"href":"https:\/\/agora.xtec.cat\/ieslajonquera\/wp-json\/wp\/v2\/pages\/19","targetHints":{"allow":["GET"]}}],"collection":[{"href":"https:\/\/agora.xtec.cat\/ieslajonquera\/wp-json\/wp\/v2\/pages"}],"about":[{"href":"https:\/\/agora.xtec.cat\/ieslajonquera\/wp-json\/wp\/v2\/types\/page"}],"author":[{"embeddable":true,"href":"https:\/\/agora.xtec.cat\/ieslajonquera\/wp-json\/wp\/v2\/users\/1"}],"replies":[{"embeddable":true,"href":"https:\/\/agora.xtec.cat\/ieslajonquera\/wp-json\/wp\/v2\/comments?post=19"}],"version-history":[{"count":3,"href":"https:\/\/agora.xtec.cat\/ieslajonquera\/wp-json\/wp\/v2\/pages\/19\/revisions"}],"predecessor-version":[{"id":2655,"href":"https:\/\/agora.xtec.cat\/ieslajonquera\/wp-json\/wp\/v2\/pages\/19\/revisions\/2655"}],"wp:attachment":[{"href":"https:\/\/agora.xtec.cat\/ieslajonquera\/wp-json\/wp\/v2\/media?parent=19"}],"curies":[{"name":"wp","href":"https:\/\/api.w.org\/{rel}","templated":true}]}}