{"id":1628,"date":"2020-03-09T22:50:44","date_gmt":"2020-03-09T21:50:44","guid":{"rendered":"https:\/\/agora.xtec.cat\/ieslajonquera\/?page_id=1628"},"modified":"2021-02-16T16:44:35","modified_gmt":"2021-02-16T15:44:35","slug":"1x1","status":"publish","type":"page","link":"https:\/\/agora.xtec.cat\/ieslajonquera\/projectes\/1x1\/","title":{"rendered":"1&#215;1"},"content":{"rendered":"<p><a href=\"https:\/\/agora.xtec.cat\/ieslajonquera\/wp-content\/uploads\/usu2014\/2020\/07\/490.jpg\"><img loading=\"lazy\" decoding=\"async\" class=\"size-medium wp-image-2010 alignleft\" src=\"https:\/\/agora.xtec.cat\/ieslajonquera\/wp-content\/uploads\/usu2014\/2020\/07\/490-300x203.jpg\" alt=\"\" width=\"300\" height=\"203\" srcset=\"https:\/\/agora.xtec.cat\/ieslajonquera\/wp-content\/uploads\/usu2014\/2020\/07\/490-300x203.jpg 300w, https:\/\/agora.xtec.cat\/ieslajonquera\/wp-content\/uploads\/usu2014\/2020\/07\/490.jpg 474w\" sizes=\"auto, (max-width: 300px) 100vw, 300px\" \/><\/a>El Projecte EduCAT 1&#215;1 va n\u00e9ixer amb tres objectius t\u00e8cnics principals:<\/p>\n<p>Proporcionar a l&#8217;alumnat i al professorat ordinadors ultraport\u00e0tils com a eines personals de treball.<\/p>\n<p>Dotar totes les aules que hi participen amb pissarres digitals i xarxa local sense fil Wi-Fi.<\/p>\n<p>Substituir progressivament els llibres de text en paper per llibres de text electr\u00f2nics gratu\u00efts per a l&#8217;alumnat.<\/p>\n<p>D&#8217;aqu\u00ed se&#8217;n deriven altres fites, m\u00e9s enll\u00e0 dels aspectes tecnol\u00f2gics:<\/p>\n<ul>\n<li>Innovar els plantejaments did\u00e0ctics i facilitar els enfocaments competencials.<\/li>\n<li>Afavorir l&#8217;\u00e8xit educatiu de l&#8217;alumnat.<\/li>\n<li>Enfortir l&#8217;autonomia dels centres.<\/li>\n<li>Reduir les despeses en educaci\u00f3 que encara han de fer les fam\u00edlies.<\/li>\n<\/ul>\n<p>Quins canvis implica l\u20191&#215;1?<\/p>\n<p>Per als professors, nova metodologia:<\/p>\n<ul>\n<li>Construcci\u00f3 del coneixement.<\/li>\n<li>Aprendre a aprendre.<\/li>\n<li>Treball cooperatiu.<\/li>\n<li>El professor com a acompanyant en l\u2019aprenentatge.<\/li>\n<\/ul>\n<p>Tot aix\u00f2 sense renunciar als \u00e8xits anal\u00f2gics: Utilitzaci\u00f3 de les eines tradicionals, llapis, llibretes, llibres de lectura&#8230;<\/p>\n","protected":false},"excerpt":{"rendered":"<p><a href=\"https:\/\/agora.xtec.cat\/ieslajonquera\/wp-content\/uploads\/usu2014\/2020\/07\/490.jpg\"><\/a>El Projecte EduCAT 1&#215;1 va n\u00e9ixer amb tres objectius t\u00e8cnics principals:<br \/>\nProporcionar a l&#8217;alumnat i al professorat ordinadors ultraport\u00e0tils com a eines personals de treball.<br \/>\nDotar totes les aules que hi participen amb pissarres digitals i xarxa local sense fil Wi-Fi.<br \/>\nSubstituir progressivament els llibres de text&hellip;  <a href=\"https:\/\/agora.xtec.cat\/ieslajonquera\/projectes\/1x1\/\" title=\"Read 1&#215;1\">Llegeix m\u00e9s\u00bb<\/a><\/p>\n","protected":false},"author":3,"featured_media":0,"parent":599,"menu_order":0,"comment_status":"closed","ping_status":"closed","template":"page-templates\/side-menu.php","meta":{"_bbp_topic_count":0,"_bbp_reply_count":0,"_bbp_total_topic_count":0,"_bbp_total_reply_count":0,"_bbp_voice_count":0,"_bbp_anonymous_reply_count":0,"_bbp_topic_count_hidden":0,"_bbp_reply_count_hidden":0,"_bbp_forum_subforum_count":0,"footnotes":""},"class_list":["post-1628","page","type-page","status-publish","hentry"],"post_mailing_queue_ids":[],"_links":{"self":[{"href":"https:\/\/agora.xtec.cat\/ieslajonquera\/wp-json\/wp\/v2\/pages\/1628","targetHints":{"allow":["GET"]}}],"collection":[{"href":"https:\/\/agora.xtec.cat\/ieslajonquera\/wp-json\/wp\/v2\/pages"}],"about":[{"href":"https:\/\/agora.xtec.cat\/ieslajonquera\/wp-json\/wp\/v2\/types\/page"}],"author":[{"embeddable":true,"href":"https:\/\/agora.xtec.cat\/ieslajonquera\/wp-json\/wp\/v2\/users\/3"}],"replies":[{"embeddable":true,"href":"https:\/\/agora.xtec.cat\/ieslajonquera\/wp-json\/wp\/v2\/comments?post=1628"}],"version-history":[{"count":4,"href":"https:\/\/agora.xtec.cat\/ieslajonquera\/wp-json\/wp\/v2\/pages\/1628\/revisions"}],"predecessor-version":[{"id":2662,"href":"https:\/\/agora.xtec.cat\/ieslajonquera\/wp-json\/wp\/v2\/pages\/1628\/revisions\/2662"}],"up":[{"embeddable":true,"href":"https:\/\/agora.xtec.cat\/ieslajonquera\/wp-json\/wp\/v2\/pages\/599"}],"wp:attachment":[{"href":"https:\/\/agora.xtec.cat\/ieslajonquera\/wp-json\/wp\/v2\/media?parent=1628"}],"curies":[{"name":"wp","href":"https:\/\/api.w.org\/{rel}","templated":true}]}}