{"id":1623,"date":"2020-03-09T22:48:02","date_gmt":"2020-03-09T21:48:02","guid":{"rendered":"https:\/\/agora.xtec.cat\/ieslajonquera\/?page_id=1623"},"modified":"2025-07-15T09:47:43","modified_gmt":"2025-07-15T07:47:43","slug":"biblioteca","status":"publish","type":"page","link":"https:\/\/agora.xtec.cat\/ieslajonquera\/projectes\/biblioteca\/","title":{"rendered":"Biblioteca"},"content":{"rendered":"<p><strong>Dinamitzaci\u00f3 de la biblioteca<\/strong><\/p>\n<table style=\"width: 74.7884%; height: 260px;\">\n<tbody>\n<tr style=\"height: 260px;\">\n<td style=\"height: 260px; width: 19.7101%;\">\n<p style=\"text-align: center;\"><a href=\"https:\/\/agora.xtec.cat\/ieslajonquera\/wp-content\/uploads\/usu2014\/2021\/10\/Castanya-Diabolica_Cartell.jpg\"><img loading=\"lazy\" decoding=\"async\" class=\"aligncenter wp-image-3292\" src=\"https:\/\/agora.xtec.cat\/ieslajonquera\/wp-content\/uploads\/usu2014\/2021\/10\/Castanya-Diabolica_Cartell-212x300.jpg\" alt=\"\" width=\"261\" height=\"370\" srcset=\"https:\/\/agora.xtec.cat\/ieslajonquera\/wp-content\/uploads\/usu2014\/2021\/10\/Castanya-Diabolica_Cartell-212x300.jpg 212w, https:\/\/agora.xtec.cat\/ieslajonquera\/wp-content\/uploads\/usu2014\/2021\/10\/Castanya-Diabolica_Cartell-724x1024.jpg 724w, https:\/\/agora.xtec.cat\/ieslajonquera\/wp-content\/uploads\/usu2014\/2021\/10\/Castanya-Diabolica_Cartell-768x1086.jpg 768w, https:\/\/agora.xtec.cat\/ieslajonquera\/wp-content\/uploads\/usu2014\/2021\/10\/Castanya-Diabolica_Cartell-1086x1536.jpg 1086w, https:\/\/agora.xtec.cat\/ieslajonquera\/wp-content\/uploads\/usu2014\/2021\/10\/Castanya-Diabolica_Cartell-1448x2048.jpg 1448w, https:\/\/agora.xtec.cat\/ieslajonquera\/wp-content\/uploads\/usu2014\/2021\/10\/Castanya-Diabolica_Cartell.jpg 1587w\" sizes=\"auto, (max-width: 261px) 100vw, 261px\" \/><\/a><\/p>\n<\/td>\n<td style=\"height: 260px; width: 20%;\">\n<p style=\"text-align: center;\"><a href=\"https:\/\/agora.xtec.cat\/ieslajonquera\/wp-content\/uploads\/usu2014\/2020\/11\/Cartell_page-0001.jpg\"><img loading=\"lazy\" decoding=\"async\" class=\"aligncenter wp-image-2341\" src=\"https:\/\/agora.xtec.cat\/ieslajonquera\/wp-content\/uploads\/usu2014\/2020\/11\/Cartell_page-0001-212x300.jpg\" alt=\"\" width=\"249\" height=\"352\" srcset=\"https:\/\/agora.xtec.cat\/ieslajonquera\/wp-content\/uploads\/usu2014\/2020\/11\/Cartell_page-0001-212x300.jpg 212w, https:\/\/agora.xtec.cat\/ieslajonquera\/wp-content\/uploads\/usu2014\/2020\/11\/Cartell_page-0001-768x1086.jpg 768w, https:\/\/agora.xtec.cat\/ieslajonquera\/wp-content\/uploads\/usu2014\/2020\/11\/Cartell_page-0001-724x1024.jpg 724w\" sizes=\"auto, (max-width: 249px) 100vw, 249px\" \/><\/a><\/p>\n<\/td>\n<td style=\"height: 260px; width: 19.8068%;\">\n<p style=\"text-align: center;\"><a href=\"https:\/\/agora.xtec.cat\/ieslajonquera\/wp-content\/uploads\/usu2014\/2021\/02\/CARNAVAL1.jpg\"><img loading=\"lazy\" decoding=\"async\" class=\"aligncenter wp-image-2538\" src=\"https:\/\/agora.xtec.cat\/ieslajonquera\/wp-content\/uploads\/usu2014\/2021\/02\/CARNAVAL1-212x300.jpg\" alt=\"\" width=\"239\" height=\"339\" srcset=\"https:\/\/agora.xtec.cat\/ieslajonquera\/wp-content\/uploads\/usu2014\/2021\/02\/CARNAVAL1-212x300.jpg 212w, https:\/\/agora.xtec.cat\/ieslajonquera\/wp-content\/uploads\/usu2014\/2021\/02\/CARNAVAL1-768x1086.jpg 768w, https:\/\/agora.xtec.cat\/ieslajonquera\/wp-content\/uploads\/usu2014\/2021\/02\/CARNAVAL1-724x1024.jpg 724w, https:\/\/agora.xtec.cat\/ieslajonquera\/wp-content\/uploads\/usu2014\/2021\/02\/CARNAVAL1.jpg 1587w\" sizes=\"auto, (max-width: 239px) 100vw, 239px\" \/><\/a><\/p>\n<\/td>\n<td style=\"height: 260px; width: 19.8068%;\">\n<p style=\"text-align: center;\"><a href=\"https:\/\/agora.xtec.cat\/ieslajonquera\/wp-content\/uploads\/usu2014\/2021\/07\/SANT-JORDI11.png\"><img loading=\"lazy\" decoding=\"async\" class=\"aligncenter wp-image-3104\" src=\"https:\/\/agora.xtec.cat\/ieslajonquera\/wp-content\/uploads\/usu2014\/2021\/07\/SANT-JORDI11-212x300.png\" alt=\"\" width=\"249\" height=\"352\" srcset=\"https:\/\/agora.xtec.cat\/ieslajonquera\/wp-content\/uploads\/usu2014\/2021\/07\/SANT-JORDI11-212x300.png 212w, https:\/\/agora.xtec.cat\/ieslajonquera\/wp-content\/uploads\/usu2014\/2021\/07\/SANT-JORDI11-768x1086.png 768w, https:\/\/agora.xtec.cat\/ieslajonquera\/wp-content\/uploads\/usu2014\/2021\/07\/SANT-JORDI11-724x1024.png 724w, https:\/\/agora.xtec.cat\/ieslajonquera\/wp-content\/uploads\/usu2014\/2021\/07\/SANT-JORDI11.png 794w\" sizes=\"auto, (max-width: 249px) 100vw, 249px\" \/><\/a><\/p>\n<\/td>\n<td style=\"height: 260px; width: 100.112%;\"><a href=\"https:\/\/agora.xtec.cat\/ieslajonquera\/wp-content\/uploads\/usu2014\/2021\/02\/CLUB-DE-LECTURA-1_sense-fons.png\"><img loading=\"lazy\" decoding=\"async\" class=\"aligncenter wp-image-2558\" src=\"https:\/\/agora.xtec.cat\/ieslajonquera\/wp-content\/uploads\/usu2014\/2021\/02\/CLUB-DE-LECTURA-1_sense-fons-300x300.png\" alt=\"\" width=\"285\" height=\"285\" srcset=\"https:\/\/agora.xtec.cat\/ieslajonquera\/wp-content\/uploads\/usu2014\/2021\/02\/CLUB-DE-LECTURA-1_sense-fons-300x300.png 300w, https:\/\/agora.xtec.cat\/ieslajonquera\/wp-content\/uploads\/usu2014\/2021\/02\/CLUB-DE-LECTURA-1_sense-fons-150x150.png 150w, https:\/\/agora.xtec.cat\/ieslajonquera\/wp-content\/uploads\/usu2014\/2021\/02\/CLUB-DE-LECTURA-1_sense-fons.png 500w\" sizes=\"auto, (max-width: 285px) 100vw, 285px\" \/><\/a><\/td>\n<\/tr>\n<\/tbody>\n<\/table>\n<p style=\"text-align: justify;\">El <strong>curs 2019-2020<\/strong> vam engegar el Projecte de la Biblioteca Escolar del centre. El cat\u00e0leg, de m\u00e9s de tres mil exemplars entre llibres de ficci\u00f3 i llibres de coneixement, pot consultar-se a trav\u00e9s de la plataforma <a href=\"https:\/\/aplicacions.gestioeducativa.gencat.cat\/epergam\/web\/biblioteca.jsp\"><strong>eP\u00e8rgam<\/strong><\/a>, accessible a tots els membres de l\u2019institut i presencialment a les hores del pati. Hi ha servei de pr\u00e9stec i assessorament. Tamb\u00e9 tenim un <strong>Espai de Lectura Informal<\/strong>, on els usuaris poden gaudir d\u2019una bona estona amb jocs de taula i llegir c\u00f2modament. Cada any ampliem la col\u00b7lecci\u00f3 amb novetats editorials (novel\u00b7la, c\u00f2mics, manga i llibres de coneixement) i vam tenir una partida del Ministerio que ens va permetre adquirir fons contra la viol\u00e8ncia de g\u00e8nere.<\/p>\n<p style=\"text-align: justify;\">Des de la biblioteca, a m\u00e9s, es promouen activitats organitzades per la <strong>Comissi\u00f3 de Biblioteca<\/strong> per fomentar la lectura, l\u2019expressi\u00f3 oral i l\u2019expressi\u00f3 escrita, com ara el Club de Lectura (formem part dels <a href=\"https:\/\/sites.google.com\/a\/xtec.cat\/club-de-lectura-de-l-alt-emporda\/centres-participants\/ins-la-jonquera\">Clubs de Lectura de Secund\u00e0ria de l&#8217;Alt Empord\u00e0<\/a>), concursos literaris (La Castanya Diab\u00f2lica, Sant Jordi), glossa (Per Nadal rimar s\u2019ho val!), visites d\u2019escriptors (ens han visitat Ivan Ledesma, \u00c0ngel Burgas, Roc Casagran i Jordi Casals) i d\u2019altres. Els alumnes de 4t d\u2019ESO tamb\u00e9 van poder fer el Servei Comunitari a la BE fent tasques de suport, com folrar, segellar, catalogar alfab\u00e8ticament i aplicar la signatura topogr\u00e0fica.<\/p>\n<p style=\"text-align: justify;\">L\u2019objectiu principal del projecte \u00e9s fomentar l\u2019h\u00e0bit de l\u2019\u00fas de la biblioteca com espai cultural i de gaudi lector.<\/p>\n<p>El <strong>curs 2024-2025<\/strong> va haver-hi alguns canvis en la Comissi\u00f3 de Biblioteca i les actuacions portades a terme van ser les seg\u00fcents: <a href=\"https:\/\/agora.xtec.cat\/ieslajonquera\/general\/resum-de-les-activitats-de-la-setmana-de-halloween-castanyada\/\"><b>Setmana de Halloween-Castanyada<\/b><\/a><b> (<\/b><span style=\"font-weight: 400;\">VI Concurs de relat breu La Castanya Diab\u00f2lica, <\/span><span style=\"font-weight: 400;\">Concurs de disfresses terror\u00edfiques, <\/span><span style=\"font-weight: 400;\">III Concurs de decoraci\u00f3 de carabasses<\/span><span style=\"font-weight: 400;\">),\u00a0<\/span><b>Dia Escolar de la No-Viol\u00e8ncia i la Pau<\/b><span style=\"font-weight: 400;\"> (<\/span><strong><a href=\"https:\/\/agora.xtec.cat\/ieslajonquera\/general\/larbre-dels-desitjos\/\">L\u2019arbre dels desitjos<\/a><\/strong><span style=\"font-weight: 400;\">: Es va demanar a la professora i als alumnes de la mat\u00e8ria optativa de 4t d\u2019ESO que dibuixessin a la vidriera del pis de dalt del centre un arbre i cada alumne va escriure en una fulla de cartolina, des de Tutoria, un desig de pau al m\u00f3n i una recomanaci\u00f3 liter\u00e0ria), <\/span><a href=\"https:\/\/agora.xtec.cat\/ieslajonquera\/general\/la-diada-del-llibre-i-la-rosa-al-nostre-institut\/\"><b>Diada del Llibre i la Rosa<\/b><\/a><span style=\"font-weight: 400;\"> (<\/span><span style=\"font-weight: 400;\">Concurs literari de microrelats i poesia breu,\u00a0 <\/span><span style=\"font-weight: 400;\">Concurs fotogr\u00e0fic de bookfaces i bibliopoemes, a<\/span><span style=\"font-weight: 400;\">cte a la sala polivalent <\/span><span style=\"font-weight: 400;\">(organitzat per les comissions de Biblioteca i de Dinamitzaci\u00f3, i per l\u2019alumnat de la mat\u00e8ria optativa de 1r de batxillerat Creaci\u00f3 Liter\u00e0ria,\u00a0 v<\/span><span style=\"font-weight: 400;\">a consistir en una mostra dels treballs dels alumnes de Creaci\u00f3 Liter\u00e0ria, la lectura dels desitjos de l\u2019arbre per part de l\u2019alumnat d\u2019Aula d\u2019Acollida amb acompanyament musical, un concurs de recitaci\u00f3 de poemes en franc\u00e8s adre\u00e7at als alumnes de 1r d\u2019ESO, el concurs \u201cPicalletres\u201d i una actuaci\u00f3 de ball).\u00a0<\/span><\/p>\n<p><strong>Obres premiades als concursos de Halloween-Castanyada: La Castanya Diab\u00f2lica, La Carbassa Diab\u00f2lica i La Disfressa Diab\u00f2lica<\/strong><\/p>\n<p><a href=\"https:\/\/agora.xtec.cat\/ieslajonquera\/wp-content\/uploads\/usu2014\/2023\/11\/20231106_1127531.jpg\"><img loading=\"lazy\" decoding=\"async\" class=\" wp-image-5191 alignleft\" src=\"https:\/\/agora.xtec.cat\/ieslajonquera\/wp-content\/uploads\/usu2014\/2023\/11\/20231106_1127531.jpg\" alt=\"\" width=\"320\" height=\"240\" srcset=\"https:\/\/agora.xtec.cat\/ieslajonquera\/wp-content\/uploads\/usu2014\/2023\/11\/20231106_1127531.jpg 1024w, https:\/\/agora.xtec.cat\/ieslajonquera\/wp-content\/uploads\/usu2014\/2023\/11\/20231106_1127531-300x225.jpg 300w, https:\/\/agora.xtec.cat\/ieslajonquera\/wp-content\/uploads\/usu2014\/2023\/11\/20231106_1127531-768x576.jpg 768w, https:\/\/agora.xtec.cat\/ieslajonquera\/wp-content\/uploads\/usu2014\/2023\/11\/20231106_1127531-200x150.jpg 200w\" sizes=\"auto, (max-width: 320px) 100vw, 320px\" \/><\/a><a href=\"https:\/\/drive.google.com\/file\/d\/1jBEyyWtv97Xc3_YNs7v_a88SGtqGzdDH\/view?usp=sharing\">Curs 2022-2023<\/a><\/p>\n<p><a href=\"https:\/\/drive.google.com\/file\/d\/1W3UkKQLRBPmacWfjmN0p9JHIqMtC1RpB\/view?usp=sharing\">Curs 2023-2024<\/a><\/p>\n<p><a href=\"https:\/\/drive.google.com\/file\/d\/1PWjt7lJMwnXMLQe9pDGrtUhmihaWTYMV\/view?usp=drive_link\">Curs 2024-2025<\/a><\/p>\n<p><strong>Relats guanyadors de La Castanya Diab\u00f2lica<\/strong><\/p>\n<p><a href=\"https:\/\/drive.google.com\/file\/d\/1EIVZucalrgDV22c4V5j0ncjSvYCzxL_8\/view?usp=sharing\">Curs 2021-2022<\/a><\/p>\n<p><a href=\"https:\/\/drive.google.com\/file\/d\/11dkE-TndlZ22MJoxWg_NlVCXVqTrxcJ6\/view?usp=sharing\">Curs 2022-2023<\/a><\/p>\n<p><a href=\"https:\/\/drive.google.com\/file\/d\/1FQAOHu2Oh6BBGu51RG7ejgLkdaHTRgMr\/view?usp=sharing\">Curs 2023-2024<\/a><\/p>\n<p><strong>V\u00eddeos guanyadors de Per Nadal, rimar s&#8217;ho val<\/strong><\/p>\n<p><a href=\"https:\/\/agora.xtec.cat\/ieslajonquera\/wp-content\/uploads\/usu2014\/2024\/07\/20231219_1118331.jpg\"><img loading=\"lazy\" decoding=\"async\" class=\" wp-image-5682 alignleft\" src=\"https:\/\/agora.xtec.cat\/ieslajonquera\/wp-content\/uploads\/usu2014\/2024\/07\/20231219_1118331.jpg\" alt=\"\" width=\"379\" height=\"284\" srcset=\"https:\/\/agora.xtec.cat\/ieslajonquera\/wp-content\/uploads\/usu2014\/2024\/07\/20231219_1118331.jpg 1024w, https:\/\/agora.xtec.cat\/ieslajonquera\/wp-content\/uploads\/usu2014\/2024\/07\/20231219_1118331-300x225.jpg 300w, https:\/\/agora.xtec.cat\/ieslajonquera\/wp-content\/uploads\/usu2014\/2024\/07\/20231219_1118331-768x576.jpg 768w, https:\/\/agora.xtec.cat\/ieslajonquera\/wp-content\/uploads\/usu2014\/2024\/07\/20231219_1118331-200x150.jpg 200w\" sizes=\"auto, (max-width: 379px) 100vw, 379px\" \/><\/a><a href=\"https:\/\/www.instagram.com\/p\/B6BQhfmgqG5\/\">Curs 2019-2020<\/a><\/p>\n<p><a href=\"https:\/\/www.instagram.com\/p\/CIv-fRlpzMT\/\">Curs 2020-2021<\/a><\/p>\n<p><a href=\"https:\/\/drive.google.com\/file\/d\/1Tr5SCYcjN4jcY1T3f_Qg7hoA5VnSJOpy\/view?usp=sharing\">Curs 2021-2022<\/a><\/p>\n<p><a href=\"https:\/\/drive.google.com\/file\/d\/1pScGQlqFxnBCDd69TyZW9wqKEnzvxHjy\/view?usp=sharing\">Curs 2022-2023<\/a><\/p>\n<p>Curs 2023-2024<\/p>\n<p><a href=\"https:\/\/drive.google.com\/file\/d\/1ofa8O2EIBD3lUmONg1tEdWI3TkaO-Qmk\/view?usp=sharing\">Primer premi<\/a><\/p>\n<p><a href=\"https:\/\/drive.google.com\/file\/d\/1Hat611aWDtPMOZUiDBfkBJMLswTQYOJF\/view?usp=sharing\">Reconeixement al v\u00eddeo amb m\u00e9s <em>likes<\/em> a Instagram<\/a><\/p>\n<p class=\"entry-title\"><strong>Obres premiades als concursos de la Diada del Llibre i la Rosa<\/strong><\/p>\n<p><strong><a href=\"https:\/\/agora.xtec.cat\/ieslajonquera\/wp-content\/uploads\/usu2014\/2024\/05\/20240429_1123481.jpg\"><img loading=\"lazy\" decoding=\"async\" class=\" wp-image-5530 alignleft\" src=\"https:\/\/agora.xtec.cat\/ieslajonquera\/wp-content\/uploads\/usu2014\/2024\/05\/20240429_1123481.jpg\" alt=\"\" width=\"525\" height=\"394\" srcset=\"https:\/\/agora.xtec.cat\/ieslajonquera\/wp-content\/uploads\/usu2014\/2024\/05\/20240429_1123481.jpg 1024w, https:\/\/agora.xtec.cat\/ieslajonquera\/wp-content\/uploads\/usu2014\/2024\/05\/20240429_1123481-300x225.jpg 300w, https:\/\/agora.xtec.cat\/ieslajonquera\/wp-content\/uploads\/usu2014\/2024\/05\/20240429_1123481-768x576.jpg 768w, https:\/\/agora.xtec.cat\/ieslajonquera\/wp-content\/uploads\/usu2014\/2024\/05\/20240429_1123481-200x150.jpg 200w\" sizes=\"auto, (max-width: 525px) 100vw, 525px\" \/><\/a>Curs 2021-2022<\/strong><\/p>\n<p><strong>Concurs literari<\/strong><\/p>\n<p>Categoria A: <a href=\"https:\/\/drive.google.com\/file\/d\/1qCmFwY0cpmkk49bjYrOh9e6ZVqZXIhtO\/view?usp=sharing\">Agua i Noche<\/a>, microrelat de l\u2019Adrien Veljkovic (1r d\u2019ESO B)<\/p>\n<p>Categoria B: <a href=\"https:\/\/drive.google.com\/file\/d\/1Cw1k2GjNqJgtpScsGSyR9HCKfYTfj6wI\/view?usp=sharing\">Qui \u00e9s el boig<\/a>, microrelat d\u2019en Tomeu Beltran (3r d\u2019ESO A) i <a href=\"https:\/\/drive.google.com\/file\/d\/1VGh-obFVgeQDl2E6KXNyF82RxicJFe6h\/view?usp=sharing\">Espera eterna<\/a>, haik\u00fa d\u2019en Miquel Puigbert (4t d\u2019ESO A)<\/p>\n<p>Categoria C: <a href=\"https:\/\/drive.google.com\/file\/d\/12xiY_hWqAoj53ttxwoPbC9Ndm06UVrgw\/view?usp=sharing\">Potros salvajes<\/a>, haik\u00fa de la Gabriela Adasme (1r de Batxillerat)<\/p>\n<p><strong>Concurs fotogr\u00e0fic<\/strong><\/p>\n<p>Categoria A: <a href=\"https:\/\/drive.google.com\/file\/d\/16PrRb4wimw9wBvy4L5eD5ObMa7ilrL-4\/view?usp=sharing\">El castell de l\u2019engany<\/a>, bibliopoema de l\u2019\u00c8lia Escaffre (1r B)<\/p>\n<p>Categoria B: <a href=\"https:\/\/drive.google.com\/file\/d\/1hPViDsiu1LailZPNss2hJtDHZtDhcYO-\/view?usp=sharing\">La felicitat no \u00e9s completa<\/a>, bliopoema de l\u2019Avril Bella (4t A) i <a href=\"https:\/\/drive.google.com\/file\/d\/1ruyWRKcN221Hn8529tFJOtwE3cD15FnC\/view?usp=sharing\">Tots estimem l\u2019Emma<\/a>, bookface de l\u2019Aya Joulane (4t B)<\/p>\n<p>Categoria C: \u2013<\/p>\n<p><a href=\"https:\/\/drive.google.com\/file\/d\/1B1pk5q38M2oUBmLwsou32c07e7KB11-Z\/view?usp=sharing\">Curs 2022-2023<\/a><\/p>\n<p><a href=\"https:\/\/drive.google.com\/file\/d\/16qCAeW5KhfUKKXd5s_rvaMMMtUmourDf\/view?usp=sharing\">Curs 2023-2024<\/a><\/p>\n<table style=\"width: 950px;\">\n<tbody>\n<tr>\n<td style=\"width: 235px;\"><a href=\"https:\/\/agora.xtec.cat\/ieslajonquera\/wp-content\/uploads\/usu2014\/2023\/03\/IMG-20230303-WA0001.jpg\"><img loading=\"lazy\" decoding=\"async\" class=\"aligncenter size-medium wp-image-4516\" src=\"https:\/\/agora.xtec.cat\/ieslajonquera\/wp-content\/uploads\/usu2014\/2023\/03\/IMG-20230303-WA0001-300x225.jpg\" alt=\"\" width=\"300\" height=\"225\" srcset=\"https:\/\/agora.xtec.cat\/ieslajonquera\/wp-content\/uploads\/usu2014\/2023\/03\/IMG-20230303-WA0001-300x225.jpg 300w, https:\/\/agora.xtec.cat\/ieslajonquera\/wp-content\/uploads\/usu2014\/2023\/03\/IMG-20230303-WA0001-1024x769.jpg 1024w, https:\/\/agora.xtec.cat\/ieslajonquera\/wp-content\/uploads\/usu2014\/2023\/03\/IMG-20230303-WA0001-768x576.jpg 768w, https:\/\/agora.xtec.cat\/ieslajonquera\/wp-content\/uploads\/usu2014\/2023\/03\/IMG-20230303-WA0001-1536x1153.jpg 1536w, https:\/\/agora.xtec.cat\/ieslajonquera\/wp-content\/uploads\/usu2014\/2023\/03\/IMG-20230303-WA0001-200x150.jpg 200w, https:\/\/agora.xtec.cat\/ieslajonquera\/wp-content\/uploads\/usu2014\/2023\/03\/IMG-20230303-WA0001.jpg 2048w\" sizes=\"auto, (max-width: 300px) 100vw, 300px\" \/><\/a><\/td>\n<td style=\"width: 234.983px;\"><a href=\"https:\/\/agora.xtec.cat\/ieslajonquera\/wp-content\/uploads\/usu2014\/2021\/07\/IMG_20210305_1131571.jpg\"><img loading=\"lazy\" decoding=\"async\" class=\"size-medium wp-image-3108\" src=\"https:\/\/agora.xtec.cat\/ieslajonquera\/wp-content\/uploads\/usu2014\/2021\/07\/IMG_20210305_1131571-225x300.jpg\" alt=\"\" width=\"225\" height=\"300\" srcset=\"https:\/\/agora.xtec.cat\/ieslajonquera\/wp-content\/uploads\/usu2014\/2021\/07\/IMG_20210305_1131571-225x300.jpg 225w, https:\/\/agora.xtec.cat\/ieslajonquera\/wp-content\/uploads\/usu2014\/2021\/07\/IMG_20210305_1131571-768x1024.jpg 768w, https:\/\/agora.xtec.cat\/ieslajonquera\/wp-content\/uploads\/usu2014\/2021\/07\/IMG_20210305_1131571.jpg 1024w\" sizes=\"auto, (max-width: 225px) 100vw, 225px\" \/><\/a><\/td>\n<td style=\"width: 235px;\"><a href=\"https:\/\/agora.xtec.cat\/ieslajonquera\/wp-content\/uploads\/usu2014\/2021\/07\/IMG_20210315_1115531.jpg\"><img loading=\"lazy\" decoding=\"async\" class=\"size-medium wp-image-3107 alignnone\" src=\"https:\/\/agora.xtec.cat\/ieslajonquera\/wp-content\/uploads\/usu2014\/2021\/07\/IMG_20210315_1115531-225x300.jpg\" alt=\"\" width=\"225\" height=\"300\" srcset=\"https:\/\/agora.xtec.cat\/ieslajonquera\/wp-content\/uploads\/usu2014\/2021\/07\/IMG_20210315_1115531-225x300.jpg 225w, https:\/\/agora.xtec.cat\/ieslajonquera\/wp-content\/uploads\/usu2014\/2021\/07\/IMG_20210315_1115531-768x1024.jpg 768w, https:\/\/agora.xtec.cat\/ieslajonquera\/wp-content\/uploads\/usu2014\/2021\/07\/IMG_20210315_1115531.jpg 1024w\" sizes=\"auto, (max-width: 225px) 100vw, 225px\" \/><\/a><\/td>\n<td style=\"width: 233.017px;\"><a href=\"https:\/\/agora.xtec.cat\/ieslajonquera\/wp-content\/uploads\/usu2014\/2021\/07\/IMG-20190928-WA0000.jpg\"><img loading=\"lazy\" decoding=\"async\" class=\"aligncenter size-medium wp-image-3106\" src=\"https:\/\/agora.xtec.cat\/ieslajonquera\/wp-content\/uploads\/usu2014\/2021\/07\/IMG-20190928-WA0000-300x169.jpg\" alt=\"\" width=\"300\" height=\"169\" srcset=\"https:\/\/agora.xtec.cat\/ieslajonquera\/wp-content\/uploads\/usu2014\/2021\/07\/IMG-20190928-WA0000-300x169.jpg 300w, https:\/\/agora.xtec.cat\/ieslajonquera\/wp-content\/uploads\/usu2014\/2021\/07\/IMG-20190928-WA0000-768x432.jpg 768w, https:\/\/agora.xtec.cat\/ieslajonquera\/wp-content\/uploads\/usu2014\/2021\/07\/IMG-20190928-WA0000-1024x576.jpg 1024w, https:\/\/agora.xtec.cat\/ieslajonquera\/wp-content\/uploads\/usu2014\/2021\/07\/IMG-20190928-WA0000.jpg 1491w\" sizes=\"auto, (max-width: 300px) 100vw, 300px\" \/><\/a><\/td>\n<\/tr>\n<\/tbody>\n<\/table>\n<p>&nbsp;<\/p>\n<p>&nbsp;<\/p>\n<p>&nbsp;<\/p>\n<p>&nbsp;<\/p>\n","protected":false},"excerpt":{"rendered":"<p>Dinamitzaci\u00f3 de la biblioteca<\/p>\n<p><a href=\"https:\/\/agora.xtec.cat\/ieslajonquera\/wp-content\/uploads\/usu2014\/2021\/10\/Castanya-Diabolica_Cartell.jpg\"><\/a><\/p>\n<p><a href=\"https:\/\/agora.xtec.cat\/ieslajonquera\/wp-content\/uploads\/usu2014\/2020\/11\/Cartell_page-0001.jpg\"><\/a><\/p>\n<p><a href=\"https:\/\/agora.xtec.cat\/ieslajonquera\/wp-content\/uploads\/usu2014\/2021\/02\/CARNAVAL1.jpg\"><\/a><\/p>\n<p><a href=\"https:\/\/agora.xtec.cat\/ieslajonquera\/wp-content\/uploads\/usu2014\/2021\/07\/SANT-JORDI11.png\"><\/a><\/p>\n<p><a href=\"https:\/\/agora.xtec.cat\/ieslajonquera\/wp-content\/uploads\/usu2014\/2021\/02\/CLUB-DE-LECTURA-1_sense-fons.png\"><\/a><\/p>\n<p>El curs 2019-2020 vam engegar el Projecte de la Biblioteca Escolar del centre. El cat\u00e0leg, de m\u00e9s de tres mil exemplars entre llibres de ficci\u00f3 i llibres de coneixement, pot consultar-se a trav\u00e9s de la plataforma <a&hellip;  <a href=\"https:\/\/agora.xtec.cat\/ieslajonquera\/projectes\/biblioteca\/\" title=\"Read Biblioteca\">Llegeix m\u00e9s\u00bb<\/a><\/p>\n","protected":false},"author":3,"featured_media":0,"parent":599,"menu_order":0,"comment_status":"closed","ping_status":"closed","template":"page-templates\/side-menu.php","meta":{"_bbp_topic_count":0,"_bbp_reply_count":0,"_bbp_total_topic_count":0,"_bbp_total_reply_count":0,"_bbp_voice_count":0,"_bbp_anonymous_reply_count":0,"_bbp_topic_count_hidden":0,"_bbp_reply_count_hidden":0,"_bbp_forum_subforum_count":0,"footnotes":""},"class_list":["post-1623","page","type-page","status-publish","hentry"],"post_mailing_queue_ids":[],"_links":{"self":[{"href":"https:\/\/agora.xtec.cat\/ieslajonquera\/wp-json\/wp\/v2\/pages\/1623","targetHints":{"allow":["GET"]}}],"collection":[{"href":"https:\/\/agora.xtec.cat\/ieslajonquera\/wp-json\/wp\/v2\/pages"}],"about":[{"href":"https:\/\/agora.xtec.cat\/ieslajonquera\/wp-json\/wp\/v2\/types\/page"}],"author":[{"embeddable":true,"href":"https:\/\/agora.xtec.cat\/ieslajonquera\/wp-json\/wp\/v2\/users\/3"}],"replies":[{"embeddable":true,"href":"https:\/\/agora.xtec.cat\/ieslajonquera\/wp-json\/wp\/v2\/comments?post=1623"}],"version-history":[{"count":6,"href":"https:\/\/agora.xtec.cat\/ieslajonquera\/wp-json\/wp\/v2\/pages\/1623\/revisions"}],"predecessor-version":[{"id":6306,"href":"https:\/\/agora.xtec.cat\/ieslajonquera\/wp-json\/wp\/v2\/pages\/1623\/revisions\/6306"}],"up":[{"embeddable":true,"href":"https:\/\/agora.xtec.cat\/ieslajonquera\/wp-json\/wp\/v2\/pages\/599"}],"wp:attachment":[{"href":"https:\/\/agora.xtec.cat\/ieslajonquera\/wp-json\/wp\/v2\/media?parent=1623"}],"curies":[{"name":"wp","href":"https:\/\/api.w.org\/{rel}","templated":true}]}}