{"id":1617,"date":"2020-03-09T22:45:19","date_gmt":"2020-03-09T21:45:19","guid":{"rendered":"https:\/\/agora.xtec.cat\/ieslajonquera\/?page_id=1617"},"modified":"2025-07-15T17:45:45","modified_gmt":"2025-07-15T15:45:45","slug":"treball-comunitari","status":"publish","type":"page","link":"https:\/\/agora.xtec.cat\/ieslajonquera\/projectes\/treball-comunitari\/","title":{"rendered":"Servei Comunitari"},"content":{"rendered":"<p dir=\"auto\" style=\"text-align: justify;\">El Servei Comunitari, que es porta a terme a 4t d&#8217;ESO, va comen\u00e7ar el curs 2019-2020.<\/p>\n<p dir=\"auto\"><strong>Curs 2024-2025<\/strong><\/p>\n<p><a href=\"https:\/\/agora.xtec.cat\/ieslajonquera\/wp-content\/uploads\/usu2014\/2021\/07\/IMG_20210305_1131571.jpg\"><img loading=\"lazy\" decoding=\"async\" class=\" wp-image-3108\" src=\"https:\/\/agora.xtec.cat\/ieslajonquera\/wp-content\/uploads\/usu2014\/2021\/07\/IMG_20210305_1131571-768x1024.jpg\" alt=\"\" width=\"261\" height=\"348\" srcset=\"https:\/\/agora.xtec.cat\/ieslajonquera\/wp-content\/uploads\/usu2014\/2021\/07\/IMG_20210305_1131571-768x1024.jpg 768w, https:\/\/agora.xtec.cat\/ieslajonquera\/wp-content\/uploads\/usu2014\/2021\/07\/IMG_20210305_1131571-225x300.jpg 225w, https:\/\/agora.xtec.cat\/ieslajonquera\/wp-content\/uploads\/usu2014\/2021\/07\/IMG_20210305_1131571.jpg 1024w\" sizes=\"auto, (max-width: 261px) 100vw, 261px\" \/><\/a><\/p>\n<p dir=\"auto\"><span style=\"color: #000000;\">El Servei Comunitari s&#8217;ha portat a terme en els seg\u00fcents llocs:<\/span><\/p>\n<p><span style=\"color: #000000;\"><strong>Escola Josep Pe\u00f1uelas del Rio<\/strong>: acompanyament i suport a l&#8217;escolaritzaci\u00f3 dels alumnes de prim\u00e0ria.\u00a0<\/span><\/p>\n<p><span style=\"color: #000000;\"><strong>Club de Nataci\u00f3 de la Jonquera ACEJ<\/strong>: acompanyament dels\/es nedadors\/es a l&#8217;autob\u00fas i suport als monitors de nataci\u00f3 a la piscina Municipal de Figueres.\u00a0<\/span><\/p>\n<p><span style=\"color: #000000;\"><strong>Escola de Ma\u00e7anet<\/strong>: acompanyament i suport a l&#8217;escolaritzaci\u00f3 dels alumnes de prim\u00e0ria.\u00a0<\/span><\/p>\n<p><span style=\"color: #000000;\"><strong>Escola d&#8217;Agullana<\/strong>: acompanyament i suport a l&#8217;escolaritzaci\u00f3 dels alumnes de prim\u00e0ria.\u00a0<\/span><\/p>\n<p><span style=\"color: #000000;\"><strong>Escola de Capmany<\/strong>: \u00a0acompanyament i suport a l&#8217;escolaritzaci\u00f3 dels alumnes de prim\u00e0ria.\u00a0<\/span><\/p>\n<p><span style=\"color: #000000;\"><strong>B\u00fanquers de la Jonquera<\/strong>: col\u00b7laboraci\u00f3 amb l&#8217;Ajuntament de la Jonquera en la neteja i supervisi\u00f3 dels b\u00fanquers.\u00a0<\/span><\/p>\n<p><span style=\"color: #000000;\"><strong>Casal de la gent gran de la Jonquera<\/strong>: col\u00b7laboraci\u00f3 amb tallers de manualitats a la gent gran.\u00a0<\/span><\/p>\n<p><span style=\"color: #000000;\"><strong>Biblioteca<\/strong> del centre: manteniment i endre\u00e7a de la biblioteca escolar.\u00a0<\/span><\/p>\n<p><strong>Curs 2023-2024<\/strong><\/p>\n<p dir=\"auto\" style=\"text-align: justify;\"><a href=\"https:\/\/agora.xtec.cat\/ieslajonquera\/wp-content\/uploads\/usu2014\/2025\/07\/PHOTO-2024-01-12-11-14-04-1.jpg\"><img loading=\"lazy\" decoding=\"async\" class=\" wp-image-6290 alignleft\" src=\"https:\/\/agora.xtec.cat\/ieslajonquera\/wp-content\/uploads\/usu2014\/2025\/07\/PHOTO-2024-01-12-11-14-04-1-768x1024.jpg\" alt=\"\" width=\"157\" height=\"210\" srcset=\"https:\/\/agora.xtec.cat\/ieslajonquera\/wp-content\/uploads\/usu2014\/2025\/07\/PHOTO-2024-01-12-11-14-04-1-768x1024.jpg 768w, https:\/\/agora.xtec.cat\/ieslajonquera\/wp-content\/uploads\/usu2014\/2025\/07\/PHOTO-2024-01-12-11-14-04-1-225x300.jpg 225w, https:\/\/agora.xtec.cat\/ieslajonquera\/wp-content\/uploads\/usu2014\/2025\/07\/PHOTO-2024-01-12-11-14-04-1-1152x1536.jpg 1152w, https:\/\/agora.xtec.cat\/ieslajonquera\/wp-content\/uploads\/usu2014\/2025\/07\/PHOTO-2024-01-12-11-14-04-1.jpg 1536w\" sizes=\"auto, (max-width: 157px) 100vw, 157px\" \/><\/a>Es van realitzar diversos projectes com ara la col\u00b7laboraci\u00f3 amb el <strong>Club de Nataci\u00f3 de la Jonquera ACEJ<\/strong> en el monitoratge dels usuaris m\u00e9s petits dels cursos de nataci\u00f3 a la piscina coberta de Figueres, l&#8217;<strong>acompanyament de la gent gran<\/strong> a Ma\u00e7anet de Cabrenys, la col\u00b7laboraci\u00f3 amb l&#8217;<strong>escola Josep Pe\u00f1uelas del Rio<\/strong> en l&#8217;organitzaci\u00f3 de la rua del Carnaval, les tasques de manteniment de la <strong>biblioteca<\/strong> del centre o la participaci\u00f3 en la Marxa pels Drets de les Persones Grans, amb motiu del Dia Mundial Contra el Maltractament de les Persones Grans.<\/p>\n<p dir=\"auto\">\n<p dir=\"auto\">\n<p dir=\"auto\"><strong>Curs 2022-2023<\/strong><\/p>\n<p><a href=\"https:\/\/agora.xtec.cat\/ieslajonquera\/wp-content\/uploads\/usu2014\/2022\/12\/IMG_4993-scaled.jpg\"><img loading=\"lazy\" decoding=\"async\" class=\" wp-image-4306 alignleft\" src=\"https:\/\/agora.xtec.cat\/ieslajonquera\/wp-content\/uploads\/usu2014\/2022\/12\/IMG_4993-569x1024.jpg\" alt=\"\" width=\"188\" height=\"338\" srcset=\"https:\/\/agora.xtec.cat\/ieslajonquera\/wp-content\/uploads\/usu2014\/2022\/12\/IMG_4993-569x1024.jpg 569w, https:\/\/agora.xtec.cat\/ieslajonquera\/wp-content\/uploads\/usu2014\/2022\/12\/IMG_4993-167x300.jpg 167w, https:\/\/agora.xtec.cat\/ieslajonquera\/wp-content\/uploads\/usu2014\/2022\/12\/IMG_4993-768x1382.jpg 768w, https:\/\/agora.xtec.cat\/ieslajonquera\/wp-content\/uploads\/usu2014\/2022\/12\/IMG_4993-853x1536.jpg 853w, https:\/\/agora.xtec.cat\/ieslajonquera\/wp-content\/uploads\/usu2014\/2022\/12\/IMG_4993-1138x2048.jpg 1138w, https:\/\/agora.xtec.cat\/ieslajonquera\/wp-content\/uploads\/usu2014\/2022\/12\/IMG_4993-scaled.jpg 1422w\" sizes=\"auto, (max-width: 188px) 100vw, 188px\" \/><\/a>Els projectes que es van realitzar van ser:<\/p>\n<p>Participaci\u00f3 en el <strong><a href=\"https:\/\/drive.google.com\/drive\/folders\/1RAU1WP4kDkLiy_QP5Xv0uSJ7Y_ObPIKb?usp=sharing\">Gran Recapte d&#8217;Aliments<\/a><\/strong>.<\/p>\n<p>Col\u00b7laboraci\u00f3 amb el Banc de Sang i Teixits en l&#8217;organitzaci\u00f3 d&#8217;una jornada de <strong><a href=\"https:\/\/drive.google.com\/drive\/folders\/1QSE0IzkBEKVzjb_V3czwmdrPJAYu6FFF?usp=sharing\">donaci\u00f3 de sang<\/a><\/strong> al municipi de la Jonquera.<\/p>\n<p>Manteniment i <strong><a href=\"https:\/\/drive.google.com\/drive\/folders\/1Z7nP1Gv6llYggr5HSzYzcVUs32cMPJcx?usp=sharing\">neteja de<\/a> <a href=\"https:\/\/drive.google.com\/drive\/folders\/1Z7nP1Gv6llYggr5HSzYzcVUs32cMPJcx?usp=sharing\">b\u00fanquers<\/a><\/strong>.<\/p>\n<p>Col\u00b7laboraci\u00f3 amb el <strong>Club de Nataci\u00f3 jonquerenc <a href=\"https:\/\/drive.google.com\/drive\/folders\/1OaNfLpyijEaSmFr65HoPLIKJlHdEioOY?usp=sharing\">ACEJ<\/a><\/strong> en el monitoratge dels usuaris m\u00e9s petits dels cursos de nataci\u00f3 a la piscina coberta de Figueres.<\/p>\n<p>Col\u00b7laboraci\u00f3 en les tasques de manteniment de la <strong>biblioteca<\/strong> de l&#8217;institut.<\/p>\n<p>Organitzaci\u00f3 d&#8217;un <strong>torneig de futbol<\/strong> per dinamitzar els patis de l&#8217;institut.<\/p>\n<p>Visita a domicili i <strong>acompanyament de la gent gran<\/strong> a Ma\u00e7anet de Cabrenys.<\/p>\n<p dir=\"auto\">L&#8217;alumnat de 3r d&#8217;ESO, a m\u00e9s a m\u00e9s, es va iniciar en el servei Comunitari amb la participaci\u00f3 en la Marxa pels Drets de les Persones Grans, amb motiu del Dia Mundial Contra el Maltractament de les Persones Grans.<\/p>\n<p dir=\"auto\"><strong>Curs 2021-2022<\/strong><\/p>\n<p dir=\"auto\" style=\"text-align: justify;\"><a href=\"https:\/\/agora.xtec.cat\/ieslajonquera\/wp-content\/uploads\/usu2014\/2023\/07\/Screenshot_20220426-182216_Instagram.jpg\"><img loading=\"lazy\" decoding=\"async\" class=\" wp-image-4977 alignleft\" src=\"https:\/\/agora.xtec.cat\/ieslajonquera\/wp-content\/uploads\/usu2014\/2023\/07\/Screenshot_20220426-182216_Instagram-892x1024.jpg\" alt=\"\" width=\"158\" height=\"181\" srcset=\"https:\/\/agora.xtec.cat\/ieslajonquera\/wp-content\/uploads\/usu2014\/2023\/07\/Screenshot_20220426-182216_Instagram-892x1024.jpg 892w, https:\/\/agora.xtec.cat\/ieslajonquera\/wp-content\/uploads\/usu2014\/2023\/07\/Screenshot_20220426-182216_Instagram-261x300.jpg 261w, https:\/\/agora.xtec.cat\/ieslajonquera\/wp-content\/uploads\/usu2014\/2023\/07\/Screenshot_20220426-182216_Instagram-768x881.jpg 768w, https:\/\/agora.xtec.cat\/ieslajonquera\/wp-content\/uploads\/usu2014\/2023\/07\/Screenshot_20220426-182216_Instagram.jpg 1079w\" sizes=\"auto, (max-width: 158px) 100vw, 158px\" \/><\/a>Els alumnes de 4t d&#8217;ESO van dur a terme tasques diverses com ara el manteniment de la <strong>biblioteca<\/strong>, la neteja i arranjament d&#8217;alguns <strong>b\u00fanquers<\/strong> en col\u00b7laboraci\u00f3 de l&#8217;Ajuntament de la Jonquera, l&#8217;organitzaci\u00f3 d&#8217;una jornada de <strong>donaci\u00f3 de sang<\/strong>, la <strong>recollida d&#8217;aliments<\/strong> pel Banc d&#8217;Aliments o la participaci\u00f3 en els projectes vinculats amb l&#8217;<strong>Aula d&#8217;Acollida<\/strong>.<\/p>\n<p dir=\"auto\">\n<p dir=\"auto\">\n<p dir=\"auto\">\n<p dir=\"auto\"><strong>Curs 2020-2021<\/strong><\/p>\n<p dir=\"auto\"><a href=\"https:\/\/agora.xtec.cat\/ieslajonquera\/wp-content\/uploads\/usu2014\/2023\/07\/IMG-20210525-WA0004.jpg\"><img loading=\"lazy\" decoding=\"async\" class=\" wp-image-4976 alignleft\" src=\"https:\/\/agora.xtec.cat\/ieslajonquera\/wp-content\/uploads\/usu2014\/2023\/07\/IMG-20210525-WA0004-768x1024.jpg\" alt=\"\" width=\"159\" height=\"212\" srcset=\"https:\/\/agora.xtec.cat\/ieslajonquera\/wp-content\/uploads\/usu2014\/2023\/07\/IMG-20210525-WA0004-768x1024.jpg 768w, https:\/\/agora.xtec.cat\/ieslajonquera\/wp-content\/uploads\/usu2014\/2023\/07\/IMG-20210525-WA0004-225x300.jpg 225w, https:\/\/agora.xtec.cat\/ieslajonquera\/wp-content\/uploads\/usu2014\/2023\/07\/IMG-20210525-WA0004-1152x1536.jpg 1152w, https:\/\/agora.xtec.cat\/ieslajonquera\/wp-content\/uploads\/usu2014\/2023\/07\/IMG-20210525-WA0004.jpg 1536w\" sizes=\"auto, (max-width: 159px) 100vw, 159px\" \/><\/a>Els alumnes de 4t d&#8217;ESO van continuar fent tasques de manteniment a la <strong>biblioteca<\/strong> del centre, van dinamitzar la zona dels <strong><a href=\"https:\/\/drive.google.com\/drive\/folders\/1D1_enRPVioAbKKcYdvWSakI06llG4Hv0?usp=sharing\">patis<\/a><\/strong> de 1r i 2n d&#8217;ESO amb jocs tradicionals i de pilota i van dur a terme la <strong><a href=\"https:\/\/drive.google.com\/drive\/folders\/1uFSzmqyzVTUB44Qqi0I3zkRb27A7C535?usp=sharing\">neteja de l&#8217;entorn<\/a><\/strong> de l&#8217;ermita de Santa Ll\u00facia.<\/p>\n<p dir=\"auto\">\n<p dir=\"auto\">\n<p dir=\"auto\">\n<p dir=\"auto\" style=\"text-align: justify;\"><strong>Curs 2019-2020<\/strong><\/p>\n<p dir=\"auto\" style=\"text-align: justify;\"><a href=\"https:\/\/agora.xtec.cat\/ieslajonquera\/wp-content\/uploads\/usu2014\/2023\/07\/IMG-20191212-WA0005.jpg\"><img loading=\"lazy\" decoding=\"async\" class=\" wp-image-4975 alignleft\" src=\"https:\/\/agora.xtec.cat\/ieslajonquera\/wp-content\/uploads\/usu2014\/2023\/07\/IMG-20191212-WA0005-1024x768.jpg\" alt=\"\" width=\"424\" height=\"318\" srcset=\"https:\/\/agora.xtec.cat\/ieslajonquera\/wp-content\/uploads\/usu2014\/2023\/07\/IMG-20191212-WA0005-1024x768.jpg 1024w, https:\/\/agora.xtec.cat\/ieslajonquera\/wp-content\/uploads\/usu2014\/2023\/07\/IMG-20191212-WA0005-300x225.jpg 300w, https:\/\/agora.xtec.cat\/ieslajonquera\/wp-content\/uploads\/usu2014\/2023\/07\/IMG-20191212-WA0005-768x576.jpg 768w, https:\/\/agora.xtec.cat\/ieslajonquera\/wp-content\/uploads\/usu2014\/2023\/07\/IMG-20191212-WA0005-1536x1152.jpg 1536w, https:\/\/agora.xtec.cat\/ieslajonquera\/wp-content\/uploads\/usu2014\/2023\/07\/IMG-20191212-WA0005-200x150.jpg 200w, https:\/\/agora.xtec.cat\/ieslajonquera\/wp-content\/uploads\/usu2014\/2023\/07\/IMG-20191212-WA0005.jpg 2048w\" sizes=\"auto, (max-width: 424px) 100vw, 424px\" \/><\/a>Els projectes que es van realitzar van ser:<\/p>\n<p>Organitzar una <a href=\"https:\/\/drive.google.com\/drive\/folders\/1AQHx4YugBSvPRB7R3iAGP4771wz8iJ65?usp=sharing\"><strong>donaci\u00f3 de sang<\/strong><\/a> a l\u2019Institut, a trav\u00e9s de l\u2019hospital Josep Trueta de Girona. Pr\u00e8viament, els alumnes van fer una formaci\u00f3 de 2 hores, per explicar-los qu\u00e8 \u00e9s la sang i la import\u00e0ncia del banc de sang.<\/p>\n<p>Ajudar en algunes tasques el <strong>CEIP Josep Pe\u00f1uelas del R\u00edo<\/strong>, de la Jonquera, en els diferents nivells i grups.<\/p>\n<p>Organitzar una <a href=\"https:\/\/drive.google.com\/drive\/folders\/1AQHx4YugBSvPRB7R3iAGP4771wz8iJ65?usp=sharing\"><strong>recollida d\u2019aliments<\/strong><\/a> pel Banc dels Aliments. Pr\u00e8viament, els alumnes van fer una formaci\u00f3 de 2 hores on els van explicar conceptes com la pobresa al m\u00f3n, les necessitats i la import\u00e0ncia del banc d\u2019aliments.<\/p>\n<p>Ajudar a organitzar i dinamitzar la <strong>Biblioteca de l\u2019Institut<\/strong> durant les hores de pati, tot col\u00b7laborant amb la professora responsable.<\/p>\n<p>Formar part del <strong>Projecte Rius<\/strong>. Aquest projecte no es va arribar a comen\u00e7ar, per la pand\u00e8mia de la covid-19, i el curs 2020-2021 es va iniciar com a projecte independent del Servei Comunitari.<\/p>\n","protected":false},"excerpt":{"rendered":"<p>El Servei Comunitari, que es porta a terme a 4t d&#8217;ESO, va comen\u00e7ar el curs 2019-2020.<br \/>\nCurs 2024-2025<br \/>\n<a href=\"https:\/\/agora.xtec.cat\/ieslajonquera\/wp-content\/uploads\/usu2014\/2021\/07\/IMG_20210305_1131571.jpg\"><\/a><br \/>\nEl Servei Comunitari s&#8217;ha portat a terme en els seg\u00fcents llocs:<br \/>\nEscola Josep Pe\u00f1uelas del Rio: acompanyament i suport a l&#8217;escolaritzaci\u00f3 dels alumnes de prim\u00e0ria.\u00a0<br \/>\nClub de Nataci\u00f3 de la&hellip;  <a href=\"https:\/\/agora.xtec.cat\/ieslajonquera\/projectes\/treball-comunitari\/\" title=\"Read Servei Comunitari\">Llegeix m\u00e9s\u00bb<\/a><\/p>\n","protected":false},"author":3,"featured_media":0,"parent":599,"menu_order":0,"comment_status":"closed","ping_status":"closed","template":"page-templates\/side-menu.php","meta":{"_bbp_topic_count":0,"_bbp_reply_count":0,"_bbp_total_topic_count":0,"_bbp_total_reply_count":0,"_bbp_voice_count":0,"_bbp_anonymous_reply_count":0,"_bbp_topic_count_hidden":0,"_bbp_reply_count_hidden":0,"_bbp_forum_subforum_count":0,"footnotes":""},"class_list":["post-1617","page","type-page","status-publish","hentry"],"post_mailing_queue_ids":[],"_links":{"self":[{"href":"https:\/\/agora.xtec.cat\/ieslajonquera\/wp-json\/wp\/v2\/pages\/1617","targetHints":{"allow":["GET"]}}],"collection":[{"href":"https:\/\/agora.xtec.cat\/ieslajonquera\/wp-json\/wp\/v2\/pages"}],"about":[{"href":"https:\/\/agora.xtec.cat\/ieslajonquera\/wp-json\/wp\/v2\/types\/page"}],"author":[{"embeddable":true,"href":"https:\/\/agora.xtec.cat\/ieslajonquera\/wp-json\/wp\/v2\/users\/3"}],"replies":[{"embeddable":true,"href":"https:\/\/agora.xtec.cat\/ieslajonquera\/wp-json\/wp\/v2\/comments?post=1617"}],"version-history":[{"count":6,"href":"https:\/\/agora.xtec.cat\/ieslajonquera\/wp-json\/wp\/v2\/pages\/1617\/revisions"}],"predecessor-version":[{"id":6321,"href":"https:\/\/agora.xtec.cat\/ieslajonquera\/wp-json\/wp\/v2\/pages\/1617\/revisions\/6321"}],"up":[{"embeddable":true,"href":"https:\/\/agora.xtec.cat\/ieslajonquera\/wp-json\/wp\/v2\/pages\/599"}],"wp:attachment":[{"href":"https:\/\/agora.xtec.cat\/ieslajonquera\/wp-json\/wp\/v2\/media?parent=1617"}],"curies":[{"name":"wp","href":"https:\/\/api.w.org\/{rel}","templated":true}]}}