{"id":1609,"date":"2020-03-09T22:40:04","date_gmt":"2020-03-09T21:40:04","guid":{"rendered":"https:\/\/agora.xtec.cat\/ieslajonquera\/?page_id=1609"},"modified":"2025-07-15T10:30:55","modified_gmt":"2025-07-15T08:30:55","slug":"club-de-lectura","status":"publish","type":"page","link":"https:\/\/agora.xtec.cat\/ieslajonquera\/projectes\/club-de-lectura\/","title":{"rendered":"Club de Lectura"},"content":{"rendered":"<table style=\"width: 862px; height: 245px;\">\n<tbody>\n<tr>\n<td style=\"width: 274.65px;\"><strong>Contacte<\/strong><\/p>\n<p><a href=\"mailto:clubdelecturainslajonquera@gmail.com\">clubdelecturainslajonquera@gmail.com<\/a><\/p>\n<p style=\"text-align: justify;\"><strong>Inscripcions<\/strong>: Envia&#8217;ns un correu electr\u00f2nic amb les seg\u00fcents dades: nom, cognoms, curs, grup i adre\u00e7a electr\u00f2nica de contacte o emplena el formulari d&#8217;inscripci\u00f3 que trobar\u00e0s a la biblioteca.<\/p>\n<p><strong>Enlla\u00e7os d&#8217;inter\u00e8s<\/strong><\/p>\n<p><a href=\"https:\/\/aplicacions.gestioeducativa.gencat.cat\/epergam\/web\/biblioteca.jsp\">e-p\u00e8rgam<\/a><\/p>\n<p><a href=\"https:\/\/www.youtube.com\/\">Youtube<\/a><\/p>\n<p><a href=\"https:\/\/www.instagram.com\/clubdelecturainslajonquera\/\">Instagram<\/a><\/td>\n<td style=\"width: 297.7px;\">\u00a0<img loading=\"lazy\" decoding=\"async\" class=\"aligncenter size-medium wp-image-2558\" src=\"https:\/\/agora.xtec.cat\/ieslajonquera\/wp-content\/uploads\/usu2014\/2021\/02\/CLUB-DE-LECTURA-1_sense-fons-300x300.png\" alt=\"\" width=\"300\" height=\"300\" srcset=\"https:\/\/agora.xtec.cat\/ieslajonquera\/wp-content\/uploads\/usu2014\/2021\/02\/CLUB-DE-LECTURA-1_sense-fons-300x300.png 300w, https:\/\/agora.xtec.cat\/ieslajonquera\/wp-content\/uploads\/usu2014\/2021\/02\/CLUB-DE-LECTURA-1_sense-fons-150x150.png 150w, https:\/\/agora.xtec.cat\/ieslajonquera\/wp-content\/uploads\/usu2014\/2021\/02\/CLUB-DE-LECTURA-1_sense-fons.png 500w\" sizes=\"auto, (max-width: 300px) 100vw, 300px\" \/><\/td>\n<td style=\"width: 279.65px;\">\n<p style=\"text-align: justify;\"><strong>Qu\u00e8 \u00e9s i quan comen\u00e7a<\/strong><\/p>\n<p style=\"text-align: justify;\">El Club de Lectura \u00e9s una iniciativa que est\u00e0 relacionada amb el projecte de dinamitzaci\u00f3 de la bibioteca escolar. Comen\u00e7a a principi del curs 2019-2020 i amb l&#8217;assessorament del Seminari de Clubs de Lectura de l&#8217;Alt Empord\u00e0, que dep\u00e8n del SEAE.<\/p>\n<p><strong>Qui en pot ser membre<\/strong><\/p>\n<p>Qualsevol alumne del centre que s&#8217;hi inscrigui i respecti les <a href=\"https:\/\/drive.google.com\/file\/d\/1AsA-GIzi91-zgC28qaQXrdlFizSv1plB\/view?usp=sharing\">Normes del Club<\/a>.<\/p>\n<p>&nbsp;<\/td>\n<\/tr>\n<\/tbody>\n<\/table>\n<p><a href=\"https:\/\/agora.xtec.cat\/ieslajonquera\/projectes\/club-de-lectura\/curs-2024-2025\/\"><strong>Curs 2024-2025<\/strong><\/a><\/p>\n<p><a href=\"https:\/\/agora.xtec.cat\/ieslajonquera\/projectes\/club-de-lectura\/curs-2023-2024\/\"><strong>Curs 2023-2024<\/strong><\/a><\/p>\n<p><a href=\"https:\/\/agora.xtec.cat\/ieslajonquera\/projectes\/club-de-lectura\/curs-2022-2023\/\"><strong>Curs 2022-2023<\/strong><\/a><\/p>\n<p><a href=\"https:\/\/agora.xtec.cat\/ieslajonquera\/projectes\/club-de-lectura\/curs-2021-2022\/\"><strong>Curs 2021-2022<\/strong><\/a><\/p>\n<p><a href=\"https:\/\/agora.xtec.cat\/ieslajonquera\/projectes\/club-de-lectura\/curs-2020-2021\/\"><strong>Curs 2020-2021<\/strong><\/a><\/p>\n<p><a href=\"https:\/\/agora.xtec.cat\/ieslajonquera\/projecte-educatiu\/projectes\/club-de-lectura\/curs-2019-2020\/\"><strong>Curs 2019-2020<\/strong><\/a><\/p>\n<p><iframe loading=\"lazy\" src=\"\/\/www.youtube.com\/embed\/332LshsRnoQ\" width=\"1280\" height=\"720\" frameborder=\"0\"><\/iframe><\/p>\n<p>&nbsp;<\/p>\n","protected":false},"excerpt":{"rendered":"<p>Contacte<br \/>\n<a href=\"mailto:clubdelecturainslajonquera@gmail.com\">clubdelecturainslajonquera@gmail.com<\/a><br \/>\nInscripcions: Envia&#8217;ns un correu electr\u00f2nic amb les seg\u00fcents dades: nom, cognoms, curs, grup i adre\u00e7a electr\u00f2nica de contacte o emplena el formulari d&#8217;inscripci\u00f3 que trobar\u00e0s a la biblioteca.<br \/>\nEnlla\u00e7os d&#8217;inter\u00e8s<br \/>\n<a href=\"https:\/\/aplicacions.gestioeducativa.gencat.cat\/epergam\/web\/biblioteca.jsp\">e-p\u00e8rgam<\/a><br \/>\n<a href=\"https:\/\/www.youtube.com\/\">Youtube<\/a><br \/>\n<a href=\"https:\/\/www.instagram.com\/clubdelecturainslajonquera\/\">Instagram<\/a><br \/>\n\u00a0<\/p>\n<p>Qu\u00e8 \u00e9s i quan comen\u00e7a<br \/>\nEl Club de Lectura \u00e9s una iniciativa que est\u00e0&hellip;  <a href=\"https:\/\/agora.xtec.cat\/ieslajonquera\/projectes\/club-de-lectura\/\" title=\"Read Club de Lectura\">Llegeix m\u00e9s\u00bb<\/a><\/p>\n","protected":false},"author":3,"featured_media":0,"parent":599,"menu_order":0,"comment_status":"closed","ping_status":"closed","template":"page-templates\/side-menu.php","meta":{"_bbp_topic_count":0,"_bbp_reply_count":0,"_bbp_total_topic_count":0,"_bbp_total_reply_count":0,"_bbp_voice_count":0,"_bbp_anonymous_reply_count":0,"_bbp_topic_count_hidden":0,"_bbp_reply_count_hidden":0,"_bbp_forum_subforum_count":0,"footnotes":""},"class_list":["post-1609","page","type-page","status-publish","hentry"],"post_mailing_queue_ids":[],"_links":{"self":[{"href":"https:\/\/agora.xtec.cat\/ieslajonquera\/wp-json\/wp\/v2\/pages\/1609","targetHints":{"allow":["GET"]}}],"collection":[{"href":"https:\/\/agora.xtec.cat\/ieslajonquera\/wp-json\/wp\/v2\/pages"}],"about":[{"href":"https:\/\/agora.xtec.cat\/ieslajonquera\/wp-json\/wp\/v2\/types\/page"}],"author":[{"embeddable":true,"href":"https:\/\/agora.xtec.cat\/ieslajonquera\/wp-json\/wp\/v2\/users\/3"}],"replies":[{"embeddable":true,"href":"https:\/\/agora.xtec.cat\/ieslajonquera\/wp-json\/wp\/v2\/comments?post=1609"}],"version-history":[{"count":7,"href":"https:\/\/agora.xtec.cat\/ieslajonquera\/wp-json\/wp\/v2\/pages\/1609\/revisions"}],"predecessor-version":[{"id":6313,"href":"https:\/\/agora.xtec.cat\/ieslajonquera\/wp-json\/wp\/v2\/pages\/1609\/revisions\/6313"}],"up":[{"embeddable":true,"href":"https:\/\/agora.xtec.cat\/ieslajonquera\/wp-json\/wp\/v2\/pages\/599"}],"wp:attachment":[{"href":"https:\/\/agora.xtec.cat\/ieslajonquera\/wp-json\/wp\/v2\/media?parent=1609"}],"curies":[{"name":"wp","href":"https:\/\/api.w.org\/{rel}","templated":true}]}}