{"id":1607,"date":"2020-03-09T22:39:35","date_gmt":"2020-03-09T21:39:35","guid":{"rendered":"https:\/\/agora.xtec.cat\/ieslajonquera\/?page_id=1607"},"modified":"2024-07-04T19:12:19","modified_gmt":"2024-07-04T17:12:19","slug":"cantata-uap","status":"publish","type":"page","link":"https:\/\/agora.xtec.cat\/ieslajonquera\/altres-projectes\/cantata-uap\/","title":{"rendered":"Cantata UAP"},"content":{"rendered":"<p><strong>Qu\u00e8 \u00e9s i quan comen\u00e7a<\/strong><\/p>\n<p style=\"text-align: justify;\">La UAP (<a href=\"https:\/\/www.uapgirona.cat\/edicions-anteriors\/edicions-anteriors\/edicions-anteriors\/\">Cantata de la UAP<\/a>) \u00e9s una iniciativa de l&#8217;Associaci\u00f3 eduquem per la Pau. Es tracta d&#8217;una cantata que, des de l&#8217;any 2008 i amb tem\u00e0tiques diverses, s&#8217;organitza anualment amb la participaci\u00f3 de molts instituts de les comarques gironines. N&#8217;hi ha representacions al Teatre Municipal de Girona i al Teatre Jard\u00ed de Figueres i hi participen alumnes de l&#8217;ESO, principalment de segon i de quart.<\/p>\n<p>Els objectius de la cantata s\u00f3n:<\/p>\n<p>1- Fomentar el treball cooperatiu.<\/p>\n<p>2- Estimular la participaci\u00f3 activa de l\u2019alumnat en els processos educatius.<\/p>\n<p>3- Interpretar m\u00fasica de forma individual i col\u00b7lectiva utilitzant la veu i el cos.<\/p>\n<p>4- Estimular el moviment a trav\u00e9s de la m\u00e8trica i la r\u00edtmica de la m\u00fasica.<\/p>\n<p>5- Coordinar moviment i so.<\/p>\n<p>6- Desenvolupar projectes art\u00edstics disciplinaris o transdisciplinaris tant personals com col\u00b7lectius.<\/p>\n<p>7- Gaudir de les experi\u00e8ncies i creacions art\u00edstiques com a font d\u2019enriquiment personal i social.<\/p>\n<p>8- Aprofitar-se de la transversalitat i multidisciplinareitat de les tem\u00e0tiques a treballar per fer un tractament hol\u00edstic m\u00e9s enll\u00e0 de la mat\u00e8ria i poder treballar amb col\u00b7laboraci\u00f3 d\u2019altres mat\u00e8ries.<\/p>\n<p>&nbsp;<\/p>\n<p><strong>Curs 2020-2021<\/strong><\/p>\n<p>A conseq\u00fc\u00e8ncia de la covid-19, el projecrte no es va poder portar a terme.<\/p>\n<p style=\"text-align: justify;\"><strong>Curs 2019-2020<\/strong><\/p>\n<p>Alguns alumnes de 2n i 4t d\u2019ESO van participar a la Cantata de la <a href=\"https:\/\/www.uapgirona.cat\/la-historia-d-aquest-any\/\">UAP20<\/a> \u201cGalileu Galilei. Fe, ra\u00f3 i ci\u00e8ncia\u201d al Teatre Jard\u00ed de Figueres, el 5 de febrer.<\/p>\n<p>En aquesta edici\u00f3, l\u2019espectacle, inspirat en l\u2019obra de teatre de Bertolt Brecht, oferia una reflexi\u00f3 sobre la fe, la ra\u00f3 i la ci\u00e8ncia i plantejava preguntes com: Com actuen els joves davant les normes imposades que nom\u00e9s cerquen la perpetu\u00eftat del poder? O Com s\u2019enfronten a l\u2019evoluci\u00f3 de la ci\u00e8ncia i la tecnologia?<\/p>\n<p><a href=\"https:\/\/drive.google.com\/open?id=153BnvKy_a4NG4TXTwJQC66ABedvc1UbG\">Fotos de la cantata<\/a><\/p>\n<p><iframe loading=\"lazy\" src=\"\/\/www.youtube.com\/embed\/8al90l1jIr0\" width=\"727\" height=\"409\" frameborder=\"0\"><\/iframe><\/p>\n<p style=\"text-align: justify;\"><strong>Curs 2018-2019<\/strong><\/p>\n<p>El dia 15 de febrer, els alumnes de 4t d&#8217;ESO de la mat\u00e8ria optativa M\u00fasica i alguna alumnes de 2n d&#8217;ESO van representar l&#8217;espectacle <i>Brundib\u00e1r,<\/i> al Teatre Jard\u00ed de Figueres, ambientat en un camp nazi a la Rep\u00fablica Txeca. Es tractava d&#8217;una adaptaci\u00f3 de l&#8217;\u00f2pera hom\u00f2nima composta el 1939 per Hans Kr\u00e1sa sobre un llibret en txec d&#8217;Adolf Hoffmeister i que es va estrenar el 1943 al camp de concentraci\u00f3 nazi de Terez\u00edn.<\/p>\n<p style=\"text-align: justify;\">Aquesta activitat feia anys que no \u00e9s duia a terme al nostre centre i es va engegar de nou amb una clara vocaci\u00f3 per part de l&#8217;equip directiu i del professor de m\u00fasica d&#8217;apostar per l\u00ednies pedag\u00f2giques m\u00e9s participatives amb la finalitat que els alumnes fossin actors del seu propi proc\u00e9s educatiu.<\/p>\n<p><a href=\"https:\/\/drive.google.com\/open?id=1DqI4I-fPtzpzSMsIXkNjDfjd0-ZRESiH\">Fotos de l&#8217;assaig de la Cantata<\/a><\/p>\n<p><a href=\"https:\/\/drive.google.com\/open?id=1_tZsqisuC8JjbzL101ZJtBBA1eC_5T5C\">Fotos de la Cantata<\/a><\/p>\n<div><iframe loading=\"lazy\" src=\"\/\/www.youtube.com\/embed\/hX-HzjTWwpY\" width=\"727\" height=\"409\" frameborder=\"0\"><\/iframe><\/div>\n","protected":false},"excerpt":{"rendered":"<p>Qu\u00e8 \u00e9s i quan comen\u00e7a<br \/>\nLa UAP (<a href=\"https:\/\/www.uapgirona.cat\/edicions-anteriors\/edicions-anteriors\/edicions-anteriors\/\">Cantata de la UAP<\/a>) \u00e9s una iniciativa de l&#8217;Associaci\u00f3 eduquem per la Pau. Es tracta d&#8217;una cantata que, des de l&#8217;any 2008 i amb tem\u00e0tiques diverses, s&#8217;organitza anualment amb la participaci\u00f3 de molts instituts de les comarques gironines.&hellip;  <a href=\"https:\/\/agora.xtec.cat\/ieslajonquera\/altres-projectes\/cantata-uap\/\" title=\"Read Cantata UAP\">Llegeix m\u00e9s\u00bb<\/a><\/p>\n","protected":false},"author":3,"featured_media":0,"parent":5643,"menu_order":0,"comment_status":"closed","ping_status":"closed","template":"page-templates\/side-menu.php","meta":{"_bbp_topic_count":0,"_bbp_reply_count":0,"_bbp_total_topic_count":0,"_bbp_total_reply_count":0,"_bbp_voice_count":0,"_bbp_anonymous_reply_count":0,"_bbp_topic_count_hidden":0,"_bbp_reply_count_hidden":0,"_bbp_forum_subforum_count":0,"footnotes":""},"class_list":["post-1607","page","type-page","status-publish","hentry"],"post_mailing_queue_ids":[],"_links":{"self":[{"href":"https:\/\/agora.xtec.cat\/ieslajonquera\/wp-json\/wp\/v2\/pages\/1607","targetHints":{"allow":["GET"]}}],"collection":[{"href":"https:\/\/agora.xtec.cat\/ieslajonquera\/wp-json\/wp\/v2\/pages"}],"about":[{"href":"https:\/\/agora.xtec.cat\/ieslajonquera\/wp-json\/wp\/v2\/types\/page"}],"author":[{"embeddable":true,"href":"https:\/\/agora.xtec.cat\/ieslajonquera\/wp-json\/wp\/v2\/users\/3"}],"replies":[{"embeddable":true,"href":"https:\/\/agora.xtec.cat\/ieslajonquera\/wp-json\/wp\/v2\/comments?post=1607"}],"version-history":[{"count":3,"href":"https:\/\/agora.xtec.cat\/ieslajonquera\/wp-json\/wp\/v2\/pages\/1607\/revisions"}],"predecessor-version":[{"id":3092,"href":"https:\/\/agora.xtec.cat\/ieslajonquera\/wp-json\/wp\/v2\/pages\/1607\/revisions\/3092"}],"up":[{"embeddable":true,"href":"https:\/\/agora.xtec.cat\/ieslajonquera\/wp-json\/wp\/v2\/pages\/5643"}],"wp:attachment":[{"href":"https:\/\/agora.xtec.cat\/ieslajonquera\/wp-json\/wp\/v2\/media?parent=1607"}],"curies":[{"name":"wp","href":"https:\/\/api.w.org\/{rel}","templated":true}]}}