{"id":1164,"date":"2019-09-29T17:07:07","date_gmt":"2019-09-29T15:07:07","guid":{"rendered":"https:\/\/agora.xtec.cat\/ieslajonquera\/?page_id=1164"},"modified":"2021-07-14T09:07:09","modified_gmt":"2021-07-14T07:07:09","slug":"llibre-destil-del-centre","status":"publish","type":"page","link":"https:\/\/agora.xtec.cat\/ieslajonquera\/linstitut\/organitzacio-de-centre\/llibre-destil-del-centre\/","title":{"rendered":"Llibre d&#8217;estil"},"content":{"rendered":"<p style=\"text-align: justify;\">Elaborat per la professora de Catal\u00e0 Olga Tribulietx, l&#8217;objectiu d&#8217;aquest <a href=\"https:\/\/drive.google.com\/file\/d\/1tuzpxKuGw9aVkelhTuVIEmvjryL80qnP\/view?usp=sharing\">llibre d&#8217;estil<\/a> \u00e9s definir quines caracter\u00edstiques hauria de tenir qualsevol dels escrits que es redactin al centre, tant pel que fa a la llengua com als aspectes tipogr\u00e0fics. Tamb\u00e9 pret\u00e9n resoldre els dubtes m\u00e9s habituals de la llengua tals com l&#8217;\u00fas del verb ser i estar, del gerundi, etc. Sorgeix en veure la necessitat d&#8217;establir uns criteris clars per als alumnes que els serveixin per fer una bona presentaci\u00f3 dels treballs.<\/p>\n","protected":false},"excerpt":{"rendered":"<p>Elaborat per la professora de Catal\u00e0 Olga Tribulietx, l&#8217;objectiu d&#8217;aquest <a href=\"https:\/\/drive.google.com\/file\/d\/1tuzpxKuGw9aVkelhTuVIEmvjryL80qnP\/view?usp=sharing\">llibre d&#8217;estil<\/a> \u00e9s definir quines caracter\u00edstiques hauria de tenir qualsevol dels escrits que es redactin al centre, tant pel que fa a la llengua com als aspectes tipogr\u00e0fics. Tamb\u00e9 pret\u00e9n resoldre els dubtes m\u00e9s&hellip;  <a href=\"https:\/\/agora.xtec.cat\/ieslajonquera\/linstitut\/organitzacio-de-centre\/llibre-destil-del-centre\/\" title=\"Read Llibre d&#8217;estil\">Llegeix m\u00e9s\u00bb<\/a><\/p>\n","protected":false},"author":3,"featured_media":0,"parent":2624,"menu_order":0,"comment_status":"closed","ping_status":"closed","template":"page-templates\/side-menu.php","meta":{"_bbp_topic_count":0,"_bbp_reply_count":0,"_bbp_total_topic_count":0,"_bbp_total_reply_count":0,"_bbp_voice_count":0,"_bbp_anonymous_reply_count":0,"_bbp_topic_count_hidden":0,"_bbp_reply_count_hidden":0,"_bbp_forum_subforum_count":0,"footnotes":""},"class_list":["post-1164","page","type-page","status-publish","hentry"],"post_mailing_queue_ids":[],"_links":{"self":[{"href":"https:\/\/agora.xtec.cat\/ieslajonquera\/wp-json\/wp\/v2\/pages\/1164","targetHints":{"allow":["GET"]}}],"collection":[{"href":"https:\/\/agora.xtec.cat\/ieslajonquera\/wp-json\/wp\/v2\/pages"}],"about":[{"href":"https:\/\/agora.xtec.cat\/ieslajonquera\/wp-json\/wp\/v2\/types\/page"}],"author":[{"embeddable":true,"href":"https:\/\/agora.xtec.cat\/ieslajonquera\/wp-json\/wp\/v2\/users\/3"}],"replies":[{"embeddable":true,"href":"https:\/\/agora.xtec.cat\/ieslajonquera\/wp-json\/wp\/v2\/comments?post=1164"}],"version-history":[{"count":3,"href":"https:\/\/agora.xtec.cat\/ieslajonquera\/wp-json\/wp\/v2\/pages\/1164\/revisions"}],"predecessor-version":[{"id":2653,"href":"https:\/\/agora.xtec.cat\/ieslajonquera\/wp-json\/wp\/v2\/pages\/1164\/revisions\/2653"}],"up":[{"embeddable":true,"href":"https:\/\/agora.xtec.cat\/ieslajonquera\/wp-json\/wp\/v2\/pages\/2624"}],"wp:attachment":[{"href":"https:\/\/agora.xtec.cat\/ieslajonquera\/wp-json\/wp\/v2\/media?parent=1164"}],"curies":[{"name":"wp","href":"https:\/\/api.w.org\/{rel}","templated":true}]}}