{"id":81,"date":"2014-09-18T10:38:05","date_gmt":"2014-09-18T10:38:05","guid":{"rendered":"http:\/\/agora.xtec.cat\/ieslaguineueta\/?page_id=81"},"modified":"2017-10-11T15:40:22","modified_gmt":"2017-10-11T13:40:22","slug":"secretaria","status":"publish","type":"page","link":"https:\/\/agora.xtec.cat\/ieslaguineueta\/secretaria\/","title":{"rendered":"Secretaria"},"content":{"rendered":"<h3>Adre\u00e7a i tel\u00e8fons<\/h3>\n<p>INS La Guineueta<br \/>\nc\/ Artesania, 55<br \/>\n08042 Barcelona<\/p>\n<p>Telf. 93 359 34 04<br \/>\nFax. 93 354 69 32<br \/>\nCorreu electr\u00f2nic: a8034205@xtec.cat<\/p>\n<h3>Horari d&#8217;atenci\u00f3 al public (setembre-juny)<\/h3>\n<p>Dilluns: de 9:30h a 13:30h i de 15:00h a 18:00h<br \/>\nDimarts: de 9:30h a 13:30h i de 15:00h a 18:00h<br \/>\nDimecres: de 9:30h a 13:30h i de 15:00h a 18:00h<br \/>\nDijous: de 9:30h a 13:30h i de 15:00h a 18:00h<br \/>\nDivendres: de 9:30h a 13:30h<\/p>\n<h2>Horari Juliol<\/h2>\n<p>Dilluns: de 9:30h a 13:30h<br \/>\nDimarts: de 9:30h a 13:30h<br \/>\nDimecres: de 9:30h a 13:30h<br \/>\nDijous: de 9:30h a 13:30h<br \/>\nDivendres: de 9:30h a 13:30h<\/p>\n<h2>Agost tancat<\/h2>\n<h3>La resta d&#8217;informacio:<\/h3>\n<p>&#8211; Preinscripci\u00f3 i matr\u00edcula<br \/>\n&#8211; Sol.licitud de t\u00edtols i taxes<br \/>\n&#8211; Certificats<br \/>\n&#8211; Documentaci\u00f3<br \/>\nla podeu trobar a la <a href=\"http:\/\/www.inslaguineueta.cat\/\">web del centre<\/a>, a la <a href=\"http:\/\/www.inslaguineueta.cat\/secretaria\/\">secci\u00f3 de secretaria<\/a>.<\/p>\n<p><!--\nEn els centres d'ensenyament secundari, la secreraria \u00e9s l'agent de gesti\u00f3 administrativa visible, per tant, \u00e9s b\u00e0sic que la seva pres\u00e8ncia a la web sigui un dels elements de navegaci\u00f3 principals. \u00c9s important que la informaci\u00f3 s'exposi de forma clara, a fi de facilitar la usabilitat de l'espai. La informaci\u00f3 d'aquesta secci\u00f3 hauria d'incloure:\n\n\n<ul>\n \t\n\n<li>Horari d'atenci\u00f3<\/li>\n\n\n \t\n\n<li>Tr\u00e0mits (sol\u00b7licitud de certificats...)<\/li>\n\n\n \t\n\n<li>Preinscripci\u00f3 i Matr\u00edcula<\/li>\n\n\n \t\n\n<li><a href=\"http:\/\/agora.xtec.cat\/ieslaguineueta\/docs\/?bpd_tag=secretaria\">Documents<\/a> (autoritzaci\u00f3 de sortides, \u00fas de serveis digitals, etc.)<\/li>\n\n\n \t\n\n<li>Beques i ajuts<\/li>\n\n\n \t\n\n<li>Proves d'acc\u00e9s als cicles formatius<\/li>\n\n\n \t\n\n<li>etc.<\/li>\n\n\n<\/ul>\n\n\n&nbsp;\n--><\/p>\n","protected":false},"excerpt":{"rendered":"<p>Adre\u00e7a i tel\u00e8fons<br \/>\nINS La Guineueta<br \/>\nc\/ Artesania, 55<br \/>\n08042 Barcelona<br \/>\nTelf. 93 359 34 04<br \/>\nFax. 93 354 69 32<br \/>\nCorreu electr\u00f2nic: a8034205@xtec.cat<br \/>\nHorari d&#8217;atenci\u00f3 al public (setembre-juny)<br \/>\nDilluns: de 9:30h a 13:30h i de 15:00h a 18:00h<br \/>\nDimarts: de 9:30h a 13:30h i de 15:00h a 18:00h<br \/>\nDimecres: de 9:30h a 13:30h i&hellip;  <a href=\"https:\/\/agora.xtec.cat\/ieslaguineueta\/secretaria\/\" title=\"Read Secretaria\">Llegeix m\u00e9s\u00bb<\/a><\/p>\n","protected":false},"author":1,"featured_media":0,"parent":0,"menu_order":0,"comment_status":"closed","ping_status":"closed","template":"page-templates\/side-menu.php","meta":{"_bbp_topic_count":0,"_bbp_reply_count":0,"_bbp_total_topic_count":0,"_bbp_total_reply_count":0,"_bbp_voice_count":0,"_bbp_anonymous_reply_count":0,"_bbp_topic_count_hidden":0,"_bbp_reply_count_hidden":0,"_bbp_forum_subforum_count":0,"footnotes":""},"class_list":["post-81","page","type-page","status-publish","hentry"],"post_mailing_queue_ids":[],"_links":{"self":[{"href":"https:\/\/agora.xtec.cat\/ieslaguineueta\/wp-json\/wp\/v2\/pages\/81","targetHints":{"allow":["GET"]}}],"collection":[{"href":"https:\/\/agora.xtec.cat\/ieslaguineueta\/wp-json\/wp\/v2\/pages"}],"about":[{"href":"https:\/\/agora.xtec.cat\/ieslaguineueta\/wp-json\/wp\/v2\/types\/page"}],"author":[{"embeddable":true,"href":"https:\/\/agora.xtec.cat\/ieslaguineueta\/wp-json\/wp\/v2\/users\/1"}],"replies":[{"embeddable":true,"href":"https:\/\/agora.xtec.cat\/ieslaguineueta\/wp-json\/wp\/v2\/comments?post=81"}],"version-history":[{"count":4,"href":"https:\/\/agora.xtec.cat\/ieslaguineueta\/wp-json\/wp\/v2\/pages\/81\/revisions"}],"predecessor-version":[{"id":1319,"href":"https:\/\/agora.xtec.cat\/ieslaguineueta\/wp-json\/wp\/v2\/pages\/81\/revisions\/1319"}],"wp:attachment":[{"href":"https:\/\/agora.xtec.cat\/ieslaguineueta\/wp-json\/wp\/v2\/media?parent=81"}],"curies":[{"name":"wp","href":"https:\/\/api.w.org\/{rel}","templated":true}]}}