{"id":475,"date":"2016-07-18T10:58:07","date_gmt":"2016-07-18T09:58:07","guid":{"rendered":"http:\/\/agora.xtec.cat\/ieslaguineueta\/?page_id=475"},"modified":"2017-10-05T20:27:19","modified_gmt":"2017-10-05T18:27:19","slug":"ampa","status":"publish","type":"page","link":"https:\/\/agora.xtec.cat\/ieslaguineueta\/ampa\/","title":{"rendered":"AMPA"},"content":{"rendered":"<p><a href=\"http:\/\/agora.xtec.cat\/ieslaguineueta\/wp-content\/uploads\/usu766\/2016\/07\/AMPA-medio.jpg\"><img decoding=\"async\" class=\"alignnone size-full\" src=\"http:\/\/agora.xtec.cat\/ieslaguineueta\/wp-content\/uploads\/usu766\/2016\/07\/AMPA-medio.jpg\" alt=\"AMPA\" \/><\/a><\/p>\n<p>L\u2019AMPA del INS La Guineueta ofereix els serveis de taquilles, lloguer de llibres de text i de lectura, servei de biblioteca amb ordinadors amb acc\u00e9s a internet, material docent (fotoc\u00f2pies, ordinadors, aula de m\u00fasica,\u2026)<\/p>\n<p>A m\u00e9s, l\u2019AMPA s\u2019encarrega, col.labora i\/o participa en:<\/p>\n<ul>\n<li>Sortides<\/li>\n<li>Cr\u00e8dits de s\u00edntesi<\/li>\n<li>Viatge de fi de curs<\/li>\n<li>Finan\u00e7ament de les festes que s\u2019organitzen (castanyada, carnestoltes, Sant Jordi, final de curs,\u2026)<\/li>\n<li>Aportaci\u00f3 d\u2019ajuts per adquir\u00ed material esportiu, audiovisual, mobiliar, obres,\u2026<\/li>\n<li>Gesti\u00f3 i manteniment de les guixetes.<\/li>\n<li>Gesti\u00f3 de pagaments de l\u2019asseguran\u00e7a escolar i del material dels cursos de cicles formatius de sanit\u00e0ries.<\/li>\n<li>Becaris pel manteniment i catalogaci\u00f3 del material de la biblioteca.<\/li>\n<li>Gesti\u00f3 de compra, de lloguer, numeraci\u00f3 i folrar els llibres de text i de lectura d\u2019ESO i batxillerat.<\/li>\n<li>Activitats extraescolars.<\/li>\n<li>Descomptes en les targetes de fotoc\u00f2pies.<\/li>\n<\/ul>\n<p><a href=\"https:\/\/ampaguineueta.wordpress.com\/\">Acc\u00e9s al blog de l\u2019AMPA<\/a><\/p>\n<p><a href=\"https:\/\/www.facebook.com\/ampa.guineueta\" target=\"_blank\" rel=\"noopener noreferrer\">Facebook\u00a0de l&#8217;AMPA<\/a><\/p>\n<h3>Horari:<\/h3>\n<ul>\n<li>Dilluns 10:30 h a 12:00 h<\/li>\n<li>Dijous 16:30 h a 18:30 h<\/li>\n<\/ul>\n<h3>Ubicaci\u00f3:<\/h3>\n<p>Edifici I, enfront conserjeria.<\/p>\n","protected":false},"excerpt":{"rendered":"<p><a href=\"http:\/\/agora.xtec.cat\/ieslaguineueta\/wp-content\/uploads\/usu766\/2016\/07\/AMPA-medio.jpg\"><\/a><br \/>\nL\u2019AMPA del INS La Guineueta ofereix els serveis de taquilles, lloguer de llibres de text i de lectura, servei de biblioteca amb ordinadors amb acc\u00e9s a internet, material docent (fotoc\u00f2pies, ordinadors, aula de m\u00fasica,\u2026)<br \/>\nA m\u00e9s, l\u2019AMPA s\u2019encarrega, col.labora i\/o participa en:<\/p>\n<ul>\n<li>Sortides<\/li>\n<li>Cr\u00e8dits de s\u00edntesi<\/li>\n<li>Viatge de&hellip;  <a href=\"https:\/\/agora.xtec.cat\/ieslaguineueta\/ampa\/\" title=\"Read AMPA\">Llegeix m\u00e9s\u00bb<\/a><br \/>\n","protected":false},"author":1,"featured_media":0,"parent":0,"menu_order":0,"comment_status":"closed","ping_status":"closed","template":"","meta":{"_bbp_topic_count":0,"_bbp_reply_count":0,"_bbp_total_topic_count":0,"_bbp_total_reply_count":0,"_bbp_voice_count":0,"_bbp_anonymous_reply_count":0,"_bbp_topic_count_hidden":0,"_bbp_reply_count_hidden":0,"_bbp_forum_subforum_count":0,"footnotes":""},"class_list":["post-475","page","type-page","status-publish","hentry"],"post_mailing_queue_ids":[],"_links":{"self":[{"href":"https:\/\/agora.xtec.cat\/ieslaguineueta\/wp-json\/wp\/v2\/pages\/475","targetHints":{"allow":["GET"]}}],"collection":[{"href":"https:\/\/agora.xtec.cat\/ieslaguineueta\/wp-json\/wp\/v2\/pages"}],"about":[{"href":"https:\/\/agora.xtec.cat\/ieslaguineueta\/wp-json\/wp\/v2\/types\/page"}],"author":[{"embeddable":true,"href":"https:\/\/agora.xtec.cat\/ieslaguineueta\/wp-json\/wp\/v2\/users\/1"}],"replies":[{"embeddable":true,"href":"https:\/\/agora.xtec.cat\/ieslaguineueta\/wp-json\/wp\/v2\/comments?post=475"}],"version-history":[{"count":3,"href":"https:\/\/agora.xtec.cat\/ieslaguineueta\/wp-json\/wp\/v2\/pages\/475\/revisions"}],"predecessor-version":[{"id":1213,"href":"https:\/\/agora.xtec.cat\/ieslaguineueta\/wp-json\/wp\/v2\/pages\/475\/revisions\/1213"}],"wp:attachment":[{"href":"https:\/\/agora.xtec.cat\/ieslaguineueta\/wp-json\/wp\/v2\/media?parent=475"}],"curies":[{"name":"wp","href":"https:\/\/api.w.org\/{rel}","templated":true}]}}