{"id":27,"date":"2014-09-17T16:24:03","date_gmt":"2014-09-17T16:24:03","guid":{"rendered":"http:\/\/agora.xtec.cat\/ieslaguineueta\/?page_id=27"},"modified":"2016-07-20T12:21:34","modified_gmt":"2016-07-20T11:21:34","slug":"historia","status":"publish","type":"page","link":"https:\/\/agora.xtec.cat\/ieslaguineueta\/linstitut\/historia\/","title":{"rendered":"Hist\u00f2ria"},"content":{"rendered":"<h2> DE L\u2019ESCOLA PROFESSIONAL GUINEUETA A L\u2019INSTITUT LA GUINEUETA <\/h2>\n<h2> 1 &#8211; ELS INICIS <\/h2>\n<p>L\u2019Escola de Formaci\u00f3 Professional \u201cGUINEUETA\u201d, \u2013 despr\u00e9s Institut de Formaci\u00f3 Professional LA GUINEUETA- inicia la seva activitat un 15 de novembre de 1978, en les especialitats de Metall- mec\u00e0nica, Electricitat-electr\u00f2nica i Delineaci\u00f3.<\/p>\n<p>El nombre d\u2019alumnes matriculats aquell curs 1978-79 va ser de 182. El curs va comen\u00e7ar amb retard: el centre estava situat en dos barracons pre-fabricats que no comptaven encara amb els serveis m\u00ednims.<\/p>\n<p>Inicialment hi ha 6 professors\/es i un mestre de taller. M\u00e9s tard s\u2019incorporen 3 mestres de taller<\/p>\n<p>La pressi\u00f3 de l\u2019Associaci\u00f3 de Ve\u00efns que denunciava les greus mancances que patia Nou Barris en equipaments culturals i infraestructures, va ser determinant per aconseguir activar les obres que van permetre substituir els barracons inicials pels edificis en les que actualment s\u2019ubica l\u2019institut, que es posa en funcionament el 12 de novembre de 1979.<\/p>\n<p>El curs 1979-80 s\u2019inicia l\u2019ensenyament de tres noves especialitats: Automoci\u00f3 en l\u2019especialitat d\u2019electricitat de l\u2019autom\u00f2bil, Sanitat en l\u2019especialitat d\u2019auxiliar de cl\u00ednica, i Administrativa en l\u2019especialitat comercial.<\/p>\n<h2> 2 &#8211; L\u2019ETAPA COM INSTITUT DE FORMACI\u00d3 PROFESSIONAL LA GUINEUETA <\/h2>\n<p>Els estudis de Formaci\u00f3 professional es consoliden a l\u2019IFP GUINEUETA , i l\u2019institut esdev\u00e9 un centre de refer\u00e8ncia per molt joves de Nou Barris, per tal d\u2019assolir uns coneixements i una capacitaci\u00f3 professional que els ofereix millors oportunitats i condicions d\u2019acc\u00e9s al mon laboral.<\/p>\n<p>Fins el curs 1980-81 s\u2019imparteixen estudis d\u2019FP1, el curs 1981-82 s\u2019inicien les classes d\u2019FP2  en totes les branques que es fan a l\u2019institut. El centre arriba a 1000 alumnes, i hi treballen 63 professors\/es.<\/p>\n<p>En aquesta \u00e8poca l\u2019Institut comen\u00e7a a projectar-se a l\u2019exterior: intercanvis amb altres centres, participaci\u00f3 en cursos transnacionals, jornades sanit\u00e0ries.<\/p>\n<p>Alumnat de la fam\u00edlia de Sanitat obt\u00e9 diversos premis CIRIT per fomentar l\u2019esperit cient\u00edfic dels joves.<\/p>\n<p>El curs 1987-88 es deixa d\u2019impartir l\u2019especialitat de Metall.<\/p>\n<h2> 3 &#8211; DE  L\u2019IFP LA GUINEUETA a IES LA GUINEUETA <\/h2>\n<p>El desenvolupament i aplicaci\u00f3 de la LOGSE porta importants canvis en el mon educatiu i de forma especial a l\u2019IFP LA GUINEUETA.<\/p>\n<p>Els estudis que s\u2019impartiran a l\u2019institut a partir del curs 1995-96 deixaran d\u2019\u00e9sser exclusius de la Formaci\u00f3 Professional. De forma progressiva comencen a impartir-se cursos d\u2019ESO i de Batxillerat; a m\u00e9s l\u2019estructura de la  Formaci\u00f3 Professional canvia radicalment, l\u2019FP1 i FP2 s\u00f3n substitu\u00efdes pels CFGM i CFGS.<\/p>\n<p>El professorat i totes les estructures de l\u2019institut s\u2019han d\u2019adaptar a una nova situaci\u00f3, arriben al centre nois i noies de 12 anys. Per altra part, la generalitzaci\u00f3 de l\u2019ensenyament obligatori fins als 16 anys propicia  que s\u2019incorpori al centre una nova tipologia d\u2019alumnat , havent de donar noves respostes per atendre les necessitats que presenta. S\u2019imposa buscar noves f\u00f3rmules i noves metodologies de treball per atendre la diversitat que la nova situaci\u00f3 genera. L\u2019arribada d\u2019un important nombre d\u2019alumnat nouvingut a Catalunya encara afavoreix m\u00e9s la recerca de noves formes de treballar per afrontar nous reptes. Neix l\u2019aula d\u2019acollida  i l\u2019aula oberta a l\u2019ESO<\/p>\n<p>La implementaci\u00f3 de la LOGSE provoca canvis notables a la Formaci\u00f3 Professional: la fam\u00edlia de Delineaci\u00f3 es trasllada fora de l\u2019institut, i s\u2019incorpora la fam\u00edlia d\u2019Inform\u00e0tica.<\/p>\n<p>L\u2019Institut, a l\u2019\u00e0mbit de Formaci\u00f3 Professional esdev\u00e9 centre de refer\u00e8ncia de la fam\u00edlia de Sanitat per tot Catalunya, la denominaci\u00f3 oficial de l\u2019institut \u00e9s IES SEP LA GUINEUETA<\/p>\n<p>Des del curs 2003-04 l\u2019institut participa en el programa de Qualitat i Millora cont\u00ednua, obtenint la certificaci\u00f3 ISO 9000 2001 el curs 2007-08<\/p>\n<p>En el curs 2005-06 desapareix tamb\u00e9 de l\u2019institut la fam\u00edlia d\u2019Electr\u00f2nica<\/p>\n<h2> 4 &#8211; L\u2019INSTITUT LA GUINEUETA. SITUACI\u00d3 ACTUAL <\/h2>\n<p>En els darrers cursos s\u2019han ampliat els estudis impartits: el CFGM d\u2019Emerg\u00e8ncies sanit\u00e0ries amb una gran demanda d\u2019alumnat s\u2019inicia el curs 2008-09, tamb\u00e9 s\u2019ha incorporat a l\u2019institut el PQPI d\u2019auxiliar de  reparaci\u00f3 i manteniment de vehicles lleugers.  A m\u00e9s s\u2019han fet cursos de preparaci\u00f3 a les proves d\u2019acc\u00e9s als CFGS i el curs d\u2019acc\u00e9s als CFGS . Per altra part el curs 2009-10 es va deixar d\u2019impartir el CFGS de Desenvolupament d\u2019aplicacions inform\u00e0tiques. Des de l\u2019any 2011 desapareix oficialment la denominaci\u00f3 IES per l\u2019actual d\u2019Institut o INS.<\/p>\n<p>Tamb\u00e9 s\u2019han ampliat les instal\u00b7lacions de l\u2019institut: s\u2019han constru\u00eft 3 nous laboratoris de sanitat, l\u2019aula ambul\u00e0ncia i l\u2019aula de simulaci\u00f3 d\u2019emerg\u00e8ncies. Aix\u00ed com s\u2019ha ampliat notablement la dotaci\u00f3 d\u2019equipaments inform\u00e0tics del centre.<\/p>\n<p>La Formaci\u00f3 Professional traspassa l\u2019\u00e0mbit del recinte propi del centre, i s\u2019obre a l\u2019exterior: projectes de mobilitat, convenis amb empreses per formar treballadors, programes Qualifica\u2019t i Acredita\u2019t i el servei d\u2019assessorament i reconeixement en s\u00f3n exemples i marquen el futur de l\u2019FP. L\u2019aplicaci\u00f3 de l\u2019FP dual que s\u2019est\u00e0 engegant \u00e9s el repte de futur.<\/p>\n<p>Actualment l\u2019institut participa en diferents projectes:<br \/>\nA l\u2019 d\u2019FP: Projectes d\u2019innovaci\u00f3 de la convocat\u00f2ria PROMECE 2014 amb col\u00b7laboraci\u00f3 amb l\u2019institut Les Vinyes de Santa Coloma de Gramenet i els instituts la Albaida d\u2019Almeria i l\u2019institut de Jerez de la Frontera , Comenius , Salva una vida, Projecte d\u2019orientaci\u00f3 a l\u2019FP,Formaci\u00f3 complement\u00e0ria i col\u00b7laboracxi\u00f3 amb empreses i centres hospitalaris (Institut Germans Trias i Pujol \u2013 Can Ruti), Projecte com \u00e9sser un\/a emprenedor\/a, Innova FP i FP dual<\/p>\n<p>A l\u2019ESO: Projectes EXIT, Projecte de diversificaci\u00f3 curricular, Tutoria entre iguals i projecte STEM.<\/p>\n<p>A nivell de tot el centre l\u2019institut participa en el Comenius Regio RESL sobre abandonament prematur amb el partner de Sheffield i en el Projecte de Qualitat i Millora Continua com a membre de les xarxes Q5 i E1<\/p>\n<p>El curs 2014-15 el nombre d\u2019alumnat matriculat es de 1580 alumnes, es  distribueix en 53 grups d\u2019alumnat , i  hi treballen 121 professors\/es.<\/p>\n","protected":false},"excerpt":{"rendered":"<p> DE L\u2019ESCOLA PROFESSIONAL GUINEUETA A L\u2019INSTITUT LA GUINEUETA<br \/>\n 1 &#8211; ELS INICIS<br \/>\nL\u2019Escola de Formaci\u00f3 Professional \u201cGUINEUETA\u201d, \u2013 despr\u00e9s Institut de Formaci\u00f3 Professional LA GUINEUETA- inicia la seva activitat un 15 de novembre de 1978, en les especialitats de Metall- mec\u00e0nica, Electricitat-electr\u00f2nica i&hellip;  <a href=\"https:\/\/agora.xtec.cat\/ieslaguineueta\/linstitut\/historia\/\" title=\"Read Hist\u00f2ria\">Llegeix m\u00e9s\u00bb<\/a><\/p>\n","protected":false},"author":1,"featured_media":0,"parent":19,"menu_order":30,"comment_status":"closed","ping_status":"closed","template":"page-templates\/side-menu.php","meta":{"_bbp_topic_count":0,"_bbp_reply_count":0,"_bbp_total_topic_count":0,"_bbp_total_reply_count":0,"_bbp_voice_count":0,"_bbp_anonymous_reply_count":0,"_bbp_topic_count_hidden":0,"_bbp_reply_count_hidden":0,"_bbp_forum_subforum_count":0,"footnotes":""},"class_list":["post-27","page","type-page","status-publish","hentry"],"post_mailing_queue_ids":[],"_links":{"self":[{"href":"https:\/\/agora.xtec.cat\/ieslaguineueta\/wp-json\/wp\/v2\/pages\/27","targetHints":{"allow":["GET"]}}],"collection":[{"href":"https:\/\/agora.xtec.cat\/ieslaguineueta\/wp-json\/wp\/v2\/pages"}],"about":[{"href":"https:\/\/agora.xtec.cat\/ieslaguineueta\/wp-json\/wp\/v2\/types\/page"}],"author":[{"embeddable":true,"href":"https:\/\/agora.xtec.cat\/ieslaguineueta\/wp-json\/wp\/v2\/users\/1"}],"replies":[{"embeddable":true,"href":"https:\/\/agora.xtec.cat\/ieslaguineueta\/wp-json\/wp\/v2\/comments?post=27"}],"version-history":[{"count":3,"href":"https:\/\/agora.xtec.cat\/ieslaguineueta\/wp-json\/wp\/v2\/pages\/27\/revisions"}],"predecessor-version":[{"id":527,"href":"https:\/\/agora.xtec.cat\/ieslaguineueta\/wp-json\/wp\/v2\/pages\/27\/revisions\/527"}],"up":[{"embeddable":true,"href":"https:\/\/agora.xtec.cat\/ieslaguineueta\/wp-json\/wp\/v2\/pages\/19"}],"wp:attachment":[{"href":"https:\/\/agora.xtec.cat\/ieslaguineueta\/wp-json\/wp\/v2\/media?parent=27"}],"curies":[{"name":"wp","href":"https:\/\/api.w.org\/{rel}","templated":true}]}}