{"id":1243,"date":"2017-10-05T23:08:19","date_gmt":"2017-10-05T21:08:19","guid":{"rendered":"http:\/\/agora.xtec.cat\/ieslaguineueta\/?page_id=1243"},"modified":"2017-10-05T23:08:19","modified_gmt":"2017-10-05T21:08:19","slug":"missio","status":"publish","type":"page","link":"https:\/\/agora.xtec.cat\/ieslaguineueta\/qualitat\/missio\/","title":{"rendered":"Missi\u00f3"},"content":{"rendered":"<p style=\"text-align: justify;\">Respecte a l\u2019alumnat, la missi\u00f3 del centre \u00e9s:<\/p>\n<ul style=\"text-align: justify;\">\n<li>acollir-lo i acompanyar-lo en la seva formaci\u00f3 integral com a persona<\/li>\n<li>formar-lo d\u2019acord amb les exig\u00e8ncies normatives i professionals,<\/li>\n<li>orientar-lo per tal d\u2019afavorir la seva \u00f2ptima integraci\u00f3 en el m\u00f3n adult i laboral,<\/li>\n<li>acreditar-lo per tal que pugui demostrar les capacitats i les compet\u00e8ncies adquirides.<\/li>\n<\/ul>\n<p style=\"text-align: justify;\">Respecte a l\u2019entorn immediat i a la societat: retornar l\u2019alumnat format, aut\u00f2nom, conscient i responsable, amb sentiment de pertinen\u00e7a al territori, orientat i competent per tal que sigui capa\u00e7 de participar en tots els \u00e0mbits amb responsabilitat, humanitat, coher\u00e8ncia i comprom\u00eds social. Respecte a les administracions educatives: assegurar el compliment de les lleis que governen l\u2019educaci\u00f3 i la gesti\u00f3 dels centres educatius.<\/p>\n","protected":false},"excerpt":{"rendered":"<p>Respecte a l\u2019alumnat, la missi\u00f3 del centre \u00e9s:<\/p>\n<ul style=\"text-align: justify;\">\n<li>acollir-lo i acompanyar-lo en la seva formaci\u00f3 integral com a persona<\/li>\n<li>formar-lo d\u2019acord amb les exig\u00e8ncies normatives i professionals,<\/li>\n<li>orientar-lo per tal d\u2019afavorir la seva \u00f2ptima integraci\u00f3 en el m\u00f3n adult i laboral,<\/li>\n<li>acreditar-lo per tal que pugui demostrar&hellip;  <a href=\"https:\/\/agora.xtec.cat\/ieslaguineueta\/qualitat\/missio\/\" title=\"Read Missi\u00f3\">Llegeix m\u00e9s\u00bb<\/a><br \/>\n","protected":false},"author":1,"featured_media":0,"parent":1237,"menu_order":2,"comment_status":"closed","ping_status":"closed","template":"","meta":{"_bbp_topic_count":0,"_bbp_reply_count":0,"_bbp_total_topic_count":0,"_bbp_total_reply_count":0,"_bbp_voice_count":0,"_bbp_anonymous_reply_count":0,"_bbp_topic_count_hidden":0,"_bbp_reply_count_hidden":0,"_bbp_forum_subforum_count":0,"footnotes":""},"class_list":["post-1243","page","type-page","status-publish","hentry"],"post_mailing_queue_ids":[],"_links":{"self":[{"href":"https:\/\/agora.xtec.cat\/ieslaguineueta\/wp-json\/wp\/v2\/pages\/1243","targetHints":{"allow":["GET"]}}],"collection":[{"href":"https:\/\/agora.xtec.cat\/ieslaguineueta\/wp-json\/wp\/v2\/pages"}],"about":[{"href":"https:\/\/agora.xtec.cat\/ieslaguineueta\/wp-json\/wp\/v2\/types\/page"}],"author":[{"embeddable":true,"href":"https:\/\/agora.xtec.cat\/ieslaguineueta\/wp-json\/wp\/v2\/users\/1"}],"replies":[{"embeddable":true,"href":"https:\/\/agora.xtec.cat\/ieslaguineueta\/wp-json\/wp\/v2\/comments?post=1243"}],"version-history":[{"count":1,"href":"https:\/\/agora.xtec.cat\/ieslaguineueta\/wp-json\/wp\/v2\/pages\/1243\/revisions"}],"predecessor-version":[{"id":1244,"href":"https:\/\/agora.xtec.cat\/ieslaguineueta\/wp-json\/wp\/v2\/pages\/1243\/revisions\/1244"}],"up":[{"embeddable":true,"href":"https:\/\/agora.xtec.cat\/ieslaguineueta\/wp-json\/wp\/v2\/pages\/1237"}],"wp:attachment":[{"href":"https:\/\/agora.xtec.cat\/ieslaguineueta\/wp-json\/wp\/v2\/media?parent=1243"}],"curies":[{"name":"wp","href":"https:\/\/api.w.org\/{rel}","templated":true}]}}