{"id":1237,"date":"2017-10-05T23:04:54","date_gmt":"2017-10-05T21:04:54","guid":{"rendered":"http:\/\/agora.xtec.cat\/ieslaguineueta\/?page_id=1237"},"modified":"2017-10-11T15:39:56","modified_gmt":"2017-10-11T13:39:56","slug":"qualitat","status":"publish","type":"page","link":"https:\/\/agora.xtec.cat\/ieslaguineueta\/qualitat\/","title":{"rendered":"Qualitat"},"content":{"rendered":"<p style=\"text-align: justify;\">L&#8217;Institut de la Guineueta compta amb un sistema de qualitat basat en la norma ISO 9001-2008. Aquest sistema ha fet necessari la creaci\u00f3 d&#8217;un Manual de Gesti\u00f3 i ha perm\u00e9s la informatitzaci\u00f3 de\u00a0 totes les dades i la seva gesti\u00f3 telem\u00e0tica. En juny del 2011, el nostre centre va ser recertificat, per l&#8217;empresa certificadora ECA del grup Bureau Veritas,\u00a0 en passar exitosament\u00a0 l&#8217;auditoria de renovaci\u00f3. l&#8217;any 2014 el centre va tornar a tenir la recertificaci\u00f3.<\/p>\n<p style=\"text-align: justify;\">La finalitat del sistema \u00e9s generar una din\u00e0mica de millora cont\u00ednua que satisfaci la nostra comunitat\u00a0 educativa, basat, sempre, en l&#8217;avaluaci\u00f3 cont\u00ednua de totes les actuacions. A tal efecte, realitzem dues auditories anuals del sistema: una interna, cap al novembre, i una altra externa realitzada per l&#8217;empresa certificadora, a l&#8217;abril. L&#8217;Institut la Guineueta t\u00e9 com a objectiu treballar pel reconeixement de l&#8217;excel\u00b7l\u00e8ncia,\u00a0 sota la premissa que la qualitat \u00e9s una part fonamental i priorit\u00e0ria de la filosofia i estrat\u00e8gia que caracteritza el nostre centre.<\/p>\n","protected":false},"excerpt":{"rendered":"<p>L&#8217;Institut de la Guineueta compta amb un sistema de qualitat basat en la norma ISO 9001-2008. Aquest sistema ha fet necessari la creaci\u00f3 d&#8217;un Manual de Gesti\u00f3 i ha perm\u00e9s la informatitzaci\u00f3 de\u00a0 totes les dades i la seva gesti\u00f3 telem\u00e0tica. En juny del 2011,&hellip;  <a href=\"https:\/\/agora.xtec.cat\/ieslaguineueta\/qualitat\/\" title=\"Read Qualitat\">Llegeix m\u00e9s\u00bb<\/a><\/p>\n","protected":false},"author":1,"featured_media":0,"parent":0,"menu_order":0,"comment_status":"closed","ping_status":"closed","template":"page-templates\/side-menu.php","meta":{"_bbp_topic_count":0,"_bbp_reply_count":0,"_bbp_total_topic_count":0,"_bbp_total_reply_count":0,"_bbp_voice_count":0,"_bbp_anonymous_reply_count":0,"_bbp_topic_count_hidden":0,"_bbp_reply_count_hidden":0,"_bbp_forum_subforum_count":0,"footnotes":""},"class_list":["post-1237","page","type-page","status-publish","hentry"],"post_mailing_queue_ids":[],"_links":{"self":[{"href":"https:\/\/agora.xtec.cat\/ieslaguineueta\/wp-json\/wp\/v2\/pages\/1237","targetHints":{"allow":["GET"]}}],"collection":[{"href":"https:\/\/agora.xtec.cat\/ieslaguineueta\/wp-json\/wp\/v2\/pages"}],"about":[{"href":"https:\/\/agora.xtec.cat\/ieslaguineueta\/wp-json\/wp\/v2\/types\/page"}],"author":[{"embeddable":true,"href":"https:\/\/agora.xtec.cat\/ieslaguineueta\/wp-json\/wp\/v2\/users\/1"}],"replies":[{"embeddable":true,"href":"https:\/\/agora.xtec.cat\/ieslaguineueta\/wp-json\/wp\/v2\/comments?post=1237"}],"version-history":[{"count":2,"href":"https:\/\/agora.xtec.cat\/ieslaguineueta\/wp-json\/wp\/v2\/pages\/1237\/revisions"}],"predecessor-version":[{"id":1267,"href":"https:\/\/agora.xtec.cat\/ieslaguineueta\/wp-json\/wp\/v2\/pages\/1237\/revisions\/1267"}],"wp:attachment":[{"href":"https:\/\/agora.xtec.cat\/ieslaguineueta\/wp-json\/wp\/v2\/media?parent=1237"}],"curies":[{"name":"wp","href":"https:\/\/api.w.org\/{rel}","templated":true}]}}