{"id":1224,"date":"2017-10-05T20:53:43","date_gmt":"2017-10-05T18:53:43","guid":{"rendered":"http:\/\/agora.xtec.cat\/ieslaguineueta\/?page_id=1224"},"modified":"2017-10-05T20:53:43","modified_gmt":"2017-10-05T18:53:43","slug":"documentacio","status":"publish","type":"page","link":"https:\/\/agora.xtec.cat\/ieslaguineueta\/secretaria\/documentacio\/","title":{"rendered":"Documentaci\u00f3"},"content":{"rendered":"<h3><\/h3>\n<ul>\n<li><a href=\"http:\/\/www.inslaguineueta.cat\/wp-content\/uploads\/2013\/09\/Sol_licitud_general_EMPLENABLE.pdf\" target=\"_blank\" rel=\"noopener noreferrer\">Sol_licitud_general_EMPLENABLE<\/a><\/li>\n<li><a href=\"http:\/\/www.inslaguineueta.cat\/wp-content\/uploads\/2013\/09\/Sol_licitud_general.pdf\" target=\"_blank\" rel=\"noopener noreferrer\">Sol_licitud_general<\/a><\/li>\n<\/ul>\n<p><img loading=\"lazy\" decoding=\"async\" class=\"alignnone wp-image-748\" src=\"http:\/\/www.inslaguineueta.cat\/wp-content\/uploads\/2013\/09\/SOL_LICITUD_CONVALIDACIO1-1024x68.png\" sizes=\"auto, (max-width: 540px) 100vw, 540px\" srcset=\"http:\/\/www.inslaguineueta.cat\/wp-content\/uploads\/2013\/09\/SOL_LICITUD_CONVALIDACIO1-1024x68.png 1024w, http:\/\/www.inslaguineueta.cat\/wp-content\/uploads\/2013\/09\/SOL_LICITUD_CONVALIDACIO1-300x20.png 300w\" alt=\"SOL_LICITUD_CONVALIDACIO1\" width=\"540\" height=\"36\" \/><\/p>\n<ul>\n<li><a href=\"http:\/\/www.inslaguineueta.cat\/wp-content\/uploads\/2013\/03\/Sol%C2%B7licitud-de-convalidaci%C3%B3-de-cr%C3%A8dits_m%C3%B2duls-EMPLENABLE-2.pdf\">Sol\u00b7licitud de convalidaci\u00f3 de cr\u00e8dits_m\u00f2duls EMPLENABLE-2<\/a><\/li>\n<li><a href=\"http:\/\/www.inslaguineueta.cat\/wp-content\/uploads\/2013\/03\/Sol%C2%B7licitud-de-convalidaci%C3%B3-de-cr%C3%A8dits_m%C3%B2duls.pdf\">Sol\u00b7licitud de convalidaci\u00f3 de cr\u00e8dits_m\u00f2duls<\/a><\/li>\n<\/ul>\n<p><img loading=\"lazy\" decoding=\"async\" class=\"alignnone wp-image-749\" src=\"http:\/\/www.inslaguineueta.cat\/wp-content\/uploads\/2013\/09\/SOL_LICITUD_ANUL_LACIO-1024x68.png\" sizes=\"auto, (max-width: 555px) 100vw, 555px\" srcset=\"http:\/\/www.inslaguineueta.cat\/wp-content\/uploads\/2013\/09\/SOL_LICITUD_ANUL_LACIO-1024x68.png 1024w, http:\/\/www.inslaguineueta.cat\/wp-content\/uploads\/2013\/09\/SOL_LICITUD_ANUL_LACIO-300x20.png 300w\" alt=\"SOL_LICITUD_ANUL_LACIO\" width=\"555\" height=\"37\" \/><\/p>\n<ul>\n<li><a href=\"http:\/\/www.inslaguineueta.cat\/wp-content\/uploads\/2013\/09\/Sol_licitud_de_anul_lacio_de_credits_moduls_EMPLENABLE.pdf\" target=\"_blank\" rel=\"noopener noreferrer\">Sol_licitud_de_anul_lacio_de_credits_moduls_EMPLENABLE<\/a><\/li>\n<li><a href=\"http:\/\/www.inslaguineueta.cat\/wp-content\/uploads\/2013\/09\/Sol_licitud_de_anul_lacio_de_credits_moduls.pdf\" target=\"_blank\" rel=\"noopener noreferrer\">Sol_licitud_de_anul_lacio_de_credits_moduls<\/a><\/li>\n<\/ul>\n","protected":false},"excerpt":{"rendered":"<ul>\n<li><a href=\"http:\/\/www.inslaguineueta.cat\/wp-content\/uploads\/2013\/09\/Sol_licitud_general_EMPLENABLE.pdf\" target=\"_blank\" rel=\"noopener noreferrer\">Sol_licitud_general_EMPLENABLE<\/a><\/li>\n<li><a href=\"http:\/\/www.inslaguineueta.cat\/wp-content\/uploads\/2013\/09\/Sol_licitud_general.pdf\" target=\"_blank\" rel=\"noopener noreferrer\">Sol_licitud_general<\/a><\/li>\n<\/ul>\n<ul>\n<li><a href=\"http:\/\/www.inslaguineueta.cat\/wp-content\/uploads\/2013\/03\/Sol%C2%B7licitud-de-convalidaci%C3%B3-de-cr%C3%A8dits_m%C3%B2duls-EMPLENABLE-2.pdf\">Sol\u00b7licitud de convalidaci\u00f3 de cr\u00e8dits_m\u00f2duls EMPLENABLE-2<\/a><\/li>\n<li><a href=\"http:\/\/www.inslaguineueta.cat\/wp-content\/uploads\/2013\/03\/Sol%C2%B7licitud-de-convalidaci%C3%B3-de-cr%C3%A8dits_m%C3%B2duls.pdf\">Sol\u00b7licitud de convalidaci\u00f3 de cr\u00e8dits_m\u00f2duls<\/a><\/li>\n<\/ul>\n<ul>\n<li><a href=\"http:\/\/www.inslaguineueta.cat\/wp-content\/uploads\/2013\/09\/Sol_licitud_de_anul_lacio_de_credits_moduls_EMPLENABLE.pdf\" target=\"_blank\" rel=\"noopener noreferrer\">Sol_licitud_de_anul_lacio_de_credits_moduls_EMPLENABLE<\/a><\/li>\n<li><a href=\"http:\/\/www.inslaguineueta.cat\/wp-content\/uploads\/2013\/09\/Sol_licitud_de_anul_lacio_de_credits_moduls.pdf\" target=\"_blank\" rel=\"noopener noreferrer\">Sol_licitud_de_anul_lacio_de_credits_moduls<\/a><\/li>\n<\/ul>\n","protected":false},"author":1,"featured_media":0,"parent":81,"menu_order":4,"comment_status":"closed","ping_status":"closed","template":"","meta":{"_bbp_topic_count":0,"_bbp_reply_count":0,"_bbp_total_topic_count":0,"_bbp_total_reply_count":0,"_bbp_voice_count":0,"_bbp_anonymous_reply_count":0,"_bbp_topic_count_hidden":0,"_bbp_reply_count_hidden":0,"_bbp_forum_subforum_count":0,"footnotes":""},"class_list":["post-1224","page","type-page","status-publish","hentry"],"post_mailing_queue_ids":[],"_links":{"self":[{"href":"https:\/\/agora.xtec.cat\/ieslaguineueta\/wp-json\/wp\/v2\/pages\/1224","targetHints":{"allow":["GET"]}}],"collection":[{"href":"https:\/\/agora.xtec.cat\/ieslaguineueta\/wp-json\/wp\/v2\/pages"}],"about":[{"href":"https:\/\/agora.xtec.cat\/ieslaguineueta\/wp-json\/wp\/v2\/types\/page"}],"author":[{"embeddable":true,"href":"https:\/\/agora.xtec.cat\/ieslaguineueta\/wp-json\/wp\/v2\/users\/1"}],"replies":[{"embeddable":true,"href":"https:\/\/agora.xtec.cat\/ieslaguineueta\/wp-json\/wp\/v2\/comments?post=1224"}],"version-history":[{"count":1,"href":"https:\/\/agora.xtec.cat\/ieslaguineueta\/wp-json\/wp\/v2\/pages\/1224\/revisions"}],"predecessor-version":[{"id":1225,"href":"https:\/\/agora.xtec.cat\/ieslaguineueta\/wp-json\/wp\/v2\/pages\/1224\/revisions\/1225"}],"up":[{"embeddable":true,"href":"https:\/\/agora.xtec.cat\/ieslaguineueta\/wp-json\/wp\/v2\/pages\/81"}],"wp:attachment":[{"href":"https:\/\/agora.xtec.cat\/ieslaguineueta\/wp-json\/wp\/v2\/media?parent=1224"}],"curies":[{"name":"wp","href":"https:\/\/api.w.org\/{rel}","templated":true}]}}