{"id":1222,"date":"2017-10-05T20:52:28","date_gmt":"2017-10-05T18:52:28","guid":{"rendered":"http:\/\/agora.xtec.cat\/ieslaguineueta\/?page_id=1222"},"modified":"2017-10-05T20:52:28","modified_gmt":"2017-10-05T18:52:28","slug":"certificats","status":"publish","type":"page","link":"https:\/\/agora.xtec.cat\/ieslaguineueta\/secretaria\/certificats\/","title":{"rendered":"Certificats"},"content":{"rendered":"<h4>Certificats de catal\u00e0<\/h4>\n<p><b>Requeriments<\/b><\/p>\n<ol>\n<li>Escolaritzaci\u00f3 complerta a Catalunya (des de l\u2019EGB o Prim\u00e0ria)<\/li>\n<li>No haver estat exempt de catal\u00e0<\/li>\n<li>Inici de l\u2019escolaritzaci\u00f3 a partir del curs 1978-79 (incl\u00f2s)<\/li>\n<li>Finalitzaci\u00f3 dels estudis acreditats a partir del curs 1990-91 (incl\u00f2s)<\/li>\n<li>Els estudis han de ser presencials en la seva totalitat (no s\u2019inclouen l\u2019ensenyament d\u2019adults, les proves lliures, etc.)<\/li>\n<\/ol>\n<p><b>Com es sol\u00b7licita i quan es pot recollir?<\/b><\/p>\n<ul>\n<li>S\u2019ha de portar la documentaci\u00f3 que s\u2019indica a la taula d\u2019equival\u00e8ncies.<\/li>\n<li>No cal que vingui el titular personalment.<\/li>\n<\/ul>\n<p><b>Taula d\u2019equival\u00e8ncies:<\/b><\/p>\n<p>Nom\u00e9s es poden sol\u00b7licitar els nivells que s\u2019indiquen.<\/p>\n<table border=\"1\">\n<tbody>\n<tr>\n<th bgcolor=\"#ffcc66\">NIVELL C<\/th>\n<th bgcolor=\"#ffcc66\">Cal haver estudiat<\/th>\n<th bgcolor=\"#ffcc66\">Documents que cal presentar<\/th>\n<\/tr>\n<tr>\n<td bgcolor=\"#ffffcc\">BUP<\/td>\n<td bgcolor=\"#ffffcc\">EGB i BUP<\/td>\n<td bgcolor=\"#ffffcc\">DNI, Llibre d\u2019EGB i Llibre de BUP<\/td>\n<\/tr>\n<tr>\n<td bgcolor=\"#ffffcc\">FP2<\/td>\n<td bgcolor=\"#ffffcc\">EGB, FP1 i FP2<\/td>\n<td bgcolor=\"#ffffcc\">DNI, Llibre d\u2019EGB, T\u00edtol de FP1 i FP2<\/td>\n<\/tr>\n<tr>\n<td bgcolor=\"#ffffcc\">BATXILLERAT<\/td>\n<td bgcolor=\"#ffffcc\">Almenys 3 cursos PRI i 5 entre ESO i BATX<\/td>\n<td bgcolor=\"#ffffcc\">DNI, Llibre d\u2019ESO i Llibre de Batxillerat<\/td>\n<\/tr>\n<tr>\n<td bgcolor=\"#ffffcc\">ESO<\/td>\n<td bgcolor=\"#ffffcc\">Almenys 3 cursos PRI i tota l\u2019ESO<\/td>\n<td bgcolor=\"#ffffcc\">DNI i Llibre d\u2019ESO<\/td>\n<\/tr>\n<\/tbody>\n<\/table>\n<table border=\"1\">\n<tbody>\n<tr>\n<th bgcolor=\"#ffcc66\">NIVELL B<\/th>\n<th bgcolor=\"#ffcc66\">Cal haver estudiat<\/th>\n<th bgcolor=\"#ffcc66\">Documents que cal presentar<\/th>\n<\/tr>\n<tr>\n<td bgcolor=\"#ffffcc\">EGB<\/td>\n<td bgcolor=\"#ffffcc\">EGB<\/td>\n<td bgcolor=\"#ffffcc\">DNI, Llibre d\u2019EGB<\/td>\n<\/tr>\n<tr>\n<td bgcolor=\"#ffffcc\">FP1<\/td>\n<td bgcolor=\"#ffffcc\">EGB i FP1<\/td>\n<td bgcolor=\"#ffffcc\">DNI, Llibre d\u2019EGB i T\u00edtol de FP1<\/td>\n<\/tr>\n<\/tbody>\n<\/table>\n<h4>Altres certificats<\/h4>\n<p><b>Quins certificats es poden sol\u00b7licitar?<\/b><\/p>\n<ul>\n<li>Certificat de notes<\/li>\n<li>Certificat de nota mitjana<\/li>\n<li>Certificat d\u2019estudis realitzats<\/li>\n<li>Altres certificats<\/li>\n<\/ul>\n<p>Tamb\u00e9 es poden sol\u00b7licitar certificats de coneixements de catal\u00e0, per\u00f2 el tr\u00e0mit \u00e9s diferent.<\/p>\n<p><b>Com es sol\u00b7liciten?<\/b><\/p>\n<p>Es poden sol\u00b7licitar personalment o per tel\u00e8fon.<\/p>\n<p><b>Quan es pot recollir el certificat?<\/b><\/p>\n<p>El temps d\u2019entrega d\u2019un certificat \u00e9s de 3 dies.<\/p>\n","protected":false},"excerpt":{"rendered":"<p>Certificats de catal\u00e0<br \/>\nRequeriments<\/p>\n<ol>\n<li>Escolaritzaci\u00f3 complerta a Catalunya (des de l\u2019EGB o Prim\u00e0ria)<\/li>\n<li>No haver estat exempt de catal\u00e0<\/li>\n<li>Inici de l\u2019escolaritzaci\u00f3 a partir del curs 1978-79 (incl\u00f2s)<\/li>\n<li>Finalitzaci\u00f3 dels estudis acreditats a partir del curs 1990-91 (incl\u00f2s)<\/li>\n<li>Els estudis han de ser presencials en la seva totalitat (no s\u2019inclouen l\u2019ensenyament&hellip;  <a href=\"https:\/\/agora.xtec.cat\/ieslaguineueta\/secretaria\/certificats\/\" title=\"Read Certificats\">Llegeix m\u00e9s\u00bb<\/a><br \/>\n","protected":false},"author":1,"featured_media":0,"parent":81,"menu_order":3,"comment_status":"closed","ping_status":"closed","template":"","meta":{"_bbp_topic_count":0,"_bbp_reply_count":0,"_bbp_total_topic_count":0,"_bbp_total_reply_count":0,"_bbp_voice_count":0,"_bbp_anonymous_reply_count":0,"_bbp_topic_count_hidden":0,"_bbp_reply_count_hidden":0,"_bbp_forum_subforum_count":0,"footnotes":""},"class_list":["post-1222","page","type-page","status-publish","hentry"],"post_mailing_queue_ids":[],"_links":{"self":[{"href":"https:\/\/agora.xtec.cat\/ieslaguineueta\/wp-json\/wp\/v2\/pages\/1222","targetHints":{"allow":["GET"]}}],"collection":[{"href":"https:\/\/agora.xtec.cat\/ieslaguineueta\/wp-json\/wp\/v2\/pages"}],"about":[{"href":"https:\/\/agora.xtec.cat\/ieslaguineueta\/wp-json\/wp\/v2\/types\/page"}],"author":[{"embeddable":true,"href":"https:\/\/agora.xtec.cat\/ieslaguineueta\/wp-json\/wp\/v2\/users\/1"}],"replies":[{"embeddable":true,"href":"https:\/\/agora.xtec.cat\/ieslaguineueta\/wp-json\/wp\/v2\/comments?post=1222"}],"version-history":[{"count":1,"href":"https:\/\/agora.xtec.cat\/ieslaguineueta\/wp-json\/wp\/v2\/pages\/1222\/revisions"}],"predecessor-version":[{"id":1223,"href":"https:\/\/agora.xtec.cat\/ieslaguineueta\/wp-json\/wp\/v2\/pages\/1222\/revisions\/1223"}],"up":[{"embeddable":true,"href":"https:\/\/agora.xtec.cat\/ieslaguineueta\/wp-json\/wp\/v2\/pages\/81"}],"wp:attachment":[{"href":"https:\/\/agora.xtec.cat\/ieslaguineueta\/wp-json\/wp\/v2\/media?parent=1222"}],"curies":[{"name":"wp","href":"https:\/\/api.w.org\/{rel}","templated":true}]}}