{"id":1218,"date":"2017-10-05T20:50:44","date_gmt":"2017-10-05T18:50:44","guid":{"rendered":"http:\/\/agora.xtec.cat\/ieslaguineueta\/?page_id=1218"},"modified":"2017-10-05T20:50:44","modified_gmt":"2017-10-05T18:50:44","slug":"preinscripcio-i-matricula","status":"publish","type":"page","link":"https:\/\/agora.xtec.cat\/ieslaguineueta\/secretaria\/preinscripcio-i-matricula\/","title":{"rendered":"Preinscripci\u00f3 i matr\u00edcula"},"content":{"rendered":"<p><strong>CALENDARI GENERAL DE PREINSCRIPCI\u00d3 I MATR\u00cdCULA PER AL CURS 2017-18<\/strong><\/p>\n<table border=\"1\">\n<tbody>\n<tr bgcolor=\"#FFCC00\">\n<th colspan=\"2\" scope=\"col\"><strong>PREINSCRIPCI\u00d3 2017-18<\/strong><\/th>\n<\/tr>\n<tr>\n<td><strong>ESO<\/strong><\/td>\n<td><strong>23 de mar\u00e7 al 4 abril<\/strong><\/td>\n<\/tr>\n<tr>\n<td><strong>BATXILLERAT<\/strong><\/td>\n<td><strong>16 al 24 de maig<\/strong><\/td>\n<\/tr>\n<tr>\n<td><strong>CICLES FORMATIUS GRAU MITJ\u00c0<\/strong><\/td>\n<td><strong>16 al 24 de maig<\/strong><\/td>\n<\/tr>\n<tr>\n<td><strong>CICLES FORMATIUS GRAU SUPERIOR<\/strong><\/td>\n<td><strong>25 al 31 de maig<\/strong><\/td>\n<\/tr>\n<tr>\n<td><strong>CURS D\u2019ACC\u00c9S ALS CFGS ( CAS )<\/strong><\/td>\n<td><strong>3 al 7 de juliol<\/strong><\/td>\n<\/tr>\n<tr>\n<td><strong>PFI<\/strong><\/td>\n<td><strong>15 al\u00a0\u00a0 26 de maig<\/strong><\/td>\n<\/tr>\n<\/tbody>\n<\/table>\n<p>&nbsp;<\/p>\n<table border=\"1\">\n<tbody>\n<tr bgcolor=\"#FFCC00\">\n<th colspan=\"2\" scope=\"col\"><strong>MATR\u00cdCULA<\/strong><\/th>\n<\/tr>\n<tr>\n<td><strong>1r d\u2019ESO<\/strong><\/td>\n<td>\u00a0\u00a0<b>12 al 16 de juny<\/b><\/td>\n<\/tr>\n<tr>\n<td><strong>2n, 3r i 4t d\u2019ESO<\/strong><\/td>\n<td>\u00a0\u00a0<b>26 al 30 de juny<\/b><\/td>\n<\/tr>\n<tr>\n<td>Per\u00edode de matr\u00edcula\u00a0<strong>extraordin\u00e0ria d\u2019ESO \u00a0<\/strong>pels pendents d\u2019ex\u00e0mens de setembre<\/td>\n<td>\u00a0\u00a0<b>6 al 8 de setembre<\/b><\/td>\n<\/tr>\n<tr>\n<td><strong>BATXILLERAT<\/strong><\/td>\n<td>\u00a0\u00a0<b>4 al 11 de juliol<\/b><\/td>\n<\/tr>\n<tr>\n<td><strong>CICLES FORMATIUS GRAU MITJ\u00c0<\/strong><\/td>\n<td>\u00a0\u00a0<b>4 al 11 de juliol<\/b><\/td>\n<\/tr>\n<tr>\n<td><strong>CICLES FORMATIUS GRAU SUPERIOR<\/strong><\/td>\n<td>\u00a0\u00a0<b>13 al 20 de juliol<\/b><\/td>\n<\/tr>\n<tr>\n<td><strong>CURS D\u2019ACC\u00c9S ALS CFGS ( CAS )<\/strong><\/td>\n<td><strong>\u00a0\u00a0<b>14 al 20 de juliol<\/b><br \/>\n<\/strong><\/td>\n<\/tr>\n<tr>\n<td><strong>PFI<\/strong><\/td>\n<td><strong>\u00a0\u00a0<b>1 al 8 de setembre<\/b><br \/>\n<\/strong><\/td>\n<\/tr>\n<\/tbody>\n<\/table>\n<p><strong>* \u00a0Sanitat:\u00a0<\/strong><\/p>\n<p><a href=\"http:\/\/www.inslaguineueta.cat\/wp-content\/uploads\/2013\/03\/LIBRES-SANITAT-CURS-17-18-1.xlsx\">LIBRES SANITAT CURS 17-18<\/a>\u00a0\u00a0<a href=\"http:\/\/www.inslaguineueta.cat\/wp-content\/uploads\/2014\/09\/LogoExcelMini.png\"><img loading=\"lazy\" decoding=\"async\" class=\"alignnone wp-image-1891\" src=\"http:\/\/www.inslaguineueta.cat\/wp-content\/uploads\/2014\/09\/LogoExcelMini-300x296.png\" sizes=\"auto, (max-width: 21px) 100vw, 21px\" srcset=\"http:\/\/www.inslaguineueta.cat\/wp-content\/uploads\/2014\/09\/LogoExcelMini-300x296.png 300w, http:\/\/www.inslaguineueta.cat\/wp-content\/uploads\/2014\/09\/LogoExcelMini-150x150.png 150w, http:\/\/www.inslaguineueta.cat\/wp-content\/uploads\/2014\/09\/LogoExcelMini.png 360w\" alt=\"\" width=\"21\" height=\"21\" \/><\/a><\/p>\n<p><strong>Quotes material:<\/strong><\/p>\n<ul>\n<li><a href=\"http:\/\/www.inslaguineueta.cat\/wp-content\/uploads\/2013\/03\/LLISTAT-QUOTA-_DIETETICA.pdf\">LLISTAT QUOTA _DIETETICA<\/a>\u00a0<a href=\"http:\/\/www.inslaguineueta.cat\/wp-content\/uploads\/2013\/09\/pdf25x25.png\"><img loading=\"lazy\" decoding=\"async\" class=\"alignnone size-full wp-image-914\" src=\"http:\/\/www.inslaguineueta.cat\/wp-content\/uploads\/2013\/09\/pdf25x25.png\" alt=\"\" width=\"25\" height=\"25\" \/><\/a><\/li>\n<li><a href=\"http:\/\/www.inslaguineueta.cat\/wp-content\/uploads\/2013\/03\/LLISTAT-QUOTA-MATERIA-APiCD.pdf\">LLISTAT QUOTA MATERIA- APiCD<\/a>\u00a0<a href=\"http:\/\/www.inslaguineueta.cat\/wp-content\/uploads\/2013\/09\/pdf25x25.png\"><img loading=\"lazy\" decoding=\"async\" class=\"alignnone size-full wp-image-914\" src=\"http:\/\/www.inslaguineueta.cat\/wp-content\/uploads\/2013\/09\/pdf25x25.png\" alt=\"\" width=\"25\" height=\"25\" \/><\/a><\/li>\n<li><a href=\"http:\/\/www.inslaguineueta.cat\/wp-content\/uploads\/2013\/03\/LLISTAT-QUOTA-MATERIAL_FARM%C3%80CIA-I-P.pdf\">LLISTAT QUOTA MATERIAL_FARM\u00c0CIA I P<\/a>\u00a0<a href=\"http:\/\/www.inslaguineueta.cat\/wp-content\/uploads\/2013\/09\/pdf25x25.png\"><img loading=\"lazy\" decoding=\"async\" class=\"alignnone size-full wp-image-914\" src=\"http:\/\/www.inslaguineueta.cat\/wp-content\/uploads\/2013\/09\/pdf25x25.png\" alt=\"\" width=\"25\" height=\"25\" \/><\/a><\/li>\n<li><a href=\"http:\/\/www.inslaguineueta.cat\/wp-content\/uploads\/2013\/03\/LLISTAT-QUOTA-MATERIAL_LABORATORI.pdf\">LLISTAT QUOTA MATERIAL_LABORATORI<\/a>\u00a0<a href=\"http:\/\/www.inslaguineueta.cat\/wp-content\/uploads\/2013\/09\/pdf25x25.png\"><img loading=\"lazy\" decoding=\"async\" class=\"alignnone size-full wp-image-914\" src=\"http:\/\/www.inslaguineueta.cat\/wp-content\/uploads\/2013\/09\/pdf25x25.png\" alt=\"\" width=\"25\" height=\"25\" \/><\/a><\/li>\n<li><a href=\"http:\/\/www.inslaguineueta.cat\/wp-content\/uploads\/2013\/03\/LLISTAT-QUOTA-MATERIAL_SALUT-AMBIENTAL-.pdf\">LLISTAT QUOTA MATERIAL_SALUT AMBIENTAL<\/a>\u00a0<a href=\"http:\/\/www.inslaguineueta.cat\/wp-content\/uploads\/2013\/09\/pdf25x25.png\"><img loading=\"lazy\" decoding=\"async\" class=\"alignnone size-full wp-image-914\" src=\"http:\/\/www.inslaguineueta.cat\/wp-content\/uploads\/2013\/09\/pdf25x25.png\" alt=\"\" width=\"25\" height=\"25\" \/><\/a><\/li>\n<li><a href=\"http:\/\/www.inslaguineueta.cat\/wp-content\/uploads\/2013\/03\/QUOTA-DE-MATERIAL-CAI.pdf\">LLISTAT QUOTA DE MATERIAL CAI<\/a>\u00a0<a href=\"http:\/\/www.inslaguineueta.cat\/wp-content\/uploads\/2013\/09\/pdf25x25.png\"><img loading=\"lazy\" decoding=\"async\" class=\"alignnone size-full wp-image-914\" src=\"http:\/\/www.inslaguineueta.cat\/wp-content\/uploads\/2013\/09\/pdf25x25.png\" alt=\"\" width=\"25\" height=\"25\" \/><\/a><\/li>\n<li><a href=\"http:\/\/www.inslaguineueta.cat\/wp-content\/uploads\/2013\/03\/QUOTA-DE-MATERIAL-TES.pdf\">LLISTAT QUOTA DE MATERIAL TES<\/a>\u00a0<a href=\"http:\/\/www.inslaguineueta.cat\/wp-content\/uploads\/2013\/09\/pdf25x25.png\"><img loading=\"lazy\" decoding=\"async\" class=\"alignnone size-full wp-image-914\" src=\"http:\/\/www.inslaguineueta.cat\/wp-content\/uploads\/2013\/09\/pdf25x25.png\" alt=\"\" width=\"25\" height=\"25\" \/><\/a><\/li>\n<\/ul>\n<p>&nbsp;<\/p>\n<p>Enlla\u00e7:<strong>\u00a0<a href=\"http:\/\/www20.gencat.cat\/portal\/site\/queestudiar\/menuitem.ef1906fb69d36fe8e85c7273b0c0e1a0\/?vgnextoid=06ff5a9d0af2b210VgnVCM2000009b0c1e0aRCRD&amp;appInstanceName=default\">Preinscripci\u00f3. Estudiar a Catalunya. Generalitat de Catalunya<\/a><\/strong><\/p>\n<p>&nbsp;<\/p>\n<table border=\"1\">\n<tbody>\n<tr>\n<td bgcolor=\"#ffcc66\">Estudis<\/td>\n<td bgcolor=\"#ffcc66\"><strong>Calendari<\/strong><\/td>\n<td bgcolor=\"#ffcc66\"><strong>Informaci\u00f3<\/strong><\/td>\n<\/tr>\n<tr>\n<td><img loading=\"lazy\" decoding=\"async\" class=\"alignnone size-full wp-image-2294\" src=\"http:\/\/www.inslaguineueta.cat\/wp-content\/uploads\/2015\/03\/t_eso.jpg\" alt=\"t_eso\" width=\"300\" height=\"80\" \/><\/td>\n<td><a href=\"http:\/\/www.inslaguineueta.cat\/wp-content\/uploads\/2013\/03\/ESO-2017-18.pdf\" target=\"_blank\" rel=\"noopener noreferrer\"><img loading=\"lazy\" decoding=\"async\" class=\"wp-image-914 size-full aligncenter\" src=\"http:\/\/www.inslaguineueta.cat\/wp-content\/uploads\/2013\/09\/pdf25x25.png\" alt=\"\" width=\"25\" height=\"25\" \/><\/a><\/td>\n<td><a href=\"http:\/\/www.inslaguineueta.cat\/wp-content\/uploads\/2017\/05\/InfoESO-17-18.pdf\" target=\"_blank\" rel=\"noopener noreferrer\"><img loading=\"lazy\" decoding=\"async\" class=\"aligncenter wp-image-914 size-full\" src=\"http:\/\/www.inslaguineueta.cat\/wp-content\/uploads\/2013\/09\/pdf25x25.png\" alt=\"\" width=\"25\" height=\"25\" \/><\/a><\/td>\n<\/tr>\n<tr>\n<td><img loading=\"lazy\" decoding=\"async\" class=\"alignnone size-full wp-image-2290\" src=\"http:\/\/www.inslaguineueta.cat\/wp-content\/uploads\/2015\/03\/t_batx.jpg\" alt=\"t_batx\" width=\"300\" height=\"80\" \/><\/td>\n<td><a href=\"http:\/\/www.inslaguineueta.cat\/wp-content\/uploads\/2013\/03\/Batx-2017-18.pdf\" target=\"_blank\" rel=\"noopener noreferrer\"><img loading=\"lazy\" decoding=\"async\" class=\"wp-image-914 size-full aligncenter\" src=\"http:\/\/www.inslaguineueta.cat\/wp-content\/uploads\/2013\/09\/pdf25x25.png\" alt=\"\" width=\"25\" height=\"25\" \/><\/a><\/td>\n<td><a href=\"http:\/\/www.inslaguineueta.cat\/wp-content\/uploads\/2017\/05\/InfoBATX-17-18.pdf\" target=\"_blank\" rel=\"noopener noreferrer\"><img loading=\"lazy\" decoding=\"async\" class=\"aligncenter wp-image-914 size-full\" src=\"http:\/\/www.inslaguineueta.cat\/wp-content\/uploads\/2013\/09\/pdf25x25.png\" alt=\"\" width=\"25\" height=\"25\" \/><\/a><\/td>\n<\/tr>\n<tr>\n<td><img loading=\"lazy\" decoding=\"async\" class=\"alignnone size-full wp-image-2292\" src=\"http:\/\/www.inslaguineueta.cat\/wp-content\/uploads\/2015\/03\/t_cfgm.jpg\" alt=\"t_cfgm\" width=\"300\" height=\"80\" \/><\/td>\n<td><a href=\"http:\/\/www.inslaguineueta.cat\/wp-content\/uploads\/2013\/03\/CFGM-2017-18.pdf\" target=\"_blank\" rel=\"noopener noreferrer\"><img loading=\"lazy\" decoding=\"async\" class=\"wp-image-914 size-full aligncenter\" src=\"http:\/\/www.inslaguineueta.cat\/wp-content\/uploads\/2013\/09\/pdf25x25.png\" alt=\"\" width=\"25\" height=\"25\" \/><\/a><\/td>\n<td><a href=\"http:\/\/www.inslaguineueta.cat\/wp-content\/uploads\/2017\/05\/InfoCFGM-17-18.pdf\" target=\"_blank\" rel=\"noopener noreferrer\"><img loading=\"lazy\" decoding=\"async\" class=\"aligncenter wp-image-914 size-full\" src=\"http:\/\/www.inslaguineueta.cat\/wp-content\/uploads\/2013\/09\/pdf25x25.png\" alt=\"\" width=\"25\" height=\"25\" \/><\/a><\/td>\n<\/tr>\n<tr>\n<td><img loading=\"lazy\" decoding=\"async\" class=\"alignnone size-full wp-image-2293\" src=\"http:\/\/www.inslaguineueta.cat\/wp-content\/uploads\/2015\/03\/T_CFGS.jpg\" alt=\"T_CFGS\" width=\"300\" height=\"80\" \/><\/td>\n<td><a href=\"http:\/\/www.inslaguineueta.cat\/wp-content\/uploads\/2013\/03\/CFGS-2017-18.pdf\" target=\"_blank\" rel=\"noopener noreferrer\"><img loading=\"lazy\" decoding=\"async\" class=\"wp-image-914 size-full aligncenter\" src=\"http:\/\/www.inslaguineueta.cat\/wp-content\/uploads\/2013\/09\/pdf25x25.png\" alt=\"\" width=\"25\" height=\"25\" \/><\/a><\/td>\n<td><a href=\"http:\/\/www.inslaguineueta.cat\/wp-content\/uploads\/2017\/05\/InfoCFGS-17-18.pdf\" target=\"_blank\" rel=\"noopener noreferrer\"><img loading=\"lazy\" decoding=\"async\" class=\"aligncenter wp-image-914 size-full\" src=\"http:\/\/www.inslaguineueta.cat\/wp-content\/uploads\/2013\/09\/pdf25x25.png\" alt=\"\" width=\"25\" height=\"25\" \/><\/a><\/td>\n<\/tr>\n<tr>\n<td><img loading=\"lazy\" decoding=\"async\" class=\"alignnone size-full wp-image-2295\" src=\"http:\/\/www.inslaguineueta.cat\/wp-content\/uploads\/2015\/03\/t_pfi.jpg\" alt=\"t_pfi\" width=\"300\" height=\"80\" \/><\/td>\n<td><a href=\"http:\/\/www.inslaguineueta.cat\/wp-content\/uploads\/2013\/03\/PFI-2017-18.pdf\" target=\"_blank\" rel=\"noopener noreferrer\"><img loading=\"lazy\" decoding=\"async\" class=\"wp-image-914 size-full aligncenter\" src=\"http:\/\/www.inslaguineueta.cat\/wp-content\/uploads\/2013\/09\/pdf25x25.png\" alt=\"\" width=\"25\" height=\"25\" \/><\/a><\/td>\n<td><a href=\"http:\/\/www.inslaguineueta.cat\/wp-content\/uploads\/2017\/05\/InfoPFI-17-18.pdf\" target=\"_blank\" rel=\"noopener noreferrer\"><img loading=\"lazy\" decoding=\"async\" class=\"aligncenter wp-image-914 size-full\" src=\"http:\/\/www.inslaguineueta.cat\/wp-content\/uploads\/2013\/09\/pdf25x25.png\" alt=\"\" width=\"25\" height=\"25\" \/><\/a><\/td>\n<\/tr>\n<tr>\n<td><img loading=\"lazy\" decoding=\"async\" class=\"alignnone size-full wp-image-2291\" src=\"http:\/\/www.inslaguineueta.cat\/wp-content\/uploads\/2015\/03\/t_cas.jpg\" alt=\"t_cas\" width=\"300\" height=\"80\" \/><\/td>\n<td><a href=\"http:\/\/www.inslaguineueta.cat\/wp-content\/uploads\/2016\/04\/pdf-gris.jpg\"><img loading=\"lazy\" decoding=\"async\" class=\"wp-image-3204 aligncenter\" src=\"http:\/\/www.inslaguineueta.cat\/wp-content\/uploads\/2016\/04\/pdf-gris-258x300.jpg\" sizes=\"auto, (max-width: 25px) 100vw, 25px\" srcset=\"http:\/\/www.inslaguineueta.cat\/wp-content\/uploads\/2016\/04\/pdf-gris-258x300.jpg 258w, http:\/\/www.inslaguineueta.cat\/wp-content\/uploads\/2016\/04\/pdf-gris-250x291.jpg 250w, http:\/\/www.inslaguineueta.cat\/wp-content\/uploads\/2016\/04\/pdf-gris.jpg 300w\" alt=\"pdf-gris\" width=\"25\" height=\"29\" \/><\/a><\/td>\n<td><a href=\"http:\/\/www.inslaguineueta.cat\/wp-content\/uploads\/2016\/04\/pdf-gris.jpg\"><img loading=\"lazy\" decoding=\"async\" class=\"wp-image-3204 aligncenter\" src=\"http:\/\/www.inslaguineueta.cat\/wp-content\/uploads\/2016\/04\/pdf-gris-258x300.jpg\" sizes=\"auto, (max-width: 25px) 100vw, 25px\" srcset=\"http:\/\/www.inslaguineueta.cat\/wp-content\/uploads\/2016\/04\/pdf-gris-258x300.jpg 258w, http:\/\/www.inslaguineueta.cat\/wp-content\/uploads\/2016\/04\/pdf-gris-250x291.jpg 250w, http:\/\/www.inslaguineueta.cat\/wp-content\/uploads\/2016\/04\/pdf-gris.jpg 300w\" alt=\"pdf-gris\" width=\"25\" height=\"29\" \/><\/a><\/td>\n<\/tr>\n<\/tbody>\n<\/table>\n","protected":false},"excerpt":{"rendered":"<p>CALENDARI GENERAL DE PREINSCRIPCI\u00d3 I MATR\u00cdCULA PER AL CURS 2017-18<\/p>\n<p>PREINSCRIPCI\u00d3 2017-18<\/p>\n<p>ESO<br \/>\n23 de mar\u00e7 al 4 abril<\/p>\n<p>BATXILLERAT<br \/>\n16 al 24 de maig<\/p>\n<p>CICLES FORMATIUS GRAU MITJ\u00c0<br \/>\n16 al 24 de maig<\/p>\n<p>CICLES FORMATIUS GRAU SUPERIOR<br \/>\n25 al 31 de maig<\/p>\n<p>CURS D\u2019ACC\u00c9S ALS CFGS ( CAS )<br \/>\n3 al 7 de juliol<\/p>\n<p>PFI<br \/>\n15 al\u00a0\u00a0&hellip;  <a href=\"https:\/\/agora.xtec.cat\/ieslaguineueta\/secretaria\/preinscripcio-i-matricula\/\" title=\"Read Preinscripci\u00f3 i matr\u00edcula\">Llegeix m\u00e9s\u00bb<\/a><\/p>\n","protected":false},"author":1,"featured_media":0,"parent":81,"menu_order":2,"comment_status":"closed","ping_status":"closed","template":"","meta":{"_bbp_topic_count":0,"_bbp_reply_count":0,"_bbp_total_topic_count":0,"_bbp_total_reply_count":0,"_bbp_voice_count":0,"_bbp_anonymous_reply_count":0,"_bbp_topic_count_hidden":0,"_bbp_reply_count_hidden":0,"_bbp_forum_subforum_count":0,"footnotes":""},"class_list":["post-1218","page","type-page","status-publish","hentry"],"post_mailing_queue_ids":[],"_links":{"self":[{"href":"https:\/\/agora.xtec.cat\/ieslaguineueta\/wp-json\/wp\/v2\/pages\/1218","targetHints":{"allow":["GET"]}}],"collection":[{"href":"https:\/\/agora.xtec.cat\/ieslaguineueta\/wp-json\/wp\/v2\/pages"}],"about":[{"href":"https:\/\/agora.xtec.cat\/ieslaguineueta\/wp-json\/wp\/v2\/types\/page"}],"author":[{"embeddable":true,"href":"https:\/\/agora.xtec.cat\/ieslaguineueta\/wp-json\/wp\/v2\/users\/1"}],"replies":[{"embeddable":true,"href":"https:\/\/agora.xtec.cat\/ieslaguineueta\/wp-json\/wp\/v2\/comments?post=1218"}],"version-history":[{"count":1,"href":"https:\/\/agora.xtec.cat\/ieslaguineueta\/wp-json\/wp\/v2\/pages\/1218\/revisions"}],"predecessor-version":[{"id":1219,"href":"https:\/\/agora.xtec.cat\/ieslaguineueta\/wp-json\/wp\/v2\/pages\/1218\/revisions\/1219"}],"up":[{"embeddable":true,"href":"https:\/\/agora.xtec.cat\/ieslaguineueta\/wp-json\/wp\/v2\/pages\/81"}],"wp:attachment":[{"href":"https:\/\/agora.xtec.cat\/ieslaguineueta\/wp-json\/wp\/v2\/media?parent=1218"}],"curies":[{"name":"wp","href":"https:\/\/api.w.org\/{rel}","templated":true}]}}