{"id":995,"date":"2023-08-16T14:42:10","date_gmt":"2023-08-16T12:42:10","guid":{"rendered":"https:\/\/agora.xtec.cat\/ieslaferreria\/?page_id=995"},"modified":"2023-08-23T12:21:14","modified_gmt":"2023-08-23T10:21:14","slug":"informatica-doficina","status":"publish","type":"page","link":"https:\/\/agora.xtec.cat\/ieslaferreria\/informatica-doficina\/","title":{"rendered":"Inform\u00e0tica d&#8217;Oficina"},"content":{"rendered":"<h4><\/h4>\n<h4><strong>Titulaci\u00f3<\/strong><\/h4>\n<p align=\"left\">T\u00edtol Professional B\u00e0sic en Serveis administratius<\/p>\n<h4><strong>Compet\u00e8ncies professionals<\/strong><\/h4>\n<p>Aquest estudis capaciten per fer operacions auxiliars de muntatge i manteniment de sistemes microinform\u00e0tics, perif\u00e8rics i xarxes de comunicaci\u00f3 de dades, i de tractament, reproducci\u00f3 i arxiu de documents, operant amb la qualitat indicada, observant les normes de prevenci\u00f3 de riscos laborals i protecci\u00f3 mediambiental corresponents, i tamb\u00e9 per comunicar-se de manera oral i escrita en llengua<br \/>\ncatalana i castellana, aix\u00ed com a nivell b\u00e0sic en llengua anglesa.<\/p>\n<h4>Sortides acad\u00e8miques i professionals<\/h4>\n<p>Les persones que superen el cicle formatiu obtenen el t\u00edtol de t\u00e8cnic b\u00e0sic o t\u00e8cnica b\u00e0sica i el t\u00edtol de graduat o graduada en ESO, que els permet accedir:<\/p>\n<ul>\n<li>a qualsevol cicle formatiu de grau mitj\u00e0 o,<\/li>\n<li>al m\u00f3n laboral, com a:<\/li>\n<li style=\"list-style-type: none;\">\n<ul>\n<li>ajudant de muntador o muntadora de sistemes microinform\u00e0tics<\/li>\n<li>ajudant de manteniment de sistemes inform\u00e0tics<\/li>\n<li>ajudant d\u2019instal\u00b7lador o instal\u00b7ladora de sistemes inform\u00e0tics<\/li>\n<li>ajudant d\u2019instal\u00b7lador o instal\u00b7ladora de sistemes per a la\u00a0transmissi\u00f3 de dades<\/li>\n<li>\u00a0auxiliar d&#8217;oficina<\/li>\n<li>auxiliar de serveis generals, gravador o gravadora o verificador o verificadora de dades<\/li>\n<li>auxiliar de digitalitzaci\u00f3<\/li>\n<li>operador o operadora documental<\/li>\n<\/ul>\n<\/li>\n<\/ul>\n<h4><strong>Durada i distribuci\u00f3<\/strong><\/h4>\n<p>El Cicle Formatiu t\u00e9 una durada de 2000 hores que es distribueixen en dos cursos acad\u00e8mics (1r i 2n), i s\u2019imparteixen en horari de mat\u00ed (8h a 14:30h).<\/p>\n<h4><strong>Qu\u00e8 estudiar\u00e0s?<\/strong><\/h4>\n<h6><strong>Primer curs:<\/strong><\/h6>\n<ul>\n<li>Ci\u00e8ncies Aplicades I<\/li>\n<li>Comunicaci\u00f3 i Ci\u00e8ncies Socials I<\/li>\n<li>Entorn Laboral (UF1+UF3)<\/li>\n<li>Muntatge i Manteniment de Sistemes i Components Inform\u00e0tics<\/li>\n<li>Ofim\u00e0tica i Arxiu de Documents<\/li>\n<\/ul>\n<h6><strong>Segon curs:<\/strong><\/h6>\n<ul>\n<li>Ci\u00e8ncies Aplicades II<\/li>\n<li>Comunicaci\u00f3 i Ci\u00e8ncies Socials II<\/li>\n<li><span style=\"font-family: inherit; font-size: 1em;\">Entorn Laboral (UF2)<\/span><\/li>\n<li>Instal\u00b7laci\u00f3 i Manteniment de Xarxes per a Transmissi\u00f3 de Dades<\/li>\n<li>Operacions Auxiliars per a la Configuraci\u00f3 i l&#8217;Explotaci\u00f3<\/li>\n<li>S\u00edntesi<\/li>\n<li>Formaci\u00f3 en Centres de Treball<\/li>\n<\/ul>\n<p>&nbsp;<\/p>\n","protected":false},"excerpt":{"rendered":"<p>Titulaci\u00f3<br \/>\nT\u00edtol Professional B\u00e0sic en Serveis administratius<br \/>\nCompet\u00e8ncies professionals<br \/>\nAquest estudis capaciten per fer operacions auxiliars de muntatge i manteniment de sistemes microinform\u00e0tics, perif\u00e8rics i xarxes de comunicaci\u00f3 de dades, i de tractament, reproducci\u00f3 i arxiu de documents, operant amb la qualitat indicada, observant les normes de prevenci\u00f3&hellip;  <a href=\"https:\/\/agora.xtec.cat\/ieslaferreria\/informatica-doficina\/\" title=\"Read Inform\u00e0tica d&#8217;Oficina\">Llegeix m\u00e9s\u00bb<\/a><\/p>\n","protected":false},"author":1,"featured_media":0,"parent":0,"menu_order":0,"comment_status":"closed","ping_status":"closed","template":"","meta":{"_bbp_topic_count":0,"_bbp_reply_count":0,"_bbp_total_topic_count":0,"_bbp_total_reply_count":0,"_bbp_voice_count":0,"_bbp_anonymous_reply_count":0,"_bbp_topic_count_hidden":0,"_bbp_reply_count_hidden":0,"_bbp_forum_subforum_count":0,"footnotes":""},"class_list":["post-995","page","type-page","status-publish","hentry"],"post_mailing_queue_ids":[],"_links":{"self":[{"href":"https:\/\/agora.xtec.cat\/ieslaferreria\/wp-json\/wp\/v2\/pages\/995","targetHints":{"allow":["GET"]}}],"collection":[{"href":"https:\/\/agora.xtec.cat\/ieslaferreria\/wp-json\/wp\/v2\/pages"}],"about":[{"href":"https:\/\/agora.xtec.cat\/ieslaferreria\/wp-json\/wp\/v2\/types\/page"}],"author":[{"embeddable":true,"href":"https:\/\/agora.xtec.cat\/ieslaferreria\/wp-json\/wp\/v2\/users\/1"}],"replies":[{"embeddable":true,"href":"https:\/\/agora.xtec.cat\/ieslaferreria\/wp-json\/wp\/v2\/comments?post=995"}],"version-history":[{"count":3,"href":"https:\/\/agora.xtec.cat\/ieslaferreria\/wp-json\/wp\/v2\/pages\/995\/revisions"}],"predecessor-version":[{"id":1011,"href":"https:\/\/agora.xtec.cat\/ieslaferreria\/wp-json\/wp\/v2\/pages\/995\/revisions\/1011"}],"wp:attachment":[{"href":"https:\/\/agora.xtec.cat\/ieslaferreria\/wp-json\/wp\/v2\/media?parent=995"}],"curies":[{"name":"wp","href":"https:\/\/api.w.org\/{rel}","templated":true}]}}