{"id":845,"date":"2022-03-18T09:54:20","date_gmt":"2022-03-18T08:54:20","guid":{"rendered":"https:\/\/agora.xtec.cat\/ieslaferreria\/?page_id=845"},"modified":"2024-05-03T11:55:41","modified_gmt":"2024-05-03T09:55:41","slug":"eso-i-batxillerat","status":"publish","type":"page","link":"https:\/\/agora.xtec.cat\/ieslaferreria\/eso-i-batxillerat\/","title":{"rendered":"ESO"},"content":{"rendered":"<p>&nbsp;<\/p>\n<p>Comptem amb dues l\u00ednies per a l&#8217;ESO, de les quals fem tres grups per tal de reduir r\u00e0tio i que l&#8217;atenci\u00f3 sigui personalitzada. A m\u00e9s, comptem amb un orientador\/a per nivell per tal d&#8217;ajudar en les tutories, fer seguiment acad\u00e8mic i conductual i poder donar un suport m\u00e9s enll\u00e0 de les aules. El curr\u00edculum a l&#8217;ESO es divideix en les mat\u00e8ries obligat\u00f2ries i mat\u00e8ries optatives, sobretot a 4t d&#8217;ESO, on ja escullen un itinerari segons els gustos, interessos i habilitats.<\/p>\n<p>Les mat\u00e8ries de\u00a0<b>1r ESO<\/b>\u00a0s\u00f3n les seg\u00fcents:<\/p>\n<ul>\n<li style=\"list-style-type: none;\">\n<ul>\n<li style=\"list-style-type: none;\">\n<ul style=\"list-style-type: square;\">\n<li>Llengua catalana i literatura.<\/li>\n<li>Llengua castellana i literatura.<\/li>\n<li>Angl\u00e8s.<\/li>\n<li>Matem\u00e0tiques.<\/li>\n<li>Educaci\u00f3 F\u00edsica.<\/li>\n<li>Educaci\u00f3 Visual i Pl\u00e0stica.<\/li>\n<li>Projecte Or\u00edgens, que engloba les mat\u00e8ries de Ci\u00e8ncies Socials, Tecnologia i Biologia.<\/li>\n<li>M\u00fasica.<\/li>\n<li>L&#8217;hora de tutoria.<\/li>\n<li>Activitats \u00e8tiques \/ Religi\u00f3.<\/li>\n<li>Optatives: Franc\u00e8s, Fem matem\u00e0tiques! i Expressem!. Aquestes mat\u00e8ries s\u00f3n trimestrals, motiu pel qual tot l&#8217;alumnat hi passar\u00e0 per tal de fer un tastet de cadascuna.<\/li>\n<\/ul>\n<\/li>\n<\/ul>\n<\/li>\n<\/ul>\n<p>&nbsp;<\/p>\n<div><\/div>\n<p>Les mat\u00e8ries de\u00a0<strong>2n\u00a0ESO<\/strong>\u00a0s\u00f3n les seg\u00fcents:<\/p>\n<ul>\n<li style=\"list-style-type: none;\">\n<ul>\n<li style=\"list-style-type: none;\">\n<ul style=\"list-style-type: square;\">\n<li>Llengua catalana i literatura.<\/li>\n<li>Llengua castellana i literatura.<\/li>\n<li>Angl\u00e8s.<\/li>\n<li>Matem\u00e0tiques.<\/li>\n<li>Ci\u00e8ncies Socials.<\/li>\n<li>F\u00edsica i Qu\u00edmica.<\/li>\n<li>Educaci\u00f3 F\u00edsica.<\/li>\n<li>M\u00fasica.<\/li>\n<li>Tecnologia.<\/li>\n<li>Tutoria.<\/li>\n<li>Activitats \u00e8tiques \/ Religi\u00f3.<\/li>\n<li>Optatives: Franc\u00e8s, Cuidem-nos!, Speech Club i Experimentem!. El franc\u00e8s \u00e9s anual, per tal que l&#8217;alumnat interessat pugui ampliar coneixements d&#8217;una segona llengua estrangera. La resta d&#8217;optatives s\u00f3n trimestrals per tal que en facin un tastet.<\/li>\n<\/ul>\n<\/li>\n<\/ul>\n<\/li>\n<\/ul>\n<p>&nbsp;<\/p>\n<p>A\u00a0<b>3r ESO<\/b>\u00a0tenim les seg\u00fcents mat\u00e8ries:<\/p>\n<ul>\n<li style=\"list-style-type: none;\">\n<ul>\n<li style=\"list-style-type: none;\">\n<ul style=\"list-style-type: square;\">\n<li>Llengua catalana i literatura.<\/li>\n<li>Llengua castellana i literatura.<\/li>\n<li>Angl\u00e8s.<\/li>\n<li>Matem\u00e0tiques.<\/li>\n<li>Ci\u00e8ncies Socials.<\/li>\n<li>F\u00edsica i Qu\u00edmica.<\/li>\n<li>Biologia.<\/li>\n<li>Educaci\u00f3 Visual i Pl\u00e0stica.<\/li>\n<li>Tecnologia.<\/li>\n<li>Activitats \u00e8tiques \/ Religi\u00f3.<\/li>\n<li>Tutoria.<\/li>\n<li>Optatives: Franc\u00e8s, Emprenedoria, Cultura Cl\u00e0ssica i Rob\u00f2tica, totes anuals.<\/li>\n<\/ul>\n<\/li>\n<\/ul>\n<\/li>\n<\/ul>\n<p>&nbsp;<\/p>\n<p>Finalment, a\u00a0<b>4t d&#8217;ESO\u00a0<\/b>tenim la seg\u00fcent estructura. L&#8217;alumnat escull itinerari d&#8217;optatives per tal d&#8217;orientar el seu futur acad\u00e8mic. A m\u00e9s, en aquest nivell realitzen el Servei Comunitari, lligat a Cultura i Valors \u00c8tics i algunes optatives. Les mat\u00e8ries comunes s\u00f3n:<\/p>\n<ul>\n<li style=\"list-style-type: none;\">\n<ul>\n<li style=\"list-style-type: none;\">\n<ul style=\"list-style-type: square;\">\n<li>Llengua catalana i literatura.<\/li>\n<li>Llengua castellana i literatura.<\/li>\n<li>Angl\u00e8s.<\/li>\n<li>Matem\u00e0tiques.<\/li>\n<li>Educaci\u00f3 F\u00edsica.<\/li>\n<li>Ci\u00e8ncies Socials.<\/li>\n<li>Tutoria.<\/li>\n<li>CIVE: Cultura i Valors \u00c8tics.<\/li>\n<li>Activitats \u00e8tiques \/ Religi\u00f3.<\/li>\n<\/ul>\n<\/li>\n<\/ul>\n<\/li>\n<\/ul>\n<p>&nbsp;<\/p>\n<p>Quant als itineraris, l&#8217;alumnat ha d&#8217;escollir entre Human\u00edstic (amb el Llat\u00ed com a mat\u00e8ria), el Social (amb Economia), el Cient\u00edfic (amb Biologia) o el Tecnol\u00f2gic (amb la Tecnologia).<\/p>\n<div><\/div>\n<div>\n<table dir=\"ltr\" style=\"width: 98.2254%; height: 192px; border-style: none;\" border=\"1\" cellspacing=\"0\" cellpadding=\"0\">\n<colgroup>\n<col width=\"100\" \/>\n<col width=\"48\" \/>\n<col width=\"164\" \/>\n<col width=\"187\" \/>\n<col width=\"184\" \/>\n<col width=\"176\" \/><\/colgroup>\n<tbody>\n<tr style=\"height: 32px;\">\n<td style=\"height: 32px; width: 17.2454%; border-style: none; border-color: #fffffc;\" colspan=\"2\"><\/td>\n<td style=\"height: 32px; width: 18.9815%; text-align: center; background-color: #53cf2d;\">\n<h5><span style=\"color: #ffffff;\"><strong>Human\u00edstic<\/strong><\/span><\/h5>\n<\/td>\n<td style=\"height: 32px; width: 21.7593%; text-align: center; background-color: #53cf2d;\">\n<h5><span style=\"color: #ffffff;\"><strong>Social<\/strong><\/span><\/h5>\n<\/td>\n<td style=\"height: 32px; width: 21.412%; text-align: center; background-color: #53cf2d;\">\n<h5><span style=\"color: #ffffff;\"><strong>Tecnol\u00f2gic<\/strong><\/span><\/h5>\n<\/td>\n<td style=\"height: 32px; width: 20.4861%; text-align: center; background-color: #53cf2d;\">\n<h5><span style=\"color: #ffffff;\"><strong>Cient\u00edfic<\/strong><\/span><\/h5>\n<\/td>\n<\/tr>\n<tr style=\"height: 32px;\">\n<td style=\"height: 32px; width: 11.5741%; background-color: #e6fae9;\"><strong>Franja 1<\/strong><\/td>\n<td style=\"height: 32px; width: 5.6713%; background-color: #e6fae9;\">3h<\/td>\n<td style=\"height: 32px; width: 18.9815%; background-color: #e6fae9;\">Llat\u00ed<\/td>\n<td style=\"height: 32px; width: 21.7593%; background-color: #e6fae9;\">Economia<\/td>\n<td style=\"height: 32px; width: 21.412%; background-color: #e6fae9;\">Tecnologia<\/td>\n<td style=\"height: 32px; width: 20.4861%; background-color: #e6fae9;\">Biologia<\/td>\n<\/tr>\n<tr style=\"height: 32px;\">\n<td style=\"height: 32px; width: 11.5741%;\"><strong>Franja 2<\/strong><\/td>\n<td style=\"height: 32px; width: 5.6713%;\">3h<\/td>\n<td style=\"height: 32px; width: 82.6389%;\" colspan=\"4\">FOL \/\/ FiQ \/\/ Digitalitzaci\u00f3<\/td>\n<\/tr>\n<tr style=\"height: 32px;\">\n<td style=\"height: 32px; width: 11.5741%; background-color: #e6fae9;\"><strong>Franja 3<\/strong><\/td>\n<td style=\"height: 32px; width: 5.6713%; background-color: #e6fae9;\">2h<\/td>\n<td style=\"height: 32px; width: 82.6389%; background-color: #e6fae9;\" colspan=\"4\">M\u00fasica \/\/ Expressi\u00f3 Art\u00edstica \/\/ Franc\u00e8s \/\/ Filosofia<\/td>\n<\/tr>\n<\/tbody>\n<\/table>\n<\/div>\n<h4><\/h4>\n<p>&nbsp;<\/p>\n<div><\/div>\n","protected":false},"excerpt":{"rendered":"<p>&nbsp;<br \/>\nComptem amb dues l\u00ednies per a l&#8217;ESO, de les quals fem tres grups per tal de reduir r\u00e0tio i que l&#8217;atenci\u00f3 sigui personalitzada. A m\u00e9s, comptem amb un orientador\/a per nivell per tal d&#8217;ajudar en les tutories, fer seguiment acad\u00e8mic i conductual i poder donar&hellip;  <a href=\"https:\/\/agora.xtec.cat\/ieslaferreria\/eso-i-batxillerat\/\" title=\"Read ESO\">Llegeix m\u00e9s\u00bb<\/a><\/p>\n","protected":false},"author":1,"featured_media":0,"parent":0,"menu_order":0,"comment_status":"closed","ping_status":"closed","template":"","meta":{"_bbp_topic_count":0,"_bbp_reply_count":0,"_bbp_total_topic_count":0,"_bbp_total_reply_count":0,"_bbp_voice_count":0,"_bbp_anonymous_reply_count":0,"_bbp_topic_count_hidden":0,"_bbp_reply_count_hidden":0,"_bbp_forum_subforum_count":0,"footnotes":""},"class_list":["post-845","page","type-page","status-publish","hentry"],"post_mailing_queue_ids":[],"_links":{"self":[{"href":"https:\/\/agora.xtec.cat\/ieslaferreria\/wp-json\/wp\/v2\/pages\/845","targetHints":{"allow":["GET"]}}],"collection":[{"href":"https:\/\/agora.xtec.cat\/ieslaferreria\/wp-json\/wp\/v2\/pages"}],"about":[{"href":"https:\/\/agora.xtec.cat\/ieslaferreria\/wp-json\/wp\/v2\/types\/page"}],"author":[{"embeddable":true,"href":"https:\/\/agora.xtec.cat\/ieslaferreria\/wp-json\/wp\/v2\/users\/1"}],"replies":[{"embeddable":true,"href":"https:\/\/agora.xtec.cat\/ieslaferreria\/wp-json\/wp\/v2\/comments?post=845"}],"version-history":[{"count":6,"href":"https:\/\/agora.xtec.cat\/ieslaferreria\/wp-json\/wp\/v2\/pages\/845\/revisions"}],"predecessor-version":[{"id":1469,"href":"https:\/\/agora.xtec.cat\/ieslaferreria\/wp-json\/wp\/v2\/pages\/845\/revisions\/1469"}],"wp:attachment":[{"href":"https:\/\/agora.xtec.cat\/ieslaferreria\/wp-json\/wp\/v2\/media?parent=845"}],"curies":[{"name":"wp","href":"https:\/\/api.w.org\/{rel}","templated":true}]}}