{"id":833,"date":"2022-03-18T09:31:16","date_gmt":"2022-03-18T08:31:16","guid":{"rendered":"https:\/\/agora.xtec.cat\/ieslaferreria\/?page_id=833"},"modified":"2023-11-07T10:43:08","modified_gmt":"2023-11-07T09:43:08","slug":"erasmus","status":"publish","type":"page","link":"https:\/\/agora.xtec.cat\/ieslaferreria\/erasmus\/","title":{"rendered":"Erasmus+"},"content":{"rendered":"<h3 align=\"JUSTIFY\"><\/h3>\n<p align=\"JUSTIFY\"><a href=\"https:\/\/agora.xtec.cat\/ieslaferreria\/wp-content\/uploads\/usu1893\/2023\/08\/eng.png\"><img loading=\"lazy\" decoding=\"async\" class=\"alignnone wp-image-926\" src=\"https:\/\/agora.xtec.cat\/ieslaferreria\/wp-content\/uploads\/usu1893\/2023\/08\/eng.png\" alt=\"eng\" width=\"50\" height=\"32\" \/><\/a><\/p>\n<p align=\"justify\"><span style=\"color: #545454;\"><span style=\"font-size: small;\">Erasmus+ is the EU&#8217;s programme to support education, training, youth and sport in Europe.<\/span><\/span><\/p>\n<p align=\"justify\"><span style=\"color: #545454;\"><span style=\"font-size: small;\">The 2021-2027 programme places a strong focus on social inclusion, the green and digital transitions, and promoting young people\u2019s participation in democratic life.<\/span><\/span><\/p>\n<p align=\"justify\"><span style=\"color: #545454;\"><span style=\"font-size: small;\">Erasmus+ offers a lot of opportunities, highlighting the opportunity for the Vocational Training and High Education students doing their practices abroad to increase employability and their job prospects, making easy the transition of the education and training to the job market, learning in companies to get work experience.<\/span><\/span><\/p>\n<p align=\"justify\"><span style=\"color: #545454;\"><span style=\"font-size: small;\">Our center has carta Eche for Higher Education, the VET accreditation for Vocational Training Education and the School accreditation for Batxillerat.<\/span><\/span><\/p>\n<p align=\"justify\"><span style=\"color: #545454;\"><span style=\"font-size: small;\">INS La Ferreria wants to internationalize itself as a tool to make easy and to promote the student exchange. It has teachers that want to train themselves and do the foreign experience with the students to learn both academically and personally.<\/span><\/span><\/p>\n<p align=\"left\"><span style=\"color: #545454;\"><span style=\"font-size: small;\">To follow the calls and have more information you can go to the page:<\/span><\/span><\/p>\n<p align=\"left\"><a href=\"https:\/\/sites.google.com\/ieslaferreria.net\/erasmus\/\" target=\"_blank\" rel=\"noopener\"><span style=\"color: #1155cc; font-size: small;\"><u>Information Erasmus+<\/u><\/span><\/a><\/p>\n<p><span style=\"font-size: 10pt;\">\u00a0<\/span><\/p>\n<p style=\"margin-bottom: 0cm; line-height: 100%;\" align=\"justify\"><a href=\"https:\/\/agora.xtec.cat\/ieslaferreria\/wp-content\/uploads\/usu1893\/2023\/08\/cat.png\"><img loading=\"lazy\" decoding=\"async\" class=\"alignnone wp-image-925\" src=\"https:\/\/agora.xtec.cat\/ieslaferreria\/wp-content\/uploads\/usu1893\/2023\/08\/cat.png\" alt=\"cat\" width=\"50\" height=\"33\" \/><\/a><\/p>\n<p align=\"justify\"><span style=\"color: #545454;\"><span style=\"font-size: small;\">Erasmus+ \u00e9s el programa de la UE per recolzar l\u2019educaci\u00f3, la formaci\u00f3, la joventut i l\u2019esport a Europa.<\/span><\/span><\/p>\n<p align=\"justify\"><span style=\"color: #545454;\"><span style=\"font-size: small;\">Pel periode 2021-2027, el programa destaca la inclusi\u00f3 social, les transicions ecol\u00f2gica i digital, i el foment de la participaci\u00f3 de les persones joves en la vida democr\u00e0tica.<\/span><\/span><\/p>\n<p align=\"justify\"><span style=\"color: #545454;\"><span style=\"font-size: small;\">Erasmus+ ofereix diferents oportunitats, destacant, en el nostre cas, l\u2019oportunitat pels alumnes de Formaci\u00f3 Professional de realitzar pr\u00e0ctiques a l\u2019estranger per augmentar l\u2019empleabilitat i millorar les seves expectatives laborals, facilitant la transici\u00f3 de \u00a0l\u2019\u00e0mbit de l\u2019educaci\u00f3 i la formaci\u00f3 al mercat laboral, formant-se en empreses o altres entitats per adquirir experi\u00e8ncia laboral. <\/span><\/span><\/p>\n<p align=\"justify\"><span style=\"color: #545454;\"><span style=\"font-size: small;\">El nostre centre disposa de la carta Eche per a Educaci\u00f3 Superior, l\u2019acreditaci\u00f3 VET per als Cicles Formatius de Grau Mitj\u00e0 i l\u2019acreditaci\u00f3 Escolar per alumnat de Batxillerat.<\/span><\/span><\/p>\n<p align=\"justify\"><span style=\"color: #545454;\"><span style=\"font-size: small;\">L\u2019INS La Ferreria aposta per la internacionalitzaci\u00f3 del seu centre com a eina per facilitar i promoure l\u2019intercanvi de l\u2019alumnat. Disposa de professorat disposat a iniciar amb ells l\u2019experi\u00e8ncia de sortir a l\u2019estranger a formar-se acad\u00e8micament i personalment.<\/span><\/span><\/p>\n<p align=\"left\"><span style=\"color: #545454;\"><span style=\"font-size: small;\">Per a seguir les convocat\u00f2ries i tenir m\u00e9s informaci\u00f3 pot anar a la p\u00e0gina:<\/span><\/span><\/p>\n<p align=\"left\"><a href=\"https:\/\/sites.google.com\/ieslaferreria.net\/erasmus\/home\" target=\"_blank\" rel=\"noopener\"><span style=\"color: #1155cc;\"><span style=\"font-size: small;\"><u>Informaci\u00f3 Erasmus+<\/u><\/span><\/span><\/a><\/p>\n<p><span style=\"font-size: 10pt;\">\u00a0<\/span><\/p>\n<p style=\"margin-bottom: 0cm; line-height: 100%;\" align=\"justify\"><span style=\"font-size: 10pt;\"><span style=\"color: #545454;\"><span style=\"font-family: Arial, serif;\">\u00a0<\/span><\/span><\/span><\/p>\n<p style=\"margin-bottom: 0cm; line-height: 100%;\" align=\"justify\"><span style=\"font-size: 10pt;\"><span style=\"color: #545454;\"><span style=\"font-family: Arial, serif;\"><a href=\"https:\/\/agora.xtec.cat\/ieslaferreria\/wp-content\/uploads\/usu1893\/2023\/08\/esp.png\"><img loading=\"lazy\" decoding=\"async\" class=\"alignnone wp-image-927\" src=\"https:\/\/agora.xtec.cat\/ieslaferreria\/wp-content\/uploads\/usu1893\/2023\/08\/esp.png\" alt=\"esp\" width=\"50\" height=\"33\" \/><\/a><\/span><\/span><\/span><\/p>\n<p style=\"margin-bottom: 0cm; line-height: 100%;\" align=\"justify\"><span style=\"font-size: 10pt;\">\u00a0<\/span><\/p>\n<p align=\"justify\"><span style=\"color: #545454;\"><span style=\"font-size: small;\">Erasmus+ es el programa de la UE para apoyar la educaci\u00f3n, la formaci\u00f3n, la juventud y el deporte en Europa.<\/span><\/span><\/p>\n<p align=\"justify\"><span style=\"color: #545454;\"><span style=\"font-size: small;\">Para el per\u00edodo 2021-2027, el programa hace especial hincapi\u00e9 en la inclusi\u00f3n social, las transiciones ecol\u00f3gica y digital, y el fomento de la participaci\u00f3n de las personas j\u00f3venes en la vida democr\u00e1tica.<\/span><\/span><\/p>\n<p align=\"justify\"><span style=\"color: #545454;\"><span style=\"font-size: small;\">Erasmus+ ofrece diversas oportunidades, destacando en nuestro caso, la oportunidad <\/span><\/span><span style=\"color: #545454;\"><span style=\"font-size: small;\">para los\u00a0alumnos de Formaci\u00f3n Profesional de realizar pr\u00e1cticas en el extranjero para aumentar la empleabilidad y mejorar sus expectativas laborales, facilit\u00e1ndoles la transici\u00f3n del \u00e1mbito de la educaci\u00f3n y la formaci\u00f3n al mercado laboral, form\u00e1ndose en empresas\u00a0u otras entidades para adquirir experiencia laboral.<\/span><\/span><\/p>\n<p align=\"justify\"><span style=\"color: #545454;\"><span style=\"font-size: small;\">Nuestro centro dispone de la carta Eche para Educaci\u00f3n Superior, la acreditaci\u00f3n VET para Ciclos Formativos de Grado Medio y la acreditaci\u00f3n Escolar para alumnado de Bachillerato.<\/span><\/span><\/p>\n<p align=\"justify\"><span style=\"color: #545454;\"><span style=\"font-size: small;\">El INS La Ferreria apuesta por una internacionalizaci\u00f3n de su centro como herramienta para facilitar y promover el intercambio de alumnado. Dispone de profesorado dispuesto a iniciar con ellos la experiencia de salir al extranjero a formarse acad\u00e9micamente y personalmente.<\/span><\/span><\/p>\n<p align=\"left\"><span style=\"color: #545454;\"><span style=\"font-size: small;\">Para seguir las convocatorias y tener m\u00e1s informaci\u00f3n puede ir a la p\u00e1gina:<\/span><\/span><\/p>\n<p align=\"left\"><a href=\"https:\/\/sites.google.com\/ieslaferreria.net\/erasmus\/home\" target=\"_blank\" rel=\"noopener\"><span style=\"color: #1155cc;\"><span style=\"font-size: small;\"><u>Informaci\u00f3n Erasmus+<\/u><\/span><\/span><\/a><\/p>\n<h3><\/h3>\n<p>&nbsp;<\/p>\n<h3>Contacte Erasmus+<\/h3>\n<p align=\"JUSTIFY\"><strong>Cristina Alberich<\/strong><br \/>\nCoordinadora de Mobilitat<br \/>\nMobility Coordinator<br \/>\n<a href=\"mailto:erasmus@ieslaferreria.net\">erasmus@ieslaferreria.net<\/a><\/p>\n<p>&nbsp;<\/p>\n<p>&nbsp;<\/p>\n","protected":false},"excerpt":{"rendered":"<p><a href=\"https:\/\/agora.xtec.cat\/ieslaferreria\/wp-content\/uploads\/usu1893\/2023\/08\/eng.png\"><\/a><br \/>\nErasmus+ is the EU&#8217;s programme to support education, training, youth and sport in Europe.<br \/>\nThe 2021-2027 programme places a strong focus on social inclusion, the green and digital transitions, and promoting young people\u2019s participation in democratic life.<br \/>\nErasmus+ offers a lot of opportunities, highlighting the opportunity&hellip;  <a href=\"https:\/\/agora.xtec.cat\/ieslaferreria\/erasmus\/\" title=\"Read Erasmus+\">Llegeix m\u00e9s\u00bb<\/a><\/p>\n","protected":false},"author":1,"featured_media":0,"parent":0,"menu_order":0,"comment_status":"closed","ping_status":"closed","template":"","meta":{"_bbp_topic_count":0,"_bbp_reply_count":0,"_bbp_total_topic_count":0,"_bbp_total_reply_count":0,"_bbp_voice_count":0,"_bbp_anonymous_reply_count":0,"_bbp_topic_count_hidden":0,"_bbp_reply_count_hidden":0,"_bbp_forum_subforum_count":0,"footnotes":""},"class_list":["post-833","page","type-page","status-publish","hentry"],"post_mailing_queue_ids":[],"_links":{"self":[{"href":"https:\/\/agora.xtec.cat\/ieslaferreria\/wp-json\/wp\/v2\/pages\/833","targetHints":{"allow":["GET"]}}],"collection":[{"href":"https:\/\/agora.xtec.cat\/ieslaferreria\/wp-json\/wp\/v2\/pages"}],"about":[{"href":"https:\/\/agora.xtec.cat\/ieslaferreria\/wp-json\/wp\/v2\/types\/page"}],"author":[{"embeddable":true,"href":"https:\/\/agora.xtec.cat\/ieslaferreria\/wp-json\/wp\/v2\/users\/1"}],"replies":[{"embeddable":true,"href":"https:\/\/agora.xtec.cat\/ieslaferreria\/wp-json\/wp\/v2\/comments?post=833"}],"version-history":[{"count":7,"href":"https:\/\/agora.xtec.cat\/ieslaferreria\/wp-json\/wp\/v2\/pages\/833\/revisions"}],"predecessor-version":[{"id":1138,"href":"https:\/\/agora.xtec.cat\/ieslaferreria\/wp-json\/wp\/v2\/pages\/833\/revisions\/1138"}],"wp:attachment":[{"href":"https:\/\/agora.xtec.cat\/ieslaferreria\/wp-json\/wp\/v2\/media?parent=833"}],"curies":[{"name":"wp","href":"https:\/\/api.w.org\/{rel}","templated":true}]}}