{"id":815,"date":"2022-03-18T08:48:52","date_gmt":"2022-03-18T07:48:52","guid":{"rendered":"https:\/\/agora.xtec.cat\/ieslaferreria\/?page_id=815"},"modified":"2023-02-01T12:57:23","modified_gmt":"2023-02-01T11:57:23","slug":"demanar-cita-previa-i-o-informacio","status":"publish","type":"page","link":"https:\/\/agora.xtec.cat\/ieslaferreria\/secretaria-2\/demanar-cita-previa-i-o-informacio\/","title":{"rendered":"Demanar cita pr\u00e8via i\/o informaci\u00f3"},"content":{"rendered":"<h3>QU\u00c8 HAS DE FER PER DEMANAR INFORMACI\u00d3 I\/O DOCUMENTACI\u00d3 A SECRETARIA<\/h3>\n<p>&nbsp;<\/p>\n<p>Si necessites demanar un t\u00edtol, un certificat de notes o qualsevol altre tipus de document, cal seguir el seg\u00fcent procediment:<\/p>\n<ol>\n<li style=\"list-style-type: none;\">\n<ol>\n<li>Enviar un email a <a href=\"mailto:secretaria@inslaferreria.cat\">secretaria@inslaferreria.cat<\/a>\u00a0demanant all\u00f2 que necessites.<\/li>\n<li>Rebr\u00e0s resposta al teu correu.<\/li>\n<\/ol>\n<\/li>\n<\/ol>\n<p>3- En cas que es tracti de venir al centre a recollir un document o fer algun tr\u00e0mit presencial, al mateix correu et donarem un link per tal que puguis agafar dia i hora (cita pr\u00e8via).<\/p>\n<p>&nbsp;<\/p>\n","protected":false},"excerpt":{"rendered":"<p>QU\u00c8 HAS DE FER PER DEMANAR INFORMACI\u00d3 I\/O DOCUMENTACI\u00d3 A SECRETARIA<br \/>\n&nbsp;<br \/>\nSi necessites demanar un t\u00edtol, un certificat de notes o qualsevol altre tipus de document, cal seguir el seg\u00fcent procediment:<\/p>\n<ol>\n<li style=\"list-style-type: none;\">\n<ol>\n<li>Enviar un email a <a href=\"mailto:secretaria@inslaferreria.cat\">secretaria@inslaferreria.cat<\/a>\u00a0demanant all\u00f2 que necessites.<\/li>\n<li>Rebr\u00e0s resposta al teu correu.<\/li>\n<\/ol>\n<\/li>\n<\/ol>\n<p>3- En&hellip;  <a href=\"https:\/\/agora.xtec.cat\/ieslaferreria\/secretaria-2\/demanar-cita-previa-i-o-informacio\/\" title=\"Read Demanar cita pr\u00e8via i\/o informaci\u00f3\">Llegeix m\u00e9s\u00bb<\/a><\/p>\n","protected":false},"author":1,"featured_media":0,"parent":599,"menu_order":0,"comment_status":"closed","ping_status":"closed","template":"","meta":{"_bbp_topic_count":0,"_bbp_reply_count":0,"_bbp_total_topic_count":0,"_bbp_total_reply_count":0,"_bbp_voice_count":0,"_bbp_anonymous_reply_count":0,"_bbp_topic_count_hidden":0,"_bbp_reply_count_hidden":0,"_bbp_forum_subforum_count":0,"footnotes":""},"class_list":["post-815","page","type-page","status-publish","hentry"],"post_mailing_queue_ids":[],"_links":{"self":[{"href":"https:\/\/agora.xtec.cat\/ieslaferreria\/wp-json\/wp\/v2\/pages\/815","targetHints":{"allow":["GET"]}}],"collection":[{"href":"https:\/\/agora.xtec.cat\/ieslaferreria\/wp-json\/wp\/v2\/pages"}],"about":[{"href":"https:\/\/agora.xtec.cat\/ieslaferreria\/wp-json\/wp\/v2\/types\/page"}],"author":[{"embeddable":true,"href":"https:\/\/agora.xtec.cat\/ieslaferreria\/wp-json\/wp\/v2\/users\/1"}],"replies":[{"embeddable":true,"href":"https:\/\/agora.xtec.cat\/ieslaferreria\/wp-json\/wp\/v2\/comments?post=815"}],"version-history":[{"count":3,"href":"https:\/\/agora.xtec.cat\/ieslaferreria\/wp-json\/wp\/v2\/pages\/815\/revisions"}],"predecessor-version":[{"id":868,"href":"https:\/\/agora.xtec.cat\/ieslaferreria\/wp-json\/wp\/v2\/pages\/815\/revisions\/868"}],"up":[{"embeddable":true,"href":"https:\/\/agora.xtec.cat\/ieslaferreria\/wp-json\/wp\/v2\/pages\/599"}],"wp:attachment":[{"href":"https:\/\/agora.xtec.cat\/ieslaferreria\/wp-json\/wp\/v2\/media?parent=815"}],"curies":[{"name":"wp","href":"https:\/\/api.w.org\/{rel}","templated":true}]}}