{"id":749,"date":"2021-04-06T12:11:26","date_gmt":"2021-04-06T10:11:26","guid":{"rendered":"http:\/\/agora.xtec.cat\/ieslaferreria\/?page_id=749"},"modified":"2023-08-23T17:19:01","modified_gmt":"2023-08-23T15:19:01","slug":"administracio-de-sistemes-i-xarxes","status":"publish","type":"page","link":"https:\/\/agora.xtec.cat\/ieslaferreria\/administracio-de-sistemes-i-xarxes\/","title":{"rendered":"Administraci\u00f3 de Sistemes Inform\u00e0tics en Xarxa"},"content":{"rendered":"<h4><strong><span lang=\"ca-ES\">Titulaci\u00f3 <\/span><\/strong><\/h4>\n<p><span lang=\"ca-ES\">T\u00e8cnic\/a superior en Administraci\u00f3 de Sistemes Inform\u00e0tics en Xarxa<\/span><\/p>\n<h4><strong><span lang=\"ca-ES\">Compet\u00e8ncies professionals<\/span><\/strong><\/h4>\n<p lang=\"ca-ES\">La compet\u00e8ncia general d\u2019aquest t\u00edtol consisteix a configurar, administrar i mantenir sistemes inform\u00e0tics, garantint la funcionalitat, la integritat dels recursos i serveis del sistema, amb la qualitat exigida i complint la reglamentaci\u00f3 vigent.<\/p>\n<h4><strong>Durada<\/strong><\/h4>\n<p><span lang=\"ca-ES\">2000 hores, de les quals 1.617 h es realitzen en el centre i 383 h en pr\u00e0ctiques d&#8217;empresa.<\/span><\/p>\n<h4><strong><span lang=\"ca-ES\">Horari<\/span><\/strong><\/h4>\n<p><span lang=\"ca-ES\">TARDA de 15 h a 21.20 h.<\/span><\/p>\n<h4><strong>Qu\u00e8 estudiar\u00e0s?<\/strong><\/h4>\n<h6><strong>Primer curs:<\/strong><\/h6>\n<ul>\n<li>MP1. Implantaci\u00f3 de sistemes operatius.<\/li>\n<li>MP2. Gesti\u00f3 de bases de dades.<\/li>\n<li>MP3. Programaci\u00f3 b\u00e0sica.<\/li>\n<li>MP4. Llenguatge de marques.<\/li>\n<li>MP5. Fonaments de maquinari.<\/li>\n<li>MP10. Administraci\u00f3 de sistemes gestors de bases de dades.<\/li>\n<li>MP12. Formaci\u00f3 i orientaci\u00f3 laboral.<\/li>\n<li>MP13. Empresa i iniciativa emprenedora.<\/li>\n<\/ul>\n<h6><strong>Segon curs:<\/strong><\/h6>\n<ul>\n<li>MP6. Administraci\u00f3 de Sistemes Operatius.<\/li>\n<li>MP7. Planificaci\u00f3 i administraci\u00f3 de xarxes.<\/li>\n<li>MP8. Serveis de xarxa i Internet.<\/li>\n<li>MP9. Implantaci\u00f3 d\u2019aplicacions Web.<\/li>\n<li>MP11. Seguretat i alta disponibilitat.<\/li>\n<li>MP 14. Projecte.<\/li>\n<\/ul>\n<p><a href=\"https:\/\/agora.xtec.cat\/ieslaferreria\/moduls-administracio-de-sistemes-informatics-i-xarxes\/\" target=\"_blank\" rel=\"noopener\">+info\u00a0m\u00f2duls<\/a><\/p>\n<h4 lang=\"ca-ES\"><strong>Modalitats<\/strong><\/h4>\n<p lang=\"ca-ES\">Presencial i semipresencial ( fins a un 50 % )<\/p>\n<p><a href=\"https:\/\/agora.xtec.cat\/ieslaferreria\/wp-content\/uploads\/usu1893\/2023\/08\/fpdual2.png\"><img loading=\"lazy\" decoding=\"async\" class=\"alignnone wp-image-1021\" src=\"https:\/\/agora.xtec.cat\/ieslaferreria\/wp-content\/uploads\/usu1893\/2023\/08\/fpdual2.png\" alt=\"\" width=\"103\" height=\"67\" srcset=\"https:\/\/agora.xtec.cat\/ieslaferreria\/wp-content\/uploads\/usu1893\/2023\/08\/fpdual2.png 204w, https:\/\/agora.xtec.cat\/ieslaferreria\/wp-content\/uploads\/usu1893\/2023\/08\/fpdual2-200x133.png 200w\" sizes=\"auto, (max-width: 103px) 100vw, 103px\" \/> \u00a0<\/a><a href=\"https:\/\/agora.xtec.cat\/ieslaferreria\/fp-dual\/\" target=\"_blank\" rel=\"noopener\">S&#8217;oferta en modalitat dual\u00a0<\/a><\/p>\n<h4><strong>Sortides professionals<\/strong><\/h4>\n<h6 class=\"western\" align=\"JUSTIFY\"><strong>Al final d&#8217;aquest cicle d&#8217;ASIX, ser\u00e0s un professional capa\u00e7 de:<\/strong><\/h6>\n<ul>\n<li>\n<p class=\"western\" align=\"JUSTIFY\">Implantar i administrar sistemes inform\u00e0tics en entorns monousuari i multiususari.<\/p>\n<\/li>\n<li>\n<p class=\"western\" align=\"JUSTIFY\">Implantar i administrar xarxes locals i gestionar la connexi\u00f3 del sistema inform\u00e0tic a xarxes extenses.<\/p>\n<\/li>\n<li>\n<p class=\"western\" align=\"JUSTIFY\">Implantar i facilitar la utilitzaci\u00f3 de paquets inform\u00e0tics de prop\u00f2sit general i aplicacions espec\u00edfiques.<\/p>\n<\/li>\n<li>\n<p class=\"western\" align=\"JUSTIFY\">Proposar i coordinar canvis per millorar l&#8217;explotaci\u00f3 del sistema i les aplicacions.<\/p>\n<\/li>\n<\/ul>\n<h6 class=\"western\" align=\"JUSTIFY\"><strong>Qu\u00e8 aprendr\u00e9 i far\u00e9?<\/strong><\/h6>\n<p class=\"western\" align=\"JUSTIFY\">Configurar, administrar i mantenir sistemes inform\u00e0tics, garantint la funcionalitat, la integritat dels recursos i serveis del sistema, amb la qualitat exigida i complint la reglamentaci\u00f3 vigent.<\/p>\n<p class=\"western\" align=\"JUSTIFY\">Aquest professional ser\u00e0 capa\u00e7 de:<\/p>\n<ul>\n<li>\n<p class=\"western\" align=\"JUSTIFY\">Administrar sistemes operatius de servidor, instal\u00b7lant i configurant el programari, en condicions de qualitat per assegurar el funcionament del sistema.<\/p>\n<\/li>\n<li>\n<p class=\"western\" align=\"JUSTIFY\">Administrar serveis de xarxa (web, missatgeria electr\u00f2nica i transfer\u00e8ncia d&#8217;arxius, entre uns altres) instal\u00b7lant i configurant el programari, en condicions de qualitat.<\/p>\n<\/li>\n<li>\n<p class=\"western\" align=\"JUSTIFY\">Implantar i gestionar bases de dades instal\u00b7lant i administrant el programari de gesti\u00f3 en condicions de qualitat, segons les caracter\u00edstiques de l&#8217;explotaci\u00f3.<\/p>\n<\/li>\n<li>\n<p class=\"western\" align=\"JUSTIFY\">Avaluar el rendiment dels dispositius maquinari identificant possibilitats de millores segons les necessitats de funcionament.<\/p>\n<\/li>\n<li>\n<p class=\"western\" align=\"JUSTIFY\">Determinar la infraestructura de xarxes telem\u00e0tiques elaborant esquemes i seleccionant equips i elements.<\/p>\n<\/li>\n<li>\n<p class=\"western\" align=\"JUSTIFY\">Integrar equips de comunicacions en infraestructures de xarxes telem\u00e0tiques, determinant la configuraci\u00f3 per assegurar la seva connectivitat.<\/p>\n<\/li>\n<li>\n<p class=\"western\" align=\"JUSTIFY\">Administrar usuaris d&#8217;acord a les especificacions d&#8217;explotaci\u00f3 per garantir els accessos i la disponibilitat dels recursos del sistema.<\/p>\n<\/li>\n<li>\n<p class=\"western\" align=\"JUSTIFY\">Diagnosticar les disfuncions del sistema i adoptar les mesures correctives per restablir la seva funcionalitat.<\/p>\n<\/li>\n<li>\n<p class=\"western\" align=\"JUSTIFY\">Gestionar i\/o realitzar el manteniment dels recursos de la seva \u00e0rea (programant i verificant el seu compliment), en funci\u00f3 de les c\u00e0rregues de treball i el pla de manteniment.<\/p>\n<\/li>\n<\/ul>\n<h6 class=\"western\" align=\"JUSTIFY\"><strong>En finalitzar els meus estudis, qu\u00e8 puc fer?<\/strong><\/h6>\n<p class=\"western\" align=\"JUSTIFY\">Treballar com :<\/p>\n<ul>\n<li>\n<p class=\"western\" align=\"JUSTIFY\">T\u00e8cnic en administraci\u00f3 de sistemes.<\/p>\n<\/li>\n<li>\n<p class=\"western\" align=\"JUSTIFY\">Responsable d&#8217;inform\u00e0tica.<\/p>\n<\/li>\n<li>\n<p class=\"western\" align=\"JUSTIFY\">T\u00e8cnic en serveis d&#8217;Internet.<\/p>\n<\/li>\n<li>\n<p class=\"western\" align=\"JUSTIFY\">T\u00e8cnic en serveis de missatgeria electr\u00f2nica.<\/p>\n<\/li>\n<li>\n<p class=\"western\" align=\"JUSTIFY\">Personal de suport i suport t\u00e8cnic.<\/p>\n<\/li>\n<li>\n<p class=\"western\" align=\"JUSTIFY\">T\u00e8cnic en teleassist\u00e8ncia.<\/p>\n<\/li>\n<li>\n<p class=\"western\" align=\"JUSTIFY\">T\u00e8cnic en administraci\u00f3 de base de dades.<\/p>\n<\/li>\n<li>\n<p class=\"western\" align=\"JUSTIFY\">T\u00e8cnic de xarxes.<\/p>\n<\/li>\n<li>\n<p class=\"western\" align=\"JUSTIFY\">Supervisor de sistemes.<\/p>\n<\/li>\n<li>\n<p class=\"western\" align=\"JUSTIFY\">T\u00e8cnic en serveis de comunicacions.<\/p>\n<\/li>\n<li>\n<p class=\"western\" align=\"JUSTIFY\">T\u00e8cnic en entorns web.<\/p>\n<\/li>\n<\/ul>\n<h6 class=\"western\" align=\"JUSTIFY\"><strong>Seguir estudiant:<\/strong><\/h6>\n<ul>\n<li>\n<p class=\"western\" align=\"JUSTIFY\">Completar els teus estudis amb el 2n curs de DAM que s&#8217;imparteix en aquest mateix centre.\u00a0<strong>Amb 3 anys pots tenir la doble titulaci\u00f3,<\/strong><\/p>\n<\/li>\n<li>\n<p class=\"western\" align=\"JUSTIFY\">Completar els teus estudis amb el 2n curs de DAW.<\/p>\n<\/li>\n<li>\n<p class=\"western\" align=\"JUSTIFY\">Cursos d&#8217;especialitzaci\u00f3 professional.<\/p>\n<\/li>\n<li>\n<p class=\"western\" align=\"JUSTIFY\">Un altre Cicle de Formaci\u00f3 Professional de Grau Superior amb la possibilitat d&#8217;establir convalidacions de m\u00f2duls d&#8217;acord a la normativa vigent.<\/p>\n<\/li>\n<li>\n<p class=\"western\" align=\"JUSTIFY\">Ensenyaments Universitaris amb la possibilitat d&#8217;establir convalidacions d&#8217;acord amb la normativa vigent. Com a novetat no existeix contingent en l&#8217;acc\u00e9s a la universitat per als titulats de cicle superior<\/p>\n<\/li>\n<\/ul>\n<p>&nbsp;<\/p>\n<p>&nbsp;<\/p>\n","protected":false},"excerpt":{"rendered":"<p>Titulaci\u00f3<br \/>\nT\u00e8cnic\/a superior en Administraci\u00f3 de Sistemes Inform\u00e0tics en Xarxa<br \/>\nCompet\u00e8ncies professionals<br \/>\nLa compet\u00e8ncia general d\u2019aquest t\u00edtol consisteix a configurar, administrar i mantenir sistemes inform\u00e0tics, garantint la funcionalitat, la integritat dels recursos i serveis del sistema, amb la qualitat exigida i complint la reglamentaci\u00f3 vigent.<br \/>\nDurada<br \/>\n2000 hores, de&hellip;  <a href=\"https:\/\/agora.xtec.cat\/ieslaferreria\/administracio-de-sistemes-i-xarxes\/\" title=\"Read Administraci\u00f3 de Sistemes Inform\u00e0tics en Xarxa\">Llegeix m\u00e9s\u00bb<\/a><\/p>\n","protected":false},"author":1,"featured_media":0,"parent":0,"menu_order":0,"comment_status":"closed","ping_status":"closed","template":"","meta":{"_bbp_topic_count":0,"_bbp_reply_count":0,"_bbp_total_topic_count":0,"_bbp_total_reply_count":0,"_bbp_voice_count":0,"_bbp_anonymous_reply_count":0,"_bbp_topic_count_hidden":0,"_bbp_reply_count_hidden":0,"_bbp_forum_subforum_count":0,"footnotes":""},"class_list":["post-749","page","type-page","status-publish","hentry"],"post_mailing_queue_ids":[],"_links":{"self":[{"href":"https:\/\/agora.xtec.cat\/ieslaferreria\/wp-json\/wp\/v2\/pages\/749","targetHints":{"allow":["GET"]}}],"collection":[{"href":"https:\/\/agora.xtec.cat\/ieslaferreria\/wp-json\/wp\/v2\/pages"}],"about":[{"href":"https:\/\/agora.xtec.cat\/ieslaferreria\/wp-json\/wp\/v2\/types\/page"}],"author":[{"embeddable":true,"href":"https:\/\/agora.xtec.cat\/ieslaferreria\/wp-json\/wp\/v2\/users\/1"}],"replies":[{"embeddable":true,"href":"https:\/\/agora.xtec.cat\/ieslaferreria\/wp-json\/wp\/v2\/comments?post=749"}],"version-history":[{"count":3,"href":"https:\/\/agora.xtec.cat\/ieslaferreria\/wp-json\/wp\/v2\/pages\/749\/revisions"}],"predecessor-version":[{"id":1017,"href":"https:\/\/agora.xtec.cat\/ieslaferreria\/wp-json\/wp\/v2\/pages\/749\/revisions\/1017"}],"wp:attachment":[{"href":"https:\/\/agora.xtec.cat\/ieslaferreria\/wp-json\/wp\/v2\/media?parent=749"}],"curies":[{"name":"wp","href":"https:\/\/api.w.org\/{rel}","templated":true}]}}