{"id":748,"date":"2021-04-06T12:11:26","date_gmt":"2021-04-06T10:11:26","guid":{"rendered":"http:\/\/agora.xtec.cat\/ieslaferreria\/?page_id=748"},"modified":"2023-08-27T13:40:43","modified_gmt":"2023-08-27T11:40:43","slug":"desenvolupament-daplicacions-web","status":"publish","type":"page","link":"https:\/\/agora.xtec.cat\/ieslaferreria\/desenvolupament-daplicacions-web\/","title":{"rendered":"Desenvolupament d&#8217;Aplicacions Web"},"content":{"rendered":"<h4><strong>PERFIL BIOINFORM\u00c0TICA<\/strong><\/h4>\n<h4><strong><span lang=\"ca-ES\">Titulaci\u00f3<\/span><\/strong><\/h4>\n<p>T\u00e8cnic\/a superior en Desenvolupament d\u2019aplicacions web<\/p>\n<h4><strong><span lang=\"ca-ES\">Compet\u00e8ncies professionals<\/span><\/strong><\/h4>\n<p>La compet\u00e8ncia general d\u2019aquest t\u00edtol consisteix a desenvolupar, implantar i mantenir aplicacions web, amb independ\u00e8ncia del model emprat i utilitzant tecnologies espec\u00edfiques, garantint l\u2019acc\u00e9s a les dades de forma segura i complint els criteris d\u2019accessibilitat, usabilitat i qualitat exigides en els est\u00e0ndards establerts.<\/p>\n<p>Aquesta compet\u00e8ncia es veu complementada amb formaci\u00f3 espec\u00edfica per assistir els investigadors en la consulta, modificaci\u00f3 i gesti\u00f3 d&#8217;informaci\u00f3 emmagatzemada en bases de dades m\u00e8diques, biol\u00f2giques i qu\u00edmiques, utilitzar les eines i aplicacions inform\u00e0tiques relacionades amb les ci\u00e8ncies \u00f2miques i amb el disseny de nous f\u00e0rmacs.<\/p>\n<h4><strong>Durada<\/strong><\/h4>\n<p><span lang=\"ca-ES\">2000 hores, de les quals 1.617h es realitzen en el centre i 383h en pr\u00e0ctiques d\u2019empresa.<\/span><\/p>\n<h4><strong><span lang=\"ca-ES\">Horari<\/span><\/strong><\/h4>\n<p><span lang=\"ca-ES\">TARDA de 15h a 21.20h.<\/span><\/p>\n<h4><strong>Qu\u00e8 estudiar\u00e0s?<\/strong><\/h4>\n<h6><strong>Primer curs:<\/strong><\/h6>\n<ul>\n<li>MP1. Sistemes inform\u00e0tics.<\/li>\n<li>MP2. Bases de dades.<\/li>\n<li>MP3. Programaci\u00f3.<\/li>\n<li>MP4. Llenguatge de marques\u00a0<span lang=\"ca-ES\">i sistemes de gesti\u00f3 d\u2019informaci\u00f3<\/span>.<\/li>\n<li>MP9. Disseny d\u2019interf\u00edcies web.<\/li>\n<li>MP10. Formaci\u00f3 i orientaci\u00f3 laboral.<\/li>\n<li>MP11. Empresa i iniciativa emprenedora.<\/li>\n<\/ul>\n<h6><strong>Segon curs:<\/strong><\/h6>\n<ul>\n<li>MP5.\u00a0<span lang=\"ca-ES\">Entorns de desenvolupament.<\/span><\/li>\n<li>MP6. Desenvolupament web en entorn client.<\/li>\n<li>MP7.Desenvolupament web d\u2019entorn servidor.<\/li>\n<li>MP8.Desplegament d\u2019aplicacions web.<\/li>\n<li>MP 12. Projecte.<\/li>\n<li>MP13. Formaci\u00f3 en centres de treball.<\/li>\n<li>MP14. Bioinform\u00e0tica<\/li>\n<\/ul>\n<p><a href=\"https:\/\/agora.xtec.cat\/ieslaferreria\/moduls-desenvolupament-daplicacions-web-perfil-bioinformatica\/\" target=\"_blank\" rel=\"noopener\">+info\u00a0m\u00f2duls<\/a><\/p>\n<h4 lang=\"ca-ES\"><strong>Modalitats<\/strong><\/h4>\n<p lang=\"ca-ES\">Presencial i semipresencial ( fins a un 50 % )<\/p>\n<p><a href=\"https:\/\/agora.xtec.cat\/ieslaferreria\/wp-content\/uploads\/usu1893\/2023\/08\/fpdual2.png\"><img loading=\"lazy\" decoding=\"async\" class=\"alignnone wp-image-1021\" src=\"https:\/\/agora.xtec.cat\/ieslaferreria\/wp-content\/uploads\/usu1893\/2023\/08\/fpdual2.png\" sizes=\"auto, (max-width: 103px) 100vw, 103px\" srcset=\"https:\/\/agora.xtec.cat\/ieslaferreria\/wp-content\/uploads\/usu1893\/2023\/08\/fpdual2.png 204w, https:\/\/agora.xtec.cat\/ieslaferreria\/wp-content\/uploads\/usu1893\/2023\/08\/fpdual2-200x133.png 200w\" alt=\"\" width=\"103\" height=\"67\" \/>\u00a0\u00a0<\/a><a href=\"https:\/\/agora.xtec.cat\/ieslaferreria\/fp-dual\/\" target=\"_blank\" rel=\"noopener\">S\u2019oferta en modalitat dual\u00a0<\/a><\/p>\n<h4><strong>Sortides professionals<\/strong><\/h4>\n<p class=\"Predeterminado\"><strong>Al final d&#8217;aquest cicle de DAW, ser\u00e0s un professional capa\u00e7 de:<\/strong><\/p>\n<ul>\n<li>Programador\/a d\u2019aplicacions web i multim\u00e8dia.<\/li>\n<li>Community manager i Social Media.<\/li>\n<li>T\u00e8cnic\/a en anal\u00edtica, optimitzaci\u00f3 i posicionament web.<\/li>\n<li>Programador\/a i t\u00e8cnic inform\u00e0tic\/a en projectes i grups de recerca en l\u2019\u00e0mbit bioqu\u00edmic i biom\u00e8dic.<\/li>\n<li>Programador\/a i t\u00e8cnic\/a inform\u00e0tic\/a en projectes i aplicacions d\u2019inform\u00e0tica m\u00e8dica.<\/li>\n<\/ul>\n<p><strong>\u00a0<\/strong><strong>Qu\u00e8 aprendr\u00e9 i far\u00e9?<\/strong><\/p>\n<p>Desenvolupar, implantar i mantenir aplicacions web, amb independ\u00e8ncia del model emprat i utilitzant tecnologies espec\u00edfiques, garantint l\u2019acc\u00e9s a les dades de forma segura i complint els criteris d\u2019accessibilitat, usabilitat i qualitat exigides en els est\u00e0ndards establerts.<\/p>\n<p>Aquest professional ser\u00e0 capa\u00e7 de:<\/p>\n<ul>\n<li>Configurar i explotar sistemes inform\u00e0tics, adaptant la configuraci\u00f3 l\u00f2gica del sistema segons les necessitats d\u2019\u00fas i els criteris establerts.<\/li>\n<li>Aplicar t\u00e8cniques i procediments relacionats amb la seguretat en sistemes, serveis i aplicacions, complint el pla de seguretat.<\/li>\n<li>Gestionar servidors d\u2019aplicacions adaptant la seva configuraci\u00f3 en cada cas per permetre el desplegament d\u2019aplicacions web.<\/li>\n<li>Gestionar bases de dades, interpretant el seu disseny l\u00f2gic i verificant la integritat, la consist\u00e8ncia, la<\/li>\n<li>seguretat i l\u2019accessibilitat de les dades.<\/li>\n<li>Desenvolupar aplicacions web amb acc\u00e9s a bases de dades utilitzant llenguatges, objectes d\u2019acc\u00e9s i eines de mapatge adequats a les especificacions.<\/li>\n<li>Integrar continguts en la l\u00f2gica d\u2019una aplicaci\u00f3 web, desenvolupant components d\u2019acc\u00e9s a dades adequades a les especificacions.<\/li>\n<li>Desenvolupar interf\u00edcies en aplicacions web d\u2019acord amb un manual d\u2019estil, utilitzant llenguatges de marques i est\u00e0ndards web.<\/li>\n<li>Desenvolupar components multim\u00e8dia per a la seva integraci\u00f3 en aplicacions web, utilitzant eines espec\u00edfiques i seguint les especificacions establertes.<\/li>\n<li>Integrar components multim\u00e8dia en la interf\u00edcie d\u2019una aplicaci\u00f3 web, realitzant l\u2019an\u00e0lisi d\u2019interactivitat,<\/li>\n<li>accessibilitat i usabilitat de l\u2019aplicaci\u00f3.<\/li>\n<li>Desenvolupar i integrar components programari en l\u2019entorn del servidor web, utilitzant eines i llenguatges espec\u00edfics, per complir les especificacions de l\u2019aplicaci\u00f3.<\/li>\n<li>Desenvolupar serveis per integrar les seves funcions en altres aplicacions web, garantint-ne la funcionalitat.<\/li>\n<li>Integrar serveis i continguts distribu\u00efts en aplicacions web, garantint-ne la funcionalitat.<\/li>\n<li>Completar plans de proves verificant el funcionament dels components programari desenvolupats segons les especificacions.<\/li>\n<li>Elaborar i mantenir la documentaci\u00f3 dels processos de desenvolupament utilitzant eines de generaci\u00f3 de documentaci\u00f3 i control de versions.<\/li>\n<li>Desplegar i distribuir aplicacions web en diferents \u00e0mbits d\u2019implantaci\u00f3, verificant el seu comportament i realitzant modificacions.<\/li>\n<li>Gestionar i\/o realitzar el manteniment dels recursos de la seva \u00e0rea en funci\u00f3 de les c\u00e0rregues de treball i el pla de manteniment.<\/li>\n<li>Adaptar-se a les noves situacions laborals, mantenint actualitzats els coneixements cient\u00edfics, t\u00e8cnics i tecnol\u00f2gics relatius al seu entorn professional, gestionant la seva formaci\u00f3 i els recursos existents en l\u2019aprenentatge al llarg de la vida i utilitzant les tecnologies de la informaci\u00f3 i la comunicaci\u00f3.<\/li>\n<li>Resoldre situacions, problemes o conting\u00e8ncies amb iniciativa i autonomia en l\u2019\u00e0mbit de la seva compet\u00e8ncia, amb creativitat, innovaci\u00f3 i esperit de millora en el treball personal i en el dels membres de l\u2019equip.<\/li>\n<li>Organitzar i coordinar equips de treball, supervisar-ne el desenvolupament, amb responsabilitat, mantenint relacions flu\u00efdes i assumint-ne el lideratge, aix\u00ed com aportant solucions als conflictes grupals que es presentin.<\/li>\n<li>Comunicar-se amb els seus iguals, superiors, clients i persones sota la seva responsabilitat utilitzant vies eficaces de comunicaci\u00f3, transmetent la informaci\u00f3 o coneixements adequats i respectant l\u2019autonomia i la compet\u00e8ncia de les persones que intervenen en l\u2019\u00e0mbit del seu treball.<\/li>\n<li>Generar entorns segurs en el desenvolupament del seu treball i el del seu equip, supervisant i aplicant els procediments de prevenci\u00f3 de riscos laborals i ambientals d\u2019acord amb el que estableix la normativa i els objectius de l\u2019empresa.<\/li>\n<li>Supervisar i aplicar procediments de gesti\u00f3 de qualitat, d\u2019accessibilitat universal i de disseny per a tothom, en les activitats professionals incloses en els processos de producci\u00f3 o prestaci\u00f3 de serveis.<\/li>\n<li>Realitzar la gesti\u00f3 b\u00e0sica per a la creaci\u00f3 i funcionament d\u2019una petita empresa i tenir iniciativa en la seva activitat professional amb sentit de la responsabilitat social.<\/li>\n<li>Exercir els seus drets i complir amb les obligacions derivades de la seva activitat professional, d\u2019acord amb el que estableix la legislaci\u00f3 vigent, i participar activament en la vida econ\u00f2mica, social i cultural.<\/li>\n<\/ul>\n<h6 class=\"Predeterminado\"><strong>En finalitzar els meus estudis, qu\u00e8 puc fer?<\/strong><\/h6>\n<h6 class=\"Predeterminado\">\u00a0Treballar com :<\/h6>\n<ul>\n<li>Aquest professional exercir\u00e0 l\u2019activitat en entitats p\u00fabliques o privades de qualsevol mida, tant per compte ali\u00e8 com per compte propi, exercint el seu treball en l\u2019\u00e0rea de desenvolupament d\u2019aplicacions web.<\/li>\n<li>El complement de formaci\u00f3 espec\u00edfica permet a aquest professional assistir els investigadors en la consulta, modificaci\u00f3 i gesti\u00f3 d&#8217;informaci\u00f3 emmagatzemada en bases de dades m\u00e8diques, biol\u00f2giques i qu\u00edmiques, utilitzar les eines i aplicacions inform\u00e0tiques relacionades amb les ci\u00e8ncies \u00f2miques i amb el disseny de nous f\u00e0rmacs.<\/li>\n<\/ul>\n<h6 class=\"Predeterminado\"><strong>\u00a0Seguir estudiant<\/strong><\/h6>\n<ul>\n<li>\n<p class=\"western\" align=\"JUSTIFY\">Completar els teus estudis amb el 2n curs de DAM que s&#8217;imparteix en aquest mateix centre.\u00a0<strong>Amb 3 anys pots tenir la doble titulaci\u00f3,<\/strong><\/p>\n<\/li>\n<li>\n<p class=\"western\" align=\"JUSTIFY\">Completar els teus estudis amb el 2n curs de ASIX.<\/p>\n<\/li>\n<li>\n<p class=\"western\" align=\"JUSTIFY\">Cursos d&#8217;especialitzaci\u00f3 professional.<\/p>\n<\/li>\n<li>\n<p class=\"western\" align=\"JUSTIFY\">Un altre Cicle de Formaci\u00f3 Professional de Grau Superior amb la possibilitat d&#8217;establir convalidacions de m\u00f2duls d&#8217;acord a la normativa vigent.<\/p>\n<\/li>\n<li>\n<p class=\"western\" align=\"JUSTIFY\">Ensenyaments Universitaris amb la possibilitat d&#8217;establir convalidacions d&#8217;acord amb la normativa vigent. Com a novetat no existeix contingent en l&#8217;acc\u00e9s a la universitat per als titulats de cicle superior<\/p>\n<\/li>\n<\/ul>\n<p class=\"Predeterminado\">\n","protected":false},"excerpt":{"rendered":"<p>PERFIL BIOINFORM\u00c0TICA<br \/>\nTitulaci\u00f3<br \/>\nT\u00e8cnic\/a superior en Desenvolupament d\u2019aplicacions web<br \/>\nCompet\u00e8ncies professionals<br \/>\nLa compet\u00e8ncia general d\u2019aquest t\u00edtol consisteix a desenvolupar, implantar i mantenir aplicacions web, amb independ\u00e8ncia del model emprat i utilitzant tecnologies espec\u00edfiques, garantint l\u2019acc\u00e9s a les dades de forma segura i complint els criteris d\u2019accessibilitat, usabilitat i qualitat&hellip;  <a href=\"https:\/\/agora.xtec.cat\/ieslaferreria\/desenvolupament-daplicacions-web\/\" title=\"Read Desenvolupament d&#8217;Aplicacions Web\">Llegeix m\u00e9s\u00bb<\/a><\/p>\n","protected":false},"author":1,"featured_media":0,"parent":0,"menu_order":0,"comment_status":"closed","ping_status":"closed","template":"","meta":{"_bbp_topic_count":0,"_bbp_reply_count":0,"_bbp_total_topic_count":0,"_bbp_total_reply_count":0,"_bbp_voice_count":0,"_bbp_anonymous_reply_count":0,"_bbp_topic_count_hidden":0,"_bbp_reply_count_hidden":0,"_bbp_forum_subforum_count":0,"footnotes":""},"class_list":["post-748","page","type-page","status-publish","hentry"],"post_mailing_queue_ids":[],"_links":{"self":[{"href":"https:\/\/agora.xtec.cat\/ieslaferreria\/wp-json\/wp\/v2\/pages\/748","targetHints":{"allow":["GET"]}}],"collection":[{"href":"https:\/\/agora.xtec.cat\/ieslaferreria\/wp-json\/wp\/v2\/pages"}],"about":[{"href":"https:\/\/agora.xtec.cat\/ieslaferreria\/wp-json\/wp\/v2\/types\/page"}],"author":[{"embeddable":true,"href":"https:\/\/agora.xtec.cat\/ieslaferreria\/wp-json\/wp\/v2\/users\/1"}],"replies":[{"embeddable":true,"href":"https:\/\/agora.xtec.cat\/ieslaferreria\/wp-json\/wp\/v2\/comments?post=748"}],"version-history":[{"count":4,"href":"https:\/\/agora.xtec.cat\/ieslaferreria\/wp-json\/wp\/v2\/pages\/748\/revisions"}],"predecessor-version":[{"id":1070,"href":"https:\/\/agora.xtec.cat\/ieslaferreria\/wp-json\/wp\/v2\/pages\/748\/revisions\/1070"}],"wp:attachment":[{"href":"https:\/\/agora.xtec.cat\/ieslaferreria\/wp-json\/wp\/v2\/media?parent=748"}],"curies":[{"name":"wp","href":"https:\/\/api.w.org\/{rel}","templated":true}]}}