{"id":747,"date":"2021-04-06T12:11:26","date_gmt":"2021-04-06T10:11:26","guid":{"rendered":"http:\/\/agora.xtec.cat\/ieslaferreria\/?page_id=747"},"modified":"2023-08-23T18:18:31","modified_gmt":"2023-08-23T16:18:31","slug":"desenvolupament-daplicacions-multiplataforma","status":"publish","type":"page","link":"https:\/\/agora.xtec.cat\/ieslaferreria\/desenvolupament-daplicacions-multiplataforma\/","title":{"rendered":"Desenvolupament d&#8217;Aplicacions Multiplataforma"},"content":{"rendered":"<h4><strong><span lang=\"ca-ES\">Titulaci\u00f3<\/span><\/strong><\/h4>\n<p>T\u00e8cnic\/a superior en Desenvolupament d\u2019aplicacions multiplataforma<\/p>\n<h4><strong><span lang=\"ca-ES\">Compet\u00e8ncies professionals<\/span><\/strong><\/h4>\n<p>La compet\u00e8ncia general d\u2019aquest t\u00edtol consisteix a desenvolupar, implantar, documentar i mantenir aplicacions inform\u00e0tiques multiplataforma, utilitzant tecnologies i entorns de desenvolupament espec\u00edfics, garantint l&#8217;acc\u00e9s a les dades de forma segura i complint els criteris d&#8217;utilitzaci\u00f3 i qualitat exigits en els est\u00e0ndards establerts.<\/p>\n<h4><strong>Durada<\/strong><\/h4>\n<p><span lang=\"ca-ES\">2000 hores, de les quals 1.617 h es realitzen en el centre i 383 h en pr\u00e0ctiques d&#8217;empresa.<\/span><\/p>\n<h4><strong><span lang=\"ca-ES\">Horari<\/span><\/strong><\/h4>\n<p><span lang=\"ca-ES\">TARDA de 15 h a 21.20 h.<\/span><\/p>\n<h4><strong>Qu\u00e8 estudiar\u00e0s?<\/strong><\/h4>\n<h6><strong>Primer curs:<\/strong><\/h6>\n<ul>\n<li>MP1. Sistemes inform\u00e0tics.<\/li>\n<li>MP2. Bases de dades.<\/li>\n<li>MP3. Programaci\u00f3.<\/li>\n<li>MP4. Llenguatge de marques <span lang=\"ca-ES\">i sistemes de gesti\u00f3 d\u2019informaci\u00f3<\/span>.<\/li>\n<li>MP5. <span lang=\"ca-ES\">Entorns de desenvolupament.<\/span><\/li>\n<li>MP11. Formaci\u00f3 i orientaci\u00f3 laboral.<\/li>\n<li>MP12. Empresa i iniciativa emprenedora.<\/li>\n<\/ul>\n<h6><strong>Segon curs:<\/strong><\/h6>\n<ul>\n<li>MP6. Acc\u00e9s a dades.<\/li>\n<li>MP7. Desenvolupament d\u2019interf\u00edcies.<\/li>\n<li>MP8. Programaci\u00f3 multim\u00e8dia i dispositius m\u00f2bils.<\/li>\n<li>MP9. Programaci\u00f3 de serveis i processos.<\/li>\n<li>MP10. Sistemes de gesti\u00f3 empresarial.<\/li>\n<li>MP 13. Projecte.<\/li>\n<\/ul>\n<p><a href=\"https:\/\/agora.xtec.cat\/ieslaferreria\/moduls-desenvolupament-daplicacions-multiplataforma\/\" target=\"_blank\" rel=\"noopener\">+info\u00a0m\u00f2duls<\/a><\/p>\n<h4 lang=\"ca-ES\"><strong>Modalitats<\/strong><\/h4>\n<p lang=\"ca-ES\">Presencial i semipresencial ( fins a un 50 % )<\/p>\n<p><a href=\"https:\/\/agora.xtec.cat\/ieslaferreria\/wp-content\/uploads\/usu1893\/2023\/08\/fpdual2.png\"><img loading=\"lazy\" decoding=\"async\" class=\"alignnone wp-image-1021\" src=\"https:\/\/agora.xtec.cat\/ieslaferreria\/wp-content\/uploads\/usu1893\/2023\/08\/fpdual2.png\" alt=\"\" width=\"103\" height=\"67\" srcset=\"https:\/\/agora.xtec.cat\/ieslaferreria\/wp-content\/uploads\/usu1893\/2023\/08\/fpdual2.png 204w, https:\/\/agora.xtec.cat\/ieslaferreria\/wp-content\/uploads\/usu1893\/2023\/08\/fpdual2-200x133.png 200w\" sizes=\"auto, (max-width: 103px) 100vw, 103px\" \/> \u00a0<\/a><a href=\"https:\/\/agora.xtec.cat\/ieslaferreria\/fp-dual\/\" target=\"_blank\" rel=\"noopener\">S&#8217;oferta en modalitat dual\u00a0<\/a><\/p>\n<h4><strong>Sortides professionals<\/strong><\/h4>\n<p class=\"Predeterminado\"><strong>l final d&#8217;aquest cicle de DAM, ser\u00e0s un professional capa\u00e7 de:<\/strong><\/p>\n<ul>\n<li>Configurar i explotar sistemes inform\u00e0tics.<\/li>\n<li>Gestionar bases de dades relacionals.<\/li>\n<li>Desenvolupar components software en llenguatges de programaci\u00f3 estructurada.<\/li>\n<li>Configurar i explotar sistemes inform\u00e0tics.<\/li>\n<li>Gestionar bases de dades relacionals.<\/li>\n<li>Desenvolupar components programari en llenguatges de programaci\u00f3 orientats a objectes.<\/li>\n<li>Crear elements programari per a la gesti\u00f3 del sistema i els seus recursos.<\/li>\n<li>Instal\u00b7lar i configurar sistemes de planificaci\u00f3 de recursos empresarials i de gesti\u00f3 de relacions amb clients<\/li>\n<\/ul>\n<p class=\"Predeterminado\"><strong>\u00a0<\/strong><strong>Qu\u00e8 aprendr\u00e9 i far\u00e9?<\/strong><\/p>\n<p><span lang=\"ca-ES\">Desenvolupar, implantar, documentar i mantenir aplicacions inform\u00e0tiques multiplataforma, utilitzant tecnologies i entorns de desenvolupament espec\u00edfics, garantint l\u2019acc\u00e9s a les dades de forma segura i complint els criteris d\u2019usabilitat i qualitat exigides en els est\u00e0ndards establerts.<\/span><\/p>\n<p>Aquest professional ser\u00e0 capa\u00e7 de:<\/p>\n<ul>\n<li><span lang=\"ca-ES\">Configurar i explotar sistemes inform\u00e0tics, adaptant la configuraci\u00f3 l\u00f2gica del sistema segons les necessitats d\u2019\u00fas i els criteris establerts.<\/span><\/li>\n<li><span lang=\"ca-ES\">Aplicar t\u00e8cniques i procediments relacionats amb la seguretat en sistemes, serveis i aplicacions, complint-ne el pla de seguretat.<\/span><\/li>\n<li><span lang=\"ca-ES\">Gestionar bases de dades, interpretant-ne el disseny l\u00f2gic i verificant la integritat, la consist\u00e8ncia, la seguretat i l\u2019accessibilitat de les dades.<\/span><\/li>\n<li><span lang=\"ca-ES\">Gestionar entorns de desenvolupament adaptant-ne la configuraci\u00f3 en cada cas per permetre el desenvolupament i el desplegament d\u2019aplicacions.<\/span><\/li>\n<li><span lang=\"ca-ES\">Desenvolupar aplicacions multiplataforma amb acc\u00e9s a bases de dades utilitzant llenguatges, llibreries i eines adequats a les especificacions.<\/span><\/li>\n<li><span lang=\"ca-ES\">Desenvolupar aplicacions implementant un sistema complet de formularis i informes que permetin gestionar de forma integral la informaci\u00f3 emmagatzemada.<\/span><\/li>\n<li><span lang=\"ca-ES\">Integrar continguts gr\u00e0fics i components multim\u00e8dia en aplicacions multiplataforma, utilitzant eines espec\u00edfiques i complint els requeriments establerts.<\/span><\/li>\n<li><span lang=\"ca-ES\">Desenvolupar interf\u00edcies gr\u00e0fiques d\u2019usuari interactives i amb la usabilitat adequada, utilitzant components visuals est\u00e0ndard o implementant components visuals espec\u00edfics.<\/span><\/li>\n<li><span lang=\"ca-ES\">Participar en el desenvolupament de jocs i aplicacions en l\u2019\u00e0mbit de l\u2019entreteniment i l\u2019educaci\u00f3 emprant t\u00e8cniques, motors i entorns de desenvolupament espec\u00edfics.<\/span><\/li>\n<li><span lang=\"ca-ES\">Desenvolupar aplicacions per a tel\u00e8fons, PDA i altres dispositius m\u00f2bils emprant t\u00e8cniques i entorns de desenvolupament espec\u00edfics.<\/span><\/li>\n<li><span lang=\"ca-ES\">Crear ajudes generals i sensibles al context, utilitzant eines espec\u00edfiques i integrant-les en les seves corresponents aplicacions.<\/span><\/li>\n<li><span lang=\"ca-ES\">Crear tutorials, manuals d\u2019usuari, d\u2019instal\u00b7laci\u00f3, de configuraci\u00f3 i d\u2019administraci\u00f3, emprant eines espec\u00edfiques.<\/span><\/li>\n<li><span lang=\"ca-ES\">Empaquetar aplicacions per distribuir preparant paquets autoinstal\u00b7lables amb assistents incorporats.<\/span><\/li>\n<li><span lang=\"ca-ES\">Desenvolupar aplicacions multiproc\u00e9s i multifil utilitzant llibreries i t\u00e8cniques de programaci\u00f3 espec\u00edfiques.<\/span><\/li>\n<li><span lang=\"ca-ES\">Desenvolupar aplicacions capaces d\u2019oferir serveis en xarxa emprant mecanismes de comunicaci\u00f3.<\/span><\/li>\n<li><span lang=\"ca-ES\">Participar en la implantaci\u00f3 de sistemes ERP-CRM avaluant la utilitat de cadascun dels seus m\u00f2duls.<\/span><\/li>\n<li><span lang=\"ca-ES\">Gestionar la informaci\u00f3 emmagatzemada en sistemes ERP-CRM garantint-ne la integritat.<\/span><\/li>\n<li><span lang=\"ca-ES\">Desenvolupar components personalitzats per a un sistema ERP-CRM atenent-ne els requeriments.<\/span><\/li>\n<li><span lang=\"ca-ES\">Realitzar plans de proves verificant el funcionament dels components programari desenvolupats, segons les especificacions.<\/span><\/li>\n<li><span lang=\"ca-ES\">Desplegar i distribuir aplicacions en diferents \u00e0mbits d\u2019implantaci\u00f3 verificant-ne el comportament i realitzant les modificacions necess\u00e0ries.<\/span><\/li>\n<li><span lang=\"ca-ES\">Establir vies eficaces de relaci\u00f3 professional i de comunicaci\u00f3 amb els seus superiors, companys i subordinats, respectant l\u2019autonomia i les compet\u00e8ncies de les diferents persones.<\/span><\/li>\n<li><span lang=\"ca-ES\">Liderar situacions col\u00b7lectives que es puguin produir, fent de mediador en conflictes personals i laborals, contribuint a l\u2019establiment d\u2019un ambient de treball agradable, actuant en tot moment de forma respectuosa i tolerant.<\/span><\/li>\n<li><span lang=\"ca-ES\">Gestionar la seva carrera professional, analitzant les oportunitats d\u2019ocupaci\u00f3, d\u2019autoocupaci\u00f3 i d\u2019aprenentatge.<\/span><\/li>\n<li><span lang=\"ca-ES\">Mantenir l\u2019esperit d\u2019innovaci\u00f3 i actualitzaci\u00f3 en l\u2019\u00e0mbit del seu treball per adaptar-se als canvis tecnol\u00f2gics i organitzatius del seu entorn professional.<\/span><\/li>\n<li><span lang=\"ca-ES\">Crear i gestionar una petita empresa, realitzant un estudi de viabilitat de productes, de planificaci\u00f3 de la producci\u00f3 i de comercialitzaci\u00f3.<\/span><\/li>\n<li><span lang=\"ca-ES\">Participar de manera activa en la vida econ\u00f2mica, social i cultural, amb una actitud cr\u00edtica i responsable.<\/span><\/li>\n<\/ul>\n<h6 class=\"western\" align=\"JUSTIFY\"><strong>En finalitzar els meus estudis, qu\u00e8 puc fer?<\/strong><\/h6>\n<h6 class=\"western\" align=\"JUSTIFY\"><strong>Treballar com :<\/strong><\/h6>\n<ul>\n<li>\n<p class=\"western\" align=\"JUSTIFY\"><span style=\"font-family: inherit; font-size: 1em;\">Analista programador o programadora<\/span><\/p>\n<\/li>\n<li>\n<p class=\"western\" align=\"JUSTIFY\">Programador o programadora<\/p>\n<\/li>\n<li>\n<p class=\"western\" align=\"JUSTIFY\"><span style=\"font-family: inherit; font-size: 1em;\">Gestor o gestora de projectes<\/span><\/p>\n<\/li>\n<\/ul>\n<h6 class=\"Predeterminado\"><strong>\u00a0Seguir estudiant<\/strong><\/h6>\n<ul>\n<li>\n<p class=\"western\" align=\"JUSTIFY\">Completar els teus estudis amb el 2n curs de DAW que s&#8217;imparteix en aquest mateix centre. <strong>Amb 3 anys pots tenir la doble titulaci\u00f3,<\/strong><\/p>\n<\/li>\n<li>\n<p class=\"western\" align=\"JUSTIFY\">Completar els teus estudis amb el 2n curs de ASIX.<\/p>\n<\/li>\n<li>\n<p class=\"western\" align=\"JUSTIFY\">Cursos d&#8217;especialitzaci\u00f3 professional.<\/p>\n<\/li>\n<li>\n<p class=\"western\" align=\"JUSTIFY\">Un altre Cicle de Formaci\u00f3 Professional de Grau Superior amb la possibilitat d&#8217;establir convalidacions de m\u00f2duls d&#8217;acord a la normativa vigent.<\/p>\n<\/li>\n<li>\n<p class=\"western\" align=\"JUSTIFY\">Ensenyaments Universitaris amb la possibilitat d&#8217;establir convalidacions d&#8217;acord amb la normativa vigent. Com a novetat no existeix contingent en l&#8217;acc\u00e9s a la universitat per als titulats de cicle superior<\/p>\n<\/li>\n<\/ul>\n<p class=\"Predeterminado\">\n","protected":false},"excerpt":{"rendered":"<p>Titulaci\u00f3<br \/>\nT\u00e8cnic\/a superior en Desenvolupament d\u2019aplicacions multiplataforma<br \/>\nCompet\u00e8ncies professionals<br \/>\nLa compet\u00e8ncia general d\u2019aquest t\u00edtol consisteix a desenvolupar, implantar, documentar i mantenir aplicacions inform\u00e0tiques multiplataforma, utilitzant tecnologies i entorns de desenvolupament espec\u00edfics, garantint l&#8217;acc\u00e9s a les dades de forma segura i complint els criteris d&#8217;utilitzaci\u00f3 i qualitat exigits en&hellip;  <a href=\"https:\/\/agora.xtec.cat\/ieslaferreria\/desenvolupament-daplicacions-multiplataforma\/\" title=\"Read Desenvolupament d&#8217;Aplicacions Multiplataforma\">Llegeix m\u00e9s\u00bb<\/a><\/p>\n","protected":false},"author":1,"featured_media":0,"parent":0,"menu_order":0,"comment_status":"closed","ping_status":"closed","template":"","meta":{"_bbp_topic_count":0,"_bbp_reply_count":0,"_bbp_total_topic_count":0,"_bbp_total_reply_count":0,"_bbp_voice_count":0,"_bbp_anonymous_reply_count":0,"_bbp_topic_count_hidden":0,"_bbp_reply_count_hidden":0,"_bbp_forum_subforum_count":0,"footnotes":""},"class_list":["post-747","page","type-page","status-publish","hentry"],"post_mailing_queue_ids":[],"_links":{"self":[{"href":"https:\/\/agora.xtec.cat\/ieslaferreria\/wp-json\/wp\/v2\/pages\/747","targetHints":{"allow":["GET"]}}],"collection":[{"href":"https:\/\/agora.xtec.cat\/ieslaferreria\/wp-json\/wp\/v2\/pages"}],"about":[{"href":"https:\/\/agora.xtec.cat\/ieslaferreria\/wp-json\/wp\/v2\/types\/page"}],"author":[{"embeddable":true,"href":"https:\/\/agora.xtec.cat\/ieslaferreria\/wp-json\/wp\/v2\/users\/1"}],"replies":[{"embeddable":true,"href":"https:\/\/agora.xtec.cat\/ieslaferreria\/wp-json\/wp\/v2\/comments?post=747"}],"version-history":[{"count":3,"href":"https:\/\/agora.xtec.cat\/ieslaferreria\/wp-json\/wp\/v2\/pages\/747\/revisions"}],"predecessor-version":[{"id":1055,"href":"https:\/\/agora.xtec.cat\/ieslaferreria\/wp-json\/wp\/v2\/pages\/747\/revisions\/1055"}],"wp:attachment":[{"href":"https:\/\/agora.xtec.cat\/ieslaferreria\/wp-json\/wp\/v2\/media?parent=747"}],"curies":[{"name":"wp","href":"https:\/\/api.w.org\/{rel}","templated":true}]}}