{"id":746,"date":"2021-04-06T12:11:26","date_gmt":"2021-04-06T10:11:26","guid":{"rendered":"http:\/\/agora.xtec.cat\/ieslaferreria\/?page_id=746"},"modified":"2023-08-23T13:14:43","modified_gmt":"2023-08-23T11:14:43","slug":"higene-bucodental","status":"publish","type":"page","link":"https:\/\/agora.xtec.cat\/ieslaferreria\/higene-bucodental\/","title":{"rendered":"Higene Bucodental"},"content":{"rendered":"<h4 style=\"text-align: left;\" align=\"center\"><strong>Caracter\u00edstiques<\/strong><\/h4>\n<p style=\"text-align: left;\" align=\"center\">El t\u00e8cnic superior en higiene bucodental ha de ser capa\u00e7 d\u2019integrar-se en l\u2019equip de treball que\u00a0trobem a la consulta dental, ha de tenir la capacitat d\u2019establir relacions emp\u00e0tiques amb els\u00a0pacients i ha de ser capa\u00e7 d\u2019adquirir i completar unes correctes habilitats manuals.<\/p>\n<p style=\"text-align: left;\">Durant el per\u00edode lectiu, l\u2019alumnat ha de poder adquirir unes bases s\u00f2lides de coneixements\u00a0anat\u00f2mics, farmacol\u00f2gics, d\u2019estad\u00edstica i de manipulaci\u00f3 de materials i instrumentals dentals.<\/p>\n<p style=\"text-align: left;\">A m\u00e9s, ha de tenir la capacitat de dedicar hores a l\u2019estudi i comprensi\u00f3 dels continguts te\u00f2rics i\u00a0pr\u00e0ctics proposats.<\/p>\n<p>&nbsp;<\/p>\n<h4><strong>Titulaci\u00f3<\/strong><\/h4>\n<p>T\u00e8cnic Superior en Higiene Bucodental<\/p>\n<p>&nbsp;<\/p>\n<h4><strong>Durada<\/strong><\/h4>\n<p>Dos cursos amb un total de 2.000 hores.<\/p>\n<p>&nbsp;<\/p>\n<h4><strong>Horari<\/strong><\/h4>\n<p>1 grup de mat\u00ed: 8.00 a 14.20h i 1 grup de tarda: 15.00h a 21.20h<\/p>\n<p>&nbsp;<\/p>\n<h4><strong>Acc\u00e9s<\/strong><\/h4>\n<ul>\n<li>Haver aprovat Batxillerat<\/li>\n<li>Haver superat el COU<\/li>\n<li>Estar en possessi\u00f3 del t\u00edtol de T\u00e8cnic especialista (FP2).<\/li>\n<li>Superar una prova d&#8217;acc\u00e9s:\n<ul>\n<li>a) Per presentar-s&#8217;hi a qualsevol cicle cal tenir 20 anys o complir-los en l&#8217;any d&#8217;acc\u00e9s al cicle i 6 mesos d&#8217;experi\u00e8ncia laboral, o haver superat un CFGM o haver\u00a0superat l&#8217;FP1, o posseir la declaraci\u00f3 legal de disminuci\u00f3;<\/li>\n<li>b)Per presentar-s&#8217;hi a la mateixa fam\u00edlia\u00a0professional cal tenir 18 anys o complir-los en l&#8217;any d&#8217;acc\u00e9s al cicle i haver superat un CFGM.<\/li>\n<\/ul>\n<\/li>\n<\/ul>\n<p><strong>\u00a0Nova titulaci\u00f3. En breu es publicaran els continguts i distribucions de cada curs.<\/strong><\/p>\n<p><strong>\u00a0<\/strong><\/p>\n<h4><strong>Compet\u00e8ncies professionals<\/strong><\/h4>\n<ul>\n<li>Higienista dental.<\/li>\n<li>Higienista bucodental.<\/li>\n<li>T\u00e8cnic especialista en higiene bucodental.<\/li>\n<li>Educador sanitari.<\/li>\n<\/ul>\n<p><a href=\"https:\/\/agora.xtec.cat\/ieslaferreria\/fp-dual\/\" target=\"_blank\" rel=\"noopener\">S&#8217;of<\/a><a href=\"https:\/\/agora.xtec.cat\/ieslaferreria\/wp-content\/uploads\/usu1893\/2023\/08\/fp_Dual.png\"><img loading=\"lazy\" decoding=\"async\" class=\"wp-image-990 alignleft\" src=\"https:\/\/agora.xtec.cat\/ieslaferreria\/wp-content\/uploads\/usu1893\/2023\/08\/fp_Dual.png\" alt=\"\" width=\"77\" height=\"50\" srcset=\"https:\/\/agora.xtec.cat\/ieslaferreria\/wp-content\/uploads\/usu1893\/2023\/08\/fp_Dual.png 204w, https:\/\/agora.xtec.cat\/ieslaferreria\/wp-content\/uploads\/usu1893\/2023\/08\/fp_Dual-200x133.png 200w\" sizes=\"auto, (max-width: 77px) 100vw, 77px\" \/><\/a><a href=\"https:\/\/agora.xtec.cat\/ieslaferreria\/fp-dual\/\" target=\"_blank\" rel=\"noopener\">erta en modalitat dual<\/a><\/p>\n<p>&nbsp;<\/p>\n<p>&nbsp;<\/p>\n","protected":false},"excerpt":{"rendered":"<p>Caracter\u00edstiques<br \/>\nEl t\u00e8cnic superior en higiene bucodental ha de ser capa\u00e7 d\u2019integrar-se en l\u2019equip de treball que\u00a0trobem a la consulta dental, ha de tenir la capacitat d\u2019establir relacions emp\u00e0tiques amb els\u00a0pacients i ha de ser capa\u00e7 d\u2019adquirir i completar unes correctes habilitats manuals.<br \/>\nDurant el per\u00edode lectiu,&hellip;  <a href=\"https:\/\/agora.xtec.cat\/ieslaferreria\/higene-bucodental\/\" title=\"Read Higene Bucodental\">Llegeix m\u00e9s\u00bb<\/a><\/p>\n","protected":false},"author":1,"featured_media":0,"parent":0,"menu_order":0,"comment_status":"closed","ping_status":"closed","template":"","meta":{"_bbp_topic_count":0,"_bbp_reply_count":0,"_bbp_total_topic_count":0,"_bbp_total_reply_count":0,"_bbp_voice_count":0,"_bbp_anonymous_reply_count":0,"_bbp_topic_count_hidden":0,"_bbp_reply_count_hidden":0,"_bbp_forum_subforum_count":0,"footnotes":""},"class_list":["post-746","page","type-page","status-publish","hentry"],"post_mailing_queue_ids":[],"_links":{"self":[{"href":"https:\/\/agora.xtec.cat\/ieslaferreria\/wp-json\/wp\/v2\/pages\/746","targetHints":{"allow":["GET"]}}],"collection":[{"href":"https:\/\/agora.xtec.cat\/ieslaferreria\/wp-json\/wp\/v2\/pages"}],"about":[{"href":"https:\/\/agora.xtec.cat\/ieslaferreria\/wp-json\/wp\/v2\/types\/page"}],"author":[{"embeddable":true,"href":"https:\/\/agora.xtec.cat\/ieslaferreria\/wp-json\/wp\/v2\/users\/1"}],"replies":[{"embeddable":true,"href":"https:\/\/agora.xtec.cat\/ieslaferreria\/wp-json\/wp\/v2\/comments?post=746"}],"version-history":[{"count":3,"href":"https:\/\/agora.xtec.cat\/ieslaferreria\/wp-json\/wp\/v2\/pages\/746\/revisions"}],"predecessor-version":[{"id":1018,"href":"https:\/\/agora.xtec.cat\/ieslaferreria\/wp-json\/wp\/v2\/pages\/746\/revisions\/1018"}],"wp:attachment":[{"href":"https:\/\/agora.xtec.cat\/ieslaferreria\/wp-json\/wp\/v2\/media?parent=746"}],"curies":[{"name":"wp","href":"https:\/\/api.w.org\/{rel}","templated":true}]}}