{"id":744,"date":"2021-04-06T12:11:26","date_gmt":"2021-04-06T10:11:26","guid":{"rendered":"http:\/\/agora.xtec.cat\/ieslaferreria\/?page_id=744"},"modified":"2025-05-19T12:31:57","modified_gmt":"2025-05-19T10:31:57","slug":"protesis-dental","status":"publish","type":"page","link":"https:\/\/agora.xtec.cat\/ieslaferreria\/protesis-dental\/","title":{"rendered":"Pr\u00f2tesis Dental"},"content":{"rendered":"<h4 align=\"center\"><\/h4>\n<p>&nbsp;<\/p>\n<h4 style=\"text-align: left;\" align=\"center\"><strong>Caracter\u00edstiques<\/strong><\/h4>\n<p style=\"text-align: justify;\">El cicle formatiu de grau superior de Pr\u00f2tesi Dental capacita per dissenyar, fabricar i reparar\u00a0pr\u00f2tesis i ortesis dento facials adaptades al model del pacient, a partir de les prescripcions\u00a0d\u2019odont\u00f2legs i cirurgians maxil\u00b7lofacials, i complir les normes de qualitat, seguretat i higiene en\u00a0els temps establerts.<\/p>\n<p><strong>\u00a0<\/strong><\/p>\n<h4><strong>Titulaci\u00f3<\/strong><\/h4>\n<p style=\"text-align: justify;\">T\u00e8cnic Superior en Pr\u00f2tesi Dental.<\/p>\n<p>&nbsp;<\/p>\n<h4><strong>Durada<\/strong><\/h4>\n<p style=\"text-align: justify;\">Dos cursos amb un total de 2000 hores, de les quals 1584 hores es realitzen a l\u2019 Institut i 416\u00a0hores en pr\u00e0ctiques a les empreses.<\/p>\n<p><strong>\u00a0<\/strong><\/p>\n<h4><strong>Horari<\/strong><\/h4>\n<p>EL PRIMER CURS sempre \u00e9s de MATINS (la franja hor\u00e0ria seria entre les 08.00 i 14.30), i SEGON sempre \u00e9s de TARDES (la franja hor\u00e0ria seria entre les 15H I LES 21:20).<\/p>\n<p>&nbsp;<\/p>\n<h4><strong>Acc\u00e9s\u00a0<\/strong><\/h4>\n<p style=\"text-align: justify;\">Tenen acc\u00e9s directe al cicle les persones que compleixen algun dels requisits seg\u00fcents:<\/p>\n<ul style=\"text-align: justify;\">\n<li>tenir el t\u00edtol de batxillerat,<\/li>\n<li>haver superat el curs de formaci\u00f3 espec\u00edfic per a l&#8217;acc\u00e9s als cicles de grau<\/li>\n<li>tenir el t\u00edtol de t\u00e8cnic especialista, t\u00e8cnic superior o equivalent a efectes<\/li>\n<li>haver superat el segon curs de batxillerat de qualsevol modalitat de batxillerat<\/li>\n<li>haver superat el curs d&#8217;orientaci\u00f3 universit\u00e0ria (COU) o el preuniversitari,<\/li>\n<li>tenir qualsevol titulaci\u00f3 universit\u00e0ria o una d&#8217;equivalent,<\/li>\n<li>haver superat la prova d&#8217;acc\u00e9s a la universitat per a m\u00e9s grans de 25 anys.<\/li>\n<\/ul>\n<p style=\"text-align: justify;\">Les persones que no compleixen cap dels requisits esmentats han de superar una prova\u00a0d&#8217;acc\u00e9s. Per presentar-s&#8217;hi \u00a0al tenir com a m\u00ednim 19 anys l&#8217;any en qu\u00e8 es fa la prova o 18 anys\u00a0si es t\u00e9 el t\u00edtol de t\u00e8cnic de la mateixa opci\u00f3 del cicle al qual es vol accedir.<\/p>\n<p>&nbsp;<\/p>\n<h4><strong>M\u00f2duls<\/strong><\/h4>\n<ul>\n<li>Laboratori de pr\u00f2tesis dentals<\/li>\n<li>Disseny funcional de pr\u00f2tesis<\/li>\n<li>Pr\u00f2tesis completes<\/li>\n<li>Aparells d&#8217;ortod\u00f2ncia i f\u00e8rules oclusals superior d&#8217;acord amb l&#8217;opci\u00f3 cursada,\u00a0acad\u00e8mics,\u00a0experimental,<\/li>\n<li>Restauracions i estructures met\u00e0l\u00b7liques en pr\u00f2tesi fixa<\/li>\n<li>Pr\u00f2tesis parcials amovibles met\u00e0l\u00b7liques, de resina i mixtes<\/li>\n<li>Restauracions i recobriments est\u00e8tics<\/li>\n<li>Pr\u00f2tesi sobre implants<\/li>\n<li>Projecte de pr\u00f2tesi i ortesi dentals<\/li>\n<li>Formaci\u00f3 i orientaci\u00f3 laboral<\/li>\n<li>Empresa i iniciativa emprenedora<\/li>\n<li>Formaci\u00f3 en centres de treball<\/li>\n<\/ul>\n<p>&nbsp;<\/p>\n<h4><strong>Mat\u00e8ries priorit\u00e0ries del Batxillerat<\/strong><\/h4>\n<p style=\"text-align: justify;\">No exigeix cap mat\u00e8ria.<\/p>\n<p>&nbsp;<\/p>\n<h4><strong>Compet\u00e8ncies professionals<\/strong><\/h4>\n<ul>\n<li>T\u00e8cnic prot\u00e8tic dental.<\/li>\n<li>T\u00e8cnic de pr\u00f2tesis fixes.<\/li>\n<li>T\u00e8cnic de pr\u00f2tesis amovibles.<\/li>\n<li>T\u00e8cnic d\u2019ortod\u00f2ncia.<\/li>\n<\/ul>\n<p>&nbsp;<\/p>\n<h4><strong>Informaci\u00f3 d&#8217;inter\u00e8s<\/strong><\/h4>\n<ul>\n<li>Gr\u00e0cies al conveni entre la Fundaci\u00f3 Eduard Soler, l\u2019Empresa LC Implants i l\u2019 Institut\u00a0la Ferreria disposem de la \u00faltima tecnologia en CAD\/CAM.<\/li>\n<li>Sortida a centres de fresat. Escola Industrial de Ripoll. Fundaci\u00f3 Eduard Sol\u00e9.<\/li>\n<li>Diferents confer\u00e8ncies en \u00faltimes t\u00e8cniques per part de professionals i empreses.<\/li>\n<li>Visites a Fires Dentals (FDM).<\/li>\n<li>Sortida a cursos de formaci\u00f3 a Mojacar (Almeria).<\/li>\n<\/ul>\n","protected":false},"excerpt":{"rendered":"<p>&nbsp;<br \/>\nCaracter\u00edstiques<br \/>\nEl cicle formatiu de grau superior de Pr\u00f2tesi Dental capacita per dissenyar, fabricar i reparar\u00a0pr\u00f2tesis i ortesis dento facials adaptades al model del pacient, a partir de les prescripcions\u00a0d\u2019odont\u00f2legs i cirurgians maxil\u00b7lofacials, i complir les normes de qualitat, seguretat i higiene en\u00a0els temps establerts.<br \/>\n\u00a0<br \/>\nTitulaci\u00f3<br \/>\nT\u00e8cnic Superior&hellip;  <a href=\"https:\/\/agora.xtec.cat\/ieslaferreria\/protesis-dental\/\" title=\"Read Pr\u00f2tesis Dental\">Llegeix m\u00e9s\u00bb<\/a><\/p>\n","protected":false},"author":1,"featured_media":0,"parent":0,"menu_order":0,"comment_status":"closed","ping_status":"closed","template":"","meta":{"_bbp_topic_count":0,"_bbp_reply_count":0,"_bbp_total_topic_count":0,"_bbp_total_reply_count":0,"_bbp_voice_count":0,"_bbp_anonymous_reply_count":0,"_bbp_topic_count_hidden":0,"_bbp_reply_count_hidden":0,"_bbp_forum_subforum_count":0,"footnotes":""},"class_list":["post-744","page","type-page","status-publish","hentry"],"post_mailing_queue_ids":[],"_links":{"self":[{"href":"https:\/\/agora.xtec.cat\/ieslaferreria\/wp-json\/wp\/v2\/pages\/744","targetHints":{"allow":["GET"]}}],"collection":[{"href":"https:\/\/agora.xtec.cat\/ieslaferreria\/wp-json\/wp\/v2\/pages"}],"about":[{"href":"https:\/\/agora.xtec.cat\/ieslaferreria\/wp-json\/wp\/v2\/types\/page"}],"author":[{"embeddable":true,"href":"https:\/\/agora.xtec.cat\/ieslaferreria\/wp-json\/wp\/v2\/users\/1"}],"replies":[{"embeddable":true,"href":"https:\/\/agora.xtec.cat\/ieslaferreria\/wp-json\/wp\/v2\/comments?post=744"}],"version-history":[{"count":6,"href":"https:\/\/agora.xtec.cat\/ieslaferreria\/wp-json\/wp\/v2\/pages\/744\/revisions"}],"predecessor-version":[{"id":2094,"href":"https:\/\/agora.xtec.cat\/ieslaferreria\/wp-json\/wp\/v2\/pages\/744\/revisions\/2094"}],"wp:attachment":[{"href":"https:\/\/agora.xtec.cat\/ieslaferreria\/wp-json\/wp\/v2\/media?parent=744"}],"curies":[{"name":"wp","href":"https:\/\/api.w.org\/{rel}","templated":true}]}}