{"id":742,"date":"2021-04-06T12:11:26","date_gmt":"2021-04-06T10:11:26","guid":{"rendered":"http:\/\/agora.xtec.cat\/ieslaferreria\/?page_id=742"},"modified":"2023-08-23T12:27:33","modified_gmt":"2023-08-23T10:27:33","slug":"sistemes-microinformatics","status":"publish","type":"page","link":"https:\/\/agora.xtec.cat\/ieslaferreria\/sistemes-microinformatics\/","title":{"rendered":"Sistemes Microinform\u00e0tics i Xarxes"},"content":{"rendered":"<h4><\/h4>\n<h4><strong>Titulaci\u00f3<\/strong><\/h4>\n<p class=\"western\" lang=\"ca-ES\"><span style=\"font-family: Arial, serif;\">T\u00e8cnic\/a en Sistemes microinform\u00e0tics i xarxes<\/span><\/p>\n<h4><strong>Compet\u00e8ncies professionals<\/strong><\/h4>\n<p>La compet\u00e8ncia general d&#8217;aquest t\u00edtol consisteix a instal\u00b7lar, configurar i mantenir sistemes microinform\u00e0tics, a\u00efllats o en xarxa, aix\u00ed com xarxes locals en petits entorns, assegurant la seva funcionalitat i aplicant els protocols de qualitat, seguretat i respecte al medi ambient establerts.<\/p>\n<h4><strong>Sortides professionals<\/strong><\/h4>\n<ul>\n<li>Instal\u00b7lador-reparador d&#8217;equips inform\u00e0tics.<\/li>\n<li>Instal\u00b7lador-reparador de la canalitzaci\u00f3 i muntatge de xarxes locals cablejades i sense fil.<\/li>\n<li>T\u00e8cnic de suport inform\u00e0tic. Instal\u00b7laci\u00f3 de sistemes operatius i de programari.<\/li>\n<li>Verificaci\u00f3 de que els sistemes emprats funcionen correctament. Instal\u00b7laci\u00f3 de\u00a0hardware i perif\u00e8rics i la seva configuraci\u00f3.<\/li>\n<li>T\u00e8cnic de xarxes de dades.<\/li>\n<li>Reparador de perif\u00e8rics de sistemes microinform\u00e0tics.<\/li>\n<li>Comercial de microinform\u00e0tica.<\/li>\n<li>Operador de tele-assist\u00e8ncia. Suport telef\u00f2nic als usuaris.<\/li>\n<li>Operador de sistemes.<\/li>\n<\/ul>\n<h4><strong>Durada i distribuci\u00f3<\/strong><\/h4>\n<p>Dos anys que corresponen\u00a02000 hores, de les quals 1.617 h es realitzen en el centre i 383 h en pr\u00e0ctiques d&#8217;empresa.<\/p>\n<p>S\u2019imparteixen en horari de mat\u00ed (8h a 14:20h) i horari de tarda (15h a 21:20h).<\/p>\n<h4><strong>Qu\u00e8 estudiar\u00e0s?<\/strong><\/h4>\n<h6><strong>Primer curs:<\/strong><\/h6>\n<ul>\n<li>M\u00f2dul professional 1: Muntatge i manteniment d\u2019equips<\/li>\n<li>M\u00f2dul professional 2: sistemes operatius monolloc<\/li>\n<li>M\u00f2dul professional 3: aplicacions ofim\u00e0tiques<\/li>\n<li>M\u00f2dul professional 5: xarxes locals<\/li>\n<li>M\u00f2dul 9: formaci\u00f3 i orientaci\u00f3 laboral<\/li>\n<li>M\u00f2dul 11: angl\u00e8s t\u00e8cnic<\/li>\n<\/ul>\n<h6><strong>Segon curs:<\/strong><\/h6>\n<ul>\n<li>M\u00f2dul professional 4: sistemes operatius en xarxa<\/li>\n<li>M\u00f2dul professional 6: seguretat inform\u00e0tica<\/li>\n<li>M\u00f2dul professional 7: serveis de xarxa<\/li>\n<li>M\u00f2dul professional 8: aplicacions web<\/li>\n<li>M\u00f2dul 10: empresa i iniciativa emprenedora<\/li>\n<li>M\u00f2dul 12: s\u00edntesi<\/li>\n<li>M\u00f2dul 13: formaci\u00f3 en centres de treball<\/li>\n<\/ul>\n<p><a href=\"https:\/\/agora.xtec.cat\/ieslaferreria\/moduls-sistemes-microinformatics-i-xarxes\/\" target=\"_blank\" rel=\"noopener\">+info\u00a0m\u00f2duls<\/a><\/p>\n<h4><b>Al finalitzar els meus estudis &#8211; Qu\u00e8 puc fer?<\/b><\/h4>\n<p><b>\u2022Treballar<\/b><\/p>\n<p>En empreses del sector serveis que es dediquen a la comercialitzaci\u00f3, muntatge i reparaci\u00f3 d&#8217;equips, xarxes i serveis microinform\u00e0tics en general. Tamb\u00e9 de suport inform\u00e0tic d&#8217;empreses o entitats de qualsevol mida i sector productiu que utilitzen sistemes inform\u00e0tics i xarxes de dades per a la seva gesti\u00f3.<\/p>\n<p><b>\u2022 Seguir estudiant<\/b><\/p>\n<ul>\n<li><b><\/b>Cursos d&#8217;especialitzaci\u00f3 professional.<\/li>\n<li>Acc\u00e9s a un cicle de grau superior d&#8217;inform\u00e0tica.<\/li>\n<li>Un altre cicle de Formaci\u00f3 professional de grau mitj\u00e0 amb\u00a0convalidacions segons la normativa vigent.<\/li>\n<li>El batxillerat en qualsevol modalitat.<\/li>\n<\/ul>\n","protected":false},"excerpt":{"rendered":"<p>Titulaci\u00f3<br \/>\nT\u00e8cnic\/a en Sistemes microinform\u00e0tics i xarxes<br \/>\nCompet\u00e8ncies professionals<br \/>\nLa compet\u00e8ncia general d&#8217;aquest t\u00edtol consisteix a instal\u00b7lar, configurar i mantenir sistemes microinform\u00e0tics, a\u00efllats o en xarxa, aix\u00ed com xarxes locals en petits entorns, assegurant la seva funcionalitat i aplicant els protocols de qualitat, seguretat i respecte al medi&hellip;  <a href=\"https:\/\/agora.xtec.cat\/ieslaferreria\/sistemes-microinformatics\/\" title=\"Read Sistemes Microinform\u00e0tics i Xarxes\">Llegeix m\u00e9s\u00bb<\/a><\/p>\n","protected":false},"author":1,"featured_media":0,"parent":0,"menu_order":0,"comment_status":"closed","ping_status":"closed","template":"","meta":{"_bbp_topic_count":0,"_bbp_reply_count":0,"_bbp_total_topic_count":0,"_bbp_total_reply_count":0,"_bbp_voice_count":0,"_bbp_anonymous_reply_count":0,"_bbp_topic_count_hidden":0,"_bbp_reply_count_hidden":0,"_bbp_forum_subforum_count":0,"footnotes":""},"class_list":["post-742","page","type-page","status-publish","hentry"],"post_mailing_queue_ids":[],"_links":{"self":[{"href":"https:\/\/agora.xtec.cat\/ieslaferreria\/wp-json\/wp\/v2\/pages\/742","targetHints":{"allow":["GET"]}}],"collection":[{"href":"https:\/\/agora.xtec.cat\/ieslaferreria\/wp-json\/wp\/v2\/pages"}],"about":[{"href":"https:\/\/agora.xtec.cat\/ieslaferreria\/wp-json\/wp\/v2\/types\/page"}],"author":[{"embeddable":true,"href":"https:\/\/agora.xtec.cat\/ieslaferreria\/wp-json\/wp\/v2\/users\/1"}],"replies":[{"embeddable":true,"href":"https:\/\/agora.xtec.cat\/ieslaferreria\/wp-json\/wp\/v2\/comments?post=742"}],"version-history":[{"count":4,"href":"https:\/\/agora.xtec.cat\/ieslaferreria\/wp-json\/wp\/v2\/pages\/742\/revisions"}],"predecessor-version":[{"id":1016,"href":"https:\/\/agora.xtec.cat\/ieslaferreria\/wp-json\/wp\/v2\/pages\/742\/revisions\/1016"}],"wp:attachment":[{"href":"https:\/\/agora.xtec.cat\/ieslaferreria\/wp-json\/wp\/v2\/media?parent=742"}],"curies":[{"name":"wp","href":"https:\/\/api.w.org\/{rel}","templated":true}]}}