{"id":741,"date":"2021-04-06T12:11:26","date_gmt":"2021-04-06T10:11:26","guid":{"rendered":"http:\/\/agora.xtec.cat\/ieslaferreria\/?page_id=741"},"modified":"2023-08-23T12:27:00","modified_gmt":"2023-08-23T10:27:00","slug":"cures-dauxiliar-dinfermeria","status":"publish","type":"page","link":"https:\/\/agora.xtec.cat\/ieslaferreria\/cures-dauxiliar-dinfermeria\/","title":{"rendered":"Cures d&#8217;Auxiliar d&#8217;Infermeria"},"content":{"rendered":"<h4><strong>Titulaci\u00f3<\/strong><\/h4>\n<p>T\u00e8cnic\/a en Cures Auxiliars d\u2019Infermeria<\/p>\n<h4><strong>Caracter\u00edstiques<\/strong><\/h4>\n<p>Proporcionar cures auxiliars al pacient i actuar sobre les condicions sanit\u00e0ries del\u00a0seu entorn: com a membre d\u2019un equip d\u2019infermeria en els centres sanitaris d\u2019atenci\u00f3\u00a0especialitzada i d\u2019atenci\u00f3 prim\u00e0ria, sota a depend\u00e8ncia del diplomat d\u2019infermeria, i\u00a0tamb\u00e9, com a membre d\u2019un equip de salut bucodental, realitzant tasques d\u2019auxiliar.<\/p>\n<h4><strong>Durada<\/strong><\/h4>\n<p>1400 hores de les quals 990 hores es realitzen al centre educatiu (cr\u00e8dits de l\u20191 a l\u201911 i\u00a0el 13) i 410 hores en practiques als centres sanitaris (cr\u00e8dit 12).<\/p>\n<h4><strong>Horari<\/strong><\/h4>\n<p>2 grups horari mat\u00ed: 8.00-14.20h i 2 grups horari tarda: 15.00-21.20h.<\/p>\n<h4><strong>Cr\u00e8dits<\/strong><\/h4>\n<p>Cr\u00e8dit 1. Operacions administratives i documentaci\u00f3 sanit\u00e0ria.<\/p>\n<p>Cr\u00e8dit 2. L&#8217;\u00e9sser hum\u00e0 davant la malaltia.<\/p>\n<p>Cr\u00e8dit 3. Benestar del pacient: necessitats d&#8217;higiene, rep\u00f2s i moviment.<\/p>\n<p>Cr\u00e8dit 4. Cures b\u00e0siques d&#8217;infermeria aplicades a les necessitats de l&#8217;\u00e9sser hum\u00e0.<\/p>\n<p>Cr\u00e8dit 5. Primers auxilis.<\/p>\n<p>Cr\u00e8dit 6. Higiene del medi hospitalari i neteja de material.<\/p>\n<p>Cr\u00e8dit 7. Recolzament psicol\u00f2gic al pacient\/client.<\/p>\n<p>Cr\u00e8dit 8. Educaci\u00f3 per a la salut.<\/p>\n<p>Cr\u00e8dit 9. T\u00e8cniques d&#8217;ajuda odontol\u00f2gica\/estomatol\u00f2gica.<\/p>\n<p>Cr\u00e8dit 10. Relacions en l&#8217;equip de treball<\/p>\n<p>Cr\u00e8dit 11. Formaci\u00f3 i orientaci\u00f3 laboral.<\/p>\n<p>Cr\u00e8dit 12. Formaci\u00f3 en centres de treball.<\/p>\n<p>Cr\u00e8dit 13. S\u00edntesi.<\/p>\n<h4><strong>Compet\u00e8ncies<\/strong><\/h4>\n<p>\u00c9s compet\u00e8ncia general d\u2019aquest professional proporcionar cures auxiliars al pacient\u00a0i actuar sobre les condicions sanit\u00e0ries del seu entorn: com a membre d\u2019un equip\u00a0d\u2019infermeria en els centres sanitaris l\u2019atenci\u00f3 especialitzada i d\u2019atenci\u00f3 prim\u00e0ria, sota\u00a0la depend\u00e8ncia del diplomat d\u2019infermeria, i tamb\u00e9, com a membre d\u2019un equip de salut\u00a0bucodental, realitzant tasques d\u2019auxiliar.<\/p>\n<p>Les compet\u00e8ncies i realitzacions m\u00e9s rellevants s\u00f3n entre d\u2019altres:<\/p>\n<ul>\n<li>Preparar els materials i processar la informaci\u00f3 de la consulta\/unitat en les\u00a0\u00e0rees de la seva compet\u00e8ncia.<\/li>\n<li>Aplicar cures auxiliars d\u2019infermeria al pacient\/client.<\/li>\n<li>Tenir cura les condicions sanit\u00e0ries de l\u2019entorn del pacient i del material o\u00a0instrumental sanitari utilitzat en les diferents consultes\/unitats\/serveis.<\/li>\n<li>Realitzar tasques d\u2019instrumentaci\u00f3 en equips de salut bucodental.<\/li>\n<\/ul>\n<h4><strong>Sortides professionals<\/strong><\/h4>\n<p>Els \u00e0mbits en qu\u00e8 els professionals d\u2019aquest \u00e0mbit poden treballar serien:<\/p>\n<ul>\n<li>Atenci\u00f3 prim\u00e0ria i comunit\u00e0ria: atenci\u00f3 domicili\u00e0ria, promoci\u00f3 de la salut, salut\u00a0bucodental, consultes i centres geri\u00e0trics:\n<ul>\n<li>Atenci\u00f3 especialitzada: consultes, hospitalitzaci\u00f3, urg\u00e8ncies, sales de parts,\u00a0pediatria, unitats de cures especials, quir\u00f2fans, centrals d\u2019esterilitzaci\u00f3, salut\u00a0mental i geriatria.<\/li>\n<\/ul>\n<\/li>\n<li>Altres: centres sanitaris, departaments d\u2019afers socials de ministeris, comunitats\u00a0aut\u00f2nomes, ajuntaments i centres de balneoter\u00e0pia.<\/li>\n<\/ul>\n<p>En concret, les ocupacions i llocs de treball que es poden desenvolupar quan\u00a0s\u2019adquireixi la compet\u00e8ncia professional definida pel t\u00edtol:<\/p>\n<ul>\n<li>Auxiliar d\u2019infermeria\/cl\u00ednica<\/li>\n<li>Auxiliar de balnearis<\/li>\n<li>Auxiliar d\u2019atenci\u00f3 prim\u00e0ria<\/li>\n<li>Cures d\u2019infermeria a domicili<\/li>\n<li>Auxiliar bucodental<\/li>\n<li>Auxiliar geri\u00e0tric<\/li>\n<li>Auxiliar pedi\u00e0tric<\/li>\n<li>Auxiliar d\u2019esterilitzaci\u00f3<\/li>\n<li>Auxiliar d\u2019unitats especials<\/li>\n<li>Auxiliar de salut mental<\/li>\n<\/ul>\n<h4><strong>Equipaments<\/strong><\/h4>\n<ul>\n<li>Aules amb can\u00f3 de projecci\u00f3<\/li>\n<li>Taller de pr\u00e0ctiques<\/li>\n<li>Biblioteca<\/li>\n<li>Aules d&#8217;inform\u00e0tica<\/li>\n<li>Cafeteria<\/li>\n<li>Zona enjardinada<\/li>\n<\/ul>\n","protected":false},"excerpt":{"rendered":"<p>Titulaci\u00f3<br \/>\nT\u00e8cnic\/a en Cures Auxiliars d\u2019Infermeria<br \/>\nCaracter\u00edstiques<br \/>\nProporcionar cures auxiliars al pacient i actuar sobre les condicions sanit\u00e0ries del\u00a0seu entorn: com a membre d\u2019un equip d\u2019infermeria en els centres sanitaris d\u2019atenci\u00f3\u00a0especialitzada i d\u2019atenci\u00f3 prim\u00e0ria, sota a depend\u00e8ncia del diplomat d\u2019infermeria, i\u00a0tamb\u00e9, com a membre d\u2019un equip de salut&hellip;  <a href=\"https:\/\/agora.xtec.cat\/ieslaferreria\/cures-dauxiliar-dinfermeria\/\" title=\"Read Cures d&#8217;Auxiliar d&#8217;Infermeria\">Llegeix m\u00e9s\u00bb<\/a><\/p>\n","protected":false},"author":1,"featured_media":0,"parent":0,"menu_order":0,"comment_status":"closed","ping_status":"closed","template":"","meta":{"_bbp_topic_count":0,"_bbp_reply_count":0,"_bbp_total_topic_count":0,"_bbp_total_reply_count":0,"_bbp_voice_count":0,"_bbp_anonymous_reply_count":0,"_bbp_topic_count_hidden":0,"_bbp_reply_count_hidden":0,"_bbp_forum_subforum_count":0,"footnotes":""},"class_list":["post-741","page","type-page","status-publish","hentry"],"post_mailing_queue_ids":[],"_links":{"self":[{"href":"https:\/\/agora.xtec.cat\/ieslaferreria\/wp-json\/wp\/v2\/pages\/741","targetHints":{"allow":["GET"]}}],"collection":[{"href":"https:\/\/agora.xtec.cat\/ieslaferreria\/wp-json\/wp\/v2\/pages"}],"about":[{"href":"https:\/\/agora.xtec.cat\/ieslaferreria\/wp-json\/wp\/v2\/types\/page"}],"author":[{"embeddable":true,"href":"https:\/\/agora.xtec.cat\/ieslaferreria\/wp-json\/wp\/v2\/users\/1"}],"replies":[{"embeddable":true,"href":"https:\/\/agora.xtec.cat\/ieslaferreria\/wp-json\/wp\/v2\/comments?post=741"}],"version-history":[{"count":3,"href":"https:\/\/agora.xtec.cat\/ieslaferreria\/wp-json\/wp\/v2\/pages\/741\/revisions"}],"predecessor-version":[{"id":1015,"href":"https:\/\/agora.xtec.cat\/ieslaferreria\/wp-json\/wp\/v2\/pages\/741\/revisions\/1015"}],"wp:attachment":[{"href":"https:\/\/agora.xtec.cat\/ieslaferreria\/wp-json\/wp\/v2\/media?parent=741"}],"curies":[{"name":"wp","href":"https:\/\/api.w.org\/{rel}","templated":true}]}}