{"id":740,"date":"2021-04-06T12:11:26","date_gmt":"2021-04-06T10:11:26","guid":{"rendered":"http:\/\/agora.xtec.cat\/ieslaferreria\/?page_id=740"},"modified":"2023-11-03T13:20:50","modified_gmt":"2023-11-03T12:20:50","slug":"grau-superior","status":"publish","type":"page","link":"https:\/\/agora.xtec.cat\/ieslaferreria\/grau-superior\/","title":{"rendered":"Grau superior"},"content":{"rendered":"<div class=\"etapa\">\n<div>\n<div>\n<div class=\"padding-15\">\n<p>Els cicles formatius de grau superior (CFGS) s\u00f3n estudis professionalitzadors que formen part de l&#8217;educaci\u00f3 superior i que preparen l\u2019alumnat per a l&#8217;activitat qualificada en un camp professional.<\/p>\n<p>Aquests ensenyaments tenen una durada de 2.000 hores (en dos cursos acad\u00e8mics) i s&#8217;agrupen en fam\u00edlies professionals.<\/p>\n<p>La titulaci\u00f3 que s&#8217;obt\u00e9 en finalitzar un cicle formatiu de grau superior \u00e9s la de t\u00e8cnic o t\u00e8cnica superior del perfil professional corresponent, que permet incorporar-se al m\u00f3n laboral i accedir a estudis universitaris.<\/p>\n<\/div>\n<\/div>\n<\/div>\n<\/div>\n<div class=\"etapa csectionodd\">\n<div>\n<div>\n<div class=\"row\">\n<h2 class=\"subtitle\">Qu\u00e8 necessito per accedir-hi<\/h2>\n<\/div>\n<\/div>\n<\/div>\n<div class=\"pd-15x\">\n<p>Tenen\u00a0<strong>acc\u00e9s directe<\/strong>\u00a0al cicle les persones que compleixen algun dels requisits seg\u00fcents:<\/p>\n<ul>\n<li>tenir el t\u00edtol de batxillerat,<\/li>\n<li>tenir el t\u00edtol de t\u00e8cnic de formaci\u00f3 professional o d\u2019arts pl\u00e0stiques i disseny, t\u00e8cnic superior de formaci\u00f3 professional o d&#8217;arts pl\u00e0stiques i disseny o t\u00e8cnic especialista,<\/li>\n<li>haver superat el segon curs de batxillerat de qualsevol modalitat de batxillerat experimental,<\/li>\n<li>haver superat el curs d&#8217;orientaci\u00f3 universit\u00e0ria (COU) o el preuniversitari,<\/li>\n<li>tenir el t\u00edtol de batxillerat per haver cursat el batxillerat unificat polivalent (BUP),<\/li>\n<li>tenir qualsevol titulaci\u00f3 universit\u00e0ria o una d&#8217;equivalent, o<\/li>\n<li>haver superat la prova d&#8217;acc\u00e9s a la universitat per a m\u00e9s grans de 25 anys\u00a0o de 45 anys, o haver accedit a la universitat per haver acreditat experi\u00e8ncia laboral o professional tenint complerts 40 anys d&#8217;edat.<\/li>\n<\/ul>\n<p>Les persones que no compleixen cap dels requisits esmentats han de superar una\u00a0<a href=\"https:\/\/educacio.gencat.cat\/ca\/serveis-tramits\/proves\/proves-acces\/gs-fp\/\" target=\"_blank\" rel=\"noopener\">prova d&#8217;acc\u00e9s<\/a>. Per presentar-s&#8217;hi cal tenir complerts 19 anys o b\u00e9 complir-los durant l&#8217;any natural en qu\u00e8 es realitza la prova.<\/p>\n<\/div>\n<\/div>\n<div class=\"etapa \">\n<div>\n<div>\n<div class=\"row\">\n<h2 class=\"subtitle\">Quines s\u00f3n les sortides acad\u00e8miques i professionals<\/h2>\n<\/div>\n<\/div>\n<\/div>\n<div class=\"pd-15x\">\n<p>Les persones que superen un cicle formatiu de\u00a0<strong>grau superior<\/strong>\u00a0obtenen el t\u00edtol de t\u00e8cnic superior, que els permet accedir:<\/p>\n<ul>\n<li>a qualsevol estudi universitari oficial de grau o<\/li>\n<li>al m\u00f3n laboral.<\/li>\n<\/ul>\n<p>Amb aquests estudis s&#8217;obt\u00e9 el t\u00edtol de t\u00e8cnic superior o t\u00e8cnica superior, que permet accedir a qualsevol estudi universitari oficial de grau. Les persones que s&#8217;han graduat en un cicle formatiu de grau superior poden obtenir la convalidaci\u00f3 de cr\u00e8dits universitaris ECTS.<\/p>\n<p>Per a m\u00e9s informaci\u00f3, consulteu el\u00a0<a href=\"https:\/\/universitats.gencat.cat\/ca\/inici\" target=\"_blank\" rel=\"noopener\">Canal Universitats<\/a><\/p>\n<\/div>\n<\/div>\n","protected":false},"excerpt":{"rendered":"<p>Els cicles formatius de grau superior (CFGS) s\u00f3n estudis professionalitzadors que formen part de l&#8217;educaci\u00f3 superior i que preparen l\u2019alumnat per a l&#8217;activitat qualificada en un camp professional.<br \/>\nAquests ensenyaments tenen una durada de 2.000 hores (en dos cursos acad\u00e8mics) i s&#8217;agrupen en fam\u00edlies professionals.<br \/>\nLa titulaci\u00f3&hellip;  <a href=\"https:\/\/agora.xtec.cat\/ieslaferreria\/grau-superior\/\" title=\"Read Grau superior\">Llegeix m\u00e9s\u00bb<\/a><\/p>\n","protected":false},"author":1,"featured_media":0,"parent":0,"menu_order":0,"comment_status":"closed","ping_status":"closed","template":"","meta":{"_bbp_topic_count":0,"_bbp_reply_count":0,"_bbp_total_topic_count":0,"_bbp_total_reply_count":0,"_bbp_voice_count":0,"_bbp_anonymous_reply_count":0,"_bbp_topic_count_hidden":0,"_bbp_reply_count_hidden":0,"_bbp_forum_subforum_count":0,"footnotes":""},"class_list":["post-740","page","type-page","status-publish","hentry"],"post_mailing_queue_ids":[],"_links":{"self":[{"href":"https:\/\/agora.xtec.cat\/ieslaferreria\/wp-json\/wp\/v2\/pages\/740","targetHints":{"allow":["GET"]}}],"collection":[{"href":"https:\/\/agora.xtec.cat\/ieslaferreria\/wp-json\/wp\/v2\/pages"}],"about":[{"href":"https:\/\/agora.xtec.cat\/ieslaferreria\/wp-json\/wp\/v2\/types\/page"}],"author":[{"embeddable":true,"href":"https:\/\/agora.xtec.cat\/ieslaferreria\/wp-json\/wp\/v2\/users\/1"}],"replies":[{"embeddable":true,"href":"https:\/\/agora.xtec.cat\/ieslaferreria\/wp-json\/wp\/v2\/comments?post=740"}],"version-history":[{"count":2,"href":"https:\/\/agora.xtec.cat\/ieslaferreria\/wp-json\/wp\/v2\/pages\/740\/revisions"}],"predecessor-version":[{"id":1108,"href":"https:\/\/agora.xtec.cat\/ieslaferreria\/wp-json\/wp\/v2\/pages\/740\/revisions\/1108"}],"wp:attachment":[{"href":"https:\/\/agora.xtec.cat\/ieslaferreria\/wp-json\/wp\/v2\/media?parent=740"}],"curies":[{"name":"wp","href":"https:\/\/api.w.org\/{rel}","templated":true}]}}